{"id":1111,"date":"2025-11-23T09:28:10","date_gmt":"2025-11-23T09:28:10","guid":{"rendered":"https:\/\/zsl.webwolfdesign.eu\/?page_id=1111"},"modified":"2026-04-16T12:12:48","modified_gmt":"2026-04-16T12:12:48","slug":"abw-bamberg","status":"publish","type":"page","link":"https:\/\/zsl.webwolfdesign.eu\/en\/abw-bamberg\/","title":{"rendered":"ABW Bamberg - Suported Living"},"content":{"rendered":"<div data-elementor-type=\"wp-page\" data-elementor-id=\"1111\" class=\"elementor elementor-1111\" data-elementor-post-type=\"page\">\n\t\t\t\t<main class=\"elementor-element elementor-element-27bd2df e-con-full e-flex e-con e-parent\" data-id=\"27bd2df\" data-element_type=\"container\">\n\t\t<main class=\"elementor-element elementor-element-436aa55 e-con-full e-flex e-con e-child\" data-id=\"436aa55\" data-element_type=\"container\" data-settings=\"{&quot;background_background&quot;:&quot;classic&quot;}\">\n\t\t<div class=\"elementor-element elementor-element-3a8144b e-con-full e-flex e-con e-child\" data-id=\"3a8144b\" data-element_type=\"container\">\n\t\t<div class=\"elementor-element elementor-element-63babc3 e-con-full e-flex e-con e-child\" data-id=\"63babc3\" data-element_type=\"container\" data-settings=\"{&quot;background_background&quot;:&quot;gradient&quot;}\">\n\t\t\t\t<div class=\"elementor-element elementor-element-98e99f8 elementor-widget elementor-widget-heading\" data-id=\"98e99f8\" data-element_type=\"widget\" data-widget_type=\"heading.default\">\n\t\t\t\t\t<h2 class=\"elementor-heading-title elementor-size-default\">Ambulant begleitetes Wohnen - Bamberg <\/h2>\t\t\t\t<\/div>\n\t\t\t\t<div class=\"elementor-element elementor-element-5959c94 elementor-widget elementor-widget-text-editor\" data-id=\"5959c94\" data-element_type=\"widget\" data-widget_type=\"text-editor.default\">\n\t\t\t\t\t\t\t\t\t<p>Supported living - For an inclusive Bamberg - self-determined and in the thick of it.<\/p>\t\t\t\t\t\t\t\t<\/div>\n\t\t\t\t<\/div>\n\t\t<div class=\"elementor-element elementor-element-178251a e-con-full e-flex e-con e-child\" data-id=\"178251a\" data-element_type=\"container\">\n\t\t\t\t<div class=\"elementor-element elementor-element-f163257 elementor-widget elementor-widget-image\" data-id=\"f163257\" data-element_type=\"widget\" data-widget_type=\"image.default\">\n\t\t\t\t\t\t\t\t\t\t\t\t\t\t\t<img fetchpriority=\"high\" decoding=\"async\" width=\"1500\" height=\"630\" src=\"https:\/\/zsl.webwolfdesign.eu\/wp-content\/uploads\/2026\/04\/bamberg-2.jpg\" class=\"attachment-full size-full wp-image-4147\" alt=\"\" srcset=\"https:\/\/zsl.webwolfdesign.eu\/wp-content\/uploads\/2026\/04\/bamberg-2.jpg 1500w, https:\/\/zsl.webwolfdesign.eu\/wp-content\/uploads\/2026\/04\/bamberg-2-300x126.jpg 300w, https:\/\/zsl.webwolfdesign.eu\/wp-content\/uploads\/2026\/04\/bamberg-2-1024x430.jpg 1024w, https:\/\/zsl.webwolfdesign.eu\/wp-content\/uploads\/2026\/04\/bamberg-2-768x323.jpg 768w, https:\/\/zsl.webwolfdesign.eu\/wp-content\/uploads\/2026\/04\/bamberg-2-18x8.jpg 18w\" sizes=\"(max-width: 1500px) 100vw, 1500px\" \/>\t\t\t\t\t\t\t\t\t\t\t\t\t\t\t<\/div>\n\t\t\t\t<\/div>\n\t\t\t\t<\/div>\n\t\t<div class=\"elementor-element elementor-element-361bf9a e-flex e-con-boxed e-con e-child\" data-id=\"361bf9a\" data-element_type=\"container\">\n\t\t\t\t\t<div class=\"e-con-inner\">\n\t\t<div class=\"elementor-element elementor-element-6becc3e e-con-full e-flex e-con e-child\" data-id=\"6becc3e\" data-element_type=\"container\">\n\t\t<div class=\"elementor-element elementor-element-c2e8441 e-con-full e-flex e-con e-child\" data-id=\"c2e8441\" data-element_type=\"container\" data-settings=\"{&quot;background_background&quot;:&quot;classic&quot;}\">\n\t\t<div class=\"elementor-element elementor-element-019bc4e e-con-full e-flex e-con e-child\" data-id=\"019bc4e\" data-element_type=\"container\" data-settings=\"{&quot;background_background&quot;:&quot;classic&quot;}\">\n\t\t<div class=\"elementor-element elementor-element-e21cea4 e-con-full e-flex e-con e-child\" data-id=\"e21cea4\" data-element_type=\"container\">\n\t\t\t\t<div class=\"elementor-element elementor-element-189ea9f elementor-widget elementor-widget-heading\" data-id=\"189ea9f\" data-element_type=\"widget\" data-widget_type=\"heading.default\">\n\t\t\t\t\t<h2 class=\"elementor-heading-title elementor-size-default\">About us<\/h2>\t\t\t\t<\/div>\n\t\t\t\t<div class=\"elementor-element elementor-element-b7d92a9 elementor-widget elementor-widget-text-editor\" data-id=\"b7d92a9\" data-element_type=\"widget\" data-widget_type=\"text-editor.default\">\n\t\t\t\t\t\t\t\t\t<p>Das Ambulant begleitete Wohnen (ABW) unterst\u00fctzt Menschen mit Behinderung dabei, m\u00f6glichst selbstst\u00e4ndig und selbstbestimmt in der eigenen Wohnung oder einer Wohngemeinschaft zu leben. Die Unterst\u00fctzung wird individuell vereinbart und an die jeweilige Lebenssituation angepasst.<br \/>Depending on your needs, we provide you with flexible support - from a few hours a week to more intensive support.\u00a0<\/p>\t\t\t\t\t\t\t\t<\/div>\n\t\t\t\t<\/div>\n\t\t\t\t<\/div>\n\t\t<div class=\"elementor-element elementor-element-7c4e3a1 e-con-full e-flex e-con e-child\" data-id=\"7c4e3a1\" data-element_type=\"container\" data-settings=\"{&quot;background_background&quot;:&quot;classic&quot;}\">\n\t\t<div class=\"elementor-element elementor-element-d02ecf4 e-con-full e-flex e-con e-child\" data-id=\"d02ecf4\" data-element_type=\"container\" data-settings=\"{&quot;background_background&quot;:&quot;classic&quot;}\">\n\t\t\t\t<div class=\"elementor-element elementor-element-39f4050 elementor-widget elementor-widget-heading\" data-id=\"39f4050\" data-element_type=\"widget\" data-widget_type=\"heading.default\">\n\t\t\t\t\t<h2 class=\"elementor-heading-title elementor-size-default\">What we offer:<\/h2>\t\t\t\t<\/div>\n\t\t\t\t<div class=\"elementor-element elementor-element-4e31cd1 elementor-widget elementor-widget-text-editor\" data-id=\"4e31cd1\" data-element_type=\"widget\" data-widget_type=\"text-editor.default\">\n\t\t\t\t\t\t\t\t\t<p class=\"p1\">Our specialist team makes this possible:<\/p><p class=\"p1\">- Living in your own home<\/p><p class=\"p1\">- Practical assistance for coping with everyday life<\/p><p class=\"p1\">- Establishing and maintaining social contacts<\/p><p class=\"p1\">- Conflict and crisis intervention<\/p><p class=\"p1\">- Support with official and medical matters<\/p><p class=\"p1\">- Leisure activities and participation in social life<\/p>\t\t\t\t\t\t\t\t<\/div>\n\t\t\t\t<\/div>\n\t\t\t\t<\/div>\n\t\t<div class=\"elementor-element elementor-element-f708ab0 e-con-full e-flex e-con e-child\" data-id=\"f708ab0\" data-element_type=\"container\" data-settings=\"{&quot;background_background&quot;:&quot;classic&quot;}\">\n\t\t<div class=\"elementor-element elementor-element-b65b321 e-con-full e-flex e-con e-child\" data-id=\"b65b321\" data-element_type=\"container\">\n\t\t\t\t<div class=\"elementor-element elementor-element-ed65e95 elementor-widget elementor-widget-heading\" data-id=\"ed65e95\" data-element_type=\"widget\" data-widget_type=\"heading.default\">\n\t\t\t\t\t<h2 class=\"elementor-heading-title elementor-size-default\">Contact us<\/h2>\t\t\t\t<\/div>\n\t\t<div class=\"elementor-element elementor-element-d0f9e6e e-con-full e-flex e-con e-child\" data-id=\"d0f9e6e\" data-element_type=\"container\">\n\t\t<div class=\"elementor-element elementor-element-698e454 e-con-full e-flex e-con e-child\" data-id=\"698e454\" data-element_type=\"container\">\n\t\t\t\t<div class=\"elementor-element elementor-element-071fcc3 elementor-widget elementor-widget-google_maps\" data-id=\"071fcc3\" data-element_type=\"widget\" data-widget_type=\"google_maps.default\">\n\t\t\t\t\t\t\t<div class=\"elementor-custom-embed\">\n\t\t\t<iframe loading=\"lazy\"\n\t\t\t\t\tsrc=\"https:\/\/maps.google.com\/maps?q=Hellerstra%C3%9Fe%2013%2C96047%20Bamberg&#038;t=m&#038;z=18&#038;output=embed&#038;iwloc=near\"\n\t\t\t\t\ttitle=\"Hellerstra\u00dfe 13,96047 Bamberg\"\n\t\t\t\t\taria-label=\"Hellerstra\u00dfe 13,96047 Bamberg\"\n\t\t\t><\/iframe>\n\t\t<\/div>\n\t\t\t\t\t\t<\/div>\n\t\t\t\t<\/div>\n\t\t<div class=\"elementor-element elementor-element-719c78f e-con-full e-flex e-con e-child\" data-id=\"719c78f\" data-element_type=\"container\" data-settings=\"{&quot;background_background&quot;:&quot;classic&quot;}\">\n\t\t<div class=\"elementor-element elementor-element-ae2bdcd e-con-full e-flex e-con e-child\" data-id=\"ae2bdcd\" data-element_type=\"container\" data-settings=\"{&quot;background_background&quot;:&quot;classic&quot;}\">\n\t\t\t\t<div class=\"elementor-element elementor-element-f645567 elementor-widget elementor-widget-heading\" data-id=\"f645567\" data-element_type=\"widget\" data-widget_type=\"heading.default\">\n\t\t\t\t\t<h2 class=\"elementor-heading-title elementor-size-default\">You can reach us for any questions, for consultations or simply to get to know us:<\/h2>\t\t\t\t<\/div>\n\t\t\t\t<div class=\"elementor-element elementor-element-e65e801 elementor-widget elementor-widget-heading\" data-id=\"e65e801\" data-element_type=\"widget\" data-widget_type=\"heading.default\">\n\t\t\t\t\t<h2 class=\"elementor-heading-title elementor-size-default\">Monday to Thursday from 10.00 to 14.00 and by appointment<\/h2>\t\t\t\t<\/div>\n\t\t\t\t<\/div>\n\t\t\t\t<div class=\"elementor-element elementor-element-0184337 elementor-widget elementor-widget-text-editor\" data-id=\"0184337\" data-element_type=\"widget\" data-widget_type=\"text-editor.default\">\n\t\t\t\t\t\t\t\t\t<p><strong>Zentrum f\u00fcr selbstbestimmtes Leben e.V. Bamberg<\/strong><\/p><p>Hellerstrasse 13<br \/>96047 Bamberg <br \/>(near the central bus station)<\/p><p><strong>Approach<\/strong><\/p><p>Take the VGN bus lines 904, 906, 910, 915 to the bus stop Lange Stra\u00dfe or the bus stop at the ZOB.<\/p><p>The nearest parking facilities are the Hauptwachstra\u00dfe parking lot or the multi-storey parking lot in Sch\u00fctzenstra\u00dfe. Wheelchair parking spaces can be found on the Bamberg city website.<\/p><p>09131 9878383<br \/>info@zsl-bamberg.de<\/p><p>We look forward to seeing you! Your ZSL team.<\/p>\t\t\t\t\t\t\t\t<\/div>\n\t\t\t\t<\/div>\n\t\t\t\t<\/div>\n\t\t\t\t<\/div>\n\t\t\t\t<\/div>\n\t\t\t\t<\/div>\n\t\t\t\t<\/div>\n\t\t\t\t\t<\/div>\n\t\t\t\t<\/div>\n\t\t\t\t<\/main>\n\t\t\t\t<\/main>\n\t\t\t\t<\/div>","protected":false},"excerpt":{"rendered":"<p>Ambulant begleitetes Wohnen &#8211; Bamberg F\u00fcr ein inklusives Bamberg \u2013 selbstbestimmt und mittendrin. \u00dcber uns Das Ambulant begleitete Wohnen (ABW) unterst\u00fctzt Menschen mit Behinderung dabei, m\u00f6glichst selbstst\u00e4ndig und selbstbestimmt in der eigenen Wohnung oder einer Wohngemeinschaft zu leben. Die Unterst\u00fctzung wird individuell vereinbart und an die jeweilige Lebenssituation angepasst.Je nach Bedarf begleiten wir Sie flexibel [&hellip;]<\/p>","protected":false},"author":1,"featured_media":0,"parent":0,"menu_order":0,"comment_status":"closed","ping_status":"closed","template":"","meta":{"footnotes":""},"class_list":["post-1111","page","type-page","status-publish","hentry"],"_hostinger_reach_plugin_has_subscription_block":false,"_hostinger_reach_plugin_is_elementor":false,"_links":{"self":[{"href":"https:\/\/zsl.webwolfdesign.eu\/en\/wp-json\/wp\/v2\/pages\/1111","targetHints":{"allow":["GET"]}}],"collection":[{"href":"https:\/\/zsl.webwolfdesign.eu\/en\/wp-json\/wp\/v2\/pages"}],"about":[{"href":"https:\/\/zsl.webwolfdesign.eu\/en\/wp-json\/wp\/v2\/types\/page"}],"author":[{"embeddable":true,"href":"https:\/\/zsl.webwolfdesign.eu\/en\/wp-json\/wp\/v2\/users\/1"}],"replies":[{"embeddable":true,"href":"https:\/\/zsl.webwolfdesign.eu\/en\/wp-json\/wp\/v2\/comments?post=1111"}],"version-history":[{"count":38,"href":"https:\/\/zsl.webwolfdesign.eu\/en\/wp-json\/wp\/v2\/pages\/1111\/revisions"}],"predecessor-version":[{"id":4150,"href":"https:\/\/zsl.webwolfdesign.eu\/en\/wp-json\/wp\/v2\/pages\/1111\/revisions\/4150"}],"wp:attachment":[{"href":"https:\/\/zsl.webwolfdesign.eu\/en\/wp-json\/wp\/v2\/media?parent=1111"}],"curies":[{"name":"wp","href":"https:\/\/api.w.org\/{rel}","templated":true}]}}