{"id":1159,"date":"2025-11-23T14:19:02","date_gmt":"2025-11-23T14:19:02","guid":{"rendered":"https:\/\/zsl.webwolfdesign.eu\/?page_id=1159"},"modified":"2026-02-04T08:57:31","modified_gmt":"2026-02-04T08:57:31","slug":"partner","status":"publish","type":"page","link":"https:\/\/zsl.webwolfdesign.eu\/en\/partner\/","title":{"rendered":"Partner"},"content":{"rendered":"<div data-elementor-type=\"wp-page\" data-elementor-id=\"1159\" class=\"elementor elementor-1159\" data-elementor-post-type=\"page\">\n\t\t\t\t<div class=\"elementor-element elementor-element-131dd3d e-con-full e-flex e-con e-parent\" data-id=\"131dd3d\" data-element_type=\"container\" data-settings=\"{&quot;background_background&quot;:&quot;classic&quot;}\">\n\t\t<div class=\"elementor-element elementor-element-a7de92b e-flex e-con-boxed e-con e-child\" data-id=\"a7de92b\" data-element_type=\"container\">\n\t\t\t\t\t<div class=\"e-con-inner\">\n\t\t<div class=\"elementor-element elementor-element-e12a477 e-con-full e-flex e-con e-child\" data-id=\"e12a477\" data-element_type=\"container\" data-settings=\"{&quot;background_background&quot;:&quot;classic&quot;}\">\n\t\t\t\t<div class=\"elementor-element elementor-element-9df206d elementor-widget elementor-widget-heading\" data-id=\"9df206d\" data-element_type=\"widget\" data-widget_type=\"heading.default\">\n\t\t\t\t\t<h2 class=\"elementor-heading-title elementor-size-default\">Our partners<\/h2>\t\t\t\t<\/div>\n\t\t\t\t<div class=\"elementor-element elementor-element-5a87b7d elementor-widget elementor-widget-text-editor\" data-id=\"5a87b7d\" data-element_type=\"widget\" data-widget_type=\"text-editor.default\">\n\t\t\t\t\t\t\t\t\t<p data-start=\"34\" data-end=\"373\">ZSL Erlangen works closely with other organizations and partners to sustainably strengthen self-determination, inclusion and equal participation of people with disabilities. This includes cooperation, joint projects and collaboration in networks, associations and alliances that pursue similar goals.<\/p><p data-start=\"375\" data-end=\"756\">Cooperation with institutions is also an important part of our work: We not only advise those affected and their relatives, but also support institutions and stakeholders in breaking down barriers and creating inclusive structures. At the same time, we contribute our perspectives to public discussions and have an impact on politics and society.<\/p><p data-start=\"758\" data-end=\"970\" data-is-last-node=\"\" data-is-only-node=\"\">In the area of working life, we rely on strong partnerships to promote inclusive employment. In particular, this includes our participation in ACCESS - Inklusion im Arbeitsleben gGmbH, based in Erlangen.<\/p>\t\t\t\t\t\t\t\t<\/div>\n\t\t\t\t<\/div>\n\t\t<div class=\"elementor-element elementor-element-6b583de e-con-full e-flex e-con e-child\" data-id=\"6b583de\" data-element_type=\"container\" data-settings=\"{&quot;background_background&quot;:&quot;classic&quot;}\">\n\t\t<div class=\"elementor-element elementor-element-5c8d3bd e-con-full e-flex e-con e-child\" data-id=\"5c8d3bd\" data-element_type=\"container\" data-settings=\"{&quot;background_background&quot;:&quot;classic&quot;}\">\n\t\t<div class=\"elementor-element elementor-element-582247a e-con-full e-flex e-con e-child\" data-id=\"582247a\" data-element_type=\"container\">\n\t\t<div class=\"elementor-element elementor-element-1a89194 e-con-full e-flex e-con e-child\" data-id=\"1a89194\" data-element_type=\"container\" data-settings=\"{&quot;background_background&quot;:&quot;classic&quot;}\">\n\t\t\t\t<div class=\"elementor-element elementor-element-219ca2c elementor-widget elementor-widget-image\" data-id=\"219ca2c\" data-element_type=\"widget\" data-widget_type=\"image.default\">\n\t\t\t\t\t\t\t\t\t\t\t\t\t\t\t<img fetchpriority=\"high\" decoding=\"async\" width=\"1385\" height=\"524\" src=\"https:\/\/zsl.webwolfdesign.eu\/wp-content\/uploads\/2026\/01\/iu-hochschule.jpg\" class=\"attachment-full size-full wp-image-2447\" alt=\"\" srcset=\"https:\/\/zsl.webwolfdesign.eu\/wp-content\/uploads\/2026\/01\/iu-hochschule.jpg 1385w, https:\/\/zsl.webwolfdesign.eu\/wp-content\/uploads\/2026\/01\/iu-hochschule-300x114.jpg 300w, https:\/\/zsl.webwolfdesign.eu\/wp-content\/uploads\/2026\/01\/iu-hochschule-1024x387.jpg 1024w, https:\/\/zsl.webwolfdesign.eu\/wp-content\/uploads\/2026\/01\/iu-hochschule-768x291.jpg 768w\" sizes=\"(max-width: 1385px) 100vw, 1385px\" \/>\t\t\t\t\t\t\t\t\t\t\t\t\t\t\t<\/div>\n\t\t\t\t<div class=\"elementor-element elementor-element-410bec7 elementor-widget elementor-widget-button\" data-id=\"410bec7\" data-element_type=\"widget\" data-widget_type=\"button.default\">\n\t\t\t\t\t\t\t\t\t\t<a class=\"elementor-button elementor-button-link elementor-size-sm\" href=\"https:\/\/www.iu-dualesstudium.de\" target=\"_blank\">\n\t\t\t\t\t\t<span class=\"elementor-button-content-wrapper\">\n\t\t\t\t\t\t\t\t\t<span class=\"elementor-button-text\">to the website<\/span>\n\t\t\t\t\t<\/span>\n\t\t\t\t\t<\/a>\n\t\t\t\t\t\t\t\t<\/div>\n\t\t\t\t<\/div>\n\t\t<div class=\"elementor-element elementor-element-149dac1 e-con-full e-flex e-con e-child\" data-id=\"149dac1\" data-element_type=\"container\" data-settings=\"{&quot;background_background&quot;:&quot;classic&quot;}\">\n\t\t\t\t<div class=\"elementor-element elementor-element-110ccf8 elementor-widget elementor-widget-image\" data-id=\"110ccf8\" data-element_type=\"widget\" data-widget_type=\"image.default\">\n\t\t\t\t\t\t\t\t\t\t\t\t\t\t\t<img decoding=\"async\" width=\"1385\" height=\"524\" src=\"https:\/\/zsl.webwolfdesign.eu\/wp-content\/uploads\/2026\/01\/Lebenshilfe-Fuerth.jpg\" class=\"attachment-full size-full wp-image-2448\" alt=\"\" srcset=\"https:\/\/zsl.webwolfdesign.eu\/wp-content\/uploads\/2026\/01\/Lebenshilfe-Fuerth.jpg 1385w, https:\/\/zsl.webwolfdesign.eu\/wp-content\/uploads\/2026\/01\/Lebenshilfe-Fuerth-300x114.jpg 300w, https:\/\/zsl.webwolfdesign.eu\/wp-content\/uploads\/2026\/01\/Lebenshilfe-Fuerth-1024x387.jpg 1024w, https:\/\/zsl.webwolfdesign.eu\/wp-content\/uploads\/2026\/01\/Lebenshilfe-Fuerth-768x291.jpg 768w\" sizes=\"(max-width: 1385px) 100vw, 1385px\" \/>\t\t\t\t\t\t\t\t\t\t\t\t\t\t\t<\/div>\n\t\t\t\t<div class=\"elementor-element elementor-element-a817daf elementor-widget elementor-widget-button\" data-id=\"a817daf\" data-element_type=\"widget\" data-widget_type=\"button.default\">\n\t\t\t\t\t\t\t\t\t\t<a class=\"elementor-button elementor-button-link elementor-size-sm\" href=\"https:\/\/www.lebenshilfe-fuerth.de\/\" target=\"_blank\">\n\t\t\t\t\t\t<span class=\"elementor-button-content-wrapper\">\n\t\t\t\t\t\t\t\t\t<span class=\"elementor-button-text\">to the website<\/span>\n\t\t\t\t\t<\/span>\n\t\t\t\t\t<\/a>\n\t\t\t\t\t\t\t\t<\/div>\n\t\t\t\t<\/div>\n\t\t<div class=\"elementor-element elementor-element-941845f e-con-full e-flex e-con e-child\" data-id=\"941845f\" data-element_type=\"container\" data-settings=\"{&quot;background_background&quot;:&quot;classic&quot;}\">\n\t\t\t\t<div class=\"elementor-element elementor-element-4b6eedb elementor-widget elementor-widget-image\" data-id=\"4b6eedb\" data-element_type=\"widget\" data-widget_type=\"image.default\">\n\t\t\t\t\t\t\t\t\t\t\t\t\t\t\t<img decoding=\"async\" width=\"1385\" height=\"524\" src=\"https:\/\/zsl.webwolfdesign.eu\/wp-content\/uploads\/2026\/01\/Lebenshilfe-Nuernberg.jpg\" class=\"attachment-full size-full wp-image-2449\" alt=\"\" srcset=\"https:\/\/zsl.webwolfdesign.eu\/wp-content\/uploads\/2026\/01\/Lebenshilfe-Nuernberg.jpg 1385w, https:\/\/zsl.webwolfdesign.eu\/wp-content\/uploads\/2026\/01\/Lebenshilfe-Nuernberg-300x114.jpg 300w, https:\/\/zsl.webwolfdesign.eu\/wp-content\/uploads\/2026\/01\/Lebenshilfe-Nuernberg-1024x387.jpg 1024w, https:\/\/zsl.webwolfdesign.eu\/wp-content\/uploads\/2026\/01\/Lebenshilfe-Nuernberg-768x291.jpg 768w\" sizes=\"(max-width: 1385px) 100vw, 1385px\" \/>\t\t\t\t\t\t\t\t\t\t\t\t\t\t\t<\/div>\n\t\t\t\t<div class=\"elementor-element elementor-element-cb812c5 elementor-widget elementor-widget-button\" data-id=\"cb812c5\" data-element_type=\"widget\" data-widget_type=\"button.default\">\n\t\t\t\t\t\t\t\t\t\t<a class=\"elementor-button elementor-button-link elementor-size-sm\" href=\"https:\/\/www.lhnbg.de\/\" target=\"_blank\">\n\t\t\t\t\t\t<span class=\"elementor-button-content-wrapper\">\n\t\t\t\t\t\t\t\t\t<span class=\"elementor-button-text\">to the website<\/span>\n\t\t\t\t\t<\/span>\n\t\t\t\t\t<\/a>\n\t\t\t\t\t\t\t\t<\/div>\n\t\t\t\t<\/div>\n\t\t\t\t<\/div>\n\t\t<div class=\"elementor-element elementor-element-4739a7a e-con-full e-flex e-con e-child\" data-id=\"4739a7a\" data-element_type=\"container\">\n\t\t<div class=\"elementor-element elementor-element-690a43e e-con-full e-flex e-con e-child\" data-id=\"690a43e\" data-element_type=\"container\" data-settings=\"{&quot;background_background&quot;:&quot;classic&quot;}\">\n\t\t\t\t<div class=\"elementor-element elementor-element-7bfd0b4 elementor-widget elementor-widget-image\" data-id=\"7bfd0b4\" data-element_type=\"widget\" data-widget_type=\"image.default\">\n\t\t\t\t\t\t\t\t\t\t\t\t\t\t\t<img loading=\"lazy\" decoding=\"async\" width=\"1385\" height=\"524\" src=\"https:\/\/zsl.webwolfdesign.eu\/wp-content\/uploads\/2026\/01\/IBA-University.jpg\" class=\"attachment-full size-full wp-image-2445\" alt=\"\" srcset=\"https:\/\/zsl.webwolfdesign.eu\/wp-content\/uploads\/2026\/01\/IBA-University.jpg 1385w, https:\/\/zsl.webwolfdesign.eu\/wp-content\/uploads\/2026\/01\/IBA-University-300x114.jpg 300w, https:\/\/zsl.webwolfdesign.eu\/wp-content\/uploads\/2026\/01\/IBA-University-1024x387.jpg 1024w, https:\/\/zsl.webwolfdesign.eu\/wp-content\/uploads\/2026\/01\/IBA-University-768x291.jpg 768w\" sizes=\"(max-width: 1385px) 100vw, 1385px\" \/>\t\t\t\t\t\t\t\t\t\t\t\t\t\t\t<\/div>\n\t\t\t\t<div class=\"elementor-element elementor-element-f0061a5 elementor-widget elementor-widget-button\" data-id=\"f0061a5\" data-element_type=\"widget\" data-widget_type=\"button.default\">\n\t\t\t\t\t\t\t\t\t\t<a class=\"elementor-button elementor-button-link elementor-size-sm\" href=\"https:\/\/www.ibadual.com\/Nuernberg\" target=\"_blank\">\n\t\t\t\t\t\t<span class=\"elementor-button-content-wrapper\">\n\t\t\t\t\t\t\t\t\t<span class=\"elementor-button-text\">to the website<\/span>\n\t\t\t\t\t<\/span>\n\t\t\t\t\t<\/a>\n\t\t\t\t\t\t\t\t<\/div>\n\t\t\t\t<\/div>\n\t\t<div class=\"elementor-element elementor-element-4b8de1d e-con-full e-flex e-con e-child\" data-id=\"4b8de1d\" data-element_type=\"container\" data-settings=\"{&quot;background_background&quot;:&quot;classic&quot;}\">\n\t\t\t\t<div class=\"elementor-element elementor-element-ce85386 elementor-widget elementor-widget-image\" data-id=\"ce85386\" data-element_type=\"widget\" data-widget_type=\"image.default\">\n\t\t\t\t\t\t\t\t\t\t\t\t\t\t\t<img loading=\"lazy\" decoding=\"async\" width=\"1385\" height=\"524\" src=\"https:\/\/zsl.webwolfdesign.eu\/wp-content\/uploads\/2026\/01\/Rummelsberger.jpg\" class=\"attachment-full size-full wp-image-2451\" alt=\"\" srcset=\"https:\/\/zsl.webwolfdesign.eu\/wp-content\/uploads\/2026\/01\/Rummelsberger.jpg 1385w, https:\/\/zsl.webwolfdesign.eu\/wp-content\/uploads\/2026\/01\/Rummelsberger-300x114.jpg 300w, https:\/\/zsl.webwolfdesign.eu\/wp-content\/uploads\/2026\/01\/Rummelsberger-1024x387.jpg 1024w, https:\/\/zsl.webwolfdesign.eu\/wp-content\/uploads\/2026\/01\/Rummelsberger-768x291.jpg 768w\" sizes=\"(max-width: 1385px) 100vw, 1385px\" \/>\t\t\t\t\t\t\t\t\t\t\t\t\t\t\t<\/div>\n\t\t\t\t<div class=\"elementor-element elementor-element-5c96334 elementor-widget elementor-widget-button\" data-id=\"5c96334\" data-element_type=\"widget\" data-widget_type=\"button.default\">\n\t\t\t\t\t\t\t\t\t\t<a class=\"elementor-button elementor-button-link elementor-size-sm\" href=\"https:\/\/www.rummelsberger-diakonie.de\/\" target=\"_blank\">\n\t\t\t\t\t\t<span class=\"elementor-button-content-wrapper\">\n\t\t\t\t\t\t\t\t\t<span class=\"elementor-button-text\">to the website<\/span>\n\t\t\t\t\t<\/span>\n\t\t\t\t\t<\/a>\n\t\t\t\t\t\t\t\t<\/div>\n\t\t\t\t<\/div>\n\t\t<div class=\"elementor-element elementor-element-edb5d4c e-con-full e-flex e-con e-child\" data-id=\"edb5d4c\" data-element_type=\"container\" data-settings=\"{&quot;background_background&quot;:&quot;classic&quot;}\">\n\t\t\t\t<\/div>\n\t\t\t\t<\/div>\n\t\t<div class=\"elementor-element elementor-element-e025eba e-con-full e-flex e-con e-child\" data-id=\"e025eba\" data-element_type=\"container\">\n\t\t<div class=\"elementor-element elementor-element-f4ec980 e-con-full e-flex e-con e-child\" data-id=\"f4ec980\" data-element_type=\"container\" data-settings=\"{&quot;background_background&quot;:&quot;classic&quot;}\">\n\t\t\t\t<div class=\"elementor-element elementor-element-de042c7 elementor-widget elementor-widget-heading\" data-id=\"de042c7\" data-element_type=\"widget\" data-widget_type=\"heading.default\">\n\t\t\t\t\t<h2 class=\"elementor-heading-title elementor-size-default\">Shareholder<\/h2>\t\t\t\t<\/div>\n\t\t<div class=\"elementor-element elementor-element-f5fac21 e-con-full e-flex e-con e-child\" data-id=\"f5fac21\" data-element_type=\"container\">\n\t\t<div class=\"elementor-element elementor-element-8acfdee e-con-full e-flex e-con e-child\" data-id=\"8acfdee\" data-element_type=\"container\" data-settings=\"{&quot;background_background&quot;:&quot;classic&quot;}\">\n\t\t\t\t<div class=\"elementor-element elementor-element-7dfd685 elementor-widget elementor-widget-image\" data-id=\"7dfd685\" data-element_type=\"widget\" data-widget_type=\"image.default\">\n\t\t\t\t\t\t\t\t\t\t\t\t\t\t\t<img loading=\"lazy\" decoding=\"async\" width=\"1385\" height=\"524\" src=\"https:\/\/zsl.webwolfdesign.eu\/wp-content\/uploads\/2026\/01\/Access_Logo.jpg\" class=\"attachment-full size-full wp-image-2444\" alt=\"\" srcset=\"https:\/\/zsl.webwolfdesign.eu\/wp-content\/uploads\/2026\/01\/Access_Logo.jpg 1385w, https:\/\/zsl.webwolfdesign.eu\/wp-content\/uploads\/2026\/01\/Access_Logo-300x114.jpg 300w, https:\/\/zsl.webwolfdesign.eu\/wp-content\/uploads\/2026\/01\/Access_Logo-1024x387.jpg 1024w, https:\/\/zsl.webwolfdesign.eu\/wp-content\/uploads\/2026\/01\/Access_Logo-768x291.jpg 768w\" sizes=\"(max-width: 1385px) 100vw, 1385px\" \/>\t\t\t\t\t\t\t\t\t\t\t\t\t\t\t<\/div>\n\t\t\t\t<div class=\"elementor-element elementor-element-49b3055 elementor-widget elementor-widget-button\" data-id=\"49b3055\" data-element_type=\"widget\" data-widget_type=\"button.default\">\n\t\t\t\t\t\t\t\t\t\t<a class=\"elementor-button elementor-button-link elementor-size-sm\" href=\"https:\/\/www.access-inklusion.de\/\" target=\"_blank\">\n\t\t\t\t\t\t<span class=\"elementor-button-content-wrapper\">\n\t\t\t\t\t\t\t\t\t<span class=\"elementor-button-text\">to the website<\/span>\n\t\t\t\t\t<\/span>\n\t\t\t\t\t<\/a>\n\t\t\t\t\t\t\t\t<\/div>\n\t\t\t\t<\/div>\n\t\t<div class=\"elementor-element elementor-element-5d7220d e-con-full e-flex e-con e-child\" data-id=\"5d7220d\" data-element_type=\"container\" data-settings=\"{&quot;background_background&quot;:&quot;classic&quot;}\">\n\t\t\t\t<div class=\"elementor-element elementor-element-c667616 elementor-widget elementor-widget-image\" data-id=\"c667616\" data-element_type=\"widget\" data-widget_type=\"image.default\">\n\t\t\t\t\t\t\t\t\t\t\t\t\t\t\t<img loading=\"lazy\" decoding=\"async\" width=\"1385\" height=\"524\" src=\"https:\/\/zsl.webwolfdesign.eu\/wp-content\/uploads\/2026\/02\/E-werk.jpg\" class=\"attachment-full size-full wp-image-3390\" alt=\"\" srcset=\"https:\/\/zsl.webwolfdesign.eu\/wp-content\/uploads\/2026\/02\/E-werk.jpg 1385w, https:\/\/zsl.webwolfdesign.eu\/wp-content\/uploads\/2026\/02\/E-werk-300x114.jpg 300w, https:\/\/zsl.webwolfdesign.eu\/wp-content\/uploads\/2026\/02\/E-werk-1024x387.jpg 1024w, https:\/\/zsl.webwolfdesign.eu\/wp-content\/uploads\/2026\/02\/E-werk-768x291.jpg 768w, https:\/\/zsl.webwolfdesign.eu\/wp-content\/uploads\/2026\/02\/E-werk-18x7.jpg 18w\" sizes=\"(max-width: 1385px) 100vw, 1385px\" \/>\t\t\t\t\t\t\t\t\t\t\t\t\t\t\t<\/div>\n\t\t\t\t<div class=\"elementor-element elementor-element-0170f4f elementor-widget elementor-widget-button\" data-id=\"0170f4f\" data-element_type=\"widget\" data-widget_type=\"button.default\">\n\t\t\t\t\t\t\t\t\t\t<a class=\"elementor-button elementor-button-link elementor-size-sm\" href=\"https:\/\/www.e-werk.de\/\" target=\"_blank\">\n\t\t\t\t\t\t<span class=\"elementor-button-content-wrapper\">\n\t\t\t\t\t\t\t\t\t<span class=\"elementor-button-text\">to the website<\/span>\n\t\t\t\t\t<\/span>\n\t\t\t\t\t<\/a>\n\t\t\t\t\t\t\t\t<\/div>\n\t\t\t\t<\/div>\n\t\t<div class=\"elementor-element elementor-element-1047e46 e-con-full e-flex e-con e-child\" data-id=\"1047e46\" data-element_type=\"container\" data-settings=\"{&quot;background_background&quot;:&quot;classic&quot;}\">\n\t\t\t\t<\/div>\n\t\t\t\t<\/div>\n\t\t\t\t<\/div>\n\t\t\t\t<\/div>\n\t\t<div class=\"elementor-element elementor-element-6726591 e-con-full e-flex e-con e-child\" data-id=\"6726591\" data-element_type=\"container\">\n\t\t<div class=\"elementor-element elementor-element-20859e5 e-con-full e-flex e-con e-child\" data-id=\"20859e5\" data-element_type=\"container\" data-settings=\"{&quot;background_background&quot;:&quot;classic&quot;}\">\n\t\t\t\t<div class=\"elementor-element elementor-element-21212cb elementor-widget elementor-widget-heading\" data-id=\"21212cb\" data-element_type=\"widget\" data-widget_type=\"heading.default\">\n\t\t\t\t\t<h2 class=\"elementor-heading-title elementor-size-default\">Membership in other organizations<\/h2>\t\t\t\t<\/div>\n\t\t<div class=\"elementor-element elementor-element-fcf587f e-con-full e-flex e-con e-child\" data-id=\"fcf587f\" data-element_type=\"container\">\n\t\t<div class=\"elementor-element elementor-element-4313392 e-con-full e-flex e-con e-child\" data-id=\"4313392\" data-element_type=\"container\" data-settings=\"{&quot;background_background&quot;:&quot;classic&quot;}\">\n\t\t\t\t<div class=\"elementor-element elementor-element-fb73859 elementor-widget elementor-widget-image\" data-id=\"fb73859\" data-element_type=\"widget\" data-widget_type=\"image.default\">\n\t\t\t\t\t\t\t\t\t\t\t\t\t\t\t<img loading=\"lazy\" decoding=\"async\" width=\"1385\" height=\"524\" src=\"https:\/\/zsl.webwolfdesign.eu\/wp-content\/uploads\/2026\/01\/ISL.jpg\" class=\"attachment-full size-full wp-image-2446\" alt=\"\" srcset=\"https:\/\/zsl.webwolfdesign.eu\/wp-content\/uploads\/2026\/01\/ISL.jpg 1385w, https:\/\/zsl.webwolfdesign.eu\/wp-content\/uploads\/2026\/01\/ISL-300x114.jpg 300w, https:\/\/zsl.webwolfdesign.eu\/wp-content\/uploads\/2026\/01\/ISL-1024x387.jpg 1024w, https:\/\/zsl.webwolfdesign.eu\/wp-content\/uploads\/2026\/01\/ISL-768x291.jpg 768w\" sizes=\"(max-width: 1385px) 100vw, 1385px\" \/>\t\t\t\t\t\t\t\t\t\t\t\t\t\t\t<\/div>\n\t\t\t\t<div class=\"elementor-element elementor-element-13d73b7 elementor-widget elementor-widget-button\" data-id=\"13d73b7\" data-element_type=\"widget\" data-widget_type=\"button.default\">\n\t\t\t\t\t\t\t\t\t\t<a class=\"elementor-button elementor-button-link elementor-size-sm\" href=\"https:\/\/isl-ev.de\/\" target=\"_blank\">\n\t\t\t\t\t\t<span class=\"elementor-button-content-wrapper\">\n\t\t\t\t\t\t\t\t\t<span class=\"elementor-button-text\">to the website<\/span>\n\t\t\t\t\t<\/span>\n\t\t\t\t\t<\/a>\n\t\t\t\t\t\t\t\t<\/div>\n\t\t\t\t<\/div>\n\t\t<div class=\"elementor-element elementor-element-eee5e1d e-con-full e-flex e-con e-child\" data-id=\"eee5e1d\" data-element_type=\"container\" data-settings=\"{&quot;background_background&quot;:&quot;classic&quot;}\">\n\t\t\t\t<div class=\"elementor-element elementor-element-a1fdb14 elementor-widget elementor-widget-image\" data-id=\"a1fdb14\" data-element_type=\"widget\" data-widget_type=\"image.default\">\n\t\t\t\t\t\t\t\t\t\t\t\t\t\t\t<img loading=\"lazy\" decoding=\"async\" width=\"1385\" height=\"524\" src=\"https:\/\/zsl.webwolfdesign.eu\/wp-content\/uploads\/2026\/01\/paritaetische.jpg\" class=\"attachment-full size-full wp-image-2450\" alt=\"\" srcset=\"https:\/\/zsl.webwolfdesign.eu\/wp-content\/uploads\/2026\/01\/paritaetische.jpg 1385w, https:\/\/zsl.webwolfdesign.eu\/wp-content\/uploads\/2026\/01\/paritaetische-300x114.jpg 300w, https:\/\/zsl.webwolfdesign.eu\/wp-content\/uploads\/2026\/01\/paritaetische-1024x387.jpg 1024w, https:\/\/zsl.webwolfdesign.eu\/wp-content\/uploads\/2026\/01\/paritaetische-768x291.jpg 768w\" sizes=\"(max-width: 1385px) 100vw, 1385px\" \/>\t\t\t\t\t\t\t\t\t\t\t\t\t\t\t<\/div>\n\t\t\t\t<div class=\"elementor-element elementor-element-448d737 elementor-widget elementor-widget-button\" data-id=\"448d737\" data-element_type=\"widget\" data-widget_type=\"button.default\">\n\t\t\t\t\t\t\t\t\t\t<a class=\"elementor-button elementor-button-link elementor-size-sm\" href=\"https:\/\/www.paritaet-bayern.de\/\" target=\"_blank\">\n\t\t\t\t\t\t<span class=\"elementor-button-content-wrapper\">\n\t\t\t\t\t\t\t\t\t<span class=\"elementor-button-text\">to the website<\/span>\n\t\t\t\t\t<\/span>\n\t\t\t\t\t<\/a>\n\t\t\t\t\t\t\t\t<\/div>\n\t\t\t\t<\/div>\n\t\t<div class=\"elementor-element elementor-element-268fc0e e-con-full e-flex e-con e-child\" data-id=\"268fc0e\" data-element_type=\"container\" data-settings=\"{&quot;background_background&quot;:&quot;classic&quot;}\">\n\t\t\t\t<div class=\"elementor-element elementor-element-5a13507 elementor-widget elementor-widget-image\" data-id=\"5a13507\" data-element_type=\"widget\" data-widget_type=\"image.default\">\n\t\t\t\t\t\t\t\t\t\t\t\t\t\t\t<img loading=\"lazy\" decoding=\"async\" width=\"768\" height=\"150\" src=\"https:\/\/zsl.webwolfdesign.eu\/wp-content\/uploads\/2026\/02\/Allianz_Logo.gif\" class=\"attachment-full size-full wp-image-3385\" alt=\"\" \/>\t\t\t\t\t\t\t\t\t\t\t\t\t\t\t<\/div>\n\t\t\t\t<div class=\"elementor-element elementor-element-b549d0f elementor-widget elementor-widget-button\" data-id=\"b549d0f\" data-element_type=\"widget\" data-widget_type=\"button.default\">\n\t\t\t\t\t\t\t\t\t\t<a class=\"elementor-button elementor-button-link elementor-size-sm\" href=\"https:\/\/www.allianz-gegen-rechtsextremismus.de\/\" target=\"_blank\">\n\t\t\t\t\t\t<span class=\"elementor-button-content-wrapper\">\n\t\t\t\t\t\t\t\t\t<span class=\"elementor-button-text\">to the website<\/span>\n\t\t\t\t\t<\/span>\n\t\t\t\t\t<\/a>\n\t\t\t\t\t\t\t\t<\/div>\n\t\t\t\t<\/div>\n\t\t\t\t<\/div>\n\t\t\t\t<\/div>\n\t\t\t\t<\/div>\n\t\t\t\t<\/div>\n\t\t\t\t<\/div>\n\t\t\t\t\t<\/div>\n\t\t\t\t<\/div>\n\t\t\t\t<\/div>\n\t\t\t\t<\/div>","protected":false},"excerpt":{"rendered":"<p>Unsere Partner Das ZSL Erlangen arbeitet eng mit anderen Organisationen und Partnern zusammen, um Selbstbestimmung, Inklusion und gleichberechtigte Teilhabe von Menschen mit Behinderung nachhaltig zu st\u00e4rken. Dazu geh\u00f6ren Kooperationen, gemeinsame Projekte sowie die Mitarbeit in Netzwerken, Verb\u00e4nden und Zusammenschl\u00fcssen, die \u00e4hnliche Ziele verfolgen. Ein wichtiger Teil unserer Arbeit ist au\u00dferdem die Zusammenarbeit mit Institutionen: Wir [&hellip;]<\/p>","protected":false},"author":1,"featured_media":0,"parent":0,"menu_order":0,"comment_status":"closed","ping_status":"closed","template":"","meta":{"footnotes":""},"class_list":["post-1159","page","type-page","status-publish","hentry"],"_hostinger_reach_plugin_has_subscription_block":false,"_hostinger_reach_plugin_is_elementor":false,"_links":{"self":[{"href":"https:\/\/zsl.webwolfdesign.eu\/en\/wp-json\/wp\/v2\/pages\/1159","targetHints":{"allow":["GET"]}}],"collection":[{"href":"https:\/\/zsl.webwolfdesign.eu\/en\/wp-json\/wp\/v2\/pages"}],"about":[{"href":"https:\/\/zsl.webwolfdesign.eu\/en\/wp-json\/wp\/v2\/types\/page"}],"author":[{"embeddable":true,"href":"https:\/\/zsl.webwolfdesign.eu\/en\/wp-json\/wp\/v2\/users\/1"}],"replies":[{"embeddable":true,"href":"https:\/\/zsl.webwolfdesign.eu\/en\/wp-json\/wp\/v2\/comments?post=1159"}],"version-history":[{"count":61,"href":"https:\/\/zsl.webwolfdesign.eu\/en\/wp-json\/wp\/v2\/pages\/1159\/revisions"}],"predecessor-version":[{"id":3399,"href":"https:\/\/zsl.webwolfdesign.eu\/en\/wp-json\/wp\/v2\/pages\/1159\/revisions\/3399"}],"wp:attachment":[{"href":"https:\/\/zsl.webwolfdesign.eu\/en\/wp-json\/wp\/v2\/media?parent=1159"}],"curies":[{"name":"wp","href":"https:\/\/api.w.org\/{rel}","templated":true}]}}