{"id":2689,"date":"2026-01-25T09:50:17","date_gmt":"2026-01-25T09:50:17","guid":{"rendered":"https:\/\/zsl.webwolfdesign.eu\/?page_id=2689"},"modified":"2026-01-25T20:12:22","modified_gmt":"2026-01-25T20:12:22","slug":"person-of-the-heart","status":"publish","type":"page","link":"https:\/\/zsl.webwolfdesign.eu\/en\/person-of-the-heart\/","title":{"rendered":"Herzensmensch - Kindhearted"},"content":{"rendered":"<div data-elementor-type=\"wp-page\" data-elementor-id=\"2689\" class=\"elementor elementor-2689\" data-elementor-post-type=\"page\">\n\t\t\t\t<main class=\"elementor-element elementor-element-62401e5 e-con-full e-flex e-con e-parent\" data-id=\"62401e5\" data-element_type=\"container\">\n\t\t<main class=\"elementor-element elementor-element-527db2c e-con-full e-flex e-con e-child\" data-id=\"527db2c\" data-element_type=\"container\" data-settings=\"{&quot;background_background&quot;:&quot;classic&quot;}\">\n\t\t<div class=\"elementor-element elementor-element-0596141 e-con-full e-flex e-con e-child\" data-id=\"0596141\" data-element_type=\"container\">\n\t\t<div class=\"elementor-element elementor-element-efe96b7 e-con-full e-flex e-con e-child\" data-id=\"efe96b7\" data-element_type=\"container\" data-settings=\"{&quot;background_background&quot;:&quot;gradient&quot;}\">\n\t\t\t\t<div class=\"elementor-element elementor-element-0599ec4 elementor-widget elementor-widget-heading\" data-id=\"0599ec4\" data-element_type=\"widget\" data-widget_type=\"heading.default\">\n\t\t\t\t\t<h2 class=\"elementor-heading-title elementor-size-default\">Herzensmensch - Kindhearted<\/h2>\t\t\t\t<\/div>\n\t\t\t\t<div class=\"elementor-element elementor-element-e99dd09 elementor-widget elementor-widget-text-editor\" data-id=\"e99dd09\" data-element_type=\"widget\" data-widget_type=\"text-editor.default\">\n\t\t\t\t\t\t\t\t\t<p><strong>Encounter - Advice - Mediation<\/strong><\/p>\t\t\t\t\t\t\t\t<\/div>\n\t\t\t\t<div class=\"elementor-element elementor-element-ab5e223 elementor-widget elementor-widget-text-editor\" data-id=\"ab5e223\" data-element_type=\"widget\" data-widget_type=\"text-editor.default\">\n\t\t\t\t\t\t\t\t\t<p>Love and friendship know no barriers\u00a0<\/p>\t\t\t\t\t\t\t\t<\/div>\n\t\t\t\t<\/div>\n\t\t<div class=\"elementor-element elementor-element-c9da59b e-con-full e-flex e-con e-child\" data-id=\"c9da59b\" data-element_type=\"container\">\n\t\t\t\t<div class=\"elementor-element elementor-element-1ac2d80 elementor-widget elementor-widget-image\" data-id=\"1ac2d80\" data-element_type=\"widget\" data-widget_type=\"image.default\">\n\t\t\t\t\t\t\t\t\t\t\t\t\t\t\t<img fetchpriority=\"high\" decoding=\"async\" width=\"1500\" height=\"630\" src=\"https:\/\/zsl.webwolfdesign.eu\/wp-content\/uploads\/2026\/01\/Herzmensch2.jpg\" class=\"attachment-full size-full wp-image-2587\" alt=\"\" srcset=\"https:\/\/zsl.webwolfdesign.eu\/wp-content\/uploads\/2026\/01\/Herzmensch2.jpg 1500w, https:\/\/zsl.webwolfdesign.eu\/wp-content\/uploads\/2026\/01\/Herzmensch2-300x126.jpg 300w, https:\/\/zsl.webwolfdesign.eu\/wp-content\/uploads\/2026\/01\/Herzmensch2-1024x430.jpg 1024w, https:\/\/zsl.webwolfdesign.eu\/wp-content\/uploads\/2026\/01\/Herzmensch2-768x323.jpg 768w\" sizes=\"(max-width: 1500px) 100vw, 1500px\" \/>\t\t\t\t\t\t\t\t\t\t\t\t\t\t\t<\/div>\n\t\t\t\t<\/div>\n\t\t\t\t<\/div>\n\t\t<div class=\"elementor-element elementor-element-8dd5638 e-flex e-con-boxed e-con e-child\" data-id=\"8dd5638\" data-element_type=\"container\">\n\t\t\t\t\t<div class=\"e-con-inner\">\n\t\t<div class=\"elementor-element elementor-element-e5fb02e e-con-full e-flex e-con e-child\" data-id=\"e5fb02e\" data-element_type=\"container\" data-settings=\"{&quot;background_background&quot;:&quot;classic&quot;}\">\n\t\t<div class=\"elementor-element elementor-element-cc1f98e e-con-full e-flex e-con e-child\" data-id=\"cc1f98e\" data-element_type=\"container\" data-settings=\"{&quot;background_background&quot;:&quot;classic&quot;}\">\n\t\t<div class=\"elementor-element elementor-element-a7a1207 e-con-full e-flex e-con e-child\" data-id=\"a7a1207\" data-element_type=\"container\" data-settings=\"{&quot;background_background&quot;:&quot;classic&quot;}\">\n\t\t<div class=\"elementor-element elementor-element-220f249 e-con-full e-flex e-con e-child\" data-id=\"220f249\" data-element_type=\"container\" data-settings=\"{&quot;background_background&quot;:&quot;classic&quot;}\">\n\t\t\t\t<div class=\"elementor-element elementor-element-b736057 elementor-widget elementor-widget-heading\" data-id=\"b736057\" data-element_type=\"widget\" data-widget_type=\"heading.default\">\n\t\t\t\t\t<h2 class=\"elementor-heading-title elementor-size-default\">What is Herzens-Mensch - Kindhearted?<\/h2>\t\t\t\t<\/div>\n\t\t\t\t<div class=\"elementor-element elementor-element-f25bdba elementor-widget elementor-widget-text-editor\" data-id=\"f25bdba\" data-element_type=\"widget\" data-widget_type=\"text-editor.default\">\n\t\t\t\t\t\t\t\t\t<p>Welcome to Herzensmensch.<\/p><p>We are an advice center for people with disabilities.<br \/>We inform people with disabilities, couples with disabilities, relatives and professionals about the topics of love, relationships, friendship, empowerment, sexuality and self-determined sexuality.<\/p><p>We welcome all people aged 18 and over, regardless of their sexual orientation.<\/p><p>Our advice is available free of charge.<\/p>\t\t\t\t\t\t\t\t<\/div>\n\t\t\t\t<\/div>\n\t\t\t\t<\/div>\n\t\t<div class=\"elementor-element elementor-element-08b7739 e-con-full e-flex e-con e-child\" data-id=\"08b7739\" data-element_type=\"container\" data-settings=\"{&quot;background_background&quot;:&quot;classic&quot;}\">\n\t\t<div class=\"elementor-element elementor-element-2b94be2 e-con-full e-flex e-con e-child\" data-id=\"2b94be2\" data-element_type=\"container\" data-settings=\"{&quot;background_background&quot;:&quot;classic&quot;}\">\n\t\t\t\t<div class=\"elementor-element elementor-element-ade64f3 elementor-widget elementor-widget-heading\" data-id=\"ade64f3\" data-element_type=\"widget\" data-widget_type=\"heading.default\">\n\t\t\t\t\t<h2 class=\"elementor-heading-title elementor-size-default\">What do we offer?<\/h2>\t\t\t\t<\/div>\n\t\t\t\t<div class=\"elementor-element elementor-element-f8cd8b1 elementor-widget elementor-widget-text-editor\" data-id=\"f8cd8b1\" data-element_type=\"widget\" data-widget_type=\"text-editor.default\">\n\t\t\t\t\t\t\t\t\t<p>Are you looking for a partner?<br \/>We will work with you, in a personal meeting, to create a profile in the\u00a0<strong>protected<\/strong>\u00a0Database of the matter of the heart.<br \/>Herzens-Sache is a protected online dating platform for people with disabilities. It has sites in Germany, Austria and Switzerland.<\/p><p>In addition to partner placement, we also offer:<\/p><ul><li>Individual advice<\/li><li>Couples counseling<\/li><li>Workshops<\/li><li>events<\/li><li>Lectures<\/li><\/ul><p>Our counseling sessions are anonymous. We work with you as equals. Your wishes and needs are our focus.<\/p><p>It is important to us that people with disabilities have the same opportunities as people without disabilities.<\/p>\t\t\t\t\t\t\t\t<\/div>\n\t\t\t\t<\/div>\n\t\t<div class=\"elementor-element elementor-element-a834473 e-con-full e-flex e-con e-child\" data-id=\"a834473\" data-element_type=\"container\" data-settings=\"{&quot;background_background&quot;:&quot;classic&quot;}\">\n\t\t\t\t<div class=\"elementor-element elementor-element-2d6452f elementor-widget elementor-widget-heading\" data-id=\"2d6452f\" data-element_type=\"widget\" data-widget_type=\"heading.default\">\n\t\t\t\t\t<h2 class=\"elementor-heading-title elementor-size-default\">How did Herzens-Mensch come about?<\/h2>\t\t\t\t<\/div>\n\t\t\t\t<div class=\"elementor-element elementor-element-85c8e6a elementor-widget elementor-widget-text-editor\" data-id=\"85c8e6a\" data-element_type=\"widget\" data-widget_type=\"text-editor.default\">\n\t\t\t\t\t\t\t\t\t<p>The Herzens-Mensch advice center has been around since April 2024<br \/>The advice center is part of the Partnership Network.<br \/>The Partnership Network is an association of various organizations (Lebenshilfe N\u00fcrnberg e.V., Lebenshilfe F\u00fcrth e.V., Rummelsberger Diakonie, Zentrum f\u00fcr selbstbestimmtes Leben Behinderter e.V. - Erlangen, Evangelisches Stadtteilhaus Leo, Br\u00fcckenbauer, BUNI (Kultur und Freizeittreff), Stadtmission N\u00fcrnberg AIDS-Beratung Mittelfranken, Gemeinn\u00fctzige Gesellschaft f\u00fcr soziale Dienste, Lebenshilfe Erlangen e.V. Lebenshilfe Erlangen-H\u00f6chstadt e.V.).<\/p><p>Herzens-Mensch is financed by funding from Aktion Mensch and Lebenshilfe N\u00fcrnberg e.V. Lebenshilfe F\u00fcrth e.V., Rummelsberger Diakonie and the Zentrum f\u00fcr selbstbestimmtes Leben Behinderter e.V. - Erlangen.<\/p><p>The aim of Herzens-Mensch is to strengthen inclusion in the areas of love, relationships, friendship and sexuality.<\/p>\t\t\t\t\t\t\t\t<\/div>\n\t\t\t\t<div class=\"elementor-element elementor-element-22cbeaf elementor-widget elementor-widget-button\" data-id=\"22cbeaf\" data-element_type=\"widget\" data-widget_type=\"button.default\">\n\t\t\t\t\t\t\t\t\t\t<a class=\"elementor-button elementor-button-link elementor-size-sm\" href=\"https:\/\/www.herzens-mensch.info\/\" target=\"_blank\">\n\t\t\t\t\t\t<span class=\"elementor-button-content-wrapper\">\n\t\t\t\t\t\t\t\t\t<span class=\"elementor-button-text\">to the Herzensmensch website<\/span>\n\t\t\t\t\t<\/span>\n\t\t\t\t\t<\/a>\n\t\t\t\t\t\t\t\t<\/div>\n\t\t\t\t<\/div>\n\t\t<div class=\"elementor-element elementor-element-109b88a e-con-full e-flex e-con e-child\" data-id=\"109b88a\" data-element_type=\"container\" data-settings=\"{&quot;background_background&quot;:&quot;classic&quot;}\">\n\t\t\t\t<div class=\"elementor-element elementor-element-830e5c9 elementor-widget elementor-widget-heading\" data-id=\"830e5c9\" data-element_type=\"widget\" data-widget_type=\"heading.default\">\n\t\t\t\t\t<h2 class=\"elementor-heading-title elementor-size-default\">Contact us<\/h2>\t\t\t\t<\/div>\n\t\t\t\t<div class=\"elementor-element elementor-element-11c3c2c elementor-widget elementor-widget-text-editor\" data-id=\"11c3c2c\" data-element_type=\"widget\" data-widget_type=\"text-editor.default\">\n\t\t\t\t\t\t\t\t\t<p><strong>Get in touch with us!<\/strong><br \/>We are here for you!<\/p><p><strong>Advice by telephone:<\/strong>\u00a0You can reach us by telephone.<br \/><strong>Personal discussions:<\/strong>\u00a0Make an appointment for a personal consultation<br \/><strong>Online consulting:<\/strong>\u00a0You can also reach us by e-mail.<\/p>\t\t\t\t\t\t\t\t<\/div>\n\t\t<div class=\"elementor-element elementor-element-4637869 e-con-full e-flex e-con e-child\" data-id=\"4637869\" data-element_type=\"container\">\n\t\t<div class=\"elementor-element elementor-element-1b2a5dc e-con-full e-flex e-con e-child\" data-id=\"1b2a5dc\" data-element_type=\"container\" data-settings=\"{&quot;background_background&quot;:&quot;classic&quot;}\">\n\t\t\t\t<div class=\"elementor-element elementor-element-ca3cd9f elementor-view-default elementor-widget elementor-widget-icon\" data-id=\"ca3cd9f\" data-element_type=\"widget\" data-widget_type=\"icon.default\">\n\t\t\t\t\t\t\t<div class=\"elementor-icon-wrapper\">\n\t\t\t<div class=\"elementor-icon\">\n\t\t\t<svg aria-hidden=\"true\" class=\"e-font-icon-svg e-fas-home\" viewbox=\"0 0 576 512\" xmlns=\"http:\/\/www.w3.org\/2000\/svg\"><path d=\"M280.37 148.26L96 300.11V464a16 16 0 0 0 16 16l112.06-.29a16 16 0 0 0 15.92-16V368a16 16 0 0 1 16-16h64a16 16 0 0 1 16 16v95.64a16 16 0 0 0 16 16.05L464 480a16 16 0 0 0 16-16V300L295.67 148.26a12.19 12.19 0 0 0-15.3 0zM571.6 251.47L488 182.56V44.05a12 12 0 0 0-12-12h-56a12 12 0 0 0-12 12v72.61L318.47 43a48 48 0 0 0-61 0L4.34 251.47a12 12 0 0 0-1.6 16.9l25.5 31A12 12 0 0 0 45.15 301l235.22-193.74a12.19 12.19 0 0 1 15.3 0L530.9 301a12 12 0 0 0 16.9-1.6l25.5-31a12 12 0 0 0-1.7-16.93z\"><\/path><\/svg>\t\t\t<\/div>\n\t\t<\/div>\n\t\t\t\t\t\t<\/div>\n\t\t\t\t<div class=\"elementor-element elementor-element-65bbf17 elementor-widget elementor-widget-text-editor\" data-id=\"65bbf17\" data-element_type=\"widget\" data-widget_type=\"text-editor.default\">\n\t\t\t\t\t\t\t\t\t<p><strong>Address:<\/strong><\/p><p>Counseling center Herzensmensch<br \/>Georgstrasse 10<br \/>90439 Nuremberg<\/p>\t\t\t\t\t\t\t\t<\/div>\n\t\t\t\t<\/div>\n\t\t<div class=\"elementor-element elementor-element-b496e43 e-con-full e-flex e-con e-child\" data-id=\"b496e43\" data-element_type=\"container\" data-settings=\"{&quot;background_background&quot;:&quot;classic&quot;}\">\n\t\t\t\t<div class=\"elementor-element elementor-element-8df3768 elementor-widget elementor-widget-image\" data-id=\"8df3768\" data-element_type=\"widget\" data-widget_type=\"image.default\">\n\t\t\t\t\t\t\t\t\t\t\t\t\t\t\t<img decoding=\"async\" width=\"70\" height=\"70\" src=\"https:\/\/zsl.webwolfdesign.eu\/wp-content\/uploads\/2026\/01\/Hanna.png\" class=\"attachment-large size-large wp-image-2615\" alt=\"\" \/>\t\t\t\t\t\t\t\t\t\t\t\t\t\t\t<\/div>\n\t\t\t\t<div class=\"elementor-element elementor-element-7c0b604 elementor-widget elementor-widget-text-editor\" data-id=\"7c0b604\" data-element_type=\"widget\" data-widget_type=\"text-editor.default\">\n\t\t\t\t\t\t\t\t\t<p><strong>Hanna Jaeger<\/strong><br \/>Consulting <br \/><br \/><span style=\"font-family: -apple-system, BlinkMacSystemFont, 'Segoe UI', Roboto, 'Helvetica Neue', Arial, 'Noto Sans', sans-serif, 'Apple Color Emoji', 'Segoe UI Emoji', 'Segoe UI Symbol', 'Noto Color Emoji';\">Tel: 0911 587 937 85<br \/><\/span>Mobile: 015904451398<\/p><p><a title=\"Send e-mail\" href=\"mailto:JaegerH@lhnbg.de\">Send e-mail<\/a><\/p>\t\t\t\t\t\t\t\t<\/div>\n\t\t\t\t<\/div>\n\t\t<div class=\"elementor-element elementor-element-8211eaa e-con-full e-flex e-con e-child\" data-id=\"8211eaa\" data-element_type=\"container\" data-settings=\"{&quot;background_background&quot;:&quot;classic&quot;}\">\n\t\t\t\t<div class=\"elementor-element elementor-element-03d27df elementor-widget elementor-widget-image\" data-id=\"03d27df\" data-element_type=\"widget\" data-widget_type=\"image.default\">\n\t\t\t\t\t\t\t\t\t\t\t\t\t\t\t<img decoding=\"async\" width=\"70\" height=\"70\" src=\"https:\/\/zsl.webwolfdesign.eu\/wp-content\/uploads\/2026\/01\/Kai.png\" class=\"attachment-large size-large wp-image-2614\" alt=\"\" \/>\t\t\t\t\t\t\t\t\t\t\t\t\t\t\t<\/div>\n\t\t\t\t<div class=\"elementor-element elementor-element-b23f0d5 elementor-widget elementor-widget-text-editor\" data-id=\"b23f0d5\" data-element_type=\"widget\" data-widget_type=\"text-editor.default\">\n\t\t\t\t\t\t\t\t\t<p><strong>Kai Ehrmann<\/strong><br \/>Consulting\u00a0<br \/><br \/>Tel: 0911 587 937 86<br \/>Mobile: 015904909363<\/p><p><a title=\"Send e-mail\" href=\"mailto:EhrmannK@lhnbg.de\">Write an email<\/a><\/p>\t\t\t\t\t\t\t\t<\/div>\n\t\t\t\t<\/div>\n\t\t<div class=\"elementor-element elementor-element-34d312d e-con-full e-flex e-con e-child\" data-id=\"34d312d\" data-element_type=\"container\" data-settings=\"{&quot;background_background&quot;:&quot;classic&quot;}\">\n\t\t\t\t<div class=\"elementor-element elementor-element-435c198 elementor-widget elementor-widget-image\" data-id=\"435c198\" data-element_type=\"widget\" data-widget_type=\"image.default\">\n\t\t\t\t\t\t\t\t\t\t\t\t\t\t\t<img loading=\"lazy\" decoding=\"async\" width=\"70\" height=\"70\" src=\"https:\/\/zsl.webwolfdesign.eu\/wp-content\/uploads\/2026\/01\/Anna.png\" class=\"attachment-large size-large wp-image-2616\" alt=\"\" \/>\t\t\t\t\t\t\t\t\t\t\t\t\t\t\t<\/div>\n\t\t\t\t<div class=\"elementor-element elementor-element-812f190 elementor-widget elementor-widget-text-editor\" data-id=\"812f190\" data-element_type=\"widget\" data-widget_type=\"text-editor.default\">\n\t\t\t\t\t\t\t\t\t<p><strong>Anna Zahner:<\/strong><br>Administration and public relations&nbsp;<br><span style=\"font-family: -apple-system, BlinkMacSystemFont, &quot;Segoe UI&quot;, Roboto, &quot;Helvetica Neue&quot;, Arial, &quot;Noto Sans&quot;, sans-serif, &quot;Apple Color Emoji&quot;, &quot;Segoe UI Emoji&quot;, &quot;Segoe UI Symbol&quot;, &quot;Noto Color Emoji&quot;; font-size: 1rem;\">Tel: 0911 5 87 93767<br><\/span><span style=\"font-family: -apple-system, BlinkMacSystemFont, &quot;Segoe UI&quot;, Roboto, &quot;Helvetica Neue&quot;, Arial, &quot;Noto Sans&quot;, sans-serif, &quot;Apple Color Emoji&quot;, &quot;Segoe UI Emoji&quot;, &quot;Segoe UI Symbol&quot;, &quot;Noto Color Emoji&quot;; font-size: 1rem;\">Mobile: 01590\/4909344<\/span><\/p>\n<p><a title=\"Send e-mail\" href=\"mailto:ZahnerA@lhnbg.de\">Write an email<\/a><\/p>\t\t\t\t\t\t\t\t<\/div>\n\t\t\t\t<\/div>\n\t\t\t\t<\/div>\n\t\t\t\t<\/div>\n\t\t\t\t<\/div>\n\t\t\t\t<\/div>\n\t\t\t\t<\/div>\n\t\t\t\t\t<\/div>\n\t\t\t\t<\/div>\n\t\t\t\t<\/main>\n\t\t\t\t<\/main>\n\t\t\t\t<\/div>","protected":false},"excerpt":{"rendered":"<p>Herzensmensch Begegnung &#8211; Beratung &#8211; Vermittlung Liebe und Freundschaft kennt keine Barrieren\u00a0 Was ist Herzens-Mensch? Herzlich Willkommen bei Herzens-Mensch. Wir sind eine Beratungs-Stelle f\u00fcr Menschen mit Beeintr\u00e4chtigung.Wir informieren Menschen mit Beeintr\u00e4chtigung, Paare mit Beeintr\u00e4chtigung, Angeh\u00f6rige und Fachpersonal \u00fcber die Themen Liebe, Beziehung, Freundschaft, Empowerment, Sexualit\u00e4t und selbstbestimmte Sexualit\u00e4t. Bei uns sind alle Menschen ab 18 [&hellip;]<\/p>","protected":false},"author":1,"featured_media":0,"parent":0,"menu_order":0,"comment_status":"closed","ping_status":"closed","template":"","meta":{"footnotes":""},"class_list":["post-2689","page","type-page","status-publish","hentry"],"_hostinger_reach_plugin_has_subscription_block":false,"_hostinger_reach_plugin_is_elementor":false,"_links":{"self":[{"href":"https:\/\/zsl.webwolfdesign.eu\/en\/wp-json\/wp\/v2\/pages\/2689","targetHints":{"allow":["GET"]}}],"collection":[{"href":"https:\/\/zsl.webwolfdesign.eu\/en\/wp-json\/wp\/v2\/pages"}],"about":[{"href":"https:\/\/zsl.webwolfdesign.eu\/en\/wp-json\/wp\/v2\/types\/page"}],"author":[{"embeddable":true,"href":"https:\/\/zsl.webwolfdesign.eu\/en\/wp-json\/wp\/v2\/users\/1"}],"replies":[{"embeddable":true,"href":"https:\/\/zsl.webwolfdesign.eu\/en\/wp-json\/wp\/v2\/comments?post=2689"}],"version-history":[{"count":10,"href":"https:\/\/zsl.webwolfdesign.eu\/en\/wp-json\/wp\/v2\/pages\/2689\/revisions"}],"predecessor-version":[{"id":2939,"href":"https:\/\/zsl.webwolfdesign.eu\/en\/wp-json\/wp\/v2\/pages\/2689\/revisions\/2939"}],"wp:attachment":[{"href":"https:\/\/zsl.webwolfdesign.eu\/en\/wp-json\/wp\/v2\/media?parent=2689"}],"curies":[{"name":"wp","href":"https:\/\/api.w.org\/{rel}","templated":true}]}}