{"id":3182,"date":"2026-01-28T12:13:07","date_gmt":"2026-01-28T12:13:07","guid":{"rendered":"https:\/\/zsl.webwolfdesign.eu\/?page_id=3182"},"modified":"2026-04-16T12:35:47","modified_gmt":"2026-04-16T12:35:47","slug":"job-offer-team-leader","status":"publish","type":"page","link":"https:\/\/zsl.webwolfdesign.eu\/en\/job-offer-team-leader\/","title":{"rendered":"Stellenangebot-Teamleitung"},"content":{"rendered":"<div data-elementor-type=\"wp-page\" data-elementor-id=\"3182\" class=\"elementor elementor-3182\" data-elementor-post-type=\"page\">\n\t\t\t\t<div class=\"elementor-element elementor-element-5897030 e-con-full e-flex e-con e-parent\" data-id=\"5897030\" data-element_type=\"container\" data-settings=\"{&quot;background_background&quot;:&quot;classic&quot;}\">\n\t\t<div class=\"elementor-element elementor-element-e70512f e-flex e-con-boxed e-con e-child\" data-id=\"e70512f\" data-element_type=\"container\">\n\t\t\t\t\t<div class=\"e-con-inner\">\n\t\t<div class=\"elementor-element elementor-element-588dc43 e-con-full e-flex e-con e-child\" data-id=\"588dc43\" data-element_type=\"container\" data-settings=\"{&quot;background_background&quot;:&quot;classic&quot;}\">\n\t\t\t\t<div class=\"elementor-element elementor-element-677444f elementor-widget elementor-widget-text-editor\" data-id=\"677444f\" data-element_type=\"widget\" data-widget_type=\"text-editor.default\">\n\t\t\t\t\t\t\t\t\t<div class=\"row\"><div class=\"col-12 col-lg-9\"><h2><strong><span style=\"color: #b80e0e;\">Team leader (m\/f\/d) full-time or part-time\u00a0<br \/>(at least 30 hours per week)<\/span><\/strong><\/h2><\/div><\/div><div class=\"row\"><div class=\"col-12 col-lg-9 unterseitenText\"><p><strong>Their tasks include: <\/strong><\/p><ul><li>Support for existing customer teams<\/li><li>Shift planning and organization of substitutes in the event of service absences<\/li><li>Team and MA meetings<\/li><li>Ensuring, monitoring and continuously improving client-related care quality, care documentation and care organization<\/li><li>Participation in the planning, organization and, if necessary, implementation of internal training and further education measures<\/li><li>Correspondence and applications with the respective cost bearers<\/li><li>Ensuring holistic care and support for clients in the sense of holistic assistance, taking into account the self-determination of our clients<\/li><\/ul><p><strong>What you bring with you:<\/strong><\/p><ul><li>Completed training as a nursing specialist<\/li><li>Desire to work as a team leader<\/li><li>Empathy, organizational strength, clear communication and a heart for quality of care, professional and social competence as well as a strong focus on customers<\/li><li>Independent and conscientious way of working, structured thinking and acting<\/li><li>Good IT user skills<\/li><\/ul><p><strong>This makes their job with us particularly worthwhile:<\/strong><\/p><ul><li>A meaningful job that gives people with physical disabilities the chance to lead a self-determined life in their own home<\/li><li>An appreciative corporate culture and a collegial working atmosphere<\/li><li>Family-friendly working hours<\/li><li>Permanent position<\/li><li>Remuneration based on AVR Diakonie Bayern<\/li><li>30 days vacation in a 5-day week<\/li><li>Annual special payment of 85% of one month's remuneration<\/li><li>Company pension scheme<br \/><br \/><\/li><\/ul><p><strong>Are you interested?<\/strong><br \/>We look forward to receiving your application. Please send your application documents via the online application form or by e-mail to: <strong><a href=\"mailto:bewerbung@zsl-erlangen.de\" target=\"_blank\" rel=\"noopener\">bewerbung@zsl-erlangen.de<\/a><\/strong><\/p><p><strong>If you have any questions, you can also contact our nursing service manager Jutta Becker on 09131\/98783-20.<\/strong><\/p><\/div><\/div>\t\t\t\t\t\t\t\t<\/div>\n\t\t\t\t<div class=\"elementor-element elementor-element-2b03a43 elementor-align-left elementor-widget elementor-widget-button\" data-id=\"2b03a43\" data-element_type=\"widget\" data-widget_type=\"button.default\">\n\t\t\t\t\t\t\t\t\t\t<a class=\"elementor-button elementor-button-link elementor-size-sm\" href=\"https:\/\/zsl.webwolfdesign.eu\/en\/application-form\/\">\n\t\t\t\t\t\t<span class=\"elementor-button-content-wrapper\">\n\t\t\t\t\t\t\t\t\t<span class=\"elementor-button-text\">to the online application form<\/span>\n\t\t\t\t\t<\/span>\n\t\t\t\t\t<\/a>\n\t\t\t\t\t\t\t\t<\/div>\n\t\t\t\t<\/div>\n\t\t\t\t\t<\/div>\n\t\t\t\t<\/div>\n\t\t\t\t<\/div>\n\t\t\t\t<\/div>","protected":false},"excerpt":{"rendered":"<p>Teamleitung (m\/w\/d) in Voll- oder Teilzeit\u00a0(mind. 30 Std.\/pro Woche ) Zu ihren Aufgaben geh\u00f6ren: Begleitung bestehender Kundenteams Einsatzplanung sowie Vertretungsorganisation bei Dienstausf\u00e4llen Team- und MA Gespr\u00e4che Sicherung, \u00dcberwachung und kontinuierliche Verbesserung der kundenbezogenen Pflegequalit\u00e4t, Pflegedokumentation und der Pflegeorganisation Mitwirkung bei der Planung und Organisation und ggf. Durchf\u00fchrung innerbetrieblicher Schulungs- und Fortbildungsma\u00dfnahmen Korrespondenz und Antragstellung mit [&hellip;]<\/p>","protected":false},"author":1,"featured_media":0,"parent":0,"menu_order":0,"comment_status":"closed","ping_status":"closed","template":"","meta":{"footnotes":""},"class_list":["post-3182","page","type-page","status-publish","hentry"],"_hostinger_reach_plugin_has_subscription_block":false,"_hostinger_reach_plugin_is_elementor":false,"_links":{"self":[{"href":"https:\/\/zsl.webwolfdesign.eu\/en\/wp-json\/wp\/v2\/pages\/3182","targetHints":{"allow":["GET"]}}],"collection":[{"href":"https:\/\/zsl.webwolfdesign.eu\/en\/wp-json\/wp\/v2\/pages"}],"about":[{"href":"https:\/\/zsl.webwolfdesign.eu\/en\/wp-json\/wp\/v2\/types\/page"}],"author":[{"embeddable":true,"href":"https:\/\/zsl.webwolfdesign.eu\/en\/wp-json\/wp\/v2\/users\/1"}],"replies":[{"embeddable":true,"href":"https:\/\/zsl.webwolfdesign.eu\/en\/wp-json\/wp\/v2\/comments?post=3182"}],"version-history":[{"count":22,"href":"https:\/\/zsl.webwolfdesign.eu\/en\/wp-json\/wp\/v2\/pages\/3182\/revisions"}],"predecessor-version":[{"id":4177,"href":"https:\/\/zsl.webwolfdesign.eu\/en\/wp-json\/wp\/v2\/pages\/3182\/revisions\/4177"}],"wp:attachment":[{"href":"https:\/\/zsl.webwolfdesign.eu\/en\/wp-json\/wp\/v2\/media?parent=3182"}],"curies":[{"name":"wp","href":"https:\/\/api.w.org\/{rel}","templated":true}]}}