{"id":916,"date":"2025-11-19T16:58:00","date_gmt":"2025-11-19T16:58:00","guid":{"rendered":"https:\/\/zsl.webwolfdesign.eu\/?page_id=916"},"modified":"2026-03-26T18:02:45","modified_gmt":"2026-03-26T18:02:45","slug":"everything-that-is-right","status":"publish","type":"page","link":"https:\/\/zsl.webwolfdesign.eu\/en\/everything-that-is-right\/","title":{"rendered":"Alles was Recht ist - Everything about the law"},"content":{"rendered":"<div data-elementor-type=\"wp-page\" data-elementor-id=\"916\" class=\"elementor elementor-916\" data-elementor-post-type=\"page\">\n\t\t\t\t<main class=\"elementor-element elementor-element-f043c69 e-con-full e-flex e-con e-parent\" data-id=\"f043c69\" data-element_type=\"container\">\n\t\t<main class=\"elementor-element elementor-element-b74fa32 e-con-full e-flex e-con e-child\" data-id=\"b74fa32\" data-element_type=\"container\" data-settings=\"{&quot;background_background&quot;:&quot;classic&quot;}\">\n\t\t<div class=\"elementor-element elementor-element-856ba49 e-con-full e-flex e-con e-child\" data-id=\"856ba49\" data-element_type=\"container\">\n\t\t<div class=\"elementor-element elementor-element-72509d1 e-con-full e-flex e-con e-child\" data-id=\"72509d1\" data-element_type=\"container\" data-settings=\"{&quot;background_background&quot;:&quot;gradient&quot;}\">\n\t\t\t\t<div class=\"elementor-element elementor-element-ce1c747 elementor-widget elementor-widget-image\" data-id=\"ce1c747\" data-element_type=\"widget\" data-widget_type=\"image.default\">\n\t\t\t\t\t\t\t\t\t\t\t\t\t\t\t<img fetchpriority=\"high\" decoding=\"async\" width=\"800\" height=\"382\" src=\"https:\/\/zsl.webwolfdesign.eu\/wp-content\/uploads\/2025\/11\/Logo.jpg\" class=\"attachment-large size-large wp-image-905\" alt=\"\" srcset=\"https:\/\/zsl.webwolfdesign.eu\/wp-content\/uploads\/2025\/11\/Logo.jpg 1000w, https:\/\/zsl.webwolfdesign.eu\/wp-content\/uploads\/2025\/11\/Logo-300x143.jpg 300w, https:\/\/zsl.webwolfdesign.eu\/wp-content\/uploads\/2025\/11\/Logo-768x366.jpg 768w\" sizes=\"(max-width: 800px) 100vw, 800px\" \/>\t\t\t\t\t\t\t\t\t\t\t\t\t\t\t<\/div>\n\t\t\t\t<\/div>\n\t\t<div class=\"elementor-element elementor-element-d5122bd e-con-full e-flex e-con e-child\" data-id=\"d5122bd\" data-element_type=\"container\">\n\t\t\t\t<div class=\"elementor-element elementor-element-4be2ced elementor-widget elementor-widget-image\" data-id=\"4be2ced\" data-element_type=\"widget\" data-widget_type=\"image.default\">\n\t\t\t\t\t\t\t\t\t\t\t\t\t\t\t<img decoding=\"async\" width=\"1500\" height=\"630\" src=\"https:\/\/zsl.webwolfdesign.eu\/wp-content\/uploads\/2025\/11\/alles-was-recht-ist.jpg\" class=\"attachment-full size-full wp-image-907\" alt=\"\" srcset=\"https:\/\/zsl.webwolfdesign.eu\/wp-content\/uploads\/2025\/11\/alles-was-recht-ist.jpg 1500w, https:\/\/zsl.webwolfdesign.eu\/wp-content\/uploads\/2025\/11\/alles-was-recht-ist-300x126.jpg 300w, https:\/\/zsl.webwolfdesign.eu\/wp-content\/uploads\/2025\/11\/alles-was-recht-ist-1024x430.jpg 1024w, https:\/\/zsl.webwolfdesign.eu\/wp-content\/uploads\/2025\/11\/alles-was-recht-ist-768x323.jpg 768w\" sizes=\"(max-width: 1500px) 100vw, 1500px\" \/>\t\t\t\t\t\t\t\t\t\t\t\t\t\t\t<\/div>\n\t\t\t\t<\/div>\n\t\t\t\t<\/div>\n\t\t<div class=\"elementor-element elementor-element-fe821cc e-flex e-con-boxed e-con e-child\" data-id=\"fe821cc\" data-element_type=\"container\">\n\t\t\t\t\t<div class=\"e-con-inner\">\n\t\t<div class=\"elementor-element elementor-element-ab53683 e-con-full e-flex e-con e-child\" data-id=\"ab53683\" data-element_type=\"container\" data-settings=\"{&quot;background_background&quot;:&quot;classic&quot;}\">\n\t\t<div class=\"elementor-element elementor-element-1627ea8 e-con-full e-flex e-con e-child\" data-id=\"1627ea8\" data-element_type=\"container\" data-settings=\"{&quot;background_background&quot;:&quot;classic&quot;}\">\n\t\t<div class=\"elementor-element elementor-element-96a7345 e-con-full e-flex e-con e-child\" data-id=\"96a7345\" data-element_type=\"container\">\n\t\t\t\t<div class=\"elementor-element elementor-element-5fc649b elementor-widget elementor-widget-heading\" data-id=\"5fc649b\" data-element_type=\"widget\" data-widget_type=\"heading.default\">\n\t\t\t\t\t<h2 class=\"elementor-heading-title elementor-size-default\">Let us introduce ourselves!<\/h2>\t\t\t\t<\/div>\n\t\t\t\t<div class=\"elementor-element elementor-element-933ebcb elementor-widget elementor-widget-text-editor\" data-id=\"933ebcb\" data-element_type=\"widget\" data-widget_type=\"text-editor.default\">\n\t\t\t\t\t\t\t\t\t<p class=\"p1\">The project <b>strengthens<\/b> people with disabilities in it, <b>their rights <\/b><b>to demand<\/b>.A lot has changed in social law - including the introduction of the Federal Participation Act. Many of those affected and their relatives are not or only insufficiently aware of this.<\/p><p class=\"p1\">We want to fill this knowledge gap. We inform people about their <b>new <\/b><b>Rights<\/b>, we encourage them to use their <b>Needs <\/b>and to make full use of the legal framework for their participation.<\/p><p class=\"p1\">Through awareness-raising campaigns, decision-makers at <b>Cost units<\/b> the reality of life for people with disabilities.<\/p><p class=\"p1\">Also with <b>Lawyers<\/b> we would like to generate more interest in the problems of people with disabilities in the <b>Legal system<\/b> awaken.<\/p>\t\t\t\t\t\t\t\t<\/div>\n\t\t\t\t<\/div>\n\t\t\t\t<\/div>\n\t\t<div class=\"elementor-element elementor-element-1960f85 e-con-full e-flex e-con e-child\" data-id=\"1960f85\" data-element_type=\"container\" data-settings=\"{&quot;background_background&quot;:&quot;classic&quot;}\">\n\t\t\t\t<div class=\"elementor-element elementor-element-0966b54 elementor-widget elementor-widget-heading\" data-id=\"0966b54\" data-element_type=\"widget\" data-widget_type=\"heading.default\">\n\t\t\t\t\t<h2 class=\"elementor-heading-title elementor-size-default\">We have rights!<\/h2>\t\t\t\t<\/div>\n\t\t<div class=\"elementor-element elementor-element-1d290c1 e-con-full e-flex e-con e-child\" data-id=\"1d290c1\" data-element_type=\"container\" data-settings=\"{&quot;background_background&quot;:&quot;classic&quot;}\">\n\t\t<div class=\"elementor-element elementor-element-c59b1da e-con-full e-flex e-con e-child\" data-id=\"c59b1da\" data-element_type=\"container\">\n\t\t\t\t<div class=\"elementor-element elementor-element-30a30dd elementor-widget elementor-widget-text-editor\" data-id=\"30a30dd\" data-element_type=\"widget\" data-widget_type=\"text-editor.default\">\n\t\t\t\t\t\t\t\t\t<p class=\"p1\"><b>Inclusion <\/b>means participation. One part of the project informs people with disabilities and their relatives about their current rights. Through education and<\/p><p class=\"p1\"><b>Empowerment<\/b> it empowers people to communicate their needs and make full use of the legal framework for their participation.<\/p><p class=\"p1\">The project also offers <b>Training courses<\/b>, <b>Group workshops<\/b> and <b>Information events <\/b>on the premises of ZSL and with people with disabilities on site.<\/p><p class=\"p1\">If necessary, referral to individual counseling, e.g. to the existing <b>Advice offered by the ZSL<\/b>, possible.<\/p>\t\t\t\t\t\t\t\t<\/div>\n\t\t\t\t<\/div>\n\t\t\t\t<\/div>\n\t\t\t\t<\/div>\n\t\t<div class=\"elementor-element elementor-element-89387b2 e-con-full e-flex e-con e-child\" data-id=\"89387b2\" data-element_type=\"container\" data-settings=\"{&quot;background_background&quot;:&quot;classic&quot;}\">\n\t\t\t\t<div class=\"elementor-element elementor-element-169c598 elementor-widget elementor-widget-heading\" data-id=\"169c598\" data-element_type=\"widget\" data-widget_type=\"heading.default\">\n\t\t\t\t\t<h2 class=\"elementor-heading-title elementor-size-default\">We are \u201ein the know\u201c!<\/h2>\t\t\t\t<\/div>\n\t\t<div class=\"elementor-element elementor-element-c99428a e-con-full e-flex e-con e-child\" data-id=\"c99428a\" data-element_type=\"container\" data-settings=\"{&quot;background_background&quot;:&quot;classic&quot;}\">\n\t\t<div class=\"elementor-element elementor-element-5f54f22 e-con-full e-flex e-con e-child\" data-id=\"5f54f22\" data-element_type=\"container\">\n\t\t\t\t<div class=\"elementor-element elementor-element-d6ef224 elementor-widget elementor-widget-text-editor\" data-id=\"d6ef224\" data-element_type=\"widget\" data-widget_type=\"text-editor.default\">\n\t\t\t\t\t\t\t\t\t<p class=\"p1\">Through various offers <b>sensitized <\/b>the project supports decision-makers at funding agencies in the interests of applicants.<\/p><p class=\"p1\">It shows what their decisions mean for the <b>Everyday life<\/b> can mean for the individual. The decision-makers are given an understanding of the applicants' living environment and gain a vivid impression of the consequences their decision can have for people with disabilities.<\/p>\t\t\t\t\t\t\t\t<\/div>\n\t\t\t\t<\/div>\n\t\t\t\t<\/div>\n\t\t\t\t<\/div>\n\t\t<div class=\"elementor-element elementor-element-d5bb6c7 e-con-full e-flex e-con e-child\" data-id=\"d5bb6c7\" data-element_type=\"container\" data-settings=\"{&quot;background_background&quot;:&quot;classic&quot;}\">\n\t\t\t\t<div class=\"elementor-element elementor-element-df9c842 elementor-widget elementor-widget-heading\" data-id=\"df9c842\" data-element_type=\"widget\" data-widget_type=\"heading.default\">\n\t\t\t\t\t<h2 class=\"elementor-heading-title elementor-size-default\">We enforce the law!<\/h2>\t\t\t\t<\/div>\n\t\t<div class=\"elementor-element elementor-element-ee647fc e-con-full e-flex e-con e-child\" data-id=\"ee647fc\" data-element_type=\"container\" data-settings=\"{&quot;background_background&quot;:&quot;classic&quot;}\">\n\t\t<div class=\"elementor-element elementor-element-cae109f e-con-full e-flex e-con e-child\" data-id=\"cae109f\" data-element_type=\"container\">\n\t\t\t\t<div class=\"elementor-element elementor-element-7a482eb elementor-widget elementor-widget-text-editor\" data-id=\"7a482eb\" data-element_type=\"widget\" data-widget_type=\"text-editor.default\">\n\t\t\t\t\t\t\t\t\t<p class=\"p1\">Our long-term goal is to create a <b>Network <\/b>of competent lawyers who are committed to helping people with disabilities in proceedings, e.g. objection proceedings against funding bodies.<\/p><p class=\"p1\">Free advice, such as independent participation advice, already exists to a certain extent. However, this can only provide advice in the first steps of the application process. At the latest when people with disabilities want to appeal against a decision, there is often no free advice available. <b>inexpensive<\/b> and <b>barrier-free support<\/b>. That has to change.<\/p><p class=\"p1\">We have set ourselves the goal of raising awareness of the needs of people with disabilities among legal experts. The field of <b>Social law<\/b> is becoming increasingly important. We would like to <b>Students<\/b> arouse interest in it.<\/p><p class=\"p1\">As soon as the network is established, it will support committed lawyers in their work through peer-to-peer exchange. <b>support<\/b>.<\/p>\t\t\t\t\t\t\t\t<\/div>\n\t\t\t\t<\/div>\n\t\t\t\t<\/div>\n\t\t\t\t<\/div>\n\t\t\t\t<\/div>\n\t\t<div class=\"elementor-element elementor-element-2e600f9 e-con-full e-flex e-con e-child\" data-id=\"2e600f9\" data-element_type=\"container\">\n\t\t<div class=\"elementor-element elementor-element-d6b0f3b e-con-full e-flex e-con e-child\" data-id=\"d6b0f3b\" data-element_type=\"container\" data-settings=\"{&quot;background_background&quot;:&quot;classic&quot;}\">\n\t\t\t\t<div class=\"elementor-element elementor-element-e3216e3 elementor-widget__width-initial elementor-widget elementor-widget-heading\" data-id=\"e3216e3\" data-element_type=\"widget\" data-widget_type=\"heading.default\">\n\t\t\t\t\t<h2 class=\"elementor-heading-title elementor-size-default\">Our team<\/h2>\t\t\t\t<\/div>\n\t\t<div class=\"elementor-element elementor-element-3a70ca1 e-con-full e-flex e-con e-child\" data-id=\"3a70ca1\" data-element_type=\"container\">\n\t\t<div class=\"elementor-element elementor-element-62c4517 e-con-full e-flex e-con e-child\" data-id=\"62c4517\" data-element_type=\"container\">\n\t\t\t\t<div class=\"elementor-element elementor-element-d36ba31 elementor-widget elementor-widget-image\" data-id=\"d36ba31\" data-element_type=\"widget\" data-widget_type=\"image.default\">\n\t\t\t\t\t\t\t\t\t\t\t\t\t\t\t<img decoding=\"async\" width=\"800\" height=\"701\" src=\"https:\/\/zsl.webwolfdesign.eu\/wp-content\/uploads\/2025\/11\/Team.jpg\" class=\"attachment-large size-large wp-image-909\" alt=\"\" srcset=\"https:\/\/zsl.webwolfdesign.eu\/wp-content\/uploads\/2025\/11\/Team.jpg 1000w, https:\/\/zsl.webwolfdesign.eu\/wp-content\/uploads\/2025\/11\/Team-300x263.jpg 300w, https:\/\/zsl.webwolfdesign.eu\/wp-content\/uploads\/2025\/11\/Team-768x673.jpg 768w\" sizes=\"(max-width: 800px) 100vw, 800px\" \/>\t\t\t\t\t\t\t\t\t\t\t\t\t\t\t<\/div>\n\t\t\t\t<div class=\"elementor-element elementor-element-5028f3c elementor-hidden-mobile elementor-widget elementor-widget-image\" data-id=\"5028f3c\" data-element_type=\"widget\" data-widget_type=\"image.default\">\n\t\t\t\t\t\t\t\t\t\t\t\t\t\t\t<img loading=\"lazy\" decoding=\"async\" width=\"385\" height=\"226\" src=\"https:\/\/zsl.webwolfdesign.eu\/wp-content\/uploads\/2025\/11\/Logo_AM_klein.png\" class=\"attachment-full size-full wp-image-904\" alt=\"\" srcset=\"https:\/\/zsl.webwolfdesign.eu\/wp-content\/uploads\/2025\/11\/Logo_AM_klein.png 385w, https:\/\/zsl.webwolfdesign.eu\/wp-content\/uploads\/2025\/11\/Logo_AM_klein-300x176.png 300w\" sizes=\"(max-width: 385px) 100vw, 385px\" \/>\t\t\t\t\t\t\t\t\t\t\t\t\t\t\t<\/div>\n\t\t\t\t<\/div>\n\t\t<div class=\"elementor-element elementor-element-973c9a2 e-con-full e-flex e-con e-child\" data-id=\"973c9a2\" data-element_type=\"container\">\n\t\t\t\t<div class=\"elementor-element elementor-element-c45e9a0 elementor-widget elementor-widget-text-editor\" data-id=\"c45e9a0\" data-element_type=\"widget\" data-widget_type=\"text-editor.default\">\n\t\t\t\t\t\t\t\t\t<p><img loading=\"lazy\" decoding=\"async\" class=\"wp-image-911 alignleft\" src=\"https:\/\/zsl.webwolfdesign.eu\/wp-content\/uploads\/2025\/11\/Ina-Fischer.png\" alt=\"\" width=\"91\" height=\"91\" \/><span style=\"color: #b80e0e;\"><strong>Ina Fischer<\/strong> <\/span>(<em>Project manager<\/em>) is a trained office communications specialist and peer counselor for the interest group Selbstbestimmt Leben e.V. (ISL). She has a wide range of experience in the field of inclusion, not least due to her blindness as an expert in her own right. Up to and including 2017, she was part of the \u201eInclusion Erlangen - in town and country\u201c project team at Access GmbH. Following this, her work focused on the \u201eKommune Inklusiv\u201c project. Since May 2024, she has been responsible for \u201eAlles was Recht ist\u201c at ZSL as project manager.<\/p><p><a href=\"mailto:ina.fischer@zsl-erlangen.de\">ina.fischer@zsl-erlangen.de<\/a><br \/>Phone: 09131 - 98783 50<\/p>\t\t\t\t\t\t\t\t<\/div>\n\t\t\t\t<div class=\"elementor-element elementor-element-6ca6ca7 elementor-widget elementor-widget-text-editor\" data-id=\"6ca6ca7\" data-element_type=\"widget\" data-widget_type=\"text-editor.default\">\n\t\t\t\t\t\t\t\t\t<p><img loading=\"lazy\" decoding=\"async\" class=\"wp-image-910 alignleft\" src=\"https:\/\/zsl.webwolfdesign.eu\/wp-content\/uploads\/2025\/11\/Heike-Herzog.png\" alt=\"\" width=\"92\" height=\"92\" \/><\/p><p><span style=\"color: #b80e0e;\"><strong>Heike Herzog <\/strong><\/span><em>(Project coordination)<\/em> is a sociologist with a background in project coordination. She worked for 12 years as a project coordinator at the multi-generational house in F\u00fcrth. Before that, she worked for many years as a freelancer on projects with young people on the topics of exclusion, racism and the promotion of democracy. She has been associated with ZSL for many years through personal contacts. She has been working on the \u201eAlles was Recht ist\u201c project since June 2024.<\/p><p>She is currently trying to learn German sign language.<\/p><p><a href=\"mailto:heike.herzog@zsl-erlangen.de\">heike.herzog@zsl-erlangen.de<\/a><br \/>Phone: 09131 - 98783 51<\/p>\t\t\t\t\t\t\t\t<\/div>\n\t\t\t\t<div class=\"elementor-element elementor-element-0f57694 elementor-widget elementor-widget-text-editor\" data-id=\"0f57694\" data-element_type=\"widget\" data-widget_type=\"text-editor.default\">\n\t\t\t\t\t\t\t\t\t<p><img loading=\"lazy\" decoding=\"async\" class=\"wp-image-912 alignleft\" src=\"https:\/\/zsl.webwolfdesign.eu\/wp-content\/uploads\/2025\/11\/Jing-Schreiber.png\" alt=\"\" width=\"92\" height=\"92\" \/><span style=\"color: #b80e0e;\"><strong>Jing Schreiber<\/strong><\/span> (<em>Administration<\/em>) has a degree in business administration and is responsible for the financial management of projects. She has been working in project controlling since July 2021. She has been working on the \u201eEverything that is right\u201c project since May 2024.<\/p>\t\t\t\t\t\t\t\t<\/div>\n\t\t\t\t<div class=\"elementor-element elementor-element-54b9d32 elementor-hidden-desktop elementor-hidden-tablet elementor-widget elementor-widget-image\" data-id=\"54b9d32\" data-element_type=\"widget\" data-widget_type=\"image.default\">\n\t\t\t\t\t\t\t\t\t\t\t\t\t\t\t<img loading=\"lazy\" decoding=\"async\" width=\"385\" height=\"226\" src=\"https:\/\/zsl.webwolfdesign.eu\/wp-content\/uploads\/2025\/11\/Logo_AM_klein.png\" class=\"attachment-full size-full wp-image-904\" alt=\"\" srcset=\"https:\/\/zsl.webwolfdesign.eu\/wp-content\/uploads\/2025\/11\/Logo_AM_klein.png 385w, https:\/\/zsl.webwolfdesign.eu\/wp-content\/uploads\/2025\/11\/Logo_AM_klein-300x176.png 300w\" sizes=\"(max-width: 385px) 100vw, 385px\" \/>\t\t\t\t\t\t\t\t\t\t\t\t\t\t\t<\/div>\n\t\t\t\t<\/div>\n\t\t\t\t<\/div>\n\t\t\t\t<\/div>\n\t\t<div class=\"elementor-element elementor-element-ece7d40 e-con-full e-flex e-con e-child\" data-id=\"ece7d40\" data-element_type=\"container\">\n\t\t<div class=\"elementor-element elementor-element-a05987c e-con-full e-flex e-con e-child\" data-id=\"a05987c\" data-element_type=\"container\" data-settings=\"{&quot;background_background&quot;:&quot;classic&quot;}\">\n\t\t<div class=\"elementor-element elementor-element-5158814 e-con-full e-flex e-con e-child\" data-id=\"5158814\" data-element_type=\"container\">\n\t\t<div class=\"elementor-element elementor-element-ecfb168 e-con-full e-flex e-con e-child\" data-id=\"ecfb168\" data-element_type=\"container\" data-settings=\"{&quot;background_background&quot;:&quot;classic&quot;}\">\n\t\t<div class=\"elementor-element elementor-element-373d20d e-con-full e-flex e-con e-child\" data-id=\"373d20d\" data-element_type=\"container\">\n\t\t\t\t<div class=\"elementor-element elementor-element-eee08ad elementor-widget__width-initial elementor-widget elementor-widget-heading\" data-id=\"eee08ad\" data-element_type=\"widget\" data-widget_type=\"heading.default\">\n\t\t\t\t\t<h2 class=\"elementor-heading-title elementor-size-default\">Our flyer<\/h2>\t\t\t\t<\/div>\n\t\t\t\t<div class=\"elementor-element elementor-element-2c3a4d1 elementor-widget elementor-widget-text-editor\" data-id=\"2c3a4d1\" data-element_type=\"widget\" data-widget_type=\"text-editor.default\">\n\t\t\t\t\t\t\t\t\t<p>You can find our project presentation as a flyer <strong><span style=\"text-decoration: underline; color: #6e0000;\"><a style=\"color: #6e0000; text-decoration: underline;\" href=\"https:\/\/zsl.webwolfdesign.eu\/wp-content\/uploads\/2026\/03\/Alles-was-Recht-ist-_schwere_Sprache_-barrierefrei.pdf\">here<\/a><\/span><\/strong><\/p>\t\t\t\t\t\t\t\t<\/div>\n\t\t\t\t<\/div>\n\t\t<div class=\"elementor-element elementor-element-cb06472 e-con-full e-flex e-con e-child\" data-id=\"cb06472\" data-element_type=\"container\">\n\t\t\t\t<div class=\"elementor-element elementor-element-346aff0 elementor-widget elementor-widget-image\" data-id=\"346aff0\" data-element_type=\"widget\" data-widget_type=\"image.default\">\n\t\t\t\t\t\t\t\t\t\t\t\t\t\t\t\t<a href=\"https:\/\/zsl.webwolfdesign.eu\/wp-content\/uploads\/2026\/03\/Alles-was-Recht-ist-_schwere_Sprache_-barrierefrei.pdf\" target=\"_blank\">\n\t\t\t\t\t\t\t<img loading=\"lazy\" decoding=\"async\" width=\"374\" height=\"792\" src=\"https:\/\/zsl.webwolfdesign.eu\/wp-content\/uploads\/2026\/03\/Flyer-Alles-was-Recht-ist.jpg\" class=\"attachment-medium_large size-medium_large wp-image-3677\" alt=\"\" srcset=\"https:\/\/zsl.webwolfdesign.eu\/wp-content\/uploads\/2026\/03\/Flyer-Alles-was-Recht-ist.jpg 374w, https:\/\/zsl.webwolfdesign.eu\/wp-content\/uploads\/2026\/03\/Flyer-Alles-was-Recht-ist-142x300.jpg 142w, https:\/\/zsl.webwolfdesign.eu\/wp-content\/uploads\/2026\/03\/Flyer-Alles-was-Recht-ist-6x12.jpg 6w\" sizes=\"(max-width: 374px) 100vw, 374px\" \/>\t\t\t\t\t\t\t\t<\/a>\n\t\t\t\t\t\t\t\t\t\t\t\t\t\t\t<\/div>\n\t\t\t\t<\/div>\n\t\t\t\t<\/div>\n\t\t\t\t<\/div>\n\t\t\t\t<\/div>\n\t\t\t\t<\/div>\n\t\t\t\t<\/div>\n\t\t\t\t\t<\/div>\n\t\t\t\t<\/div>\n\t\t\t\t<\/main>\n\t\t\t\t<\/main>\n\t\t\t\t<\/div>","protected":false},"excerpt":{"rendered":"<p>Wir stellen uns vor! Das Projekt st\u00e4rkt Menschen mit Behinderungen darin, ihre Rechte einzufordern.Im Sozialrecht hat sich einiges ge\u00e4ndert \u2013 u.a. durch die Einf\u00fchrung des Bundesteilhabegesetzes. Vielen Betroffenen und ihren Angeh\u00f6rigen ist dies nicht oder nur unzureichend bekannt. Diese Wissensl\u00fccke m\u00f6chten wir f\u00fcllen. Wir informieren Menschen \u00fcber ihre neuen Rechte, wir ermutigen sie, ihre Bedarfe [&hellip;]<\/p>","protected":false},"author":1,"featured_media":0,"parent":0,"menu_order":0,"comment_status":"closed","ping_status":"closed","template":"","meta":{"footnotes":""},"class_list":["post-916","page","type-page","status-publish","hentry"],"_hostinger_reach_plugin_has_subscription_block":false,"_hostinger_reach_plugin_is_elementor":false,"_links":{"self":[{"href":"https:\/\/zsl.webwolfdesign.eu\/en\/wp-json\/wp\/v2\/pages\/916","targetHints":{"allow":["GET"]}}],"collection":[{"href":"https:\/\/zsl.webwolfdesign.eu\/en\/wp-json\/wp\/v2\/pages"}],"about":[{"href":"https:\/\/zsl.webwolfdesign.eu\/en\/wp-json\/wp\/v2\/types\/page"}],"author":[{"embeddable":true,"href":"https:\/\/zsl.webwolfdesign.eu\/en\/wp-json\/wp\/v2\/users\/1"}],"replies":[{"embeddable":true,"href":"https:\/\/zsl.webwolfdesign.eu\/en\/wp-json\/wp\/v2\/comments?post=916"}],"version-history":[{"count":53,"href":"https:\/\/zsl.webwolfdesign.eu\/en\/wp-json\/wp\/v2\/pages\/916\/revisions"}],"predecessor-version":[{"id":3713,"href":"https:\/\/zsl.webwolfdesign.eu\/en\/wp-json\/wp\/v2\/pages\/916\/revisions\/3713"}],"wp:attachment":[{"href":"https:\/\/zsl.webwolfdesign.eu\/en\/wp-json\/wp\/v2\/media?parent=916"}],"curies":[{"name":"wp","href":"https:\/\/api.w.org\/{rel}","templated":true}]}}