{"id":11,"date":"2025-11-04T17:26:17","date_gmt":"2025-11-04T17:26:17","guid":{"rendered":"https:\/\/zsl.webwolfdesign.eu\/?page_id=11"},"modified":"2026-04-17T17:54:37","modified_gmt":"2026-04-17T17:54:37","slug":"asesoramiento","status":"publish","type":"page","link":"https:\/\/zsl.webwolfdesign.eu\/es\/asesoramiento\/","title":{"rendered":"Asesoramiento"},"content":{"rendered":"<div data-elementor-type=\"wp-page\" data-elementor-id=\"11\" class=\"elementor elementor-11\" data-elementor-post-type=\"page\">\n\t\t\t\t<main class=\"elementor-element elementor-element-f8d4448 e-con-full e-flex e-con e-parent\" data-id=\"f8d4448\" data-element_type=\"container\">\n\t\t<main class=\"elementor-element elementor-element-da90f1d e-con-full e-flex e-con e-child\" data-id=\"da90f1d\" data-element_type=\"container\" data-settings=\"{&quot;background_background&quot;:&quot;classic&quot;}\">\n\t\t<div class=\"elementor-element elementor-element-cde4e47 e-con-full e-flex e-con e-child\" data-id=\"cde4e47\" data-element_type=\"container\">\n\t\t<div class=\"elementor-element elementor-element-0ab2143 e-con-full e-flex e-con e-child\" data-id=\"0ab2143\" data-element_type=\"container\" data-settings=\"{&quot;background_background&quot;:&quot;gradient&quot;}\">\n\t\t\t\t<div class=\"elementor-element elementor-element-87b4451 elementor-widget elementor-widget-heading\" data-id=\"87b4451\" data-element_type=\"widget\" data-widget_type=\"heading.default\">\n\t\t\t\t\t<h2 class=\"elementor-heading-title elementor-size-default\">Counselling.education.encounter. <br>Offene Behindertenarbeit - OBA<\/h2>\t\t\t\t<\/div>\n\t\t\t\t<div class=\"elementor-element elementor-element-31f2aee elementor-widget elementor-widget-text-editor\" data-id=\"31f2aee\" data-element_type=\"widget\" data-widget_type=\"text-editor.default\">\n\t\t\t\t\t\t\t\t\t<p>Para nosotros, la inclusi\u00f3n de todas las personas no es s\u00f3lo de boquilla, sino una pr\u00e1ctica cotidiana.<\/p>\t\t\t\t\t\t\t\t<\/div>\n\t\t\t\t<\/div>\n\t\t<div class=\"elementor-element elementor-element-8e2bede e-con-full e-flex e-con e-child\" data-id=\"8e2bede\" data-element_type=\"container\">\n\t\t\t\t<div class=\"elementor-element elementor-element-f12b749 e-transform elementor-widget elementor-widget-image\" data-id=\"f12b749\" data-element_type=\"widget\" data-settings=\"{&quot;_transform_flipX_effect&quot;:&quot;transform&quot;}\" data-widget_type=\"image.default\">\n\t\t\t\t\t\t\t\t\t\t\t\t\t\t\t<img fetchpriority=\"high\" decoding=\"async\" width=\"1500\" height=\"630\" src=\"https:\/\/zsl.webwolfdesign.eu\/wp-content\/uploads\/2025\/11\/beratung2.jpg\" class=\"attachment-full size-full wp-image-574\" alt=\"\" srcset=\"https:\/\/zsl.webwolfdesign.eu\/wp-content\/uploads\/2025\/11\/beratung2.jpg 1500w, https:\/\/zsl.webwolfdesign.eu\/wp-content\/uploads\/2025\/11\/beratung2-300x126.jpg 300w, https:\/\/zsl.webwolfdesign.eu\/wp-content\/uploads\/2025\/11\/beratung2-1024x430.jpg 1024w, https:\/\/zsl.webwolfdesign.eu\/wp-content\/uploads\/2025\/11\/beratung2-768x323.jpg 768w\" sizes=\"(max-width: 1500px) 100vw, 1500px\" \/>\t\t\t\t\t\t\t\t\t\t\t\t\t\t\t<\/div>\n\t\t\t\t<\/div>\n\t\t\t\t<\/div>\n\t\t<div class=\"elementor-element elementor-element-5ec1885 e-flex e-con-boxed e-con e-child\" data-id=\"5ec1885\" data-element_type=\"container\">\n\t\t\t\t\t<div class=\"e-con-inner\">\n\t\t<div class=\"elementor-element elementor-element-beff7de e-con-full e-flex e-con e-child\" data-id=\"beff7de\" data-element_type=\"container\" data-settings=\"{&quot;background_background&quot;:&quot;classic&quot;}\">\n\t\t<div class=\"elementor-element elementor-element-a517245 e-con-full e-flex e-con e-child\" data-id=\"a517245\" data-element_type=\"container\" data-settings=\"{&quot;background_background&quot;:&quot;classic&quot;}\">\n\t\t<div class=\"elementor-element elementor-element-c0d93fb e-con-full e-flex e-con e-child\" data-id=\"c0d93fb\" data-element_type=\"container\">\n\t\t\t\t<div class=\"elementor-element elementor-element-5f475c7 elementor-widget elementor-widget-heading\" data-id=\"5f475c7\" data-element_type=\"widget\" data-widget_type=\"heading.default\">\n\t\t\t\t\t<h2 class=\"elementor-heading-title elementor-size-default\">Somos nosotros...<\/h2>\t\t\t\t<\/div>\n\t\t\t\t<div class=\"elementor-element elementor-element-6aa35fe elementor-widget elementor-widget-text-editor\" data-id=\"6aa35fe\" data-element_type=\"widget\" data-widget_type=\"text-editor.default\">\n\t\t\t\t\t\t\t\t\t<p>Asesoramiento. Educaci\u00f3n. Encuentro. (antes \u201eCentro de Asesoramiento de la ZSL\u201c) es un servicio de la ZSL e.V. financiado por la Obra Abierta para los Discapacitados (OBA).<br \/>Consejeros cualificados que se comprometen a mejorar de diversas formas las condiciones de vida de las personas con discapacidad de Erlangen y sus alrededores.<\/p>\t\t\t\t\t\t\t\t<\/div>\n\t\t\t\t<\/div>\n\t\t\t\t<\/div>\n\t\t<div class=\"elementor-element elementor-element-d3e329c e-con-full e-flex e-con e-child\" data-id=\"d3e329c\" data-element_type=\"container\" data-settings=\"{&quot;background_background&quot;:&quot;classic&quot;}\">\n\t\t<div class=\"elementor-element elementor-element-8ae9606 e-con-full e-flex e-con e-child\" data-id=\"8ae9606\" data-element_type=\"container\">\n\t\t\t\t<div class=\"elementor-element elementor-element-7494f05 elementor-widget elementor-widget-heading\" data-id=\"7494f05\" data-element_type=\"widget\" data-widget_type=\"heading.default\">\n\t\t\t\t\t<h2 class=\"elementor-heading-title elementor-size-default\">Eso es lo que defendemos...<\/h2>\t\t\t\t<\/div>\n\t\t\t\t<div class=\"elementor-element elementor-element-42a0697 elementor-widget elementor-widget-text-editor\" data-id=\"42a0697\" data-element_type=\"widget\" data-widget_type=\"text-editor.default\">\n\t\t\t\t\t\t\t\t\t<ul><li>Nos comprometemos a garantizar que las personas con discapacidad sean aceptadas en su diversidad en la sociedad y que la discapacidad sea percibida y reconocida como parte de la normalidad y diversidad humanas.<\/li><li>Nos comprometemos a garantizar que todos los servicios del \u00e1rea social puedan ser utilizados por personas con discapacidad.<\/li><li>Queremos dar voz a personas cuyas preocupaciones leg\u00edtimas a menudo se ignoran. Todos los \u00e9xitos de la inclusi\u00f3n no deben ocultar el hecho de que siguen existiendo procesos y mecanismos de exclusi\u00f3n.<\/li><li>Consideramos que nuestra tarea consiste en adoptar una visi\u00f3n diferenciada de estos procesos e influir en ellos en beneficio de las personas con discapacidad.<\/li><li>Nuestra representaci\u00f3n social y pol\u00edtica de intereses en redes y comit\u00e9s, ante los partidos pol\u00edticos y la administraci\u00f3n municipal, tiene como objetivo garantizar la igualdad de participaci\u00f3n de las personas con discapacidad en todos los \u00e1mbitos de la vida. Nuestra reivindicaci\u00f3n es la creaci\u00f3n de las condiciones marco adecuadas para alcanzar este objetivo.<\/li><\/ul>\t\t\t\t\t\t\t\t<\/div>\n\t\t\t\t<\/div>\n\t\t\t\t<\/div>\n\t\t<div class=\"elementor-element elementor-element-208a162 e-con-full e-flex e-con e-child\" data-id=\"208a162\" data-element_type=\"container\" data-settings=\"{&quot;background_background&quot;:&quot;classic&quot;}\">\n\t\t<div class=\"elementor-element elementor-element-2de6cc9 e-con-full e-flex e-con e-child\" data-id=\"2de6cc9\" data-element_type=\"container\">\n\t\t\t\t<div class=\"elementor-element elementor-element-54bbd0b elementor-widget elementor-widget-heading\" data-id=\"54bbd0b\" data-element_type=\"widget\" data-widget_type=\"heading.default\">\n\t\t\t\t\t<h2 class=\"elementor-heading-title elementor-size-default\">As\u00ed es como trabajamos...<\/h2>\t\t\t\t<\/div>\n\t\t\t\t<div class=\"elementor-element elementor-element-fd94f10 elementor-widget elementor-widget-text-editor\" data-id=\"fd94f10\" data-element_type=\"widget\" data-widget_type=\"text-editor.default\">\n\t\t\t\t\t\t\t\t\t<p><span style=\"color: #8b0e0e;\"><strong>... para discapacitados<\/strong><\/span><br \/>Ayudamos a las personas con discapacidad a reconocer y representar sus propios intereses, as\u00ed como a encontrar y aplicar soluciones para su situaci\u00f3n individual. El asesoramiento es de bajo umbral, confidencial e imparcial en inter\u00e9s de la persona discapacitada.<\/p><p><span style=\"color: #8b0e0e;\"><strong>... para familiares, escuelas, empresarios, instituciones y organizaciones<\/strong><\/span><br \/>Tambi\u00e9n asesoramos a familiares, colegios, empresarios, instituciones y organizaciones que tienen dudas sobre la discapacidad. Tambi\u00e9n estamos muy implicados en las relaciones p\u00fablicas y el trabajo en red para dar a conocer las situaciones vitales de las personas con discapacidad, sensibilizar a la opini\u00f3n p\u00fablica sobre las preocupaciones de las personas con discapacidad y conseguir cambios reales.<\/p><p><span style=\"color: #8b0e0e;\"><strong>... para la educaci\u00f3n y los encuentros<\/strong><\/span><br \/>Creamos programas educativos y oportunidades de encuentro abiertas a todas las personas o que sirvan para fomentar el intercambio entre los afectados sobre un tema concreto.<\/p><p><span style=\"color: #8b0e0e;\"><strong>... para voluntarios<\/strong><\/span><br \/>Apoyamos y acompa\u00f1amos a las personas con y sin discapacidad que desean ser voluntarias.<\/p><p><span style=\"color: #8b0e0e;\"><strong>... para becarios<\/strong><\/span><br \/>Ofrecemos pr\u00e1cticas, por ejemplo para becarios discapacitados en administraci\u00f3n o para estudiantes discapacitados y no discapacitados de trabajo social.<\/p>\t\t\t\t\t\t\t\t<\/div>\n\t\t\t\t<\/div>\n\t\t\t\t<\/div>\n\t\t\t\t<\/div>\n\t\t<div class=\"elementor-element elementor-element-ec627c7 e-con-full e-flex e-con e-child\" data-id=\"ec627c7\" data-element_type=\"container\">\n\t\t<div class=\"elementor-element elementor-element-eb278eb e-con-full e-flex e-con e-child\" data-id=\"eb278eb\" data-element_type=\"container\" data-settings=\"{&quot;background_background&quot;:&quot;classic&quot;}\">\n\t\t\t\t<div class=\"elementor-element elementor-element-b2be556 elementor-widget__width-initial elementor-widget elementor-widget-heading\" data-id=\"b2be556\" data-element_type=\"widget\" data-widget_type=\"heading.default\">\n\t\t\t\t\t<h2 class=\"elementor-heading-title elementor-size-default\">Eso es lo que hacemos...<\/h2>\t\t\t\t<\/div>\n\t\t\t\t<\/div>\n\t\t<div class=\"elementor-element elementor-element-0a37e8a e-con-full e-flex e-con e-child\" data-id=\"0a37e8a\" data-element_type=\"container\" data-settings=\"{&quot;background_background&quot;:&quot;classic&quot;}\">\n\t\t<div class=\"elementor-element elementor-element-7fac858 e-con-full e-flex e-con e-child\" data-id=\"7fac858\" data-element_type=\"container\" data-settings=\"{&quot;background_background&quot;:&quot;classic&quot;}\">\n\t\t<div class=\"elementor-element elementor-element-70e5020 e-con-full e-flex e-con e-child\" data-id=\"70e5020\" data-element_type=\"container\">\n\t\t\t\t<div class=\"elementor-element elementor-element-42bd5e9 elementor-widget elementor-widget-heading\" data-id=\"42bd5e9\" data-element_type=\"widget\" data-widget_type=\"heading.default\">\n\t\t\t\t\t<h2 class=\"elementor-heading-title elementor-size-default\">Consultor\u00eda.<\/h2>\t\t\t\t<\/div>\n\t\t\t\t<div class=\"elementor-element elementor-element-153e4e4 elementor-widget elementor-widget-text-editor\" data-id=\"153e4e4\" data-element_type=\"widget\" data-widget_type=\"text-editor.default\">\n\t\t\t\t\t\t\t\t\t<p>Ofrecemos a personas con discapacidad, familiares e instituciones asesoramiento social sobre todos los aspectos de la discapacidad.<\/p><p>Puede ponerse en contacto con nosotros si desea recibir asesoramiento y apoyo, por ejemplo sobre<\/p><ul><li>Correspondencia con las autoridades<\/li><li>rellenar formularios<\/li><li>Realizaci\u00f3n de planes (por ejemplo, viajes, traslados, formaci\u00f3n, etc.)<\/li><li>Prestaciones sociales<\/li><li>Auxiliares<\/li><li>problemas personales<\/li><li>Derribar barreras<\/li><li>Asistencia en la vida cotidiana o en el trabajo<\/li><li>Orientaci\u00f3n para hombres\u00a0<a href=\"https:\/\/www.zsl-erlangen.de\/beratung-bildung-begegnung\/angebote\/maennerberatung\">m\u00e1s informaci\u00f3n \u25ba<\/a>\u00a0<\/li><\/ul><p>Para concertar una cita de asesoramiento o para preguntas generales, p\u00f3ngase en contacto con<\/p><p><a title=\"beratung@zsl-erlangen.de\" href=\"mailto:beratung@zsl-erlangen.de\">beratung@zsl-erlangen.de<\/a><br \/>o ll\u00e1menos al: 09131 98783-0<\/p>\t\t\t\t\t\t\t\t<\/div>\n\t\t\t\t<\/div>\n\t\t\t\t<\/div>\n\t\t<div class=\"elementor-element elementor-element-a71b23e e-con-full e-flex e-con e-child\" data-id=\"a71b23e\" data-element_type=\"container\" data-settings=\"{&quot;background_background&quot;:&quot;classic&quot;}\">\n\t\t<div class=\"elementor-element elementor-element-dbbb66d e-con-full e-flex e-con e-child\" data-id=\"dbbb66d\" data-element_type=\"container\">\n\t\t\t\t<div class=\"elementor-element elementor-element-7bad480 elementor-widget elementor-widget-heading\" data-id=\"7bad480\" data-element_type=\"widget\" data-widget_type=\"heading.default\">\n\t\t\t\t\t<h2 class=\"elementor-heading-title elementor-size-default\">Educaci\u00f3n.<\/h2>\t\t\t\t<\/div>\n\t\t\t\t<div class=\"elementor-element elementor-element-d47cc4e elementor-widget elementor-widget-text-editor\" data-id=\"d47cc4e\" data-element_type=\"widget\" data-widget_type=\"text-editor.default\">\n\t\t\t\t\t\t\t\t\t<p>... para personas con y sin discapacidad<\/p><p>Organizamos -en algunos casos con socios colaboradores- programas educativos sobre una amplia gama de temas.<\/p><p>... para escuelas, empresas, catering, etc.<\/p><p>Con nuestro taller \u201eCambio de perspectiva\u201c informamos sobre las situaciones vitales de las personas con discapacidad y sensibilizamos al p\u00fablico sobre el tema.<\/p><p>\u00bfLe interesa?<\/p><p>Puede ponerse en contacto con nosotros en<\/p><p><a title=\"bildung@zsl-erlangen.de\" href=\"mailto:bildung@zsl-erlangen.de\">bildung@zsl-erlangen.de<\/a><br \/>o ll\u00e1menos al: 09131 98783-0<\/p>\t\t\t\t\t\t\t\t<\/div>\n\t\t\t\t<\/div>\n\t\t\t\t<\/div>\n\t\t<div class=\"elementor-element elementor-element-a604841 e-con-full e-flex e-con e-child\" data-id=\"a604841\" data-element_type=\"container\" data-settings=\"{&quot;background_background&quot;:&quot;classic&quot;}\">\n\t\t<div class=\"elementor-element elementor-element-983837d e-con-full e-flex e-con e-child\" data-id=\"983837d\" data-element_type=\"container\">\n\t\t\t\t<div class=\"elementor-element elementor-element-5bed44c elementor-widget elementor-widget-heading\" data-id=\"5bed44c\" data-element_type=\"widget\" data-widget_type=\"heading.default\">\n\t\t\t\t\t<h2 class=\"elementor-heading-title elementor-size-default\">Encuentro.<\/h2>\t\t\t\t<\/div>\n\t\t\t\t<div class=\"elementor-element elementor-element-93a3a4a elementor-widget elementor-widget-text-editor\" data-id=\"93a3a4a\" data-element_type=\"widget\" data-widget_type=\"text-editor.default\">\n\t\t\t\t\t\t\t\t\t<p>Ofrecemos numerosos actos diferentes en los que pueden reunirse personas con y sin discapacidad. Aqu\u00ed puedes hacer nuevos amigos, conocer gente interesante, informarte sobre diversos temas o simplemente pasar un buen rato con los dem\u00e1s, ser creativo, comer y re\u00edr juntos.<\/p><p>Tambi\u00e9n puede enviarnos ideas para eventos si tiene alguna idea o simplemente informarse sobre nuestra amplia gama de ofertas a trav\u00e9s de nuestro programa trimestral o nuestro bolet\u00edn.<\/p><ul><li>Nuestro actual <strong>Descargar el programa<\/strong> aqu\u00ed: <a href=\"https:\/\/www.zsl-erlangen.de\/fileadmin\/admin\/Redaktion\/OBA\/Programm_PDF\/ZSLife_Programm_IV_2025.pdf\">enlace<\/a><\/li><li>\u00bfDesea utilizar nuestro <strong>Programa por correo<\/strong> rellene este formulario: <a title=\"Programa impreso\" href=\"https:\/\/forms.office.com\/pages\/responsepage.aspx?id=WmTKS2iORkuBNhP3dLXmUpmJpBQqZ39GnHB_yIx9WtlUM0VHOFlBUVZFWFA1REhRVDBEUDkwNVFLMC4u&amp;route=shorturl\" target=\"_blank\" rel=\"noopener\">enlace<\/a><\/li><li>\u00bfLe gustar\u00eda que el <strong>Programa por correo electr\u00f3nico<\/strong>, rellene este formulario: <a title=\"Programa por correo electr\u00f3nico\" href=\"https:\/\/forms.office.com\/pages\/responsepage.aspx?id=WmTKS2iORkuBNhP3dLXmUpmJpBQqZ39GnHB_yIx9WtlURVFVRURXWkZYQUZENTVaR1VFQ1M2T1ozOS4u&amp;route=shorturl\" target=\"_blank\" rel=\"noopener\">enlace<\/a>\u00a0\u00a0<\/li><\/ul><p>Puede ponerse en contacto con nosotros en<\/p><p><a title=\"begegnung@zsl-erlangen.de\" href=\"mailto:begegnung@zsl-erlangen.de\">begegnung@zsl-erlangen.de<\/a><br \/>o ll\u00e1menos al: 09131 98783-0<\/p>\t\t\t\t\t\t\t\t<\/div>\n\t\t\t\t<\/div>\n\t\t\t\t<\/div>\n\t\t\t\t<\/div>\n\t\t<div class=\"elementor-element elementor-element-4296f32 e-con-full e-flex e-con e-child\" data-id=\"4296f32\" data-element_type=\"container\" data-settings=\"{&quot;background_background&quot;:&quot;classic&quot;}\">\n\t\t\t\t<div class=\"elementor-element elementor-element-aeaab69 elementor-widget__width-initial elementor-widget elementor-widget-heading\" data-id=\"aeaab69\" data-element_type=\"widget\" data-widget_type=\"heading.default\">\n\t\t\t\t\t<h2 class=\"elementor-heading-title elementor-size-default\">Nuestro equipo<\/h2>\t\t\t\t<\/div>\n\t\t\t\t<\/div>\n\t\t<div class=\"elementor-element elementor-element-08926ee e-con-full e-flex e-con e-child\" data-id=\"08926ee\" data-element_type=\"container\" data-settings=\"{&quot;background_background&quot;:&quot;classic&quot;}\">\n\t\t<div class=\"elementor-element elementor-element-6d63633 e-con-full e-flex e-con e-child\" data-id=\"6d63633\" data-element_type=\"container\">\n\t\t<div class=\"elementor-element elementor-element-5a65889 e-con-full e-flex e-con e-child\" data-id=\"5a65889\" data-element_type=\"container\">\n\t\t\t\t<div class=\"elementor-element elementor-element-b80496d elementor-widget elementor-widget-image\" data-id=\"b80496d\" data-element_type=\"widget\" data-widget_type=\"image.default\">\n\t\t\t\t\t\t\t\t\t\t\t\t\t\t\t<img decoding=\"async\" width=\"274\" height=\"274\" src=\"https:\/\/zsl.webwolfdesign.eu\/wp-content\/uploads\/2025\/11\/Rainer_Kessler.png\" class=\"attachment-large size-large wp-image-584\" alt=\"\" srcset=\"https:\/\/zsl.webwolfdesign.eu\/wp-content\/uploads\/2025\/11\/Rainer_Kessler.png 274w, https:\/\/zsl.webwolfdesign.eu\/wp-content\/uploads\/2025\/11\/Rainer_Kessler-150x150.png 150w\" sizes=\"(max-width: 274px) 100vw, 274px\" \/>\t\t\t\t\t\t\t\t\t\t\t\t\t\t\t<\/div>\n\t\t\t\t<div class=\"elementor-element elementor-element-86dc77b elementor-widget elementor-widget-heading\" data-id=\"86dc77b\" data-element_type=\"widget\" data-widget_type=\"heading.default\">\n\t\t\t\t\t<h2 class=\"elementor-heading-title elementor-size-default\">Rainer Ke\u00dfler\n<\/h2>\t\t\t\t<\/div>\n\t\t\t\t<div class=\"elementor-element elementor-element-a5e15ec elementor-widget elementor-widget-text-editor\" data-id=\"a5e15ec\" data-element_type=\"widget\" data-widget_type=\"text-editor.default\">\n\t\t\t\t\t\t\t\t\t<p><strong>Gesti\u00f3n de divisiones<\/strong><br \/>Cert. Acompa\u00f1ante presupuestario (m|colleg)<br \/>Consejero paritario (ISL)<\/p>\t\t\t\t\t\t\t\t<\/div>\n\t\t\t\t<\/div>\n\t\t<div class=\"elementor-element elementor-element-b2a7cea e-con-full e-flex e-con e-child\" data-id=\"b2a7cea\" data-element_type=\"container\">\n\t\t\t\t<div class=\"elementor-element elementor-element-107dbeb elementor-widget elementor-widget-image\" data-id=\"107dbeb\" data-element_type=\"widget\" data-widget_type=\"image.default\">\n\t\t\t\t\t\t\t\t\t\t\t\t\t\t\t<img decoding=\"async\" width=\"274\" height=\"274\" src=\"https:\/\/zsl.webwolfdesign.eu\/wp-content\/uploads\/2025\/11\/Stefanie_Grunow.png\" class=\"attachment-large size-large wp-image-586\" alt=\"\" srcset=\"https:\/\/zsl.webwolfdesign.eu\/wp-content\/uploads\/2025\/11\/Stefanie_Grunow.png 274w, https:\/\/zsl.webwolfdesign.eu\/wp-content\/uploads\/2025\/11\/Stefanie_Grunow-150x150.png 150w\" sizes=\"(max-width: 274px) 100vw, 274px\" \/>\t\t\t\t\t\t\t\t\t\t\t\t\t\t\t<\/div>\n\t\t\t\t<div class=\"elementor-element elementor-element-77fa35a elementor-widget elementor-widget-heading\" data-id=\"77fa35a\" data-element_type=\"widget\" data-widget_type=\"heading.default\">\n\t\t\t\t\t<h2 class=\"elementor-heading-title elementor-size-default\">\nStefanie Grunow\n<\/h2>\t\t\t\t<\/div>\n\t\t\t\t<div class=\"elementor-element elementor-element-1c3d9cf elementor-widget elementor-widget-text-editor\" data-id=\"1c3d9cf\" data-element_type=\"widget\" data-widget_type=\"text-editor.default\">\n\t\t\t\t\t\t\t\t\t<p><strong>Direcci\u00f3n adjunta de la OBA<\/strong><br \/>Pedagogo social titulado (FH)<\/p>\t\t\t\t\t\t\t\t<\/div>\n\t\t\t\t<\/div>\n\t\t<div class=\"elementor-element elementor-element-479248d e-con-full e-flex e-con e-child\" data-id=\"479248d\" data-element_type=\"container\">\n\t\t\t\t<div class=\"elementor-element elementor-element-765352b elementor-widget elementor-widget-image\" data-id=\"765352b\" data-element_type=\"widget\" data-widget_type=\"image.default\">\n\t\t\t\t\t\t\t\t\t\t\t\t\t\t\t<img loading=\"lazy\" decoding=\"async\" width=\"272\" height=\"272\" src=\"https:\/\/zsl.webwolfdesign.eu\/wp-content\/uploads\/2025\/11\/Bianca_Bild.png\" class=\"attachment-medium size-medium wp-image-594\" alt=\"\" srcset=\"https:\/\/zsl.webwolfdesign.eu\/wp-content\/uploads\/2025\/11\/Bianca_Bild.png 272w, https:\/\/zsl.webwolfdesign.eu\/wp-content\/uploads\/2025\/11\/Bianca_Bild-150x150.png 150w\" sizes=\"(max-width: 272px) 100vw, 272px\" \/>\t\t\t\t\t\t\t\t\t\t\t\t\t\t\t<\/div>\n\t\t\t\t<div class=\"elementor-element elementor-element-af10a13 elementor-widget elementor-widget-heading\" data-id=\"af10a13\" data-element_type=\"widget\" data-widget_type=\"heading.default\">\n\t\t\t\t\t<h2 class=\"elementor-heading-title elementor-size-default\">Bianca Schmelz\n<\/h2>\t\t\t\t<\/div>\n\t\t\t\t<div class=\"elementor-element elementor-element-dbec440 elementor-widget elementor-widget-text-editor\" data-id=\"dbec440\" data-element_type=\"widget\" data-widget_type=\"text-editor.default\">\n\t\t\t\t\t\t\t\t\t<p><strong>Especialista<\/strong><br \/>MA Profesora curativa integradora<\/p>\t\t\t\t\t\t\t\t<\/div>\n\t\t\t\t<\/div>\n\t\t\t\t<\/div>\n\t\t<div class=\"elementor-element elementor-element-b00310c e-con-full e-flex e-con e-child\" data-id=\"b00310c\" data-element_type=\"container\">\n\t\t<div class=\"elementor-element elementor-element-8570189 e-con-full e-flex e-con e-child\" data-id=\"8570189\" data-element_type=\"container\">\n\t\t\t\t<div class=\"elementor-element elementor-element-c2f4a7e elementor-widget elementor-widget-image\" data-id=\"c2f4a7e\" data-element_type=\"widget\" data-widget_type=\"image.default\">\n\t\t\t\t\t\t\t\t\t\t\t\t\t\t\t<img loading=\"lazy\" decoding=\"async\" width=\"272\" height=\"275\" src=\"https:\/\/zsl.webwolfdesign.eu\/wp-content\/uploads\/2025\/11\/Juergen_Findeiss.jpg\" class=\"attachment-large size-large wp-image-591\" alt=\"\" \/>\t\t\t\t\t\t\t\t\t\t\t\t\t\t\t<\/div>\n\t\t\t\t<div class=\"elementor-element elementor-element-2b1a74d elementor-widget elementor-widget-heading\" data-id=\"2b1a74d\" data-element_type=\"widget\" data-widget_type=\"heading.default\">\n\t\t\t\t\t<h2 class=\"elementor-heading-title elementor-size-default\">\nJ\u00fcrgen Findei\u00df\n<\/h2>\t\t\t\t<\/div>\n\t\t\t\t<div class=\"elementor-element elementor-element-8915c6c elementor-widget elementor-widget-text-editor\" data-id=\"8915c6c\" data-element_type=\"widget\" data-widget_type=\"text-editor.default\">\n\t\t\t\t\t\t\t\t\t<p><strong>Especialista<\/strong><br \/>Pedagogo social titulado<\/p>\t\t\t\t\t\t\t\t<\/div>\n\t\t\t\t<\/div>\n\t\t<div class=\"elementor-element elementor-element-52c91de e-con-full e-flex e-con e-child\" data-id=\"52c91de\" data-element_type=\"container\">\n\t\t\t\t<div class=\"elementor-element elementor-element-d19e7c1 elementor-widget elementor-widget-image\" data-id=\"d19e7c1\" data-element_type=\"widget\" data-widget_type=\"image.default\">\n\t\t\t\t\t\t\t\t\t\t\t\t\t\t\t<img loading=\"lazy\" decoding=\"async\" width=\"274\" height=\"274\" src=\"https:\/\/zsl.webwolfdesign.eu\/wp-content\/uploads\/2026\/04\/Placeholder.png\" class=\"attachment-large size-large wp-image-4074\" alt=\"\" srcset=\"https:\/\/zsl.webwolfdesign.eu\/wp-content\/uploads\/2026\/04\/Placeholder.png 274w, https:\/\/zsl.webwolfdesign.eu\/wp-content\/uploads\/2026\/04\/Placeholder-150x150.png 150w, https:\/\/zsl.webwolfdesign.eu\/wp-content\/uploads\/2026\/04\/Placeholder-12x12.png 12w\" sizes=\"(max-width: 274px) 100vw, 274px\" \/>\t\t\t\t\t\t\t\t\t\t\t\t\t\t\t<\/div>\n\t\t\t\t<div class=\"elementor-element elementor-element-21ea014 elementor-widget elementor-widget-heading\" data-id=\"21ea014\" data-element_type=\"widget\" data-widget_type=\"heading.default\">\n\t\t\t\t\t<h2 class=\"elementor-heading-title elementor-size-default\">\nN.N.\n<\/h2>\t\t\t\t<\/div>\n\t\t\t\t<div class=\"elementor-element elementor-element-d5d5b64 elementor-widget elementor-widget-text-editor\" data-id=\"d5d5b64\" data-element_type=\"widget\" data-widget_type=\"text-editor.default\">\n\t\t\t\t\t\t\t\t\t<p><strong>Administraci\u00f3n<\/strong><br \/>Empleado de oficina<\/p>\t\t\t\t\t\t\t\t<\/div>\n\t\t\t\t<\/div>\n\t\t\t\t<\/div>\n\t\t\t\t<\/div>\n\t\t\t\t<\/div>\n\t\t\t\t\t<\/div>\n\t\t\t\t<\/div>\n\t\t\t\t<\/main>\n\t\t\t\t<\/main>\n\t\t\t\t<\/div>","protected":false},"excerpt":{"rendered":"<p>Beratung.Bildung.Begegnung. Offene Behindertenarbeit &#8211; OBA F\u00fcr uns ist die Inklusion aller Menschen nicht nur ein Lippenbekenntnis, sondern allt\u00e4gliche Praxis. Das sind wir\u2026 Beratung. Bildung. Begegnung. (ehemals \u201eBeratungsstelle des ZSL\u201c) ist ein von der Offenen Behindertenarbeit (OBA) finanzierter Dienst des ZSL e.V.Qualifizierte Berater*innen, die sich engagiert auf vielf\u00e4ltige Weise daf\u00fcr einsetzen, die Lebensbedingungen von behinderten Menschen [&hellip;]<\/p>","protected":false},"author":1,"featured_media":0,"parent":0,"menu_order":0,"comment_status":"closed","ping_status":"closed","template":"","meta":{"footnotes":""},"class_list":["post-11","page","type-page","status-publish","hentry"],"_hostinger_reach_plugin_has_subscription_block":false,"_hostinger_reach_plugin_is_elementor":false,"_links":{"self":[{"href":"https:\/\/zsl.webwolfdesign.eu\/es\/wp-json\/wp\/v2\/pages\/11","targetHints":{"allow":["GET"]}}],"collection":[{"href":"https:\/\/zsl.webwolfdesign.eu\/es\/wp-json\/wp\/v2\/pages"}],"about":[{"href":"https:\/\/zsl.webwolfdesign.eu\/es\/wp-json\/wp\/v2\/types\/page"}],"author":[{"embeddable":true,"href":"https:\/\/zsl.webwolfdesign.eu\/es\/wp-json\/wp\/v2\/users\/1"}],"replies":[{"embeddable":true,"href":"https:\/\/zsl.webwolfdesign.eu\/es\/wp-json\/wp\/v2\/comments?post=11"}],"version-history":[{"count":78,"href":"https:\/\/zsl.webwolfdesign.eu\/es\/wp-json\/wp\/v2\/pages\/11\/revisions"}],"predecessor-version":[{"id":4305,"href":"https:\/\/zsl.webwolfdesign.eu\/es\/wp-json\/wp\/v2\/pages\/11\/revisions\/4305"}],"wp:attachment":[{"href":"https:\/\/zsl.webwolfdesign.eu\/es\/wp-json\/wp\/v2\/media?parent=11"}],"curies":[{"name":"wp","href":"https:\/\/api.w.org\/{rel}","templated":true}]}}