{"id":1755,"date":"2025-11-27T15:16:50","date_gmt":"2025-11-27T15:16:50","guid":{"rendered":"https:\/\/zsl.webwolfdesign.eu\/?page_id=1755"},"modified":"2026-04-16T10:52:12","modified_gmt":"2026-04-16T10:52:12","slug":"imprimir","status":"publish","type":"page","link":"https:\/\/zsl.webwolfdesign.eu\/es\/imprimir\/","title":{"rendered":"Pie de imprenta"},"content":{"rendered":"<div data-elementor-type=\"wp-page\" data-elementor-id=\"1755\" class=\"elementor elementor-1755\" data-elementor-post-type=\"page\">\n\t\t\t\t<div class=\"elementor-element elementor-element-3531bda e-con-full e-flex e-con e-child\" data-id=\"3531bda\" data-element_type=\"container\">\n\t\t<div class=\"elementor-element elementor-element-3f77a37 e-flex e-con-boxed e-con e-child\" data-id=\"3f77a37\" data-element_type=\"container\" data-settings=\"{&quot;background_background&quot;:&quot;classic&quot;}\">\n\t\t\t\t\t<div class=\"e-con-inner\">\n\t\t<div class=\"elementor-element elementor-element-fd0b7ae e-con-full e-flex e-con e-child\" data-id=\"fd0b7ae\" data-element_type=\"container\" data-settings=\"{&quot;background_background&quot;:&quot;classic&quot;}\">\n\t\t\t\t<div class=\"elementor-element elementor-element-2c6af1d elementor-widget__width-initial elementor-widget elementor-widget-heading\" data-id=\"2c6af1d\" data-element_type=\"widget\" data-widget_type=\"heading.default\">\n\t\t\t\t\t<h2 class=\"elementor-heading-title elementor-size-default\">Pie de imprenta<\/h2>\t\t\t\t<\/div>\n\t\t\t\t<\/div>\n\t\t<div class=\"elementor-element elementor-element-c5c1d42 e-con-full e-flex e-con e-child\" data-id=\"c5c1d42\" data-element_type=\"container\" data-settings=\"{&quot;background_background&quot;:&quot;classic&quot;}\">\n\t\t<div class=\"elementor-element elementor-element-6004111 e-con-full e-flex e-con e-child\" data-id=\"6004111\" data-element_type=\"container\">\n\t\t\t\t<div class=\"elementor-element elementor-element-3da9374 elementor-widget elementor-widget-text-editor\" data-id=\"3da9374\" data-element_type=\"widget\" data-widget_type=\"text-editor.default\">\n\t\t\t\t\t\t\t\t\t<div class=\"row\"><div class=\"col-12 col-lg-9\"><h2>Informaci\u00f3n conforme al art\u00edculo 5 de la TMG:<\/h2><\/div><\/div><div class=\"row\"><div class=\"col-12 col-lg-9 unterseitenText\"><p><strong>Z<\/strong>centro de<br \/><strong>S<\/strong>autodeterminaci\u00f3n<br \/><strong>L<\/strong>persona discapacitada\u00a0<strong>e.V.<\/strong><\/p><p>Luitpoldstra\u00dfe 42\/44<br \/>91052 Erlangen<\/p><p>Tel\u00e9fono:<br \/>Centralita: 09131 987830<br \/>correo electr\u00f3nico:<br \/>Utilice el\u00a0<a href=\"https:\/\/zsl.webwolfdesign.eu\/es\/pongase-en-contacto-con\/\" target=\"_blank\" rel=\"noopener\">Formulario de contacto.<\/a><\/p><p><strong>El Consejo Ejecutivo es responsable de la asociaci\u00f3n:<\/strong><br \/>Christian Pfeuffer<\/p><p><strong>Consejo de Asociaci\u00f3n:<\/strong><br \/>Theresia Herden, Holger Mangold, Karl-Heinz Miederer, Michael Snyder\u00a0<\/p><p>Forma jur\u00eddica: asociaci\u00f3n registrada<br \/>Tribunal de registro: Juzgado de Primera Instancia de F\u00fcrth<br \/>N\u00famero de registro de la asociaci\u00f3n: VR 20908<br \/>N\u00famero de identificaci\u00f3n fiscal: 216\/111\/70022<\/p><p><strong>Responsable en el sentido del art. 10 Abs. 3 MDStV:<\/strong><br \/>Jutta Becker para asistencia (direcci\u00f3n arriba indicada)<br \/>Rainer Ke\u00dfler para la Consultor\u00eda. Educaci\u00f3n. Encuentro (direcci\u00f3n anterior)<br \/>Roman Kollar para el \u00e1rea de Asesoramiento Complementario de Participaci\u00f3n Independiente - EUTB (direcci\u00f3n arriba indicada)<br \/>Ina Fischer para el \u00e1rea de todo lo que es correcto (direcci\u00f3n como arriba)<\/p><p>Concepto, dise\u00f1o y programaci\u00f3n:<br \/><strong>rebote<\/strong>\u00a0| Agencia de publicidad. Digital. Cl\u00e1sico<br \/><a href=\"https:\/\/www.ricochet.de\/\" target=\"_blank\" rel=\"noopener\">www.ricochet.de<\/a><\/p><p>Este aviso legal tambi\u00e9n se aplica a los siguientes sitios web:<\/p><p><a href=\"https:\/\/www.teilhabeberatung-mittelfranken.de\/\" target=\"_blank\" rel=\"noopener\">Participaci\u00f3n asesoramiento-Mittelfranken.de<\/a><br \/>es responsable del contenido de este sitio web:<br \/>Roman Kollar (direcci\u00f3n arriba indicada)<\/p><p><a class=\"ext\" href=\"http:\/\/froschatmung.de\/\" target=\"_blank\" rel=\"noopener noreferrer\">frogbreathing.com<\/a><br \/>es responsable del contenido de este sitio web:<br \/>Rainer Ke\u00dfler (direcci\u00f3n anterior)<\/p><p><strong>Descargo de responsabilidad, limitaci\u00f3n de responsabilidad e informaci\u00f3n jur\u00eddica<\/strong><\/p><p>La informaci\u00f3n de este sitio web ha sido recopilada y comprobada con el mayor cuidado posible y seg\u00fan nuestro leal saber y entender. No obstante, no asumimos ninguna responsabilidad ni garant\u00eda por la exactitud, integridad y actualidad de la informaci\u00f3n. La actualidad y el car\u00e1cter vinculante de la informaci\u00f3n no pueden garantizarse a pesar de las continuas revisiones.<\/p><p>Lo mismo se aplica a todos los dem\u00e1s sitios web a los que se hace referencia mediante referencias cruzadas o enlaces para el uso de contenidos de terceros de conformidad con el art\u00edculo 8 de la TMG. No nos hacemos responsables de los contenidos de las p\u00e1ginas enlazadas, ya que \u00e9stos no reflejan nuestros propios contenidos sin que tengamos la obligaci\u00f3n de controlarlos y comprobarlos. Para la vinculaci\u00f3n inicial a estas ofertas de Internet, hemos comprobado estos contenidos externos en cuanto a delitos civiles o penales, en ese momento no eran reconocibles tales delitos.<\/p><p>El contenido publicado no constituye asesoramiento vinculante o jur\u00eddico; no se proporciona asesoramiento jur\u00eddico. Para asesoramiento y preguntas personales, p\u00f3ngase en contacto con nosotros personalmente.\u00a0<a href=\"https:\/\/zsl.webwolfdesign.eu\/es\/pongase-en-contacto-con\/\" target=\"_blank\" rel=\"noopener\">contacto<\/a>\u00a0para ponerse en contacto con nosotros y concertar una cita.<\/p><p>Cualquier otro uso o reproducci\u00f3n de los contenidos aqu\u00ed publicados requiere nuestro consentimiento por escrito. Si desea utilizar partes o contenidos de nuestras p\u00e1ginas, p\u00f3ngase en contacto con nosotros.<\/p><p>Por la presente se proh\u00edbe expresamente el uso de los datos de contacto publicados en el marco de la obligaci\u00f3n de pie de imprenta por parte de terceros para el env\u00edo de material publicitario e informativo no solicitado. Los operadores de este sitio web se reservan expresamente el derecho a emprender acciones legales en caso de env\u00edo no solicitado de informaci\u00f3n publicitaria, como correos electr\u00f3nicos basura.<\/p><\/div><\/div>\t\t\t\t\t\t\t\t<\/div>\n\t\t\t\t<\/div>\n\t\t\t\t<\/div>\n\t\t\t\t\t<\/div>\n\t\t\t\t<\/div>\n\t\t\t\t<\/div>\n\t\t\t\t<\/div>","protected":false},"excerpt":{"rendered":"<p>Impressum Angaben nach \u00a7 5 TMG: Zentrum f\u00fcrSelbstbestimmtesLeben Behinderter\u00a0e.V. Luitpoldstra\u00dfe 42\/4491052 Erlangen Telefon:Zentrale: 09131 987830E-Mail:Bitte nutzen Sie das\u00a0Kontaktformular. F\u00fcr den Verein ist der\u00a0gesch\u00e4ftsf\u00fchrende Vorstand:Christian Pfeuffer Vereinsrat:Theresia Herden, Holger Mangold, Karl-Heinz Miederer, Michael Snyder\u00a0 Rechtsform: eingetragener VereinRegistergericht: Amtsgericht F\u00fcrthVereinsregisternummer: VR 20908Steuernummer: 216\/111\/70022 Verantwortlich im Sinne von \u00a7 10 Abs. 3 MDStV:Jutta Becker f\u00fcr den Bereich Assistenz [&hellip;]<\/p>","protected":false},"author":1,"featured_media":0,"parent":0,"menu_order":0,"comment_status":"closed","ping_status":"closed","template":"","meta":{"footnotes":""},"class_list":["post-1755","page","type-page","status-publish","hentry"],"_hostinger_reach_plugin_has_subscription_block":false,"_hostinger_reach_plugin_is_elementor":false,"_links":{"self":[{"href":"https:\/\/zsl.webwolfdesign.eu\/es\/wp-json\/wp\/v2\/pages\/1755","targetHints":{"allow":["GET"]}}],"collection":[{"href":"https:\/\/zsl.webwolfdesign.eu\/es\/wp-json\/wp\/v2\/pages"}],"about":[{"href":"https:\/\/zsl.webwolfdesign.eu\/es\/wp-json\/wp\/v2\/types\/page"}],"author":[{"embeddable":true,"href":"https:\/\/zsl.webwolfdesign.eu\/es\/wp-json\/wp\/v2\/users\/1"}],"replies":[{"embeddable":true,"href":"https:\/\/zsl.webwolfdesign.eu\/es\/wp-json\/wp\/v2\/comments?post=1755"}],"version-history":[{"count":7,"href":"https:\/\/zsl.webwolfdesign.eu\/es\/wp-json\/wp\/v2\/pages\/1755\/revisions"}],"predecessor-version":[{"id":4135,"href":"https:\/\/zsl.webwolfdesign.eu\/es\/wp-json\/wp\/v2\/pages\/1755\/revisions\/4135"}],"wp:attachment":[{"href":"https:\/\/zsl.webwolfdesign.eu\/es\/wp-json\/wp\/v2\/media?parent=1755"}],"curies":[{"name":"wp","href":"https:\/\/api.w.org\/{rel}","templated":true}]}}