{"id":2139,"date":"2026-01-10T10:10:31","date_gmt":"2026-01-10T10:10:31","guid":{"rendered":"https:\/\/zsl.webwolfdesign.eu\/?page_id=2139"},"modified":"2026-01-14T14:47:35","modified_gmt":"2026-01-14T14:47:35","slug":"satzung","status":"publish","type":"page","link":"https:\/\/zsl.webwolfdesign.eu\/es\/satzung\/","title":{"rendered":"Estatutos"},"content":{"rendered":"<div data-elementor-type=\"wp-page\" data-elementor-id=\"2139\" class=\"elementor elementor-2139\" data-elementor-post-type=\"page\">\n\t\t\t\t<div class=\"elementor-element elementor-element-69cb297 e-con-full e-flex e-con e-child\" data-id=\"69cb297\" data-element_type=\"container\" data-settings=\"{&quot;background_background&quot;:&quot;classic&quot;}\">\n\t\t<div class=\"elementor-element elementor-element-b74631f e-flex e-con-boxed e-con e-child\" data-id=\"b74631f\" data-element_type=\"container\" data-settings=\"{&quot;background_background&quot;:&quot;classic&quot;}\">\n\t\t\t\t\t<div class=\"e-con-inner\">\n\t\t<div class=\"elementor-element elementor-element-beee77e e-con-full e-flex e-con e-child\" data-id=\"beee77e\" data-element_type=\"container\" data-settings=\"{&quot;background_background&quot;:&quot;classic&quot;}\">\n\t\t<div class=\"elementor-element elementor-element-f4cd5ec e-con-full e-flex e-con e-child\" data-id=\"f4cd5ec\" data-element_type=\"container\">\n\t\t\t\t<div class=\"elementor-element elementor-element-ce250d8 elementor-widget elementor-widget-heading\" data-id=\"ce250d8\" data-element_type=\"widget\" data-widget_type=\"heading.default\">\n\t\t\t\t\t<h2 class=\"elementor-heading-title elementor-size-default\">Estatutos<\/h2>\t\t\t\t<\/div>\n\t\t\t\t<div class=\"elementor-element elementor-element-1c673b1 elementor-widget elementor-widget-text-editor\" data-id=\"1c673b1\" data-element_type=\"widget\" data-widget_type=\"text-editor.default\">\n\t\t\t\t\t\t\t\t\t<div class=\"satzung\"><p style=\"text-align: center;\">Estatutos a partir del 29\/01\/2020<\/p><h3 style=\"text-align: center;\">\u00a7 1<\/h3><h4 style=\"text-align: center;\">Nombre, domicilio social y ejercicio<\/h4><ol><li>El nombre de la asociaci\u00f3n es Zentrum f\u00fcr Selbstbestimmtes Leben Behinderter e.V. (abreviatura: ZSL e.V.).<\/li><li>La asociaci\u00f3n tiene su sede en Erlangen y est\u00e1 inscrita en el registro de asociaciones.<\/li><li>El ejercicio financiero es el a\u00f1o natural.<\/li><\/ol><h3 style=\"text-align: center;\">\u00a7 2<\/h3><h4 style=\"text-align: center;\">Finalidad y objetivos<\/h4><ol><li>Los objetivos de la asociaci\u00f3n son representar los intereses de igualdad, autodeterminaci\u00f3n y plena participaci\u00f3n social de las personas con discapacidad en t\u00e9rminos de inclusi\u00f3n. La asociaci\u00f3n se opone a cualquier forma de discriminaci\u00f3n contra las personas con discapacidad. Esto se refiere a discapacidades o enfermedades cr\u00f3nicas de cualquier tipo. La asociaci\u00f3n tambi\u00e9n tiene entre sus objetivos asesorar y apoyar la vida autodeterminada, en particular organizando la asistencia personal.<br \/><strong>La finalidad y los objetivos se alcanzan mediante<\/strong><br \/><ol class=\"alpha\"><li>La gesti\u00f3n, la representaci\u00f3n externa y la autoridad para tomar decisiones dentro de la organizaci\u00f3n recaen principalmente en personas con discapacidad;<\/li><li>El asesoramiento, en el sentido de asesoramiento entre iguales, lo proporcionan personas discapacitadas para personas discapacitadas y tiene lugar independientemente de otros servicios.<\/li><\/ol><\/li><li>La asociaci\u00f3n representa los intereses de este grupo de personas con el fin de lograr una vida autodeterminada para las personas discapacitadas en la sociedad y mejorar de forma sostenible sus condiciones de vida. Se opone abiertamente a los desarrollos sociales que ponen en peligro el derecho a la vida.<br \/>poner en peligro la vida de las personas discapacitadas.<\/li><li>Los medios para alcanzar estos objetivos son<br \/><ol class=\"alpha\"><li>Funcionamiento de un centro de asesoramiento para aconsejar a los afectados, a sus familiares y a las instituciones en el sentido del asesoramiento entre iguales e influir en la pol\u00edtica y la opini\u00f3n p\u00fablica en consecuencia;<\/li><li>Funcionamiento de una organizaci\u00f3n de asistencia, principalmente para permitir la vida en la comunidad con la mejor preservaci\u00f3n posible de la autodeterminaci\u00f3n de los afectados y tambi\u00e9n para mejorar de forma sostenible la situaci\u00f3n de asistencia\/cuidados;<\/li><li>Promover la inclusi\u00f3n de las personas con discapacidad en la vida laboral. La asociaci\u00f3n cumple esta tarea a trav\u00e9s de su participaci\u00f3n en \u201eACCESS - Inklusion im Arbeitsleben gemeinn\u00fctzige GmbH\u201c, con sede en Erlangen;<\/li><li>Promoci\u00f3n de todas las actividades y el desarrollo de proyectos en los sectores social, profesional, pol\u00edtico y sanitario, as\u00ed como en el \u00e1mbito de la educaci\u00f3n, que sean adecuados para llevar a cabo o apoyar el prop\u00f3sito de acuerdo con el \u00a7 2.1;<\/li><li>Cooperaci\u00f3n con otras organizaciones, participaci\u00f3n y afiliaci\u00f3n a otros organismos y asociaciones con los mismos fines.<\/li><\/ol><\/li><li>ZSL e.V. est\u00e1 dirigida por empleados a tiempo completo y voluntarios (principalmente personas con discapacidad).<\/li><li>La asociaci\u00f3n no tiene afiliaci\u00f3n pol\u00edtica ni religiosa.<\/li><li>La asociaci\u00f3n persigue exclusiva y directamente fines no lucrativos y ben\u00e9ficos en el sentido de la secci\u00f3n \u201eFines fiscalmente privilegiados\u201c del C\u00f3digo Fiscal alem\u00e1n en su versi\u00f3n modificada.<\/li><li>La asociaci\u00f3n es una organizaci\u00f3n sin \u00e1nimo de lucro y no persigue principalmente fines econ\u00f3micos propios. Los fondos de la asociaci\u00f3n s\u00f3lo pueden utilizarse para fines estatutarios. Los miembros no recibir\u00e1n ning\u00fan beneficio de los fondos de la asociaci\u00f3n. Ning\u00fan miembro podr\u00e1 verse favorecido por gastos ajenos a la finalidad de la asociaci\u00f3n ni por remuneraciones desproporcionadamente elevadas.<\/li><\/ol><h3 style=\"text-align: center;\">\u00a7 3<\/h3><h4 style=\"text-align: center;\">Afiliaci\u00f3n<\/h4><ol><li>Solo pueden ser miembros con derecho a voto los discapacitados y los enfermos cr\u00f3nicos en el sentido del art\u00edculo 2 SGB IX (a partir del 8 de agosto de 2019) que hayan cumplido 16 a\u00f1os.<\/li><li>Las personas f\u00edsicas y jur\u00eddicas que apoyan el trabajo de la ZSL e.V. pueden convertirse en miembros de apoyo. Tienen derecho a voz y a presentar mociones, pero no a voto.<\/li><li>Para afiliarse o convertirse en miembro de apoyo hay que presentar una solicitud al Consejo de la Asociaci\u00f3n, que decide sobre la aceptaci\u00f3n y el tipo de afiliaci\u00f3n.<\/li><li>La afiliaci\u00f3n finaliza cuando<br \/><ol class=\"alpha\"><li>Fallecimiento del afiliado;<\/li><li>Dimisi\u00f3n en forma de declaraci\u00f3n escrita al Consejo de Asociaci\u00f3n;<\/li><li>Expulsi\u00f3n: La Asamblea General decide la expulsi\u00f3n por mayor\u00eda de 2\/3 de los miembros presentes con derecho a voto. Por regla general, la expulsi\u00f3n debe pronunciarse en caso de falta grave que perjudique a la asociaci\u00f3n. Antes de que se apruebe la resoluci\u00f3n, el miembro debe tener la oportunidad de presentar una declaraci\u00f3n por escrito en un plazo de 14 d\u00edas;<\/li><li>cuotas de afiliaci\u00f3n pendientes de dos a\u00f1os autom\u00e1ticamente.<\/li><\/ol><\/li><\/ol><h3 style=\"text-align: center;\">\u00a7 4<\/h3><h4 style=\"text-align: center;\">Derechos y obligaciones de los afiliados<\/h4><ol><li>Todos los miembros tienen derecho a presentar preguntas a la Junta General (AG) y a debatirlas en pie de igualdad. Las mociones deben presentarse hasta dos semanas antes de la AGM.<\/li><li>Todos los miembros apoyan a la asociaci\u00f3n en la consecuci\u00f3n de sus objetivos y promueven los fines recogidos en los estatutos en la medida de sus posibilidades.<\/li><\/ol><h3 style=\"text-align: center;\">\u00a7 5<\/h3><h4 style=\"text-align: center;\">Cuota de afiliaci\u00f3n<\/h4><ol><li>Von den Mitgliedern des Vereins werden Beitr\u00e4ge erhoben.<\/li><li>Der Mindestbeitrag wird durch Beschluss der Mitgliederversammlung festgelegt.<\/li><li>Der Beitrag ist jeweils bis zum 30. Juni des Jahres zu entrichten.<\/li><li>Der Vereinsrat kann in begr\u00fcndeten Ausnahmen auf Antrag Beitr\u00e4ge reduzieren, stunden oder erlassen.<\/li><\/ol><h3 style=\"text-align: center;\">\u00a7 6<\/h3><h4 style=\"text-align: center;\">Organe des Vereins<\/h4><p style=\"padding-left: 40px;\">Die Organe des Vereins sind:<\/p><p style=\"padding-left: 80px;\">a. Mitgliederversammlung;<\/p><p style=\"padding-left: 80px;\">b. Vereinsrat;<\/p><p style=\"padding-left: 80px;\">c. Vorstand.<\/p><h3 style=\"text-align: center;\">\u00a7 7<\/h3><h4 style=\"text-align: center;\">Mitgliederversammlung (MV)<\/h4><ol><li>Der MV geh\u00f6ren alle Mitglieder und F\u00f6rdermitglieder an.<\/li><li>Die MV ist grunds\u00e4tzlich nicht \u00f6ffentlich. Der Vereinsrat kann im Einzelfall Nichtmitgliedern die Teilnahme gestatten.<\/li><li>Die Ladung zur MV ist schriftlich oder per Email zusammen mit der Tagesordnung bis sp\u00e4testens vier Wochen vor Sitzungstermin an die dem Verein zuletzt mitgeteilte Adresse der Mitglieder und F\u00f6rdermitglieder abzusenden.<\/li><li>Antr\u00e4ge von Mitgliedern und F\u00f6rdermitgliedern zur Tagesordnung, die abgestimmt werden sollen, sind bis sp\u00e4testens zwei Wochen vor dem Sitzungstermin beim Vereinsrat einzureichen. Beschl\u00fcsse \u00fcber Satzungs\u00e4nderungen und die Aufl\u00f6sung des Vereins sind nur zul\u00e4ssig, sofern diese Beschlussgegenst\u00e4nde in der satzungsgem\u00e4\u00dfen Einladung angek\u00fcndigt wurden.<\/li><li>Die MV ist ohne R\u00fccksicht auf die Anzahl der erschienenen abstimmungsberechtigten Mitglieder beschlussf\u00e4hig. Jedes abstimmungsberechtigte Mitglied hat eine Stimme. Die Stimmabgabe erfolgt auf Antrag geheim. Eine Vertretung bei Abwesenheit in der MV sowie eine ersetzende Abstimmung sind nicht zul\u00e4ssig.<\/li><li>Die MV wird vom Vereinsrat einberufen:<ul><li>mindestens einmal kalenderj\u00e4hrlich;<\/li><li>wenn es das Vereinsinteresse erfordert;<\/li><li>wenn es von mindestens einem Drittel der Mitglieder schriftlich und unter Angabe des Grundes verlangt wird.<\/li><\/ul><\/li><li>Die MV entscheidet \u00fcber grundlegende Angelegenheiten des Vereins, dies sind insbesondere:<ol><li>Wahl der Mitglieder des Vereinsrates f\u00fcr die Dauer von drei Jahren;<\/li><li>Wahl zweier Rechnungspr\u00fcfer*innen auf drei Jahre, die weder dem Vereinsrat angeh\u00f6ren noch Angestellte des Vereins sind;<\/li><li>Entlastung von Vorstand, Vereinsrat und der Rechnungspr\u00fcfer*innen;<\/li><li>Beschlussfassung \u00fcber die H\u00f6he der Mitgliedsbeitr\u00e4ge;<\/li><li>Beschlussfassung \u00fcber Antr\u00e4ge an die MV;<\/li><li>Satzungs\u00e4nderungen;<\/li><li>Zustimmung zu Mitgliedschaften in Vereinen und Gesellschaften;<\/li><li>Aufl\u00f6sung des Vereins.<\/li><\/ol><\/li><li>Bei Wahlen und Beschl\u00fcssen gilt die einfache Mehrheit der abgegebenen Stimmen. Bei Satzungs\u00e4nderungen ist eine Mehrheit von \u2154, zur Aufl\u00f6sung des Vereins ist eine Mehrheit von \u00be der erschienenen, abstimmungsberechtigten Mitglieder notwendig.<\/li><li>\u00dcber die MV sind Ergebnisprotokolle zu f\u00fchren, die von zwei Vereinsratsmitgliedern und dem\/der Protokollf\u00fchrer*in unterzeichnet werden. Das Protokoll wird innerhalb von vier Wochen an die Mitglieder versandt. Soweit gegen das Protokoll innerhalb von vier Wochen nach Zusendung an die Mitglieder kein Einspruch gegen\u00fcber dem Vereinsrat schriftlich erhoben wird, gilt das Protokoll als genehmigt. \u00dcber Einspr\u00fcche entscheidet der Vereinsrat und berichtet in der n\u00e4chsten MV.<\/li><\/ol><h3 style=\"text-align: center;\">\u00a7 8<\/h3><h4 style=\"text-align: center;\">Vereinsrat<\/h4><ol><li><strong>Mitglieder des Vereinsrats<\/strong><ol><li>Der Vereinsrat besteht aus mindestens 3 und h\u00f6chstens 5 vollj\u00e4hrigen, abstimmungsberechtigten Vereinsmitgliedern.<\/li><li>Die Mitglieder des Vereinsrates d\u00fcrfen in keinem hauptamtlichen unmittelbaren Besch\u00e4ftigungsverh\u00e4ltnis zum Verein stehen. Der Vereinsrat wird auf die Dauer von 3 Jahren gew\u00e4hlt.<\/li><li>Ehrenamtlich t\u00e4tige Personen haben Anspruch auf Ersatz nachgewiesener Auslagen nach \u00a7670 BGB. Die Mitglieder des Vereinsrates und andere Organmitglieder k\u00f6nnen Entsch\u00e4digung in H\u00f6he der Ehrenamtspauschale erhalten. Die H\u00f6he der Zahlung wird durch die Mitgliederversammlung beschlossen.<\/li><li>Der Vereinsrat kann sich eine Gesch\u00e4ftsordnung geben.<\/li><\/ol><\/li><li><strong>Aufgaben des Vereinsrates<\/strong><ol><li>Der Vereinsrat ber\u00e4t und beschlie\u00dft in Abstimmung mit dem gesch\u00e4ftsf\u00fchrenden Vorstand \u00fcber die grunds\u00e4tzlichen sozial- und vereinspolitischen Ziele und Aussagen, soweit dies nicht in die Zust\u00e4ndigkeit der Mitgliederversammlung f\u00e4llt.<\/li><li>Der Vereinsrat w\u00e4hlt und bestellt die Mitglieder des Vorstandes.<\/li><li>Der Vereinsrat schlie\u00dft Anstellungsvertr\u00e4ge mit den Mitgliedern des Vorstandes.<\/li><li>Der Vereinsrat ber\u00e4t und kontrolliert den Vorstand, wobei er sich zur Unterst\u00fctzung eines Wirtschaftspr\u00fcfers oder anderer sachkundiger Dritter auf Kosten des Vereins bedienen kann. Der Vereinsrat hat unbeschr\u00e4nktes Auskunftsrecht gegen\u00fcber dem Vorstand.<\/li><li>Der Vereinsrat beschlie\u00dft \u00fcber den vom Vorstand vorzulegenden Wirtschaftsplan des Vereins.<\/li><li>Der Vereinsrat stellt den vom Vorstand aufgestellten und ggf. vom Wirtschaftspr\u00fcfer gepr\u00fcften Jahresabschluss fest, beschlie\u00dft \u00fcber die Behandlung des Jahresergebnisses und entscheidet \u00fcber den Vorschlag zur Entlastung des Vorstandes auf der Mitgliederversammlung aufgrund der gepr\u00fcften Jahresrechnung.<\/li><li>Der Vereinsrat kann f\u00fcr bestimmte Gesch\u00e4fte besondere Vertreter nach \u00a730 BGB bestellen.<\/li><\/ol><\/li><li><strong>Beschlussfassung des Vereinsrates<\/strong><ol><li>Die ordentlichen Sitzungen des Vereinsrates finden i.d.R. einmal im Kalendervierteljahr statt. Der Vereinsrat kann dar\u00fcber hinaus zu weiteren Sitzungen zusammenkommen. Die Sitzungen des Vereinsrats sind durch zwei seiner Mitglieder mit einer Frist von mindestens 2 Wochen einzuberufen. Im \u00dcbrigen gelten die Bestimmungen zur Ladung zur Mitgliederversammlung entsprechend.<\/li><li>Die Mitglieder des Vorstandes k\u00f6nnen zu diesen Sitzungen des Vereinsrates eingeladen werden, in diesem Fall haben sie Antrags- und Rederecht.<\/li><li>Die Beschl\u00fcsse des Vereinsrates werden mit einfacher Mehrheit der abgegebenen Stimmen gefasst.<\/li><li>\u00dcber die Sitzungen des Vereinsrates ist eine Niederschrift anzufertigen, welche von mindestens 2 Vereinsr\u00e4ten zu unterzeichnen ist.<\/li><\/ol><\/li><\/ol><h3 style=\"text-align: center;\">\u00a7 9<\/h3><h4 style=\"text-align: center;\">Vorstand<\/h4><ol><li><strong>Mitglieder des Vorstandes<\/strong><ol><li>Der Vorstand nach \u00a7 26 BGB besteht aus einem oder mehreren hauptamtlichen Vorstandsmitgliedern, die dem Personenkreis gem\u00e4\u00df \u00a7 3.1 entsprechen m\u00fcssen,<br \/>sofern die MV im Einzelfall nicht mit \u2154 Mehrheit \u00fcber Ausnahmen entscheidet. Festlegung der Gesch\u00e4ftsbereiche sowie zustimmungspflichtige Gesch\u00e4fte werden in<br \/>einer Gesch\u00e4ftsordnung geregelt, die vom Vereinsrat beschlossen wird. Der Vorstand \u00fcbt seine T\u00e4tigkeit hauptamtlich gegen angemessenes Entgelt im Rahmen eines<br \/>Dienstvertrages aus. Der Vorstand soll gegebenenfalls parit\u00e4tisch m\u00e4nnlich und weiblich besetzt werden. Der Verein wird bei mehreren Vorstandsmitgliedern von<br \/>mindestens zwei Vorst\u00e4nden gemeinsam vertreten.<\/li><li>Mitglieder des Vorstandes werden vom Vereinsrat in getrennten Wahlg\u00e4ngen gew\u00e4hlt.<\/li><li>Der Vorstand wird f\u00fcr die Dauer von vier Jahren vom Vereinsrat gew\u00e4hlt. Er bleibt danach auch im Amt, bis ein neuer Vorstand berufen ist.<\/li><\/ol><\/li><li><strong>Aufgaben des Vorstandes<\/strong><ol><li>Der Vorstand f\u00fchrt die Gesch\u00e4fte des Vereins.<\/li><li>Ihm obliegen alle Angelegenheiten, die nicht ausdr\u00fccklich in die Zust\u00e4ndigkeit der Mitgliederversammlung oder des Vereinsrates fallen.<\/li><li>Der Vorstand vertritt den Verein gerichtlich und au\u00dfergerichtlich.<\/li><\/ol><\/li><\/ol><h3 style=\"text-align: center;\">\u00a7 10<\/h3><h4 style=\"text-align: center;\">Aufl\u00f6sung<\/h4><p style=\"padding-left: 40px;\">Bei Aufl\u00f6sung des Vereins oder bei Wegfall seines bisherigen Zwecks f\u00e4llt das Restverm\u00f6gen des Vereins an die \u201eACCESS &#8211; Inklusion im Arbeitsleben gemeinn\u00fctzige GmbH\u201c mit Sitz in Erlangen, die es ausschlie\u00dflich und unmittelbar f\u00fcr wohlfahrtspflegerische Zwecke, die zugleich steuerbeg\u00fcnstigte Zwecke sind, zu verwenden hat.<\/p><\/div>\t\t\t\t\t\t\t\t<\/div>\n\t\t<div class=\"elementor-element elementor-element-efe51d9 e-con-full e-flex e-con e-child\" data-id=\"efe51d9\" data-element_type=\"container\">\n\t\t\t\t<div class=\"elementor-element elementor-element-e17afc1 elementor-widget elementor-widget-heading\" data-id=\"e17afc1\" data-element_type=\"widget\" data-widget_type=\"heading.default\">\n\t\t\t\t\t<h2 class=\"elementor-heading-title elementor-size-default\">Afiliarse<\/h2>\t\t\t\t<\/div>\n\t\t<div class=\"elementor-element elementor-element-e46c5ea e-con-full e-transform e-flex e-con e-child\" data-id=\"e46c5ea\" data-element_type=\"container\" data-settings=\"{&quot;background_background&quot;:&quot;classic&quot;,&quot;_transform_flipX_effect&quot;:&quot;transform&quot;}\">\n\t\t<div class=\"elementor-element elementor-element-7834e03 e-con-full elementor-hidden-mobile e-flex e-con e-child\" data-id=\"7834e03\" data-element_type=\"container\">\n\t\t\t\t<\/div>\n\t\t<div class=\"elementor-element elementor-element-76c7fbd e-con-full e-transform e-flex e-con e-child\" data-id=\"76c7fbd\" data-element_type=\"container\" data-settings=\"{&quot;background_background&quot;:&quot;classic&quot;,&quot;_transform_flipX_effect&quot;:&quot;transform&quot;}\">\n\t\t\t\t<div class=\"elementor-element elementor-element-c25bd19 elementor-widget elementor-widget-heading\" data-id=\"c25bd19\" data-element_type=\"widget\" data-widget_type=\"heading.default\">\n\t\t\t\t\t<h2 class=\"elementor-heading-title elementor-size-default\">Machen Sie mit \u2013 und helfen Sie, Selbstbestimmung und Inklusion konkret voranzubringen!<\/h2>\t\t\t\t<\/div>\n\t\t\t\t<div class=\"elementor-element elementor-element-ded580d elementor-widget elementor-widget-button\" data-id=\"ded580d\" data-element_type=\"widget\" data-widget_type=\"button.default\">\n\t\t\t\t\t\t\t\t\t\t<a class=\"elementor-button elementor-button-link elementor-size-sm\" href=\"https:\/\/zsl.webwolfdesign.eu\/es\/mitglied-werden\/\">\n\t\t\t\t\t\t<span class=\"elementor-button-content-wrapper\">\n\t\t\t\t\t\t\t\t\t<span class=\"elementor-button-text\">jetzt Mitglied werden<\/span>\n\t\t\t\t\t<\/span>\n\t\t\t\t\t<\/a>\n\t\t\t\t\t\t\t\t<\/div>\n\t\t\t\t<\/div>\n\t\t\t\t<\/div>\n\t\t\t\t<\/div>\n\t\t\t\t<\/div>\n\t\t\t\t<\/div>\n\t\t\t\t\t<\/div>\n\t\t\t\t<\/div>\n\t\t\t\t<\/div>\n\t\t\t\t<\/div>","protected":false},"excerpt":{"rendered":"<p>Satzung Satzung vom 29.01.2020 \u00a7 1 Name, Sitz und Gesch\u00e4ftsjahr Der Verein f\u00fchrt den Namen: Zentrum f\u00fcr Selbstbestimmtes Leben Behinderter e.V. (Abk\u00fcrzung: ZSL e.V.). Der Verein hat seinen Sitz in Erlangen und ist ins Vereinsregister eingetragen. Gesch\u00e4ftsjahr ist das Kalenderjahr. \u00a7 2 Zweck und Ziele Ziele des Vereins sind die Interessenvertretung f\u00fcr die Gleichstellung, Selbstbestimmung [&hellip;]<\/p>","protected":false},"author":1,"featured_media":0,"parent":0,"menu_order":0,"comment_status":"closed","ping_status":"closed","template":"","meta":{"footnotes":""},"class_list":["post-2139","page","type-page","status-publish","hentry"],"_hostinger_reach_plugin_has_subscription_block":false,"_hostinger_reach_plugin_is_elementor":false,"_links":{"self":[{"href":"https:\/\/zsl.webwolfdesign.eu\/es\/wp-json\/wp\/v2\/pages\/2139","targetHints":{"allow":["GET"]}}],"collection":[{"href":"https:\/\/zsl.webwolfdesign.eu\/es\/wp-json\/wp\/v2\/pages"}],"about":[{"href":"https:\/\/zsl.webwolfdesign.eu\/es\/wp-json\/wp\/v2\/types\/page"}],"author":[{"embeddable":true,"href":"https:\/\/zsl.webwolfdesign.eu\/es\/wp-json\/wp\/v2\/users\/1"}],"replies":[{"embeddable":true,"href":"https:\/\/zsl.webwolfdesign.eu\/es\/wp-json\/wp\/v2\/comments?post=2139"}],"version-history":[{"count":55,"href":"https:\/\/zsl.webwolfdesign.eu\/es\/wp-json\/wp\/v2\/pages\/2139\/revisions"}],"predecessor-version":[{"id":2415,"href":"https:\/\/zsl.webwolfdesign.eu\/es\/wp-json\/wp\/v2\/pages\/2139\/revisions\/2415"}],"wp:attachment":[{"href":"https:\/\/zsl.webwolfdesign.eu\/es\/wp-json\/wp\/v2\/media?parent=2139"}],"curies":[{"name":"wp","href":"https:\/\/api.w.org\/{rel}","templated":true}]}}