{"id":2191,"date":"2026-01-10T12:51:31","date_gmt":"2026-01-10T12:51:31","guid":{"rendered":"https:\/\/zsl.webwolfdesign.eu\/?page_id=2191"},"modified":"2026-03-16T08:43:04","modified_gmt":"2026-03-16T08:43:04","slug":"satzung-leichte-sprache","status":"publish","type":"page","link":"https:\/\/zsl.webwolfdesign.eu\/es\/satzung-leichte-sprache\/","title":{"rendered":"Satzung-leichte-sprache"},"content":{"rendered":"<div data-elementor-type=\"wp-page\" data-elementor-id=\"2191\" class=\"elementor elementor-2191\" data-elementor-post-type=\"page\">\n\t\t\t\t<div class=\"elementor-element elementor-element-69cb297 e-con-full e-flex e-con e-child\" data-id=\"69cb297\" data-element_type=\"container\" data-settings=\"{&quot;background_background&quot;:&quot;classic&quot;}\">\n\t\t\t\t<div class=\"elementor-element elementor-element-303442e elementor-widget elementor-widget-heading\" data-id=\"303442e\" data-element_type=\"widget\" data-widget_type=\"heading.default\">\n\t\t\t\t\t<h2 class=\"elementor-heading-title elementor-size-default\">Seite in einfacher Sprache<\/h2>\t\t\t\t<\/div>\n\t\t<div class=\"elementor-element elementor-element-b74631f e-flex e-con-boxed e-con e-child\" data-id=\"b74631f\" data-element_type=\"container\" data-settings=\"{&quot;background_background&quot;:&quot;classic&quot;}\">\n\t\t\t\t\t<div class=\"e-con-inner\">\n\t\t<div class=\"elementor-element elementor-element-beee77e e-con-full e-flex e-con e-child\" data-id=\"beee77e\" data-element_type=\"container\" data-settings=\"{&quot;background_background&quot;:&quot;classic&quot;}\">\n\t\t<div class=\"elementor-element elementor-element-f4cd5ec e-con-full e-flex e-con e-child\" data-id=\"f4cd5ec\" data-element_type=\"container\">\n\t\t\t\t<div class=\"elementor-element elementor-element-ce250d8 elementor-widget elementor-widget-heading\" data-id=\"ce250d8\" data-element_type=\"widget\" data-widget_type=\"heading.default\">\n\t\t\t\t\t<h2 class=\"elementor-heading-title elementor-size-default\">Estatutos<\/h2>\t\t\t\t<\/div>\n\t\t\t\t<div class=\"elementor-element elementor-element-1c673b1 elementor-widget elementor-widget-text-editor\" data-id=\"1c673b1\" data-element_type=\"widget\" data-widget_type=\"text-editor.default\">\n\t\t\t\t\t\t\t\t\t<div class=\"satzung leichtesprache\"><p style=\"text-align: center;\"><strong>Satzung in Leichter Sprache (Stand: 29.01.2020)<\/strong><\/p><p style=\"text-align: center;\">Wichtig: Das ist eine vereinfachte Erkl\u00e4rung. Rechtlich gilt immer die Original-Satzung.<\/p><h3 style=\"text-align: center;\">\u00a7 1<\/h3><h4 style=\"text-align: center;\">Name, Sitz, Jahr<\/h4><ul><li>Der Verein hei\u00dft: Zentrum f\u00fcr Selbstbestimmtes Leben Behinderter e.V. Kurz: ZSL e.V.<\/li><li>Der Verein ist in Erlangen und ist im Vereinsregister eingetragen.<\/li><li>Das Vereinsjahr ist immer vom 1. Januar bis 31. Dezember.<\/li><\/ul><h3 style=\"text-align: center;\">\u00a7 2<\/h3><h4 style=\"text-align: center;\">Ziele und Aufgaben<\/h4><p>Der Verein setzt sich ein f\u00fcr Menschen mit Behinderung und f\u00fcr Menschen mit chronischer Krankheit.<\/p><p>Der Verein will:<\/p><ul><li>Gleichstellung<\/li><li>Selbstbestimmung<\/li><li>volle Teilhabe in der Gesellschaft<\/li><li>keine Diskriminierung (keine Benachteiligung)<\/li><\/ul><p>Der Verein macht auch Beratung und Unterst\u00fctzung. Besonders wichtig ist pers\u00f6nliche Assistenz.<\/p><p>Assistenz hei\u00dft: Menschen helfen im Alltag. Die betroffene Person bestimmt, wie geholfen wird.<\/p><p>So erreicht der Verein seine Ziele:<\/p><ol class=\"alpha\"><li>Im Verein entscheiden vor allem Menschen mit Behinderung.<\/li><li>Beratung ist oft von betroffenen Menschen f\u00fcr betroffene Menschen. Das hei\u00dft Peer Counseling.<\/li><\/ol><p>Der Verein vertritt diese Interessen auch nach au\u00dfen. Der Verein setzt sich gegen Entwicklungen ein, die das Leben von behinderten Menschen gef\u00e4hrden.<\/p><p>Der Verein erreicht seine Ziele zum Beispiel so:<\/p><ul><li>Er betreibt eine Beratungsstelle.<\/li><li>Er organisiert Assistenz.<\/li><li>Er f\u00f6rdert Arbeit f\u00fcr Menschen mit Behinderung (auch \u00fcber ACCESS \u2013 Inklusion im Arbeitsleben gGmbH in Erlangen).<\/li><li>Er unterst\u00fctzt Projekte zu sozialen Themen, Arbeit, Politik, Gesundheit und Bildung.<\/li><li>Er arbeitet mit anderen Organisationen zusammen.<\/li><\/ul><p>Im Verein arbeiten bezahlte und ehrenamtliche Menschen. Ehrenamtlich hei\u00dft: ohne Lohn.<\/p><p>Der Verein ist nicht an Parteien und nicht an eine Religion gebunden.<\/p><p>Der Verein ist gemeinn\u00fctzig und mildt\u00e4tig. Das hei\u00dft: Er arbeitet f\u00fcr das Gemeinwohl und hilft Menschen. Der Verein arbeitet nicht, um Gewinn zu machen.<\/p><h3 style=\"text-align: center;\">\u00a7 3<\/h3><h4 style=\"text-align: center;\">Afiliaci\u00f3n<\/h4><p>Es gibt zwei Arten von Mitgliedschaft:<\/p><h4>1) Mitglieder mit Stimmrecht<\/h4><ul><li>Das k\u00f6nnen Menschen mit Behinderung oder chronischer Krankheit werden.<\/li><li>Sie m\u00fcssen mindestens 16 Jahre alt sein.<\/li><\/ul><h4>2) F\u00f6rdermitglieder<\/h4><ul><li>Das k\u00f6nnen Personen oder Organisationen sein.<\/li><li>Sie unterst\u00fctzen den Verein.<\/li><li>Sie d\u00fcrfen reden und Antr\u00e4ge stellen.<\/li><li>Sie d\u00fcrfen nicht abstimmen.<\/li><\/ul><p>Mitglied wird man so: Man stellt einen Antrag beim Vereinsrat. Der Vereinsrat entscheidet.<\/p><p>Die Mitgliedschaft endet so:<\/p><ol class=\"alpha\"><li>Wenn das Mitglied stirbt.<\/li><li>Durch Austritt: schriftlich an den Vereinsrat.<\/li><li>Durch Ausschluss: dar\u00fcber entscheidet die Mitgliederversammlung mit 2\/3 Mehrheit. Vorher hat das Mitglied 14 Tage Zeit f\u00fcr eine schriftliche Stellungnahme.<\/li><li>Wenn man 2 Jahre lang keinen Beitrag bezahlt.<\/li><\/ol><h3 style=\"text-align: center;\">\u00a7 4<\/h3><h4 style=\"text-align: center;\">Rechte und Pflichten<\/h4><p>Mitglieder d\u00fcrfen in der Mitgliederversammlung Fragen stellen, mitreden und Antr\u00e4ge stellen.<\/p><p>Antr\u00e4ge m\u00fcssen sp\u00e4testens 2 Wochen vor der Mitgliederversammlung abgegeben werden.<\/p><p>Mitglieder sollen den Verein unterst\u00fctzen und helfen, die Ziele zu erreichen.<\/p><h3 style=\"text-align: center;\">\u00a7 5<\/h3><h4 style=\"text-align: center;\">Cuota de afiliaci\u00f3n<\/h4><ul><li>Mitglieder zahlen einen Beitrag.<\/li><li>Die Mitgliederversammlung entscheidet \u00fcber den Mindest-Beitrag.<\/li><li>Der Beitrag muss bis 30. Juni bezahlt werden.<\/li><li>In besonderen F\u00e4llen kann der Vereinsrat den Beitrag senken, sp\u00e4ter zahlen lassen oder erlassen.<\/li><\/ul><h3 style=\"text-align: center;\">\u00a7 6<\/h3><h4 style=\"text-align: center;\">Organe des Vereins<\/h4><p>Der Verein hat drei wichtige Gruppen:<\/p><ol class=\"alpha\"><li>Mitgliederversammlung<\/li><li>Vereinsrat<\/li><li>Vorstand<\/li><\/ol><h3 style=\"text-align: center;\">\u00a7 7<\/h3><h4 style=\"text-align: center;\">Mitgliederversammlung (MV)<\/h4><ul><li>In der Mitgliederversammlung sind alle Mitglieder und F\u00f6rdermitglieder.<\/li><li>Die Sitzung ist normalerweise nicht \u00f6ffentlich. Der Vereinsrat kann Ausnahmen erlauben.<\/li><\/ul><p>Einladung zur Mitgliederversammlung:<\/p><ul><li>schriftlich oder per E-Mail<\/li><li>mit Tagesordnung<\/li><li>sp\u00e4testens 4 Wochen vorher<\/li><\/ul><p>Antr\u00e4ge zur Tagesordnung:<\/p><ul><li>sp\u00e4testens 2 Wochen vorher beim Vereinsrat einreichen<\/li><li>Satzungs\u00e4nderung oder Aufl\u00f6sung geht nur, wenn das vorher in der Einladung angek\u00fcndigt war<\/li><\/ul><p>Abstimmung:<\/p><ul><li>Die Mitgliederversammlung kann beschlie\u00dfen, egal wie viele stimmberechtigte Mitglieder kommen.<\/li><li>Jedes stimmberechtigte Mitglied hat eine Stimme.<\/li><li>Geheime Abstimmung gibt es, wenn jemand das verlangt.<\/li><li>Vertretung ist nicht erlaubt. Man kann nicht \u201ef\u00fcr andere\u201c abstimmen.<\/li><\/ul><p>Der Vereinsrat muss die Mitgliederversammlung einberufen:<\/p><ul><li>mindestens 1 Mal im Jahr<\/li><li>oder wenn es wichtig ist<\/li><li>oder wenn 1\/3 der Mitglieder das schriftlich verlangt<\/li><\/ul><p>Die Mitgliederversammlung entscheidet zum Beispiel \u00fcber:<\/p><ul><li>Wahl des Vereinsrats (f\u00fcr 3 Jahre)<\/li><li>Wahl von 2 Rechnungspr\u00fcfer*innen (f\u00fcr 3 Jahre)<\/li><li>Entlastung von Vorstand und Vereinsrat (das hei\u00dft: \u201eIhr habt eure Arbeit richtig gemacht.\u201c)<\/li><li>H\u00f6he der Mitgliedsbeitr\u00e4ge<\/li><li>Antr\u00e4ge<\/li><li>Satzungs\u00e4nderungen<\/li><li>Mitgliedschaften in anderen Vereinen oder Gesellschaften<\/li><li>Aufl\u00f6sung des Vereins<\/li><\/ul><p>Mehrheiten:<\/p><ul><li>Normal: einfache Mehrheit<\/li><li>Satzungs\u00e4nderung: 2\/3 Mehrheit<\/li><li>Aufl\u00f6sung: 3\/4 Mehrheit<\/li><\/ul><p>Protokoll:<\/p><ul><li>Es gibt ein Ergebnis-Protokoll.<\/li><li>Es wird innerhalb von 4 Wochen verschickt.<\/li><li>Widerspruch ist 4 Wochen lang m\u00f6glich. Dann entscheidet der Vereinsrat.<\/li><\/ul><h3 style=\"text-align: center;\">\u00a7 8<\/h3><h4 style=\"text-align: center;\">Vereinsrat<\/h4><ul><li>Der Vereinsrat hat mindestens 3 und h\u00f6chstens 5 Mitglieder.<\/li><li>Alle sind vollj\u00e4hrig und stimmberechtigte Vereinsmitglieder.<\/li><li>Vereinsrats-Mitglieder d\u00fcrfen nicht hauptamtlich beim Verein angestellt sein.<\/li><li>Der Vereinsrat wird f\u00fcr 3 Jahre gew\u00e4hlt.<\/li><\/ul><p>Ehrenamtliche bekommen Auslagen ersetzt (zum Beispiel Fahrtkosten).<\/p><p>Es kann auch eine Ehrenamts-Pauschale geben. Dar\u00fcber entscheidet die Mitgliederversammlung.<\/p><p>Der Vereinsrat kann Regeln f\u00fcr seine Arbeit aufschreiben. Das hei\u00dft Gesch\u00e4ftsordnung.<\/p><p>Aufgaben des Vereinsrats:<\/p><ul><li>Er ber\u00e4t \u00fcber wichtige Ziele des Vereins.<\/li><li>Er w\u00e4hlt den Vorstand.<\/li><li>Er macht Vertr\u00e4ge mit dem Vorstand.<\/li><li>Er kontrolliert den Vorstand.<\/li><li>Er darf Fachleute hinzuziehen (zum Beispiel Wirtschaftspr\u00fcfer).<\/li><li>Er bekommt wichtige Informationen vom Vorstand.<\/li><li>Er beschlie\u00dft den Wirtschaftsplan (Plan f\u00fcr Geld und Ausgaben).<\/li><li>Er stellt den Jahresabschluss fest.<\/li><li>Er kann besondere Vertreter bestellen (f\u00fcr bestimmte Aufgaben).<\/li><\/ul><p>Sitzungen des Vereinsrats:<\/p><ul><li>meistens 1 Mal pro Vierteljahr<\/li><li>Einladung mindestens 2 Wochen vorher<\/li><li>Vorstands-Mitglieder k\u00f6nnen eingeladen werden und d\u00fcrfen dann reden und Antr\u00e4ge stellen<\/li><li>Beschl\u00fcsse sind mit einfacher Mehrheit<\/li><li>Es gibt ein Protokoll<\/li><\/ul><h3 style=\"text-align: center;\">\u00a7 9<\/h3><h4 style=\"text-align: center;\">Vorstand<\/h4><p>Der Vorstand ist die Leitung des Vereins. Der Vorstand vertritt den Verein nach au\u00dfen.<\/p><p>Der Verein hat einen oder mehrere Vorst\u00e4nde.<\/p><p>Normalerweise m\u00fcssen Vorstands-Mitglieder Menschen mit Behinderung oder chronischer Krankheit sein.<\/p><p>Ausnahmen sind m\u00f6glich, wenn die Mitgliederversammlung mit 2\/3 Mehrheit zustimmt.<\/p><p>Der Vereinsrat regelt in einer Gesch\u00e4ftsordnung:<\/p><ul><li>wer wof\u00fcr zust\u00e4ndig ist<\/li><li>welche Entscheidungen extra Zustimmung brauchen<\/li><\/ul><p>Der Vorstand arbeitet hauptamtlich. Das hei\u00dft: als bezahlte Arbeit mit Vertrag.<\/p><p>Wenn es mehrere Vorst\u00e4nde gibt, vertreten mindestens zwei zusammen den Verein.<\/p><p>Wahl und Amtszeit:<\/p><ul><li>Der Vereinsrat w\u00e4hlt die Vorst\u00e4nde.<\/li><li>Amtszeit: 4 Jahre.<\/li><li>Der Vorstand bleibt im Amt, bis ein neuer Vorstand da ist.<\/li><\/ul><p>Aufgaben des Vorstands:<\/p><ul><li>Er f\u00fchrt die Gesch\u00e4fte des Vereins.<\/li><li>Er erledigt alles, was nicht ausdr\u00fccklich andere entscheiden.<\/li><li>Er vertritt den Verein gerichtlich und au\u00dfergerichtlich.<\/li><\/ul><h3 style=\"text-align: center;\">\u00a7 10<\/h3><h4 style=\"text-align: center;\">Aufl\u00f6sung<\/h4><p>Wenn der Verein aufgel\u00f6st wird, dann geht das restliche Geld an:<\/p><p><strong>ACCESS \u2013 Inklusion im Arbeitsleben gemeinn\u00fctzige GmbH<\/strong> in Erlangen.<\/p><p>Dieses Geld darf nur f\u00fcr wohlt\u00e4tige Zwecke genutzt werden.<\/p><\/div>\t\t\t\t\t\t\t\t<\/div>\n\t\t<div class=\"elementor-element elementor-element-9d29177 e-con-full e-flex e-con e-child\" data-id=\"9d29177\" data-element_type=\"container\">\n\t\t\t\t<div class=\"elementor-element elementor-element-a955890 elementor-widget elementor-widget-heading\" data-id=\"a955890\" data-element_type=\"widget\" data-widget_type=\"heading.default\">\n\t\t\t\t\t<h2 class=\"elementor-heading-title elementor-size-default\">Afiliarse<\/h2>\t\t\t\t<\/div>\n\t\t<div class=\"elementor-element elementor-element-b19cf70 e-con-full e-transform e-flex e-con e-child\" data-id=\"b19cf70\" data-element_type=\"container\" data-settings=\"{&quot;background_background&quot;:&quot;classic&quot;,&quot;_transform_flipX_effect&quot;:&quot;transform&quot;}\">\n\t\t<div class=\"elementor-element elementor-element-8f88492 e-con-full elementor-hidden-mobile e-flex e-con e-child\" data-id=\"8f88492\" data-element_type=\"container\">\n\t\t\t\t<\/div>\n\t\t<div class=\"elementor-element elementor-element-b241631 e-con-full e-transform e-flex e-con e-child\" data-id=\"b241631\" data-element_type=\"container\" data-settings=\"{&quot;background_background&quot;:&quot;classic&quot;,&quot;_transform_flipX_effect&quot;:&quot;transform&quot;}\">\n\t\t\t\t<div class=\"elementor-element elementor-element-0b355e6 elementor-widget elementor-widget-heading\" data-id=\"0b355e6\" data-element_type=\"widget\" data-widget_type=\"heading.default\">\n\t\t\t\t\t<h2 class=\"elementor-heading-title elementor-size-default\">Machen Sie mit \u2013 und helfen Sie, Selbstbestimmung und Inklusion konkret voranzubringen!<\/h2>\t\t\t\t<\/div>\n\t\t\t\t<div class=\"elementor-element elementor-element-4f60d1e elementor-widget elementor-widget-button\" data-id=\"4f60d1e\" data-element_type=\"widget\" data-widget_type=\"button.default\">\n\t\t\t\t\t\t\t\t\t\t<a class=\"elementor-button elementor-button-link elementor-size-sm\" href=\"https:\/\/zsl.webwolfdesign.eu\/es\/mitglied-werden\/\">\n\t\t\t\t\t\t<span class=\"elementor-button-content-wrapper\">\n\t\t\t\t\t\t\t\t\t<span class=\"elementor-button-text\">jetzt Mitglied werden<\/span>\n\t\t\t\t\t<\/span>\n\t\t\t\t\t<\/a>\n\t\t\t\t\t\t\t\t<\/div>\n\t\t\t\t<\/div>\n\t\t\t\t<\/div>\n\t\t\t\t<\/div>\n\t\t\t\t<\/div>\n\t\t\t\t<\/div>\n\t\t\t\t\t<\/div>\n\t\t\t\t<\/div>\n\t\t\t\t<\/div>\n\t\t\t\t<\/div>","protected":false},"excerpt":{"rendered":"<p>Seite in einfacher Sprache Satzung Satzung in Leichter Sprache (Stand: 29.01.2020) Wichtig: Das ist eine vereinfachte Erkl\u00e4rung. Rechtlich gilt immer die Original-Satzung. \u00a7 1 Name, Sitz, Jahr Der Verein hei\u00dft: Zentrum f\u00fcr Selbstbestimmtes Leben Behinderter e.V. Kurz: ZSL e.V. Der Verein ist in Erlangen und ist im Vereinsregister eingetragen. Das Vereinsjahr ist immer vom 1. [&hellip;]<\/p>","protected":false},"author":1,"featured_media":0,"parent":0,"menu_order":0,"comment_status":"closed","ping_status":"closed","template":"","meta":{"footnotes":""},"class_list":["post-2191","page","type-page","status-publish","hentry"],"_hostinger_reach_plugin_has_subscription_block":false,"_hostinger_reach_plugin_is_elementor":false,"_links":{"self":[{"href":"https:\/\/zsl.webwolfdesign.eu\/es\/wp-json\/wp\/v2\/pages\/2191","targetHints":{"allow":["GET"]}}],"collection":[{"href":"https:\/\/zsl.webwolfdesign.eu\/es\/wp-json\/wp\/v2\/pages"}],"about":[{"href":"https:\/\/zsl.webwolfdesign.eu\/es\/wp-json\/wp\/v2\/types\/page"}],"author":[{"embeddable":true,"href":"https:\/\/zsl.webwolfdesign.eu\/es\/wp-json\/wp\/v2\/users\/1"}],"replies":[{"embeddable":true,"href":"https:\/\/zsl.webwolfdesign.eu\/es\/wp-json\/wp\/v2\/comments?post=2191"}],"version-history":[{"count":19,"href":"https:\/\/zsl.webwolfdesign.eu\/es\/wp-json\/wp\/v2\/pages\/2191\/revisions"}],"predecessor-version":[{"id":3531,"href":"https:\/\/zsl.webwolfdesign.eu\/es\/wp-json\/wp\/v2\/pages\/2191\/revisions\/3531"}],"wp:attachment":[{"href":"https:\/\/zsl.webwolfdesign.eu\/es\/wp-json\/wp\/v2\/media?parent=2191"}],"curies":[{"name":"wp","href":"https:\/\/api.w.org\/{rel}","templated":true}]}}