{"id":2217,"date":"2026-01-10T13:14:59","date_gmt":"2026-01-10T13:14:59","guid":{"rendered":"https:\/\/zsl.webwolfdesign.eu\/?page_id=2217"},"modified":"2026-01-28T12:05:22","modified_gmt":"2026-01-28T12:05:22","slug":"mitglied-werden","status":"publish","type":"page","link":"https:\/\/zsl.webwolfdesign.eu\/es\/mitglied-werden\/","title":{"rendered":"Afiliarse"},"content":{"rendered":"<div data-elementor-type=\"wp-page\" data-elementor-id=\"2217\" class=\"elementor elementor-2217\" data-elementor-post-type=\"page\">\n\t\t\t\t<div class=\"elementor-element elementor-element-be57fef e-con-full e-flex e-con e-child\" data-id=\"be57fef\" data-element_type=\"container\" data-settings=\"{&quot;background_background&quot;:&quot;classic&quot;}\">\n\t\t<div class=\"elementor-element elementor-element-a4a3f48 e-flex e-con-boxed e-con e-child\" data-id=\"a4a3f48\" data-element_type=\"container\" data-settings=\"{&quot;background_background&quot;:&quot;classic&quot;}\">\n\t\t\t\t\t<div class=\"e-con-inner\">\n\t\t<div class=\"elementor-element elementor-element-849e6f3 e-con-full e-flex e-con e-child\" data-id=\"849e6f3\" data-element_type=\"container\" data-settings=\"{&quot;background_background&quot;:&quot;classic&quot;}\">\n\t\t\t\t<div class=\"elementor-element elementor-element-b49f432 elementor-widget__width-initial elementor-widget elementor-widget-heading\" data-id=\"b49f432\" data-element_type=\"widget\" data-widget_type=\"heading.default\">\n\t\t\t\t\t<h2 class=\"elementor-heading-title elementor-size-default\">Afiliarse<\/h2>\t\t\t\t<\/div>\n\t\t\t\t<\/div>\n\t\t<div class=\"elementor-element elementor-element-464432e e-con-full e-flex e-con e-child\" data-id=\"464432e\" data-element_type=\"container\" data-settings=\"{&quot;background_background&quot;:&quot;classic&quot;}\">\n\t\t<div class=\"elementor-element elementor-element-81246ee e-con-full e-flex e-con e-child\" data-id=\"81246ee\" data-element_type=\"container\">\n\t\t\t\t<div class=\"elementor-element elementor-element-edac9ab elementor-widget elementor-widget-text-editor\" data-id=\"edac9ab\" data-element_type=\"widget\" data-widget_type=\"text-editor.default\">\n\t\t\t\t\t\t\t\t\t<p data-start=\"0\" data-end=\"290\">Werden Sie Mitglied im Zentrum f\u00fcr Selbstbestimmtes Leben Behinderter e.V. (ZSL e.V.) und unterst\u00fctzen Sie seit 1988 das Motto \u201eNichts \u00fcber uns ohne uns!\u201c: Selbstvertretung, Inklusion und gleichberechtigte Teilhabe von Menschen mit Behinderung.<\/p><p data-start=\"292\" data-end=\"550\">Mit Ihrer Mitgliedschaft st\u00e4rken Sie unsere gemeinn\u00fctzige Arbeit \u2013 Beratung (OBA\/EUTB), Angebote der AssistenzOrganisation in Erlangen sowie Projekte und Aktionen f\u00fcr Barrierefreiheit und Bewusstseinsbildung.<\/p><p data-start=\"552\" data-end=\"573\">Mitgliedschaft:<\/p><ul><li data-start=\"574\" data-end=\"728\"><p data-start=\"576\" data-end=\"728\">Stimmberechtigt f\u00fcr behinderte\/chronisch kranke Menschen ab 16: Mitentscheiden in der Mitgliederversammlung.<\/p><\/li><li data-start=\"731\" data-end=\"856\">F\u00f6rdermitglied: Unterst\u00fctzen, mitreden und Antr\u00e4ge stellen, aber ohne Stimmrecht.<br \/><br \/><\/li><\/ul><p data-start=\"731\" data-end=\"856\">Beitrag: 30 \u20ac pro Jahr (Stand 2025), f\u00e4llig bis 30. Juni; in begr\u00fcndeten F\u00e4llen ist eine Erm\u00e4\u00dfigung, Stundung oder ein Erlass m\u00f6glich.<\/p>\t\t\t\t\t\t\t\t<\/div>\n\t\t<div class=\"elementor-element elementor-element-9f52164 e-con-full e-transform e-flex e-con e-child\" data-id=\"9f52164\" data-element_type=\"container\" data-settings=\"{&quot;background_background&quot;:&quot;classic&quot;,&quot;_transform_flipX_effect&quot;:&quot;transform&quot;}\">\n\t\t<div class=\"elementor-element elementor-element-20029fa e-con-full elementor-hidden-mobile e-flex e-con e-child\" data-id=\"20029fa\" data-element_type=\"container\">\n\t\t\t\t<\/div>\n\t\t<div class=\"elementor-element elementor-element-2bb0bde e-con-full e-transform e-flex e-con e-child\" data-id=\"2bb0bde\" data-element_type=\"container\" data-settings=\"{&quot;background_background&quot;:&quot;classic&quot;,&quot;_transform_flipX_effect&quot;:&quot;transform&quot;}\">\n\t\t\t\t<div class=\"elementor-element elementor-element-c0c4d3d elementor-widget elementor-widget-heading\" data-id=\"c0c4d3d\" data-element_type=\"widget\" data-widget_type=\"heading.default\">\n\t\t\t\t\t<h2 class=\"elementor-heading-title elementor-size-default\">Machen Sie mit \u2013 und helfen Sie, Selbstbestimmung und Inklusion konkret voranzubringen!<\/h2>\t\t\t\t<\/div>\n\t\t\t\t<div class=\"elementor-element elementor-element-2deb9f8 elementor-widget elementor-widget-button\" data-id=\"2deb9f8\" data-element_type=\"widget\" data-widget_type=\"button.default\">\n\t\t\t\t\t\t\t\t\t\t<a class=\"elementor-button elementor-button-link elementor-size-sm\" href=\"https:\/\/zsl.webwolfdesign.eu\/wp-content\/uploads\/2026\/01\/Antrag-auf-Mitgliedschaft.pdf\">\n\t\t\t\t\t\t<span class=\"elementor-button-content-wrapper\">\n\t\t\t\t\t\t\t\t\t<span class=\"elementor-button-text\">Mitgliedschaftsantrag herunterladen<\/span>\n\t\t\t\t\t<\/span>\n\t\t\t\t\t<\/a>\n\t\t\t\t\t\t\t\t<\/div>\n\t\t\t\t<\/div>\n\t\t\t\t<\/div>\n\t\t\t\t<\/div>\n\t\t\t\t<\/div>\n\t\t\t\t\t<\/div>\n\t\t\t\t<\/div>\n\t\t\t\t<\/div>\n\t\t\t\t<\/div>","protected":false},"excerpt":{"rendered":"<p>Mitglied werden Werden Sie Mitglied im Zentrum f\u00fcr Selbstbestimmtes Leben Behinderter e.V. (ZSL e.V.) und unterst\u00fctzen Sie seit 1988 das Motto \u201eNichts \u00fcber uns ohne uns!\u201c: Selbstvertretung, Inklusion und gleichberechtigte Teilhabe von Menschen mit Behinderung. Mit Ihrer Mitgliedschaft st\u00e4rken Sie unsere gemeinn\u00fctzige Arbeit \u2013 Beratung (OBA\/EUTB), Angebote der AssistenzOrganisation in Erlangen sowie Projekte und Aktionen [&hellip;]<\/p>","protected":false},"author":1,"featured_media":0,"parent":0,"menu_order":0,"comment_status":"closed","ping_status":"closed","template":"","meta":{"footnotes":""},"class_list":["post-2217","page","type-page","status-publish","hentry"],"_hostinger_reach_plugin_has_subscription_block":false,"_hostinger_reach_plugin_is_elementor":false,"_links":{"self":[{"href":"https:\/\/zsl.webwolfdesign.eu\/es\/wp-json\/wp\/v2\/pages\/2217","targetHints":{"allow":["GET"]}}],"collection":[{"href":"https:\/\/zsl.webwolfdesign.eu\/es\/wp-json\/wp\/v2\/pages"}],"about":[{"href":"https:\/\/zsl.webwolfdesign.eu\/es\/wp-json\/wp\/v2\/types\/page"}],"author":[{"embeddable":true,"href":"https:\/\/zsl.webwolfdesign.eu\/es\/wp-json\/wp\/v2\/users\/1"}],"replies":[{"embeddable":true,"href":"https:\/\/zsl.webwolfdesign.eu\/es\/wp-json\/wp\/v2\/comments?post=2217"}],"version-history":[{"count":19,"href":"https:\/\/zsl.webwolfdesign.eu\/es\/wp-json\/wp\/v2\/pages\/2217\/revisions"}],"predecessor-version":[{"id":3178,"href":"https:\/\/zsl.webwolfdesign.eu\/es\/wp-json\/wp\/v2\/pages\/2217\/revisions\/3178"}],"wp:attachment":[{"href":"https:\/\/zsl.webwolfdesign.eu\/es\/wp-json\/wp\/v2\/media?parent=2217"}],"curies":[{"name":"wp","href":"https:\/\/api.w.org\/{rel}","templated":true}]}}