{"id":2732,"date":"2026-01-25T10:19:47","date_gmt":"2026-01-25T10:19:47","guid":{"rendered":"https:\/\/zsl.webwolfdesign.eu\/?page_id=2732"},"modified":"2026-03-16T10:27:15","modified_gmt":"2026-03-16T10:27:15","slug":"datenschutzerklaerung-leichte-sprache","status":"publish","type":"page","link":"https:\/\/zsl.webwolfdesign.eu\/es\/datenschutzerklaerung-leichte-sprache\/","title":{"rendered":"Datenschutzerkl\u00e4rung-leichte-sprache"},"content":{"rendered":"<div data-elementor-type=\"wp-page\" data-elementor-id=\"2732\" class=\"elementor elementor-2732\" data-elementor-post-type=\"page\">\n\t\t\t\t<div class=\"elementor-element elementor-element-69cb297 e-con-full e-flex e-con e-child\" data-id=\"69cb297\" data-element_type=\"container\">\n\t\t\t\t<div class=\"elementor-element elementor-element-ad43895 elementor-widget elementor-widget-heading\" data-id=\"ad43895\" data-element_type=\"widget\" data-widget_type=\"heading.default\">\n\t\t\t\t\t<h2 class=\"elementor-heading-title elementor-size-default\">Seite in einfacher Sprache<\/h2>\t\t\t\t<\/div>\n\t\t<div class=\"elementor-element elementor-element-b74631f e-flex e-con-boxed e-con e-child\" data-id=\"b74631f\" data-element_type=\"container\" data-settings=\"{&quot;background_background&quot;:&quot;classic&quot;}\">\n\t\t\t\t\t<div class=\"e-con-inner\">\n\t\t<div class=\"elementor-element elementor-element-b97cce5 e-con-full e-flex e-con e-child\" data-id=\"b97cce5\" data-element_type=\"container\" data-settings=\"{&quot;background_background&quot;:&quot;classic&quot;}\">\n\t\t\t\t<div class=\"elementor-element elementor-element-ce250d8 elementor-widget__width-initial elementor-widget elementor-widget-heading\" data-id=\"ce250d8\" data-element_type=\"widget\" data-widget_type=\"heading.default\">\n\t\t\t\t\t<h2 class=\"elementor-heading-title elementor-size-default\">Datenschutzerkl\u00e4rung<\/h2>\t\t\t\t<\/div>\n\t\t\t\t<\/div>\n\t\t<div class=\"elementor-element elementor-element-beee77e e-con-full e-flex e-con e-child\" data-id=\"beee77e\" data-element_type=\"container\" data-settings=\"{&quot;background_background&quot;:&quot;classic&quot;}\">\n\t\t<div class=\"elementor-element elementor-element-f4cd5ec e-con-full e-flex e-con e-child\" data-id=\"f4cd5ec\" data-element_type=\"container\">\n\t\t\t\t<div class=\"elementor-element elementor-element-2eb5d52 elementor-widget elementor-widget-text-editor\" data-id=\"2eb5d52\" data-element_type=\"widget\" data-widget_type=\"text-editor.default\">\n\t\t\t\t\t\t\t\t\t<h2 data-start=\"85\" data-end=\"119\">Datenschutz in Leichter Sprache<\/h2><p data-start=\"121\" data-end=\"353\">Der Schutz Ihrer pers\u00f6nlichen Daten ist uns sehr wichtig.<br data-start=\"178\" data-end=\"181\" \/>Wir gehen mit Ihren Daten <strong data-start=\"207\" data-end=\"221\">vorsichtig<\/strong> um.<br data-start=\"225\" data-end=\"228\" \/>Wir behandeln Ihre Daten <strong data-start=\"253\" data-end=\"268\">vertraulich<\/strong>.<br data-start=\"269\" data-end=\"272\" \/>Wir halten uns an die <strong data-start=\"294\" data-end=\"317\">Datenschutz-Gesetze<\/strong> und an diese Datenschutz-Erkl\u00e4rung.<\/p><h3 data-start=\"355\" data-end=\"405\">Worum geht es in dieser Datenschutz-Erkl\u00e4rung?<\/h3><p data-start=\"406\" data-end=\"425\">Wir erkl\u00e4ren Ihnen:<\/p><ul data-start=\"426\" data-end=\"557\"><li data-start=\"426\" data-end=\"457\"><p data-start=\"428\" data-end=\"457\"><strong data-start=\"428\" data-end=\"444\">Welche Daten<\/strong> wir sammeln,<\/p><\/li><li data-start=\"458\" data-end=\"488\"><p data-start=\"460\" data-end=\"488\"><strong data-start=\"460\" data-end=\"469\">warum<\/strong> wir Daten sammeln,<\/p><\/li><li data-start=\"489\" data-end=\"516\"><p data-start=\"491\" data-end=\"516\"><strong data-start=\"491\" data-end=\"498\">wie<\/strong> wir Daten nutzen,<\/p><\/li><li data-start=\"517\" data-end=\"557\"><p data-start=\"519\" data-end=\"557\">y <strong data-start=\"523\" data-end=\"536\">wie lange<\/strong> wir Daten speichern.<\/p><\/li><\/ul><p data-start=\"559\" data-end=\"626\">Das gilt f\u00fcr unsere Webseite und f\u00fcr alle Seiten, die dazu geh\u00f6ren.<\/p><h3 data-start=\"628\" data-end=\"655\">Wer ist verantwortlich?<\/h3><p data-start=\"656\" data-end=\"789\">F\u00fcr die Daten auf dieser Webseite ist der <strong data-start=\"698\" data-end=\"724\">Betreiber der Webseite<\/strong> verantwortlich.<br data-start=\"740\" data-end=\"743\" \/>Die Kontakt-Daten finden Sie im <strong data-start=\"775\" data-end=\"788\">Pie de imprenta<\/strong>.<\/p><h3 data-start=\"791\" data-end=\"832\">Welche Daten k\u00f6nnen gesammelt werden?<\/h3><p data-start=\"833\" data-end=\"846\">Por ejemplo:<\/p><ul data-start=\"847\" data-end=\"1054\"><li data-start=\"847\" data-end=\"867\"><p data-start=\"849\" data-end=\"867\">Name und Adresse<\/p><\/li><li data-start=\"868\" data-end=\"905\"><p data-start=\"870\" data-end=\"905\">E-Mail-Adresse und Telefon-Nummer<\/p><\/li><li data-start=\"906\" data-end=\"960\"><p data-start=\"908\" data-end=\"960\">Texte, die Sie eingeben (z.B. im Kontakt-Formular)<\/p><\/li><li data-start=\"961\" data-end=\"1000\"><p data-start=\"963\" data-end=\"1000\">welche Seiten Sie besuchen und wann<\/p><\/li><li data-start=\"1001\" data-end=\"1054\"><p data-start=\"1003\" data-end=\"1054\">technische Daten (z.B. Ger\u00e4te-Infos und IP-Adresse)<\/p><\/li><\/ul><h3 data-start=\"1056\" data-end=\"1083\">Muss ich Daten angeben?<\/h3><p data-start=\"1084\" data-end=\"1295\">Sie k\u00f6nnen unsere Webseite meist <strong data-start=\"1117\" data-end=\"1143\">ohne pers\u00f6nliche Daten<\/strong> nutzen.<br data-start=\"1151\" data-end=\"1154\" \/>Wenn wir pers\u00f6nliche Daten abfragen, ist das meistens <strong data-start=\"1208\" data-end=\"1222\">freiwillig<\/strong>.<br data-start=\"1223\" data-end=\"1226\" \/>Wir geben Ihre Daten <strong data-start=\"1247\" data-end=\"1277\">nicht ohne Ihre Zustimmung<\/strong> an andere weiter.<\/p><h3 data-start=\"1297\" data-end=\"1339\">Server-Protokolle (Server-Log-Dateien)<\/h3><p data-start=\"1340\" data-end=\"1423\">Wenn Sie unsere Webseite besuchen, speichert der Server einige Infos, zum Beispiel:<\/p><ul data-start=\"1424\" data-end=\"1614\"><li data-start=\"1424\" data-end=\"1438\"><p data-start=\"1426\" data-end=\"1438\">IP-Adresse<\/p><\/li><li data-start=\"1439\" data-end=\"1460\"><p data-start=\"1441\" data-end=\"1460\">Datum und Uhrzeit<\/p><\/li><li data-start=\"1461\" data-end=\"1505\"><p data-start=\"1463\" data-end=\"1505\">welche Seite oder Datei aufgerufen wurde<\/p><\/li><li data-start=\"1506\" data-end=\"1536\"><p data-start=\"1508\" data-end=\"1536\">ob der Aufruf geklappt hat<\/p><\/li><li data-start=\"1537\" data-end=\"1576\"><p data-start=\"1539\" data-end=\"1576\">von welcher Seite Sie gekommen sind<\/p><\/li><li data-start=\"1577\" data-end=\"1614\"><p data-start=\"1579\" data-end=\"1614\">Such-W\u00f6rter (wenn Sie etwas suchen)<\/p><\/li><\/ul><p data-start=\"1616\" data-end=\"1773\">Diese Daten helfen uns f\u00fcr <strong data-start=\"1643\" data-end=\"1657\">Sicherheit<\/strong> und f\u00fcr den <strong data-start=\"1670\" data-end=\"1693\">technischen Betrieb<\/strong>.<br data-start=\"1694\" data-end=\"1697\" \/>Diese Daten k\u00f6nnen meistens <strong data-start=\"1725\" data-end=\"1765\">nicht direkt einer Person zugeordnet<\/strong> convertirse.<\/p><h3 data-start=\"1775\" data-end=\"1802\">Wof\u00fcr nutzen wir Daten?<\/h3><p data-start=\"1803\" data-end=\"1820\">Zum Beispiel f\u00fcr:<\/p><ul data-start=\"1821\" data-end=\"1981\"><li data-start=\"1821\" data-end=\"1849\"><p data-start=\"1823\" data-end=\"1849\">den Betrieb der Webseite<\/p><\/li><li data-start=\"1850\" data-end=\"1880\"><p data-start=\"1852\" data-end=\"1880\">das Beantworten von Fragen<\/p><\/li><li data-start=\"1881\" data-end=\"1912\"><p data-start=\"1883\" data-end=\"1912\">die Sicherheit der Webseite<\/p><\/li><li data-start=\"1913\" data-end=\"1955\"><p data-start=\"1915\" data-end=\"1955\">Statistik (wie oft wird etwas genutzt)<\/p><\/li><li data-start=\"1956\" data-end=\"1981\"><p data-start=\"1958\" data-end=\"1981\">manchmal auch Marketing<\/p><\/li><\/ul><h3 data-start=\"1983\" data-end=\"2014\">Sicherheit: Verschl\u00fcsselung<\/h3><p data-start=\"2015\" data-end=\"2195\">Unsere Seite nutzt eine <strong data-start=\"2039\" data-end=\"2061\">sichere Verbindung<\/strong> (SSL\/TLS).<br data-start=\"2072\" data-end=\"2075\" \/>Dann sind Ihre Daten beim Senden besser gesch\u00fctzt.<br data-start=\"2125\" data-end=\"2128\" \/>Sie erkennen das an <strong data-start=\"2148\" data-end=\"2157\">https<\/strong> und am <strong data-start=\"2165\" data-end=\"2183\">Schloss-Symbol<\/strong> im Browser.<\/p><h3 data-start=\"2197\" data-end=\"2217\">Formulario de contacto<\/h3><p data-start=\"2218\" data-end=\"2282\">Wenn Sie uns \u00fcber ein Kontakt-Formular schreiben, speichern wir:<\/p><ul data-start=\"2283\" data-end=\"2322\"><li data-start=\"2283\" data-end=\"2297\"><p data-start=\"2285\" data-end=\"2297\">Ihre Angaben<\/p><\/li><li data-start=\"2298\" data-end=\"2322\"><p data-start=\"2300\" data-end=\"2322\">und Ihre Kontakt-Daten<\/p><\/li><\/ul><p data-start=\"2324\" data-end=\"2538\">Wir nutzen die Daten, um Ihre Anfrage zu bearbeiten.<br data-start=\"2376\" data-end=\"2379\" \/>Wir geben diese Daten <strong data-start=\"2401\" data-end=\"2430\">nicht ohne Ihre Erlaubnis<\/strong> weiter.<br data-start=\"2438\" data-end=\"2441\" \/>Sie k\u00f6nnen Ihre Erlaubnis <strong data-start=\"2467\" data-end=\"2491\">jederzeit widerrufen<\/strong>.<br data-start=\"2492\" data-end=\"2495\" \/>Dann schreiben Sie uns einfach eine E-Mail.<\/p><p data-start=\"2540\" data-end=\"2689\">Wir speichern die Daten nur so lange, wie es n\u00f6tig ist.<br data-start=\"2595\" data-end=\"2598\" \/>Manchmal gibt es gesetzliche Aufbewahrungs-Fristen. Dann m\u00fcssen wir Daten l\u00e4nger speichern.<\/p><h3 data-start=\"2691\" data-end=\"2721\">Verwaltung und Buchhaltung<\/h3><p data-start=\"2722\" data-end=\"2754\">Manchmal brauchen wir Daten f\u00fcr:<\/p><ul data-start=\"2755\" data-end=\"2832\"><li data-start=\"2755\" data-end=\"2778\"><p data-start=\"2757\" data-end=\"2778\">B\u00fcro und Verwaltung<\/p><\/li><li data-start=\"2779\" data-end=\"2794\"><p data-start=\"2781\" data-end=\"2794\">Buchhaltung<\/p><\/li><li data-start=\"2795\" data-end=\"2832\"><p data-start=\"2797\" data-end=\"2832\">gesetzliche Pflichten (z.B. Archiv)<\/p><\/li><\/ul><p data-start=\"2834\" data-end=\"2913\">Daf\u00fcr k\u00f6nnen Daten auch an Stellen wie das Finanzamt oder Steuer-Berater gehen.<\/p><h3 data-start=\"2915\" data-end=\"2948\">Dienste von anderen Anbietern<\/h3><p data-start=\"2949\" data-end=\"3035\">Auf unserer Webseite k\u00f6nnen Inhalte von anderen Firmen eingebunden sein, zum Beispiel:<\/p><ul data-start=\"3036\" data-end=\"3208\"><li data-start=\"3036\" data-end=\"3054\"><p data-start=\"3038\" data-end=\"3054\">YouTube-Videos<\/p><\/li><li data-start=\"3055\" data-end=\"3086\"><p data-start=\"3057\" data-end=\"3086\">Google Fonts (Schriftarten)<\/p><\/li><li data-start=\"3087\" data-end=\"3125\"><p data-start=\"3089\" data-end=\"3125\">Google reCAPTCHA (Schutz vor Spam)<\/p><\/li><li data-start=\"3126\" data-end=\"3150\"><p data-start=\"3128\" data-end=\"3150\">Google Maps (Karten)<\/p><\/li><li data-start=\"3151\" data-end=\"3183\"><p data-start=\"3153\" data-end=\"3183\">Google Analytics (Statistik)<\/p><\/li><li data-start=\"3184\" data-end=\"3208\"><p data-start=\"3186\" data-end=\"3208\">VGN (Fahrplanauskunft)<\/p><\/li><\/ul><p data-start=\"3210\" data-end=\"3361\">Dabei kann es sein, dass diese Anbieter Ihre <strong data-start=\"3255\" data-end=\"3269\">IP-Adresse<\/strong> bekommen.<br data-start=\"3279\" data-end=\"3282\" \/>Wenn Sie auf andere Webseiten verlinkt werden, gilt deren Datenschutz-Regelung.<\/p><h3 data-start=\"3363\" data-end=\"3374\">Cookies<\/h3><p data-start=\"3375\" data-end=\"3512\">Unsere Webseite nutzt manchmal <strong data-start=\"3406\" data-end=\"3417\">Cookies<\/strong>.<br data-start=\"3418\" data-end=\"3421\" \/>Cookies sind kleine Dateien im Browser.<br data-start=\"3460\" data-end=\"3463\" \/>Sie machen die Webseite oft <strong data-start=\"3491\" data-end=\"3511\">leichter nutzbar<\/strong>.<\/p><p data-start=\"3514\" data-end=\"3643\">Sie k\u00f6nnen Cookies im Browser erlauben oder ablehnen.<br data-start=\"3567\" data-end=\"3570\" \/>Wenn Sie Cookies ausschalten, kann die Webseite schlechter funktionieren.<\/p><h3 data-start=\"3645\" data-end=\"3660\">Ihre Rechte<\/h3><p data-start=\"3661\" data-end=\"3681\">Sie haben das Recht:<\/p><ul data-start=\"3682\" data-end=\"3922\"><li data-start=\"3682\" data-end=\"3734\"><p data-start=\"3684\" data-end=\"3734\">zu erfahren, welche Daten wir \u00fcber Sie speichern<\/p><\/li><li data-start=\"3735\" data-end=\"3769\"><p data-start=\"3737\" data-end=\"3769\">falsche Daten \u00e4ndern zu lassen<\/p><\/li><li data-start=\"3770\" data-end=\"3797\"><p data-start=\"3772\" data-end=\"3797\">Daten l\u00f6schen zu lassen<\/p><\/li><li data-start=\"3798\" data-end=\"3840\"><p data-start=\"3800\" data-end=\"3840\">die Nutzung Ihrer Daten einzuschr\u00e4nken<\/p><\/li><li data-start=\"3841\" data-end=\"3873\"><p data-start=\"3843\" data-end=\"3873\">der Nutzung zu widersprechen<\/p><\/li><li data-start=\"3874\" data-end=\"3922\"><p data-start=\"3876\" data-end=\"3922\">Ihre Daten mitzunehmen (Daten-\u00dcbertragbarkeit)<\/p><\/li><\/ul><p data-start=\"3924\" data-end=\"3967\">Wenn Sie das m\u00f6chten, kontaktieren Sie uns.<\/p>\t\t\t\t\t\t\t\t<\/div>\n\t\t\t\t<\/div>\n\t\t\t\t<\/div>\n\t\t\t\t\t<\/div>\n\t\t\t\t<\/div>\n\t\t\t\t<\/div>\n\t\t\t\t<\/div>","protected":false},"excerpt":{"rendered":"<p>Seite in einfacher Sprache Datenschutzerkl\u00e4rung Datenschutz in Leichter Sprache Der Schutz Ihrer pers\u00f6nlichen Daten ist uns sehr wichtig.Wir gehen mit Ihren Daten vorsichtig um.Wir behandeln Ihre Daten vertraulich.Wir halten uns an die Datenschutz-Gesetze und an diese Datenschutz-Erkl\u00e4rung. Worum geht es in dieser Datenschutz-Erkl\u00e4rung? Wir erkl\u00e4ren Ihnen: Welche Daten wir sammeln, warum wir Daten sammeln, wie [&hellip;]<\/p>","protected":false},"author":1,"featured_media":0,"parent":0,"menu_order":0,"comment_status":"closed","ping_status":"closed","template":"","meta":{"footnotes":""},"class_list":["post-2732","page","type-page","status-publish","hentry"],"_hostinger_reach_plugin_has_subscription_block":false,"_hostinger_reach_plugin_is_elementor":false,"_links":{"self":[{"href":"https:\/\/zsl.webwolfdesign.eu\/es\/wp-json\/wp\/v2\/pages\/2732","targetHints":{"allow":["GET"]}}],"collection":[{"href":"https:\/\/zsl.webwolfdesign.eu\/es\/wp-json\/wp\/v2\/pages"}],"about":[{"href":"https:\/\/zsl.webwolfdesign.eu\/es\/wp-json\/wp\/v2\/types\/page"}],"author":[{"embeddable":true,"href":"https:\/\/zsl.webwolfdesign.eu\/es\/wp-json\/wp\/v2\/users\/1"}],"replies":[{"embeddable":true,"href":"https:\/\/zsl.webwolfdesign.eu\/es\/wp-json\/wp\/v2\/comments?post=2732"}],"version-history":[{"count":10,"href":"https:\/\/zsl.webwolfdesign.eu\/es\/wp-json\/wp\/v2\/pages\/2732\/revisions"}],"predecessor-version":[{"id":3608,"href":"https:\/\/zsl.webwolfdesign.eu\/es\/wp-json\/wp\/v2\/pages\/2732\/revisions\/3608"}],"wp:attachment":[{"href":"https:\/\/zsl.webwolfdesign.eu\/es\/wp-json\/wp\/v2\/media?parent=2732"}],"curies":[{"name":"wp","href":"https:\/\/api.w.org\/{rel}","templated":true}]}}