{"id":2767,"date":"2026-01-25T11:31:31","date_gmt":"2026-01-25T11:31:31","guid":{"rendered":"https:\/\/zsl.webwolfdesign.eu\/?page_id=2767"},"modified":"2026-01-25T20:37:25","modified_gmt":"2026-01-25T20:37:25","slug":"selebe","status":"publish","type":"page","link":"https:\/\/zsl.webwolfdesign.eu\/es\/selebe\/","title":{"rendered":"SeLeBe"},"content":{"rendered":"<div data-elementor-type=\"wp-page\" data-elementor-id=\"2767\" class=\"elementor elementor-2767\" data-elementor-post-type=\"page\">\n\t\t\t\t<main class=\"elementor-element elementor-element-4b1e20d e-con-full e-flex e-con e-parent\" data-id=\"4b1e20d\" data-element_type=\"container\">\n\t\t<main class=\"elementor-element elementor-element-972cc32 e-con-full e-flex e-con e-child\" data-id=\"972cc32\" data-element_type=\"container\" data-settings=\"{&quot;background_background&quot;:&quot;classic&quot;}\">\n\t\t<div class=\"elementor-element elementor-element-fa27d62 e-con-full e-flex e-con e-child\" data-id=\"fa27d62\" data-element_type=\"container\">\n\t\t<div class=\"elementor-element elementor-element-b088417 e-con-full e-flex e-con e-child\" data-id=\"b088417\" data-element_type=\"container\" data-settings=\"{&quot;background_background&quot;:&quot;gradient&quot;}\">\n\t\t\t\t<div class=\"elementor-element elementor-element-613c536 elementor-widget elementor-widget-text-editor\" data-id=\"613c536\" data-element_type=\"widget\" data-widget_type=\"text-editor.default\">\n\t\t\t\t\t\t\t\t\t<p>Projekt 2001 &#8211; 2005<\/p>\t\t\t\t\t\t\t\t<\/div>\n\t\t\t\t<div class=\"elementor-element elementor-element-fefd9f5 elementor-widget elementor-widget-heading\" data-id=\"fefd9f5\" data-element_type=\"widget\" data-widget_type=\"heading.default\">\n\t\t\t\t\t<h2 class=\"elementor-heading-title elementor-size-default\">SeLeBe<\/h2>\t\t\t\t<\/div>\n\t\t\t\t<div class=\"elementor-element elementor-element-8b224a2 elementor-widget elementor-widget-text-editor\" data-id=\"8b224a2\" data-element_type=\"widget\" data-widget_type=\"text-editor.default\">\n\t\t\t\t\t\t\t\t\t<p><strong>Selbstbestimmt Leben mit Beatmung<\/strong><\/p>\t\t\t\t\t\t\t\t<\/div>\n\t\t\t\t<\/div>\n\t\t<div class=\"elementor-element elementor-element-5eb4ea2 e-con-full e-flex e-con e-child\" data-id=\"5eb4ea2\" data-element_type=\"container\">\n\t\t\t\t<div class=\"elementor-element elementor-element-999af67 elementor-widget elementor-widget-image\" data-id=\"999af67\" data-element_type=\"widget\" data-widget_type=\"image.default\">\n\t\t\t\t\t\t\t\t\t\t\t\t\t\t\t<img fetchpriority=\"high\" decoding=\"async\" width=\"1500\" height=\"630\" src=\"https:\/\/zsl.webwolfdesign.eu\/wp-content\/uploads\/2026\/01\/selebe2.jpg\" class=\"attachment-full size-full wp-image-2770\" alt=\"\" srcset=\"https:\/\/zsl.webwolfdesign.eu\/wp-content\/uploads\/2026\/01\/selebe2.jpg 1500w, https:\/\/zsl.webwolfdesign.eu\/wp-content\/uploads\/2026\/01\/selebe2-300x126.jpg 300w, https:\/\/zsl.webwolfdesign.eu\/wp-content\/uploads\/2026\/01\/selebe2-1024x430.jpg 1024w, https:\/\/zsl.webwolfdesign.eu\/wp-content\/uploads\/2026\/01\/selebe2-768x323.jpg 768w\" sizes=\"(max-width: 1500px) 100vw, 1500px\" \/>\t\t\t\t\t\t\t\t\t\t\t\t\t\t\t<\/div>\n\t\t\t\t<\/div>\n\t\t\t\t<\/div>\n\t\t<div class=\"elementor-element elementor-element-7081f62 e-flex e-con-boxed e-con e-child\" data-id=\"7081f62\" data-element_type=\"container\">\n\t\t\t\t\t<div class=\"e-con-inner\">\n\t\t<div class=\"elementor-element elementor-element-4bdf94c e-con-full e-flex e-con e-child\" data-id=\"4bdf94c\" data-element_type=\"container\" data-settings=\"{&quot;background_background&quot;:&quot;classic&quot;}\">\n\t\t<div class=\"elementor-element elementor-element-5c87614 e-con-full e-flex e-con e-child\" data-id=\"5c87614\" data-element_type=\"container\" data-settings=\"{&quot;background_background&quot;:&quot;classic&quot;}\">\n\t\t\t\t<div class=\"elementor-element elementor-element-046f3a2 elementor-widget elementor-widget-heading\" data-id=\"046f3a2\" data-element_type=\"widget\" data-widget_type=\"heading.default\">\n\t\t\t\t\t<h2 class=\"elementor-heading-title elementor-size-default\">Das Projekt \"SeLeBe - Selbstbestimmt Leben mit Beatmung\"<\/h2>\t\t\t\t<\/div>\n\t\t\t\t<div class=\"elementor-element elementor-element-da48079 elementor-widget elementor-widget-text-editor\" data-id=\"da48079\" data-element_type=\"widget\" data-widget_type=\"text-editor.default\">\n\t\t\t\t\t\t\t\t\t<p>&#8222;Es ist keine Frage, da\u00df die Benutzung dieser Beatmungsger\u00e4te einer gewissen Gew\u00f6hnung bedarf&#8230; Sie m\u00fcssen jetzt nicht glauben, da\u00df ich gl\u00fccklich war, als mir das Ger\u00e4t gebracht wurde. Im Gegenteil, ich habe nur gejammert. Ich glaubte, das Ende war nah! Aber in Wirklichkeit war das Ger\u00e4t f\u00fcr mich der Anfang eines neuen Lebens! Zum ersten Mal seit vielen Jahren schlief ich nachts durch, hatte morgens keine Kopfschmerzen, hatte erneuerte Energien und schlief tags\u00fcber nicht pl\u00f6tzlich ein &#8230; Die n\u00e4chtliche Beatmung ist absolut nicht der Beginn des Endes, sie ist ein neuer Anfang!&#8220;<br \/>June Price (Living SMArt, Vol. 2, Issue 5; Oct.\/Nov. 1995)<\/p><p>Im ZSL e. V. beraten Sie behinderte Menschen als ExpertInnen in eigener Sache (Peer Counselling). Wir beraten umfassend und kompetent bei allen Fragen und Problemen, die im Zusammenhang mit der Behinderung auftreten. Nat\u00fcrlich k\u00f6nnen sich auch Angeh\u00f6rige, Pflegedienste und Einrichtungen an uns wenden.<br \/>Wir arbeiten eng mit \u00c4rzten und Fachorganisationen zusammen. Dadurch entsteht ein gleichberechtigter Austausch von medizinischem Fachwissen und Know-How aus pers\u00f6nlicher Erfahrung.<\/p>\t\t\t\t\t\t\t\t<\/div>\n\t\t\t\t<\/div>\n\t\t\t\t<\/div>\n\t\t\t\t\t<\/div>\n\t\t\t\t<\/div>\n\t\t\t\t<\/main>\n\t\t\t\t<\/main>\n\t\t\t\t<\/div>","protected":false},"excerpt":{"rendered":"<p>Projekt 2001 &#8211; 2005 SeLeBe Selbstbestimmt Leben mit Beatmung Das Projekt &#8222;SeLeBe &#8211; Selbstbestimmt Leben mit Beatmung&#8220; &#8222;Es ist keine Frage, da\u00df die Benutzung dieser Beatmungsger\u00e4te einer gewissen Gew\u00f6hnung bedarf&#8230; Sie m\u00fcssen jetzt nicht glauben, da\u00df ich gl\u00fccklich war, als mir das Ger\u00e4t gebracht wurde. Im Gegenteil, ich habe nur gejammert. Ich glaubte, das Ende [&hellip;]<\/p>","protected":false},"author":1,"featured_media":0,"parent":0,"menu_order":0,"comment_status":"closed","ping_status":"closed","template":"","meta":{"footnotes":""},"class_list":["post-2767","page","type-page","status-publish","hentry"],"_hostinger_reach_plugin_has_subscription_block":false,"_hostinger_reach_plugin_is_elementor":false,"_links":{"self":[{"href":"https:\/\/zsl.webwolfdesign.eu\/es\/wp-json\/wp\/v2\/pages\/2767","targetHints":{"allow":["GET"]}}],"collection":[{"href":"https:\/\/zsl.webwolfdesign.eu\/es\/wp-json\/wp\/v2\/pages"}],"about":[{"href":"https:\/\/zsl.webwolfdesign.eu\/es\/wp-json\/wp\/v2\/types\/page"}],"author":[{"embeddable":true,"href":"https:\/\/zsl.webwolfdesign.eu\/es\/wp-json\/wp\/v2\/users\/1"}],"replies":[{"embeddable":true,"href":"https:\/\/zsl.webwolfdesign.eu\/es\/wp-json\/wp\/v2\/comments?post=2767"}],"version-history":[{"count":10,"href":"https:\/\/zsl.webwolfdesign.eu\/es\/wp-json\/wp\/v2\/pages\/2767\/revisions"}],"predecessor-version":[{"id":2973,"href":"https:\/\/zsl.webwolfdesign.eu\/es\/wp-json\/wp\/v2\/pages\/2767\/revisions\/2973"}],"wp:attachment":[{"href":"https:\/\/zsl.webwolfdesign.eu\/es\/wp-json\/wp\/v2\/media?parent=2767"}],"curies":[{"name":"wp","href":"https:\/\/api.w.org\/{rel}","templated":true}]}}