{"id":2778,"date":"2026-01-25T11:36:10","date_gmt":"2026-01-25T11:36:10","guid":{"rendered":"https:\/\/zsl.webwolfdesign.eu\/?page_id=2778"},"modified":"2026-01-25T20:27:06","modified_gmt":"2026-01-25T20:27:06","slug":"selebe-leichte-sprache","status":"publish","type":"page","link":"https:\/\/zsl.webwolfdesign.eu\/es\/selebe-leichte-sprache\/","title":{"rendered":"SeLeBe-leichte-sprache"},"content":{"rendered":"<div data-elementor-type=\"wp-page\" data-elementor-id=\"2778\" class=\"elementor elementor-2778\" data-elementor-post-type=\"page\">\n\t\t\t\t<main class=\"elementor-element elementor-element-4b1e20d e-con-full e-flex e-con e-parent\" data-id=\"4b1e20d\" data-element_type=\"container\">\n\t\t<div class=\"elementor-element elementor-element-972cc32 e-con-full e-flex e-con e-child\" data-id=\"972cc32\" data-element_type=\"container\" data-settings=\"{&quot;background_background&quot;:&quot;classic&quot;}\">\n\t\t\t\t<div class=\"elementor-element elementor-element-8bec262 elementor-widget elementor-widget-heading\" data-id=\"8bec262\" data-element_type=\"widget\" data-widget_type=\"heading.default\">\n\t\t\t\t\t<h2 class=\"elementor-heading-title elementor-size-default\">P\u00e1gina en lenguaje sencillo<\/h2>\t\t\t\t<\/div>\n\t\t<div class=\"elementor-element elementor-element-fa27d62 e-con-full e-flex e-con e-child\" data-id=\"fa27d62\" data-element_type=\"container\">\n\t\t<div class=\"elementor-element elementor-element-b088417 e-con-full e-flex e-con e-child\" data-id=\"b088417\" data-element_type=\"container\" data-settings=\"{&quot;background_background&quot;:&quot;gradient&quot;}\">\n\t\t\t\t<div class=\"elementor-element elementor-element-613c536 elementor-widget elementor-widget-text-editor\" data-id=\"613c536\" data-element_type=\"widget\" data-widget_type=\"text-editor.default\">\n\t\t\t\t\t\t\t\t\t<p>Projekt 2001 &#8211; 2005<\/p>\t\t\t\t\t\t\t\t<\/div>\n\t\t\t\t<div class=\"elementor-element elementor-element-fefd9f5 elementor-widget elementor-widget-heading\" data-id=\"fefd9f5\" data-element_type=\"widget\" data-widget_type=\"heading.default\">\n\t\t\t\t\t<h2 class=\"elementor-heading-title elementor-size-default\">SeLeBe<\/h2>\t\t\t\t<\/div>\n\t\t\t\t<div class=\"elementor-element elementor-element-8b224a2 elementor-widget elementor-widget-text-editor\" data-id=\"8b224a2\" data-element_type=\"widget\" data-widget_type=\"text-editor.default\">\n\t\t\t\t\t\t\t\t\t<p><strong>Selbstbestimmt Leben mit Beatmung<\/strong><\/p>\t\t\t\t\t\t\t\t<\/div>\n\t\t\t\t<\/div>\n\t\t<div class=\"elementor-element elementor-element-5eb4ea2 e-con-full e-flex e-con e-child\" data-id=\"5eb4ea2\" data-element_type=\"container\">\n\t\t\t\t<div class=\"elementor-element elementor-element-999af67 elementor-widget elementor-widget-image\" data-id=\"999af67\" data-element_type=\"widget\" data-widget_type=\"image.default\">\n\t\t\t\t\t\t\t\t\t\t\t\t\t\t\t<img fetchpriority=\"high\" decoding=\"async\" width=\"1500\" height=\"630\" src=\"https:\/\/zsl.webwolfdesign.eu\/wp-content\/uploads\/2026\/01\/selebe2.jpg\" class=\"attachment-full size-full wp-image-2770\" alt=\"\" srcset=\"https:\/\/zsl.webwolfdesign.eu\/wp-content\/uploads\/2026\/01\/selebe2.jpg 1500w, https:\/\/zsl.webwolfdesign.eu\/wp-content\/uploads\/2026\/01\/selebe2-300x126.jpg 300w, https:\/\/zsl.webwolfdesign.eu\/wp-content\/uploads\/2026\/01\/selebe2-1024x430.jpg 1024w, https:\/\/zsl.webwolfdesign.eu\/wp-content\/uploads\/2026\/01\/selebe2-768x323.jpg 768w\" sizes=\"(max-width: 1500px) 100vw, 1500px\" \/>\t\t\t\t\t\t\t\t\t\t\t\t\t\t\t<\/div>\n\t\t\t\t<\/div>\n\t\t\t\t<\/div>\n\t\t<div class=\"elementor-element elementor-element-7081f62 e-flex e-con-boxed e-con e-child\" data-id=\"7081f62\" data-element_type=\"container\">\n\t\t\t\t\t<div class=\"e-con-inner\">\n\t\t<div class=\"elementor-element elementor-element-2bf6269 e-con-full e-flex e-con e-child\" data-id=\"2bf6269\" data-element_type=\"container\" data-settings=\"{&quot;background_background&quot;:&quot;classic&quot;}\">\n\t\t<div class=\"elementor-element elementor-element-111738b e-con-full e-flex e-con e-child\" data-id=\"111738b\" data-element_type=\"container\" data-settings=\"{&quot;background_background&quot;:&quot;classic&quot;}\">\n\t\t<div class=\"elementor-element elementor-element-4bdf94c e-con-full e-flex e-con e-child\" data-id=\"4bdf94c\" data-element_type=\"container\" data-settings=\"{&quot;background_background&quot;:&quot;classic&quot;}\">\n\t\t<div class=\"elementor-element elementor-element-5c87614 e-con-full e-flex e-con e-child\" data-id=\"5c87614\" data-element_type=\"container\" data-settings=\"{&quot;background_background&quot;:&quot;classic&quot;}\">\n\t\t\t\t<div class=\"elementor-element elementor-element-046f3a2 elementor-widget elementor-widget-heading\" data-id=\"046f3a2\" data-element_type=\"widget\" data-widget_type=\"heading.default\">\n\t\t\t\t\t<h2 class=\"elementor-heading-title elementor-size-default\">Das Projekt \"SeLeBe - Selbstbestimmt Leben mit Beatmung\"<\/h2>\t\t\t\t<\/div>\n\t\t\t\t<div class=\"elementor-element elementor-element-da48079 elementor-widget elementor-widget-text-editor\" data-id=\"da48079\" data-element_type=\"widget\" data-widget_type=\"text-editor.default\">\n\t\t\t\t\t\t\t\t\t<p>Hier ist der Text in <strong>Leichter Sprache<\/strong>:<\/p><hr \/><p>\u201eAm Anfang muss man sich an ein Beatmungs-Ger\u00e4t gew\u00f6hnen.<br \/>Als ich das Ger\u00e4t bekam, war ich nicht froh.<br \/>Ich habe viel gejammert.<br \/>Ich dachte: Jetzt ist alles vorbei.<\/p><p>Aber das Ger\u00e4t war f\u00fcr mich ein <strong>Neuanfang<\/strong>.<br \/>Zum ersten Mal seit vielen Jahren konnte ich <strong>nachts gut schlafen<\/strong>.<br \/>Am Morgen hatte ich <strong>keine Kopfschmerzen<\/strong> mehr.<br \/>Ich hatte wieder <strong>mehr Kraft<\/strong>.<br \/>Und ich bin tags\u00fcber nicht mehr pl\u00f6tzlich eingeschlafen.<\/p><p>N\u00e4chtliche Beatmung ist nicht das Ende.<br \/>Sie kann ein <strong>neuer Anfang<\/strong> sein.\u201c<br \/>(June Price, 1995)<\/p><hr \/><p>Beim <strong>ZSL e. V.<\/strong> beraten Menschen mit Behinderung.<br \/>Sie haben eigene Erfahrung.<br \/>Das nennt man <strong>Peer-Beratung<\/strong>.<\/p><p>Wir beraten Sie bei Fragen und Problemen rund um Behinderung.<br \/>Auch <strong>Angeh\u00f6rige<\/strong>, <strong>Pflege-Dienste<\/strong> y <strong>Einrichtungen<\/strong> k\u00f6nnen zu uns kommen.<\/p><p>Wir arbeiten eng mit <strong>\u00c4rzt*innen<\/strong> y <strong>Fach-Organisationen<\/strong> zusammen.<br \/>So verbinden wir <strong>medizinisches Wissen<\/strong> con <strong>Erfahrung aus dem Alltag<\/strong>.<\/p>\t\t\t\t\t\t\t\t<\/div>\n\t\t\t\t<\/div>\n\t\t\t\t<\/div>\n\t\t\t\t<\/div>\n\t\t\t\t<\/div>\n\t\t\t\t\t<\/div>\n\t\t\t\t<\/div>\n\t\t\t\t<\/div>\n\t\t\t\t<\/main>\n\t\t\t\t<\/div>","protected":false},"excerpt":{"rendered":"<p>Seite in leichter Sprache Projekt 2001 &#8211; 2005 SeLeBe Selbstbestimmt Leben mit Beatmung Das Projekt &#8222;SeLeBe &#8211; Selbstbestimmt Leben mit Beatmung&#8220; Hier ist der Text in Leichter Sprache: \u201eAm Anfang muss man sich an ein Beatmungs-Ger\u00e4t gew\u00f6hnen.Als ich das Ger\u00e4t bekam, war ich nicht froh.Ich habe viel gejammert.Ich dachte: Jetzt ist alles vorbei. Aber das [&hellip;]<\/p>","protected":false},"author":1,"featured_media":0,"parent":0,"menu_order":0,"comment_status":"closed","ping_status":"closed","template":"","meta":{"footnotes":""},"class_list":["post-2778","page","type-page","status-publish","hentry"],"_hostinger_reach_plugin_has_subscription_block":false,"_hostinger_reach_plugin_is_elementor":false,"_links":{"self":[{"href":"https:\/\/zsl.webwolfdesign.eu\/es\/wp-json\/wp\/v2\/pages\/2778","targetHints":{"allow":["GET"]}}],"collection":[{"href":"https:\/\/zsl.webwolfdesign.eu\/es\/wp-json\/wp\/v2\/pages"}],"about":[{"href":"https:\/\/zsl.webwolfdesign.eu\/es\/wp-json\/wp\/v2\/types\/page"}],"author":[{"embeddable":true,"href":"https:\/\/zsl.webwolfdesign.eu\/es\/wp-json\/wp\/v2\/users\/1"}],"replies":[{"embeddable":true,"href":"https:\/\/zsl.webwolfdesign.eu\/es\/wp-json\/wp\/v2\/comments?post=2778"}],"version-history":[{"count":10,"href":"https:\/\/zsl.webwolfdesign.eu\/es\/wp-json\/wp\/v2\/pages\/2778\/revisions"}],"predecessor-version":[{"id":2952,"href":"https:\/\/zsl.webwolfdesign.eu\/es\/wp-json\/wp\/v2\/pages\/2778\/revisions\/2952"}],"wp:attachment":[{"href":"https:\/\/zsl.webwolfdesign.eu\/es\/wp-json\/wp\/v2\/media?parent=2778"}],"curies":[{"name":"wp","href":"https:\/\/api.w.org\/{rel}","templated":true}]}}