{"id":3182,"date":"2026-01-28T12:13:07","date_gmt":"2026-01-28T12:13:07","guid":{"rendered":"https:\/\/zsl.webwolfdesign.eu\/?page_id=3182"},"modified":"2026-04-16T12:35:47","modified_gmt":"2026-04-16T12:35:47","slug":"oferta-de-empleo-jefe-de-equipo","status":"publish","type":"page","link":"https:\/\/zsl.webwolfdesign.eu\/es\/oferta-de-empleo-jefe-de-equipo\/","title":{"rendered":"Stellenangebot-Teamleitung"},"content":{"rendered":"<div data-elementor-type=\"wp-page\" data-elementor-id=\"3182\" class=\"elementor elementor-3182\" data-elementor-post-type=\"page\">\n\t\t\t\t<div class=\"elementor-element elementor-element-5897030 e-con-full e-flex e-con e-parent\" data-id=\"5897030\" data-element_type=\"container\" data-settings=\"{&quot;background_background&quot;:&quot;classic&quot;}\">\n\t\t<div class=\"elementor-element elementor-element-e70512f e-flex e-con-boxed e-con e-child\" data-id=\"e70512f\" data-element_type=\"container\">\n\t\t\t\t\t<div class=\"e-con-inner\">\n\t\t<div class=\"elementor-element elementor-element-588dc43 e-con-full e-flex e-con e-child\" data-id=\"588dc43\" data-element_type=\"container\" data-settings=\"{&quot;background_background&quot;:&quot;classic&quot;}\">\n\t\t\t\t<div class=\"elementor-element elementor-element-677444f elementor-widget elementor-widget-text-editor\" data-id=\"677444f\" data-element_type=\"widget\" data-widget_type=\"text-editor.default\">\n\t\t\t\t\t\t\t\t\t<div class=\"row\"><div class=\"col-12 col-lg-9\"><h2><strong><span style=\"color: #b80e0e;\">Jefe de equipo (h\/m\/d) a tiempo completo o parcial\u00a0<br \/>(al menos 30 horas semanales)<\/span><\/strong><\/h2><\/div><\/div><div class=\"row\"><div class=\"col-12 col-lg-9 unterseitenText\"><p><strong>Sus tareas incluyen <\/strong><\/p><ul><li>Apoyo a los equipos de clientes existentes<\/li><li>Planificaci\u00f3n de turnos y organizaci\u00f3n de sustitutos en caso de ausencias<\/li><li>Reuniones de equipo y AM<\/li><li>Garantizar, supervisar y mejorar continuamente la calidad de la atenci\u00f3n al cliente, la documentaci\u00f3n y la organizaci\u00f3n de los cuidados.<\/li><li>Participaci\u00f3n en la planificaci\u00f3n, organizaci\u00f3n y, en su caso, aplicaci\u00f3n de medidas internas de formaci\u00f3n y perfeccionamiento profesional.<\/li><li>Correspondencia y solicitudes con los respectivos portadores de costes<\/li><li>Garantizar una atenci\u00f3n y un apoyo hol\u00edsticos a los clientes en el sentido de una asistencia integral, teniendo en cuenta la autodeterminaci\u00f3n de nuestros clientes.<\/li><\/ul><p><strong>Lo que llevas contigo:<\/strong><\/p><ul><li>Formaci\u00f3n completa como cuidador<\/li><li>Deseo de trabajar como jefe de equipo<\/li><li>Empat\u00eda, fuerza organizativa, comunicaci\u00f3n clara y un coraz\u00f3n para la calidad de la atenci\u00f3n, habilidades profesionales y sociales, as\u00ed como una fuerte orientaci\u00f3n al cliente.<\/li><li>Forma de trabajar independiente y concienzuda, pensamiento y actuaci\u00f3n estructurados<\/li><li>Buenos conocimientos inform\u00e1ticos<\/li><\/ul><p><strong>Esto hace que su trabajo con nosotros merezca especialmente la pena:<\/strong><\/p><ul><li>Un trabajo con sentido que d\u00e9 a las personas con discapacidad f\u00edsica la oportunidad de llevar una vida autodeterminada en su propio hogar.<\/li><li>Una cultura empresarial apreciativa y un ambiente de trabajo colegiado<\/li><li>Horario de trabajo adaptado a la familia<\/li><li>Puesto permanente<\/li><li>Remuneraci\u00f3n basada en AVR Diakonie Bayern<\/li><li>30 d\u00edas de vacaciones en una semana de 5 d\u00edas<\/li><li>Paga extraordinaria anual de 85% de un mes de retribuci\u00f3n<\/li><li>R\u00e9gimen de pensiones de empresa<br \/><br \/><\/li><\/ul><p><strong>\u00bfLe interesa?<\/strong><br \/>Esperamos recibir su solicitud. Por favor, env\u00ede sus documentos de solicitud a trav\u00e9s del formulario de solicitud en l\u00ednea o por correo electr\u00f3nico a: <strong><a href=\"mailto:bewerbung@zsl-erlangen.de\" target=\"_blank\" rel=\"noopener\">bewerbung@zsl-erlangen.de<\/a><\/strong><\/p><p><strong>Si tiene alguna pregunta, tambi\u00e9n puede ponerse en contacto con nuestra responsable del servicio de enfermer\u00eda, Jutta Becker, en el tel\u00e9fono 09131\/98783-20.<\/strong><\/p><\/div><\/div>\t\t\t\t\t\t\t\t<\/div>\n\t\t\t\t<div class=\"elementor-element elementor-element-2b03a43 elementor-align-left elementor-widget elementor-widget-button\" data-id=\"2b03a43\" data-element_type=\"widget\" data-widget_type=\"button.default\">\n\t\t\t\t\t\t\t\t\t\t<a class=\"elementor-button elementor-button-link elementor-size-sm\" href=\"https:\/\/zsl.webwolfdesign.eu\/es\/bewerbungsformular\/\">\n\t\t\t\t\t\t<span class=\"elementor-button-content-wrapper\">\n\t\t\t\t\t\t\t\t\t<span class=\"elementor-button-text\">Al formulario de solicitud en l\u00ednea<\/span>\n\t\t\t\t\t<\/span>\n\t\t\t\t\t<\/a>\n\t\t\t\t\t\t\t\t<\/div>\n\t\t\t\t<\/div>\n\t\t\t\t\t<\/div>\n\t\t\t\t<\/div>\n\t\t\t\t<\/div>\n\t\t\t\t<\/div>","protected":false},"excerpt":{"rendered":"<p>Teamleitung (m\/w\/d) in Voll- oder Teilzeit\u00a0(mind. 30 Std.\/pro Woche ) Zu ihren Aufgaben geh\u00f6ren: Begleitung bestehender Kundenteams Einsatzplanung sowie Vertretungsorganisation bei Dienstausf\u00e4llen Team- und MA Gespr\u00e4che Sicherung, \u00dcberwachung und kontinuierliche Verbesserung der kundenbezogenen Pflegequalit\u00e4t, Pflegedokumentation und der Pflegeorganisation Mitwirkung bei der Planung und Organisation und ggf. Durchf\u00fchrung innerbetrieblicher Schulungs- und Fortbildungsma\u00dfnahmen Korrespondenz und Antragstellung mit [&hellip;]<\/p>","protected":false},"author":1,"featured_media":0,"parent":0,"menu_order":0,"comment_status":"closed","ping_status":"closed","template":"","meta":{"footnotes":""},"class_list":["post-3182","page","type-page","status-publish","hentry"],"_hostinger_reach_plugin_has_subscription_block":false,"_hostinger_reach_plugin_is_elementor":false,"_links":{"self":[{"href":"https:\/\/zsl.webwolfdesign.eu\/es\/wp-json\/wp\/v2\/pages\/3182","targetHints":{"allow":["GET"]}}],"collection":[{"href":"https:\/\/zsl.webwolfdesign.eu\/es\/wp-json\/wp\/v2\/pages"}],"about":[{"href":"https:\/\/zsl.webwolfdesign.eu\/es\/wp-json\/wp\/v2\/types\/page"}],"author":[{"embeddable":true,"href":"https:\/\/zsl.webwolfdesign.eu\/es\/wp-json\/wp\/v2\/users\/1"}],"replies":[{"embeddable":true,"href":"https:\/\/zsl.webwolfdesign.eu\/es\/wp-json\/wp\/v2\/comments?post=3182"}],"version-history":[{"count":22,"href":"https:\/\/zsl.webwolfdesign.eu\/es\/wp-json\/wp\/v2\/pages\/3182\/revisions"}],"predecessor-version":[{"id":4177,"href":"https:\/\/zsl.webwolfdesign.eu\/es\/wp-json\/wp\/v2\/pages\/3182\/revisions\/4177"}],"wp:attachment":[{"href":"https:\/\/zsl.webwolfdesign.eu\/es\/wp-json\/wp\/v2\/media?parent=3182"}],"curies":[{"name":"wp","href":"https:\/\/api.w.org\/{rel}","templated":true}]}}