{"id":3287,"date":"2026-02-03T13:53:33","date_gmt":"2026-02-03T13:53:33","guid":{"rendered":"https:\/\/zsl.webwolfdesign.eu\/?page_id=3287"},"modified":"2026-04-13T17:44:13","modified_gmt":"2026-04-13T17:44:13","slug":"apoyo-escolar-en-un-lenguaje-sencillo","status":"publish","type":"page","link":"https:\/\/zsl.webwolfdesign.eu\/es\/apoyo-escolar-en-un-lenguaje-sencillo\/","title":{"rendered":"Schulbegleitung-leichte-sprache"},"content":{"rendered":"<div data-elementor-type=\"wp-page\" data-elementor-id=\"3287\" class=\"elementor elementor-3287\" data-elementor-post-type=\"page\">\n\t\t\t\t<main class=\"elementor-element elementor-element-f8d4448 e-con-full e-flex e-con e-parent\" data-id=\"f8d4448\" data-element_type=\"container\">\n\t\t<div class=\"elementor-element elementor-element-da90f1d e-con-full e-flex e-con e-child\" data-id=\"da90f1d\" data-element_type=\"container\" data-settings=\"{&quot;background_background&quot;:&quot;classic&quot;}\">\n\t\t\t\t<div class=\"elementor-element elementor-element-8b16a33 elementor-widget elementor-widget-heading\" data-id=\"8b16a33\" data-element_type=\"widget\" data-widget_type=\"heading.default\">\n\t\t\t\t\t<h2 class=\"elementor-heading-title elementor-size-default\">Seite in einfacher Sprache<\/h2>\t\t\t\t<\/div>\n\t\t<div class=\"elementor-element elementor-element-cde4e47 e-con-full e-flex e-con e-child\" data-id=\"cde4e47\" data-element_type=\"container\">\n\t\t<div class=\"elementor-element elementor-element-0ab2143 e-con-full e-flex e-con e-child\" data-id=\"0ab2143\" data-element_type=\"container\" data-settings=\"{&quot;background_background&quot;:&quot;gradient&quot;}\">\n\t\t\t\t<div class=\"elementor-element elementor-element-48f03f1 hyphened elementor-widget elementor-widget-heading\" data-id=\"48f03f1\" data-element_type=\"widget\" data-widget_type=\"heading.default\">\n\t\t\t\t\t<h2 class=\"elementor-heading-title elementor-size-default\">Apoyo escolar y a la inclusi\u00f3n <\/h2>\t\t\t\t<\/div>\n\t\t\t\t<div class=\"elementor-element elementor-element-31f2aee elementor-widget elementor-widget-text-editor\" data-id=\"31f2aee\" data-element_type=\"widget\" data-widget_type=\"text-editor.default\">\n\t\t\t\t\t\t\t\t\t<p>Teilhabe erm\u00f6glichen, Selbstbestimmung f\u00f6rdern &#8211; von Beginn an.<\/p>\t\t\t\t\t\t\t\t<\/div>\n\t\t\t\t<\/div>\n\t\t<div class=\"elementor-element elementor-element-8e2bede e-con-full e-flex e-con e-child\" data-id=\"8e2bede\" data-element_type=\"container\">\n\t\t\t\t<div class=\"elementor-element elementor-element-f12b749 e-transform elementor-widget elementor-widget-image\" data-id=\"f12b749\" data-element_type=\"widget\" data-settings=\"{&quot;_transform_flipX_effect&quot;:&quot;transform&quot;}\" data-widget_type=\"image.default\">\n\t\t\t\t\t\t\t\t\t\t\t\t\t\t\t<img fetchpriority=\"high\" decoding=\"async\" width=\"1500\" height=\"630\" src=\"https:\/\/zsl.webwolfdesign.eu\/wp-content\/uploads\/2026\/04\/Schulbegleiter-hilft-Schueler-im-Rollstuhl-2.jpg\" class=\"attachment-full size-full wp-image-3954\" alt=\"\" srcset=\"https:\/\/zsl.webwolfdesign.eu\/wp-content\/uploads\/2026\/04\/Schulbegleiter-hilft-Schueler-im-Rollstuhl-2.jpg 1500w, https:\/\/zsl.webwolfdesign.eu\/wp-content\/uploads\/2026\/04\/Schulbegleiter-hilft-Schueler-im-Rollstuhl-2-300x126.jpg 300w, https:\/\/zsl.webwolfdesign.eu\/wp-content\/uploads\/2026\/04\/Schulbegleiter-hilft-Schueler-im-Rollstuhl-2-1024x430.jpg 1024w, https:\/\/zsl.webwolfdesign.eu\/wp-content\/uploads\/2026\/04\/Schulbegleiter-hilft-Schueler-im-Rollstuhl-2-768x323.jpg 768w, https:\/\/zsl.webwolfdesign.eu\/wp-content\/uploads\/2026\/04\/Schulbegleiter-hilft-Schueler-im-Rollstuhl-2-18x8.jpg 18w\" sizes=\"(max-width: 1500px) 100vw, 1500px\" \/>\t\t\t\t\t\t\t\t\t\t\t\t\t\t\t<\/div>\n\t\t\t\t<\/div>\n\t\t\t\t<\/div>\n\t\t<div class=\"elementor-element elementor-element-5ec1885 e-flex e-con-boxed e-con e-child\" data-id=\"5ec1885\" data-element_type=\"container\">\n\t\t\t\t\t<div class=\"e-con-inner\">\n\t\t<div class=\"elementor-element elementor-element-beff7de e-con-full e-flex e-con e-child\" data-id=\"beff7de\" data-element_type=\"container\" data-settings=\"{&quot;background_background&quot;:&quot;classic&quot;}\">\n\t\t<div class=\"elementor-element elementor-element-a517245 e-con-full e-flex e-con e-child\" data-id=\"a517245\" data-element_type=\"container\" data-settings=\"{&quot;background_background&quot;:&quot;classic&quot;}\">\n\t\t<div class=\"elementor-element elementor-element-c0d93fb e-con-full e-flex e-con e-child\" data-id=\"c0d93fb\" data-element_type=\"container\">\n\t\t\t\t<div class=\"elementor-element elementor-element-5f475c7 elementor-widget elementor-widget-heading\" data-id=\"5f475c7\" data-element_type=\"widget\" data-widget_type=\"heading.default\">\n\t\t\t\t\t<h2 class=\"elementor-heading-title elementor-size-default\">Qui\u00e9nes somos<\/h2>\t\t\t\t<\/div>\n\t\t\t\t<div class=\"elementor-element elementor-element-6aa35fe elementor-widget elementor-widget-text-editor\" data-id=\"6aa35fe\" data-element_type=\"widget\" data-widget_type=\"text-editor.default\">\n\t\t\t\t\t\t\t\t\t<p>En <strong>Apoyo escolar<\/strong> hilft Kindern und Jugendlichen mit besonderen Bed\u00fcrfnissen.<br \/>Para que puedan <strong>de la forma m\u00e1s independiente posible<\/strong> y <strong>bien<\/strong> participar en las clases.<\/p><p>Schul- und Inklusionsbegleitung unterst\u00fctzt Kinder und Jugendliche mit <strong>f\u00edsico<\/strong>, <strong>intelectual<\/strong> o <strong>mental<\/strong> Deterioros.<br \/>Ayuda a garantizar que <strong>le pertenecen<\/strong> y participar.<\/p><p>Schul- und Inklusionsbegleitung ist eine <strong>Asistencia conforme a la legislaci\u00f3n social<\/strong>.<br \/>Pertenece al <strong>Ayuda a la integraci\u00f3n<\/strong>.<\/p>\t\t\t\t\t\t\t\t<\/div>\n\t\t\t\t<\/div>\n\t\t\t\t<\/div>\n\t\t<div class=\"elementor-element elementor-element-d3e329c e-con-full e-flex e-con e-child\" data-id=\"d3e329c\" data-element_type=\"container\" data-settings=\"{&quot;background_background&quot;:&quot;classic&quot;}\">\n\t\t<div class=\"elementor-element elementor-element-8ae9606 e-con-full e-flex e-con e-child\" data-id=\"8ae9606\" data-element_type=\"container\">\n\t\t\t\t<div class=\"elementor-element elementor-element-7494f05 elementor-widget elementor-widget-heading\" data-id=\"7494f05\" data-element_type=\"widget\" data-widget_type=\"heading.default\">\n\t\t\t\t\t<h2 class=\"elementor-heading-title elementor-size-default\">F\u00fcr wen ist die Schul- und Inklusionsbegleitung gedacht?<\/h2>\t\t\t\t<\/div>\n\t\t\t\t<div class=\"elementor-element elementor-element-42a0697 elementor-widget elementor-widget-text-editor\" data-id=\"42a0697\" data-element_type=\"widget\" data-widget_type=\"text-editor.default\">\n\t\t\t\t\t\t\t\t\t<p>Zur Zielgruppe der Schul- und Inklusionsbegleitung geh\u00f6ren Kinder und Jugendliche,<\/p><ul><li><p>con <strong>m\u00e1s f\u00edsico<\/strong> o <strong>m\u00e1s espiritual<\/strong> Discapacidad o <strong>Discapacidades m\u00faltiples<\/strong>,<\/p><\/li><li><p>o con <strong>m\u00e1s emocional<\/strong> discapacidad - o si se trata de una discapacidad mental <strong>amenaza<\/strong>.<\/p><\/li><\/ul><p>Schul- und Inklusionsbegleitung gibt es, wenn ein Kind <strong>por poco tiempo o de forma permanente<\/strong> necesita ayuda,<br \/>para que <strong>participar en la vida escolar cotidiana<\/strong> y el <strong>Cumplir la escolaridad obligatoria<\/strong> puede.<\/p><p>Die Schul- und Inklusionsbegleitung kommt nur dazu, wenn diese Hilfe <strong>no ya de la escuela<\/strong> se hace cargo.<br \/>El objetivo es: <strong>Participaci\u00f3n<\/strong> y <strong>M\u00e1s independencia<\/strong> para los alumnos.<\/p>\t\t\t\t\t\t\t\t<\/div>\n\t\t\t\t<\/div>\n\t\t\t\t<\/div>\n\t\t<div class=\"elementor-element elementor-element-208a162 e-con-full e-flex e-con e-child\" data-id=\"208a162\" data-element_type=\"container\" data-settings=\"{&quot;background_background&quot;:&quot;classic&quot;}\">\n\t\t<div class=\"elementor-element elementor-element-2de6cc9 e-con-full e-flex e-con e-child\" data-id=\"2de6cc9\" data-element_type=\"container\">\n\t\t\t\t<div class=\"elementor-element elementor-element-54bbd0b elementor-widget elementor-widget-heading\" data-id=\"54bbd0b\" data-element_type=\"widget\" data-widget_type=\"heading.default\">\n\t\t\t\t\t<h2 class=\"elementor-heading-title elementor-size-default\">Ziele der Schul- und Inklusionsbegleitung <\/h2>\t\t\t\t<\/div>\n\t\t\t\t<div class=\"elementor-element elementor-element-fd94f10 elementor-widget elementor-widget-text-editor\" data-id=\"fd94f10\" data-element_type=\"widget\" data-widget_type=\"text-editor.default\">\n\t\t\t\t\t\t\t\t\t<p>Las personas con discapacidad deben <strong>participaci\u00f3n igualitaria<\/strong> y <strong>determine usted mismo<\/strong> puede.<br \/>Daran orientiert sich auch unsere Schul- und Inklusionsbegleitung.<\/p><ul><li><p>Wir f\u00f6rdern jedes Kind <strong>la forma en que se necesita<\/strong>.<\/p><\/li><li><p>Wir helfen im Kindergarten und Schulalltag, zum Beispiel beim <strong>Organizar las tareas<\/strong> y en el <strong>Superar los obst\u00e1culos<\/strong> (por ejemplo, para moverse o hablar).<\/p><\/li><li><p>Nos aseguramos de que los alumnos <strong>participar adecuadamente en clase y en la escuela<\/strong> puede.<\/p><\/li><li><p>Reforzamos <strong>Contactos sociales<\/strong>, <strong>Integraci\u00f3n<\/strong> y <strong>Independencia<\/strong>.<\/p><p>Gute Schul- und Inklusionsbegleitung klappt nur im Team.<br \/>Colaboramos con <strong>Alumno<\/strong>, <strong>Padres<\/strong>, <strong>Escuela<\/strong> y si es necesario <strong>Terapeutas<\/strong>.<br \/>Esto nos permite discutir los progresos y adaptar el apoyo.<\/p><\/li><\/ul>\t\t\t\t\t\t\t\t<\/div>\n\t\t\t\t<\/div>\n\t\t\t\t<\/div>\n\t\t<div class=\"elementor-element elementor-element-425137c e-con-full e-flex e-con e-child\" data-id=\"425137c\" data-element_type=\"container\" data-settings=\"{&quot;background_background&quot;:&quot;classic&quot;}\">\n\t\t<div class=\"elementor-element elementor-element-4a98a41 e-con-full e-flex e-con e-child\" data-id=\"4a98a41\" data-element_type=\"container\">\n\t\t\t\t<div class=\"elementor-element elementor-element-f69afb6 elementor-widget elementor-widget-heading\" data-id=\"f69afb6\" data-element_type=\"widget\" data-widget_type=\"heading.default\">\n\t\t\t\t\t<h2 class=\"elementor-heading-title elementor-size-default\">Ayuda con la solicitud y cobertura de costes<\/h2>\t\t\t\t<\/div>\n\t\t\t\t<div class=\"elementor-element elementor-element-76068da elementor-widget elementor-widget-text-editor\" data-id=\"76068da\" data-element_type=\"widget\" data-widget_type=\"text-editor.default\">\n\t\t\t\t\t\t\t\t\t<p>Schul- und Inklusionsbegleitung muss man meistens <strong>solicitar<\/strong>.<br \/>Los costes suelen estar cubiertos por un <strong>Unidad de costes responsable<\/strong>. Puede variar en funci\u00f3n de la discapacidad:<\/p><ul><li><p>el <strong>Ayuda a la integraci\u00f3n<\/strong> o<\/p><\/li><li><p>con discapacidades mentales a menudo los <strong>Oficina de Bienestar de la Juventud<\/strong>.<\/p><\/li><\/ul><p>Estaremos encantados de ayudarle a planificar los siguientes pasos<br \/>y encontrar los contactos adecuados.<\/p>\t\t\t\t\t\t\t\t<\/div>\n\t\t\t\t<\/div>\n\t\t\t\t<\/div>\n\t\t\t\t<\/div>\n\t\t<div class=\"elementor-element elementor-element-5237745 e-con-full e-flex e-con e-child\" data-id=\"5237745\" data-element_type=\"container\" data-settings=\"{&quot;background_background&quot;:&quot;classic&quot;}\">\n\t\t<div class=\"elementor-element elementor-element-1267c19 e-con-full e-flex e-con e-child\" data-id=\"1267c19\" data-element_type=\"container\" data-settings=\"{&quot;background_background&quot;:&quot;classic&quot;}\">\n\t\t<div class=\"elementor-element elementor-element-a8bb9e6 e-con-full e-flex e-con e-child\" data-id=\"a8bb9e6\" data-element_type=\"container\">\n\t\t\t\t<div class=\"elementor-element elementor-element-28a7991 elementor-widget elementor-widget-heading\" data-id=\"28a7991\" data-element_type=\"widget\" data-widget_type=\"heading.default\">\n\t\t\t\t\t<h2 class=\"elementor-heading-title elementor-size-default\">Arbeiten als Schul- und Inklusionsbegleitung<\/h2>\t\t\t\t<\/div>\n\t\t\t\t<div class=\"elementor-element elementor-element-7ce005e elementor-widget elementor-widget-text-editor\" data-id=\"7ce005e\" data-element_type=\"widget\" data-widget_type=\"text-editor.default\">\n\t\t\t\t\t\t\t\t\t<p>Werden Sie Schul- und Inklusionsbegleitung und machen Sie Inklusion im Alltag m\u00f6glich. Sie unterst\u00fctzen Kinder und Jugendliche dabei, selbstst\u00e4ndiger zu werden, am Unterricht teilzunehmen und in der Gemeinschaft dazuzugeh\u00f6ren. Eine sinnstiftende Aufgabe mit viel N\u00e4he, Verantwortung und echten Erfolgsmomenten \u2013 jeden Tag.<\/p>\t\t\t\t\t\t\t\t<\/div>\n\t\t\t\t<div class=\"elementor-element elementor-element-f4ee32c elementor-widget elementor-widget-button\" data-id=\"f4ee32c\" data-element_type=\"widget\" data-widget_type=\"button.default\">\n\t\t\t\t\t\t\t\t\t\t<a class=\"elementor-button elementor-button-link elementor-size-sm\" href=\"https:\/\/zsl.webwolfdesign.eu\/es\/jobs\/\">\n\t\t\t\t\t\t<span class=\"elementor-button-content-wrapper\">\n\t\t\t\t\t\t\t\t\t<span class=\"elementor-button-text\">m\u00e1s informaci\u00f3n y solicitud<\/span>\n\t\t\t\t\t<\/span>\n\t\t\t\t\t<\/a>\n\t\t\t\t\t\t\t\t<\/div>\n\t\t\t\t<\/div>\n\t\t<div class=\"elementor-element elementor-element-a3fa35f e-con-full e-flex e-con e-child\" data-id=\"a3fa35f\" data-element_type=\"container\">\n\t\t\t\t<div class=\"elementor-element elementor-element-614d20a elementor-widget elementor-widget-image\" data-id=\"614d20a\" data-element_type=\"widget\" data-widget_type=\"image.default\">\n\t\t\t\t\t\t\t\t\t\t\t\t\t\t\t<img decoding=\"async\" width=\"800\" height=\"534\" src=\"https:\/\/zsl.webwolfdesign.eu\/wp-content\/uploads\/2026\/02\/schulb-5-scaled-e1773654495940-1024x683.png\" class=\"attachment-large size-large wp-image-3298\" alt=\"\" srcset=\"https:\/\/zsl.webwolfdesign.eu\/wp-content\/uploads\/2026\/02\/schulb-5-scaled-e1773654495940-1024x683.png 1024w, https:\/\/zsl.webwolfdesign.eu\/wp-content\/uploads\/2026\/02\/schulb-5-scaled-e1773654495940-300x200.png 300w, https:\/\/zsl.webwolfdesign.eu\/wp-content\/uploads\/2026\/02\/schulb-5-scaled-e1773654495940-768x512.png 768w, https:\/\/zsl.webwolfdesign.eu\/wp-content\/uploads\/2026\/02\/schulb-5-scaled-e1773654495940-1536x1025.png 1536w, https:\/\/zsl.webwolfdesign.eu\/wp-content\/uploads\/2026\/02\/schulb-5-scaled-e1773654495940-2048x1366.png 2048w, https:\/\/zsl.webwolfdesign.eu\/wp-content\/uploads\/2026\/02\/schulb-5-scaled-e1773654495940-18x12.png 18w\" sizes=\"(max-width: 800px) 100vw, 800px\" \/>\t\t\t\t\t\t\t\t\t\t\t\t\t\t\t<\/div>\n\t\t\t\t<\/div>\n\t\t\t\t<\/div>\n\t\t\t\t<\/div>\n\t\t\t\t\t<\/div>\n\t\t\t\t<\/div>\n\t\t\t\t<\/div>\n\t\t\t\t<\/main>\n\t\t\t\t<\/div>","protected":false},"excerpt":{"rendered":"<p>Seite in einfacher Sprache Schul- und Inklusionsbegleitung Teilhabe erm\u00f6glichen, Selbstbestimmung f\u00f6rdern &#8211; von Beginn an. \u00dcber uns Die Schulbegleitung hilft Kindern und Jugendlichen mit besonderen Bed\u00fcrfnissen.So k\u00f6nnen sie m\u00f6glichst selbstst\u00e4ndig und gut am Unterricht teilnehmen. Schul- und Inklusionsbegleitung unterst\u00fctzt Kinder und Jugendliche mit k\u00f6rperlichen, geistigen oder seelischen Beeintr\u00e4chtigungen.Sie hilft dabei, dass sie in der Schule [&hellip;]<\/p>","protected":false},"author":1,"featured_media":0,"parent":0,"menu_order":0,"comment_status":"closed","ping_status":"closed","template":"","meta":{"footnotes":""},"class_list":["post-3287","page","type-page","status-publish","hentry"],"_hostinger_reach_plugin_has_subscription_block":false,"_hostinger_reach_plugin_is_elementor":false,"_links":{"self":[{"href":"https:\/\/zsl.webwolfdesign.eu\/es\/wp-json\/wp\/v2\/pages\/3287","targetHints":{"allow":["GET"]}}],"collection":[{"href":"https:\/\/zsl.webwolfdesign.eu\/es\/wp-json\/wp\/v2\/pages"}],"about":[{"href":"https:\/\/zsl.webwolfdesign.eu\/es\/wp-json\/wp\/v2\/types\/page"}],"author":[{"embeddable":true,"href":"https:\/\/zsl.webwolfdesign.eu\/es\/wp-json\/wp\/v2\/users\/1"}],"replies":[{"embeddable":true,"href":"https:\/\/zsl.webwolfdesign.eu\/es\/wp-json\/wp\/v2\/comments?post=3287"}],"version-history":[{"count":25,"href":"https:\/\/zsl.webwolfdesign.eu\/es\/wp-json\/wp\/v2\/pages\/3287\/revisions"}],"predecessor-version":[{"id":3993,"href":"https:\/\/zsl.webwolfdesign.eu\/es\/wp-json\/wp\/v2\/pages\/3287\/revisions\/3993"}],"wp:attachment":[{"href":"https:\/\/zsl.webwolfdesign.eu\/es\/wp-json\/wp\/v2\/media?parent=3287"}],"curies":[{"name":"wp","href":"https:\/\/api.w.org\/{rel}","templated":true}]}}