{"id":3412,"date":"2026-02-04T11:52:48","date_gmt":"2026-02-04T11:52:48","guid":{"rendered":"https:\/\/zsl.webwolfdesign.eu\/?page_id=3412"},"modified":"2026-03-16T10:49:25","modified_gmt":"2026-03-16T10:49:25","slug":"representacion-de-intereses","status":"publish","type":"page","link":"https:\/\/zsl.webwolfdesign.eu\/es\/representacion-de-intereses\/","title":{"rendered":"Representaci\u00f3n de intereses"},"content":{"rendered":"<div data-elementor-type=\"wp-page\" data-elementor-id=\"3412\" class=\"elementor elementor-3412\" data-elementor-post-type=\"page\">\n\t\t\t\t<div class=\"elementor-element elementor-element-216dea1 e-flex e-con-boxed e-con e-child\" data-id=\"216dea1\" data-element_type=\"container\">\n\t\t\t\t\t<div class=\"e-con-inner\">\n\t\t<div class=\"elementor-element elementor-element-32ee8c4 e-con-full e-flex e-con e-child\" data-id=\"32ee8c4\" data-element_type=\"container\" data-settings=\"{&quot;background_background&quot;:&quot;classic&quot;}\">\n\t\t<div class=\"elementor-element elementor-element-e18b874 e-con-full e-flex e-con e-child\" data-id=\"e18b874\" data-element_type=\"container\" data-settings=\"{&quot;background_background&quot;:&quot;classic&quot;}\">\n\t\t\t\t<div class=\"elementor-element elementor-element-b480f69 elementor-widget__width-initial elementor-widget elementor-widget-heading\" data-id=\"b480f69\" data-element_type=\"widget\" data-widget_type=\"heading.default\">\n\t\t\t\t\t<h2 class=\"elementor-heading-title elementor-size-default\">Representaci\u00f3n de intereses<\/h2>\t\t\t\t<\/div>\n\t\t\t\t<\/div>\n\t\t<div class=\"elementor-element elementor-element-5555e48 e-con-full e-flex e-con e-child\" data-id=\"5555e48\" data-element_type=\"container\" data-settings=\"{&quot;background_background&quot;:&quot;classic&quot;}\">\n\t\t<div class=\"elementor-element elementor-element-742bf82 e-con-full e-flex e-con e-child\" data-id=\"742bf82\" data-element_type=\"container\">\n\t\t\t\t<div class=\"elementor-element elementor-element-ac67591 elementor-widget elementor-widget-heading\" data-id=\"ac67591\" data-element_type=\"widget\" data-widget_type=\"heading.default\">\n\t\t\t\t\t<h2 class=\"elementor-heading-title elementor-size-default\">Objetivos del trabajo pol\u00edtico y de comit\u00e9\n<\/h2>\t\t\t\t<\/div>\n\t\t\t\t<div class=\"elementor-element elementor-element-c487dc3 elementor-widget elementor-widget-text-editor\" data-id=\"c487dc3\" data-element_type=\"widget\" data-widget_type=\"text-editor.default\">\n\t\t\t\t\t\t\t\t\t<div class=\"row\"><div class=\"col-12 col-lg-9\"><p>Nuestro trabajo pol\u00edtico y de comit\u00e9s sigue representando los intereses de <strong>Igualdad, autodeterminaci\u00f3n y plena participaci\u00f3n social<\/strong> de las personas con discapacidad y enfermedades cr\u00f3nicas, y es sistem\u00e1ticamente <strong>contra cualquier forma de discriminaci\u00f3n<\/strong> en.<\/p><p>Se incluyen los objetivos:<\/p><ul><li><strong>Asegurar y ampliar los derechos:<\/strong> Influir en las condiciones marco de tal manera que la vida autodeterminada en la comunidad sea realmente posible, especialmente all\u00ed donde la evoluci\u00f3n social pone en peligro la participaci\u00f3n y el derecho a la vida.<\/li><\/ul><p>\u00a0<\/p><ul><li><strong>Abordar con eficacia la pol\u00edtica y la opini\u00f3n p\u00fablica:<\/strong> Llevar las preocupaciones del asesoramiento y la pr\u00e1ctica a los comit\u00e9s, grupos de trabajo y responsables de la toma de decisiones para iniciar mejoras concretas.<\/li><\/ul><p>\u00a0<\/p><ul><li><strong>Reforzar la autorrepresentaci\u00f3n:<\/strong> La gesti\u00f3n, la representaci\u00f3n externa y la autoridad para tomar decisiones recaen principalmente en las personas con discapacidad; el asesoramiento entre iguales sigue siendo la base profesional.<\/li><\/ul><p>\u00a0<\/p><ul><li><strong>Actuar de forma independiente y no partidista:<\/strong> independiente de partidos pol\u00edticos y confesiones, profesionalmente s\u00f3lida y orientada al bien com\u00fan.<\/li><\/ul><p>\u00a0<\/p><p>En cuanto al contenido, el trabajo del comit\u00e9 se centra en temas que permiten directamente la autodeterminaci\u00f3n: <strong>Asistencia personal<\/strong>, <strong>Estructuras sin barreras<\/strong>, <strong>Participaci\u00f3n en la educaci\u00f3n y el trabajo<\/strong> y la mejora sostenible de las condiciones de apoyo y suministro.<\/p><\/div><\/div>\t\t\t\t\t\t\t\t<\/div>\n\t\t\t\t<\/div>\n\t\t\t\t<\/div>\n\t\t<div class=\"elementor-element elementor-element-4c0a964 e-con-full e-flex e-con e-child\" data-id=\"4c0a964\" data-element_type=\"container\" data-settings=\"{&quot;background_background&quot;:&quot;classic&quot;}\">\n\t\t<div class=\"elementor-element elementor-element-577163b e-con-full e-flex e-con e-child\" data-id=\"577163b\" data-element_type=\"container\">\n\t\t\t\t<div class=\"elementor-element elementor-element-9685091 elementor-widget elementor-widget-heading\" data-id=\"9685091\" data-element_type=\"widget\" data-widget_type=\"heading.default\">\n\t\t\t\t\t<h2 class=\"elementor-heading-title elementor-size-default\">Extracto de los comit\u00e9s y grupos de trabajo en los que participa ZSL Erlangen.<\/h2>\t\t\t\t<\/div>\n\t\t\t\t<div class=\"elementor-element elementor-element-7654a96 elementor-widget elementor-widget-text-editor\" data-id=\"7654a96\" data-element_type=\"widget\" data-widget_type=\"text-editor.default\">\n\t\t\t\t\t\t\t\t\t<h4><span style=\"color: #8b0e0e;\"><strong>1) Consejo de Sostenibilidad (Ciudad de Erlangen)<img fetchpriority=\"high\" decoding=\"async\" class=\"alignright wp-image-3417 size-full\" src=\"https:\/\/zsl.webwolfdesign.eu\/wp-content\/uploads\/2026\/02\/Nachhaltigkeitsbeirat.jpg\" alt=\"\" width=\"600\" height=\"404\" srcset=\"https:\/\/zsl.webwolfdesign.eu\/wp-content\/uploads\/2026\/02\/Nachhaltigkeitsbeirat.jpg 600w, https:\/\/zsl.webwolfdesign.eu\/wp-content\/uploads\/2026\/02\/Nachhaltigkeitsbeirat-300x202.jpg 300w, https:\/\/zsl.webwolfdesign.eu\/wp-content\/uploads\/2026\/02\/Nachhaltigkeitsbeirat-18x12.jpg 18w\" sizes=\"(max-width: 600px) 100vw, 600px\" \/><\/strong><\/span><\/h4><p>El Consejo Asesor de Sostenibilidad asesora a la administraci\u00f3n municipal y al ayuntamiento sobre cuestiones de sostenibilidad, formula recomendaciones y apoya la comunicaci\u00f3n de la sostenibilidad en la sociedad urbana. ZSL aporta la perspectiva de las personas con discapacidad y se centra en <strong>Sostenibilidad incluida<\/strong>Movilidad accesible, formatos de participaci\u00f3n accesibles, pensamiento inclusivo en materia de crisis y protecci\u00f3n contra el calor y accesibilidad como criterio de calidad de las medidas municipales de sostenibilidad.<br \/><span style=\"text-decoration: underline; color: #ff0000;\">(<a style=\"color: #ff0000;\" href=\"https:\/\/erlangen.de\/themenseite\/mitgestalten\/politik-mitgestalten\/nachhaltigkeitsbeirat\" target=\"_blank\" rel=\"noopener\">https:\/\/erlangen.de\/themenseite\/mitgestalten\/politik-mitgestalten\/nachhaltigkeitsbeirat<\/a>)<\/span><\/p>\t\t\t\t\t\t\t\t<\/div>\n\t\t\t\t<div class=\"elementor-element elementor-element-688a8fd elementor-widget elementor-widget-text-editor\" data-id=\"688a8fd\" data-element_type=\"widget\" data-widget_type=\"text-editor.default\">\n\t\t\t\t\t\t\t\t\t<h4><span style=\"color: #8b0e0e;\"><strong>2) Consejo de Justicia Social (Erlangen)<img decoding=\"async\" class=\"wp-image-3418 size-full alignright\" src=\"https:\/\/zsl.webwolfdesign.eu\/wp-content\/uploads\/2026\/02\/Ratschlag.jpg\" alt=\"\" width=\"600\" height=\"404\" srcset=\"https:\/\/zsl.webwolfdesign.eu\/wp-content\/uploads\/2026\/02\/Ratschlag.jpg 600w, https:\/\/zsl.webwolfdesign.eu\/wp-content\/uploads\/2026\/02\/Ratschlag-300x202.jpg 300w, https:\/\/zsl.webwolfdesign.eu\/wp-content\/uploads\/2026\/02\/Ratschlag-18x12.jpg 18w\" sizes=\"(max-width: 600px) 100vw, 600px\" \/><\/strong><\/span><\/h4><p>El Consejo se concibe a s\u00ed mismo como un grupo consultivo y de coordinaci\u00f3n de organizaciones sociopol\u00edticamente activas con el objetivo de mejorar la justicia social a nivel local; entre los temas clave se incluyen. <strong>Trabajo<\/strong> y <strong>Vivir<\/strong>. La ZSL se compromete a <strong>participaci\u00f3n socialmente equitativa<\/strong> viviendas asequibles y sin barreras, un entorno laboral integrador, procesos administrativos no discriminatorios y la inclusi\u00f3n coherente de las personas discapacitadas en la pol\u00edtica social municipal.<br \/><span style=\"text-decoration: underline; color: #ff0000;\">(<a style=\"color: #ff0000;\" href=\"https:\/\/ratschlag-erlangen.de\/\" target=\"_blank\" rel=\"noopener\">ratschlag-erlangen.de<\/a>)<\/span><\/p>\t\t\t\t\t\t\t\t<\/div>\n\t\t\t\t<div class=\"elementor-element elementor-element-d0407b8 elementor-widget elementor-widget-text-editor\" data-id=\"d0407b8\" data-element_type=\"widget\" data-widget_type=\"text-editor.default\">\n\t\t\t\t\t\t\t\t\t<h4><span style=\"color: #8b0e0e;\"><strong>3) Consejo Asesor de Mayores (Ciudad de Erlangen)<img decoding=\"async\" class=\"alignright wp-image-3419 size-full\" src=\"https:\/\/zsl.webwolfdesign.eu\/wp-content\/uploads\/2026\/02\/seniorenbeirat.jpg\" alt=\"\" width=\"600\" height=\"404\" srcset=\"https:\/\/zsl.webwolfdesign.eu\/wp-content\/uploads\/2026\/02\/seniorenbeirat.jpg 600w, https:\/\/zsl.webwolfdesign.eu\/wp-content\/uploads\/2026\/02\/seniorenbeirat-300x202.jpg 300w, https:\/\/zsl.webwolfdesign.eu\/wp-content\/uploads\/2026\/02\/seniorenbeirat-18x12.jpg 18w\" sizes=\"(max-width: 600px) 100vw, 600px\" \/><\/strong><\/span><\/h4><p>El Consejo Asesor de Mayores asesora al ayuntamiento y a la administraci\u00f3n en todos los asuntos relacionados con las personas mayores y puede presentar sus propias propuestas, sugerencias y opiniones. El ZSL se centra en las intersecciones entre <strong>Edad, discapacidad y cuidados<\/strong>Vida sin barreras en el barrio, estructuras sanitarias y de apoyo accesibles, movilidad, as\u00ed como conceptos de participaci\u00f3n y protecci\u00f3n que lleguen tambi\u00e9n a las personas con discapacidad en la vejez. <span style=\"text-decoration: underline; color: #ff0000;\">(<a style=\"color: #ff0000;\" href=\"https:\/\/erlangen.de\/themenseite\/mitgestalten\/politik-mitgestalten\/seniorenbeirat\" target=\"_blank\" rel=\"noopener\">https:\/\/erlangen.de\/themenseite\/mitgestalten\/politik-mitgestalten\/seniorenbeirat<\/a>)<\/span><\/p>\t\t\t\t\t\t\t\t<\/div>\n\t\t\t\t<div class=\"elementor-element elementor-element-df4ea5b elementor-widget elementor-widget-text-editor\" data-id=\"df4ea5b\" data-element_type=\"widget\" data-widget_type=\"text-editor.default\">\n\t\t\t\t\t\t\t\t\t<h4><span style=\"color: #8b0e0e;\"><strong>4) Comit\u00e9 Social y Sanitario \/ Comit\u00e9 de Empresa EJC (Ciudad de Erlangen)<\/strong><\/span><\/h4><p>El comit\u00e9 se ocupa de cuestiones de pol\u00edtica social y sanitaria (incluido el comit\u00e9 de empresa del EJC). ZSL es miembro sin derecho a voto y aporta posiciones a trav\u00e9s del Consejo Consultivo Social y del EJC a una posici\u00f3n conjunta de la sociedad civil, que luego se refleja en los trabajos del comit\u00e9. En cuanto al contenido, la ZSL aboga por una participaci\u00f3n efectiva, accesibilidad y <strong>Soluciones pr\u00e1cticas en estructuras sociales y sanitarias <\/strong>en. <br \/><span style=\"text-decoration: underline; color: #ff0000;\">(<a style=\"color: #ff0000;\" href=\"https:\/\/ratsinfo.erlangen.de\/si0046.asp?__canz=12&amp;__cjahr=2025&amp;__cmonat=1&amp;__cselect=65536&amp;__kgsgrnr=21&amp;__osidat=a&amp;smccont=85\" target=\"_blank\" rel=\"noopener\">Informaci\u00f3n del Consejo Erlangen)<\/a><\/span><\/p>\t\t\t\t\t\t\t\t<\/div>\n\t\t\t\t<div class=\"elementor-element elementor-element-b7c0121 elementor-widget elementor-widget-text-editor\" data-id=\"b7c0121\" data-element_type=\"widget\" data-widget_type=\"text-editor.default\">\n\t\t\t\t\t\t\t\t\t<h4><span style=\"color: #8b0e0e;\"><strong>5) Grupo de trabajo \u201eConvivencia sin barreras\u201c (distrito de Erlangen-H\u00f6chstadt)<\/strong><\/span><\/h4><h4><span style=\"color: #8b0e0e;\"><strong><img loading=\"lazy\" decoding=\"async\" class=\"alignright wp-image-3416 size-full\" src=\"https:\/\/zsl.webwolfdesign.eu\/wp-content\/uploads\/2026\/02\/Barrierefrei.jpg\" alt=\"\" width=\"600\" height=\"404\" srcset=\"https:\/\/zsl.webwolfdesign.eu\/wp-content\/uploads\/2026\/02\/Barrierefrei.jpg 600w, https:\/\/zsl.webwolfdesign.eu\/wp-content\/uploads\/2026\/02\/Barrierefrei-300x202.jpg 300w, https:\/\/zsl.webwolfdesign.eu\/wp-content\/uploads\/2026\/02\/Barrierefrei-18x12.jpg 18w\" sizes=\"(max-width: 600px) 100vw, 600px\" \/><\/strong><\/span><\/h4><p>La ArGe defiende los intereses de las personas con discapacidad del distrito, pretende mejorar la participaci\u00f3n y derribar barreras; entre sus miembros hay responsables municipales de discapacidad, personas con y sin discapacidad, organizaciones de autoayuda y asociaciones sociales. La ZSL aporta su experiencia desde la autorepresentaci\u00f3n y el asesoramiento, apoya la <strong>Mayor desarrollo de las normas municipales de accesibilidad<\/strong> e impulsa la eliminaci\u00f3n de barreras de acceso espec\u00edficas en la vida cotidiana, la administraci\u00f3n y los espacios p\u00fablicos.<br \/><a href=\"https:\/\/www.herzogenaurach.de\/fileadmin\/user_upload\/Content\/Barrierefreiheit\/Flyer_ag_barrierefrei_180912.pdf\" target=\"_blank\" rel=\"noopener\"><span style=\"text-decoration: underline;\"><span style=\"color: #ff0000; text-decoration: underline;\">(Grupo de trabajo \u201eJuntos sin barreras\u201c)<\/span><\/span><\/a><\/p>\t\t\t\t\t\t\t\t<\/div>\n\t\t\t\t<div class=\"elementor-element elementor-element-e194bf3 elementor-widget elementor-widget-text-editor\" data-id=\"e194bf3\" data-element_type=\"widget\" data-widget_type=\"text-editor.default\">\n\t\t\t\t\t\t\t\t\t<h4><span style=\"color: #8b0e0e;\">6) Grupo de Trabajo de Enfermos Cr\u00f3nicos y Discapacitados de Bamberg (ARGE Bamberg)<img loading=\"lazy\" decoding=\"async\" class=\"alignright wp-image-3415 size-full\" src=\"https:\/\/zsl.webwolfdesign.eu\/wp-content\/uploads\/2026\/02\/Arge.jpg\" alt=\"\" width=\"600\" height=\"404\" srcset=\"https:\/\/zsl.webwolfdesign.eu\/wp-content\/uploads\/2026\/02\/Arge.jpg 600w, https:\/\/zsl.webwolfdesign.eu\/wp-content\/uploads\/2026\/02\/Arge-300x202.jpg 300w, https:\/\/zsl.webwolfdesign.eu\/wp-content\/uploads\/2026\/02\/Arge-18x12.jpg 18w\" sizes=\"(max-width: 600px) 100vw, 600px\" \/><\/span><\/h4><p>La ARGE representa los intereses de los enfermos cr\u00f3nicos y discapacitados de la ciudad y el distrito de Bamberg, agrupa a organizaciones de autoayuda y asociaciones y es el punto de contacto para pol\u00edticos y autoridades. La ZSL participa en el <strong>intercambio regional<\/strong> La organizaci\u00f3n coordina posiciones en cuestiones de participaci\u00f3n y accesibilidad y refuerza la representaci\u00f3n conjunta de intereses m\u00e1s all\u00e1 de los l\u00edmites municipales.<br \/><span style=\"text-decoration: underline; color: #ff0000;\">(<a style=\"color: #ff0000;\" href=\"https:\/\/www.arge-bamberg.de\/\" target=\"_blank\" rel=\"noopener\">arge-bamberg.de<\/a>)<\/span><\/p>\t\t\t\t\t\t\t\t<\/div>\n\t\t\t\t<\/div>\n\t\t\t\t<\/div>\n\t\t\t\t<\/div>\n\t\t\t\t\t<\/div>\n\t\t\t\t<\/div>\n\t\t\t\t<\/div>","protected":false},"excerpt":{"rendered":"<p>Interessenvertretung Zielsetzung der politischen- &amp; Gremien-Arbeit Unsere politische- und Gremienarbeit setzt die Interessenvertretung f\u00fcr Gleichstellung, Selbstbestimmung und volle gesellschaftliche Teilhabe von Menschen mit Behinderung und chronischer Erkrankung konsequent um und tritt gegen jede Form von Diskriminierung ein. Ziele sind dabei: Rechte sichern und ausbauen: Rahmenbedingungen so beeinflussen, dass selbstbestimmtes Leben in der Gemeinschaft real m\u00f6glich [&hellip;]<\/p>","protected":false},"author":1,"featured_media":0,"parent":0,"menu_order":0,"comment_status":"closed","ping_status":"closed","template":"","meta":{"footnotes":""},"class_list":["post-3412","page","type-page","status-publish","hentry"],"_hostinger_reach_plugin_has_subscription_block":false,"_hostinger_reach_plugin_is_elementor":false,"_links":{"self":[{"href":"https:\/\/zsl.webwolfdesign.eu\/es\/wp-json\/wp\/v2\/pages\/3412","targetHints":{"allow":["GET"]}}],"collection":[{"href":"https:\/\/zsl.webwolfdesign.eu\/es\/wp-json\/wp\/v2\/pages"}],"about":[{"href":"https:\/\/zsl.webwolfdesign.eu\/es\/wp-json\/wp\/v2\/types\/page"}],"author":[{"embeddable":true,"href":"https:\/\/zsl.webwolfdesign.eu\/es\/wp-json\/wp\/v2\/users\/1"}],"replies":[{"embeddable":true,"href":"https:\/\/zsl.webwolfdesign.eu\/es\/wp-json\/wp\/v2\/comments?post=3412"}],"version-history":[{"count":16,"href":"https:\/\/zsl.webwolfdesign.eu\/es\/wp-json\/wp\/v2\/pages\/3412\/revisions"}],"predecessor-version":[{"id":3613,"href":"https:\/\/zsl.webwolfdesign.eu\/es\/wp-json\/wp\/v2\/pages\/3412\/revisions\/3613"}],"wp:attachment":[{"href":"https:\/\/zsl.webwolfdesign.eu\/es\/wp-json\/wp\/v2\/media?parent=3412"}],"curies":[{"name":"wp","href":"https:\/\/api.w.org\/{rel}","templated":true}]}}