{"id":730,"date":"2025-11-18T14:01:55","date_gmt":"2025-11-18T14:01:55","guid":{"rendered":"https:\/\/zsl.webwolfdesign.eu\/?page_id=730"},"modified":"2025-11-26T13:21:41","modified_gmt":"2025-11-26T13:21:41","slug":"perspektivwechsel","status":"publish","type":"page","link":"https:\/\/zsl.webwolfdesign.eu\/es\/perspektivwechsel\/","title":{"rendered":"Perspektivwechsel - Cambio de perspectiva"},"content":{"rendered":"<div data-elementor-type=\"wp-page\" data-elementor-id=\"730\" class=\"elementor elementor-730\" data-elementor-post-type=\"page\">\n\t\t\t\t<main class=\"elementor-element elementor-element-0a41d4b e-con-full e-flex e-con e-parent\" data-id=\"0a41d4b\" data-element_type=\"container\">\n\t\t<main class=\"elementor-element elementor-element-713271c e-con-full e-flex e-con e-child\" data-id=\"713271c\" data-element_type=\"container\" data-settings=\"{&quot;background_background&quot;:&quot;classic&quot;}\">\n\t\t<div class=\"elementor-element elementor-element-0ef31ae e-con-full e-flex e-con e-child\" data-id=\"0ef31ae\" data-element_type=\"container\">\n\t\t<div class=\"elementor-element elementor-element-7554421 e-con-full e-flex e-con e-child\" data-id=\"7554421\" data-element_type=\"container\" data-settings=\"{&quot;background_background&quot;:&quot;gradient&quot;}\">\n\t\t\t\t<div class=\"elementor-element elementor-element-aa8d35a elementor-widget elementor-widget-heading\" data-id=\"aa8d35a\" data-element_type=\"widget\" data-widget_type=\"heading.default\">\n\t\t\t\t\t<h2 class=\"elementor-heading-title elementor-size-default\">Perspektivwechsel - Cambio de perspectiva<\/h2>\t\t\t\t<\/div>\n\t\t\t\t<div class=\"elementor-element elementor-element-b46624d elementor-widget elementor-widget-text-editor\" data-id=\"b46624d\" data-element_type=\"widget\" data-widget_type=\"text-editor.default\">\n\t\t\t\t\t\t\t\t\t<p>La comprensi\u00f3n viene de la experiencia, no de la explicaci\u00f3n.<\/p>\t\t\t\t\t\t\t\t<\/div>\n\t\t\t\t<\/div>\n\t\t<div class=\"elementor-element elementor-element-e891fde e-con-full e-flex e-con e-child\" data-id=\"e891fde\" data-element_type=\"container\">\n\t\t\t\t<div class=\"elementor-element elementor-element-c62e093 e-transform elementor-widget elementor-widget-image\" data-id=\"c62e093\" data-element_type=\"widget\" data-settings=\"{&quot;_transform_flipX_effect&quot;:&quot;transform&quot;}\" data-widget_type=\"image.default\">\n\t\t\t\t\t\t\t\t\t\t\t\t\t\t\t<img fetchpriority=\"high\" decoding=\"async\" width=\"1500\" height=\"630\" src=\"https:\/\/zsl.webwolfdesign.eu\/wp-content\/uploads\/2025\/11\/Perspektivwechsel1.jpg\" class=\"attachment-full size-full wp-image-733\" alt=\"\" srcset=\"https:\/\/zsl.webwolfdesign.eu\/wp-content\/uploads\/2025\/11\/Perspektivwechsel1.jpg 1500w, https:\/\/zsl.webwolfdesign.eu\/wp-content\/uploads\/2025\/11\/Perspektivwechsel1-300x126.jpg 300w, https:\/\/zsl.webwolfdesign.eu\/wp-content\/uploads\/2025\/11\/Perspektivwechsel1-1024x430.jpg 1024w, https:\/\/zsl.webwolfdesign.eu\/wp-content\/uploads\/2025\/11\/Perspektivwechsel1-768x323.jpg 768w\" sizes=\"(max-width: 1500px) 100vw, 1500px\" \/>\t\t\t\t\t\t\t\t\t\t\t\t\t\t\t<\/div>\n\t\t\t\t<\/div>\n\t\t\t\t<\/div>\n\t\t<div class=\"elementor-element elementor-element-2e33abd e-flex e-con-boxed e-con e-child\" data-id=\"2e33abd\" data-element_type=\"container\">\n\t\t\t\t\t<div class=\"e-con-inner\">\n\t\t<div class=\"elementor-element elementor-element-4d552cf e-con-full e-flex e-con e-child\" data-id=\"4d552cf\" data-element_type=\"container\" data-settings=\"{&quot;background_background&quot;:&quot;classic&quot;}\">\n\t\t<div class=\"elementor-element elementor-element-4f2a6c5 e-con-full e-flex e-con e-child\" data-id=\"4f2a6c5\" data-element_type=\"container\" data-settings=\"{&quot;background_background&quot;:&quot;classic&quot;}\">\n\t\t<div class=\"elementor-element elementor-element-698bb6d e-con-full e-flex e-con e-child\" data-id=\"698bb6d\" data-element_type=\"container\">\n\t\t\t\t<div class=\"elementor-element elementor-element-d4d1e3e elementor-widget elementor-widget-heading\" data-id=\"d4d1e3e\" data-element_type=\"widget\" data-widget_type=\"heading.default\">\n\t\t\t\t\t<h2 class=\"elementor-heading-title elementor-size-default\">\u00bfQu\u00e9 es el proyecto Cambio de Perspectiva?<\/h2>\t\t\t\t<\/div>\n\t\t\t\t<div class=\"elementor-element elementor-element-8fb7006 elementor-widget elementor-widget-text-editor\" data-id=\"8fb7006\" data-element_type=\"widget\" data-widget_type=\"text-editor.default\">\n\t\t\t\t\t\t\t\t\t<p>En el marco de nuestro programa \u201eCambio de perspectiva\u201c, organizamos seminarios, talleres y conferencias para informar sobre la situaci\u00f3n vital de las personas con discapacidad y\/o enfermedades cr\u00f3nicas.<\/p><p>En nuestro taller de autoconocimiento para grupos y clases escolares, los interesados pueden salir ellos mismos en silla de ruedas o explorar el entorno con los ojos vendados, guiados y acompa\u00f1ados por afectados y especialistas.<\/p><p>El objetivo es sensibilizar al p\u00fablico sobre sus preocupaciones y ofrecer una visi\u00f3n de la vida con una discapacidad. Con nuestro programa queremos contribuir a una sociedad m\u00e1s integradora.<\/p>\t\t\t\t\t\t\t\t<\/div>\n\t\t\t\t<\/div>\n\t\t\t\t<\/div>\n\t\t<div class=\"elementor-element elementor-element-94084b9 e-con-full e-flex e-con e-child\" data-id=\"94084b9\" data-element_type=\"container\" data-settings=\"{&quot;background_background&quot;:&quot;classic&quot;}\">\n\t\t<div class=\"elementor-element elementor-element-b687815 e-con-full e-flex e-con e-child\" data-id=\"b687815\" data-element_type=\"container\">\n\t\t\t\t<div class=\"elementor-element elementor-element-5613c2e elementor-widget elementor-widget-heading\" data-id=\"5613c2e\" data-element_type=\"widget\" data-widget_type=\"heading.default\">\n\t\t\t\t\t<h2 class=\"elementor-heading-title elementor-size-default\">Nuestros m\u00f3dulos<\/h2>\t\t\t\t<\/div>\n\t\t\t\t<div class=\"elementor-element elementor-element-acfd2e9 elementor-widget elementor-widget-text-editor\" data-id=\"acfd2e9\" data-element_type=\"widget\" data-widget_type=\"text-editor.default\">\n\t\t\t\t\t\t\t\t\t<ul><li>Aportaci\u00f3n de especialistas<\/li><li>Debate<\/li><li>Respuestas a sus preguntas<\/li><li>Cambio de perspectiva a trav\u00e9s de la autoconciencia (por ejemplo, curso en silla de ruedas y simulaciones)<\/li><\/ul>\t\t\t\t\t\t\t\t<\/div>\n\t\t\t\t<\/div>\n\t\t\t\t<\/div>\n\t\t<div class=\"elementor-element elementor-element-2ff8fba e-con-full e-flex e-con e-child\" data-id=\"2ff8fba\" data-element_type=\"container\" data-settings=\"{&quot;background_background&quot;:&quot;classic&quot;}\">\n\t\t<div class=\"elementor-element elementor-element-e4c852c e-con-full e-flex e-con e-child\" data-id=\"e4c852c\" data-element_type=\"container\">\n\t\t\t\t<div class=\"elementor-element elementor-element-f2ee88d elementor-widget elementor-widget-heading\" data-id=\"f2ee88d\" data-element_type=\"widget\" data-widget_type=\"heading.default\">\n\t\t\t\t\t<h2 class=\"elementor-heading-title elementor-size-default\">Nuestros grupos destinatarios<\/h2>\t\t\t\t<\/div>\n\t\t\t\t<div class=\"elementor-element elementor-element-0c59e1e elementor-widget elementor-widget-text-editor\" data-id=\"0c59e1e\" data-element_type=\"widget\" data-widget_type=\"text-editor.default\">\n\t\t\t\t\t\t\t\t\t<ul><li>Colegios y otras instituciones educativas<\/li><li>Empresa y tiendas<\/li><li>Clubes y grupos<\/li><li>Hosteler\u00eda<\/li><\/ul><p><br \/>Como expertos por derecho propio, todos los programas los lleva a cabo un equipo diverso de personas con y sin discapacidad.<br \/>En cuanto al contenido, estaremos encantados de adaptarnos a sus ideas y deseos.<\/p>\t\t\t\t\t\t\t\t<\/div>\n\t\t\t\t<\/div>\n\t\t\t\t<\/div>\n\t\t<div class=\"elementor-element elementor-element-7027831 e-con-full e-flex e-con e-child\" data-id=\"7027831\" data-element_type=\"container\" data-settings=\"{&quot;background_background&quot;:&quot;classic&quot;}\">\n\t\t<div class=\"elementor-element elementor-element-3f9b744 e-con-full e-flex e-con e-child\" data-id=\"3f9b744\" data-element_type=\"container\">\n\t\t\t\t<div class=\"elementor-element elementor-element-b3049bf elementor-widget elementor-widget-heading\" data-id=\"b3049bf\" data-element_type=\"widget\" data-widget_type=\"heading.default\">\n\t\t\t\t\t<h2 class=\"elementor-heading-title elementor-size-default\">contacto<\/h2>\t\t\t\t<\/div>\n\t\t\t\t<div class=\"elementor-element elementor-element-9f059c2 elementor-widget elementor-widget-text-editor\" data-id=\"9f059c2\" data-element_type=\"widget\" data-widget_type=\"text-editor.default\">\n\t\t\t\t\t\t\t\t\t<ul><li><p><strong>ZSL e.V.<\/strong><br \/>Counselling.education.encounter.<br \/>Luitpolstrasse 38<br \/>91052 Erlangen<\/p><p>Tel\u00e9fono: 09131 98783-0<br \/>Correo: <a title=\"bildung@zsl-erlangen.de\" href=\"mailto:bildung@zsl-erlangen.de\">bildung@zsl-erlangen.de<\/a><\/p><\/li><\/ul>\t\t\t\t\t\t\t\t<\/div>\n\t\t\t\t<\/div>\n\t\t\t\t<\/div>\n\t\t\t\t<\/div>\n\t\t<div class=\"elementor-element elementor-element-e084163 e-con-full e-flex e-con e-child\" data-id=\"e084163\" data-element_type=\"container\">\n\t\t<div class=\"elementor-element elementor-element-ffd5062 e-con-full e-flex e-con e-child\" data-id=\"ffd5062\" data-element_type=\"container\" data-settings=\"{&quot;background_background&quot;:&quot;classic&quot;}\">\n\t\t\t\t<div class=\"elementor-element elementor-element-e7341bf elementor-widget__width-initial elementor-widget elementor-widget-heading\" data-id=\"e7341bf\" data-element_type=\"widget\" data-widget_type=\"heading.default\">\n\t\t\t\t\t<h2 class=\"elementor-heading-title elementor-size-default\">Impresiones<\/h2>\t\t\t\t<\/div>\n\t\t\t\t<\/div>\n\t\t<div class=\"elementor-element elementor-element-716bf6d e-con-full e-flex e-con e-child\" data-id=\"716bf6d\" data-element_type=\"container\" data-settings=\"{&quot;background_background&quot;:&quot;classic&quot;}\">\n\t\t<div class=\"elementor-element elementor-element-1326dfe e-con-full e-flex e-con e-child\" data-id=\"1326dfe\" data-element_type=\"container\">\n\t\t\t\t<div class=\"elementor-element elementor-element-ac7a581 elementor-widget elementor-widget-image\" data-id=\"ac7a581\" data-element_type=\"widget\" data-widget_type=\"image.default\">\n\t\t\t\t\t\t\t\t\t\t\t\t\t\t\t<img decoding=\"async\" width=\"291\" height=\"343\" src=\"https:\/\/zsl.webwolfdesign.eu\/wp-content\/uploads\/2025\/11\/Ebene-1-e1763485689756.png\" class=\"attachment-full size-full wp-image-754\" alt=\"\" \/>\t\t\t\t\t\t\t\t\t\t\t\t\t\t\t<\/div>\n\t\t\t\t<div class=\"elementor-element elementor-element-42bb81e elementor-widget elementor-widget-image\" data-id=\"42bb81e\" data-element_type=\"widget\" data-widget_type=\"image.default\">\n\t\t\t\t\t\t\t\t\t\t\t\t\t\t\t<img decoding=\"async\" width=\"266\" height=\"343\" src=\"https:\/\/zsl.webwolfdesign.eu\/wp-content\/uploads\/2025\/11\/Ebene-5-e1763485634482.png\" class=\"attachment-full size-full wp-image-758\" alt=\"\" \/>\t\t\t\t\t\t\t\t\t\t\t\t\t\t\t<\/div>\n\t\t\t\t<div class=\"elementor-element elementor-element-2b07b89 elementor-widget elementor-widget-image\" data-id=\"2b07b89\" data-element_type=\"widget\" data-widget_type=\"image.default\">\n\t\t\t\t\t\t\t\t\t\t\t\t\t\t\t<img loading=\"lazy\" decoding=\"async\" width=\"397\" height=\"343\" src=\"https:\/\/zsl.webwolfdesign.eu\/wp-content\/uploads\/2025\/11\/Ebene-4-e1763485398336.png\" class=\"attachment-full size-full wp-image-766\" alt=\"\" srcset=\"https:\/\/zsl.webwolfdesign.eu\/wp-content\/uploads\/2025\/11\/Ebene-4-e1763485398336.png 397w, https:\/\/zsl.webwolfdesign.eu\/wp-content\/uploads\/2025\/11\/Ebene-4-e1763485398336-300x259.png 300w\" sizes=\"(max-width: 397px) 100vw, 397px\" \/>\t\t\t\t\t\t\t\t\t\t\t\t\t\t\t<\/div>\n\t\t\t\t<div class=\"elementor-element elementor-element-0b3dcb5 elementor-widget elementor-widget-image\" data-id=\"0b3dcb5\" data-element_type=\"widget\" data-widget_type=\"image.default\">\n\t\t\t\t\t\t\t\t\t\t\t\t\t\t\t<img loading=\"lazy\" decoding=\"async\" width=\"269\" height=\"343\" src=\"https:\/\/zsl.webwolfdesign.eu\/wp-content\/uploads\/2025\/11\/Ebene-3-e1763485661551.png\" class=\"attachment-full size-full wp-image-756\" alt=\"\" \/>\t\t\t\t\t\t\t\t\t\t\t\t\t\t\t<\/div>\n\t\t\t\t<div class=\"elementor-element elementor-element-f8f42a9 elementor-widget elementor-widget-image\" data-id=\"f8f42a9\" data-element_type=\"widget\" data-widget_type=\"image.default\">\n\t\t\t\t\t\t\t\t\t\t\t\t\t\t\t<img loading=\"lazy\" decoding=\"async\" width=\"430\" height=\"343\" src=\"https:\/\/zsl.webwolfdesign.eu\/wp-content\/uploads\/2025\/11\/Ebene-2-e1763485677983.png\" class=\"attachment-full size-full wp-image-755\" alt=\"\" \/>\t\t\t\t\t\t\t\t\t\t\t\t\t\t\t<\/div>\n\t\t\t\t<\/div>\n\t\t<div class=\"elementor-element elementor-element-f715e83 e-con-full e-flex e-con e-child\" data-id=\"f715e83\" data-element_type=\"container\" data-settings=\"{&quot;background_background&quot;:&quot;classic&quot;}\">\n\t\t<div class=\"elementor-element elementor-element-f139068 e-con-full e-flex e-con e-child\" data-id=\"f139068\" data-element_type=\"container\" data-settings=\"{&quot;background_background&quot;:&quot;classic&quot;}\">\n\t\t<div class=\"elementor-element elementor-element-8461346 e-con-full e-flex e-con e-child\" data-id=\"8461346\" data-element_type=\"container\" data-settings=\"{&quot;background_background&quot;:&quot;classic&quot;}\">\n\t\t\t\t<\/div>\n\t\t<div class=\"elementor-element elementor-element-d096040 e-con-full e-flex e-con e-child\" data-id=\"d096040\" data-element_type=\"container\" data-settings=\"{&quot;background_background&quot;:&quot;classic&quot;}\">\n\t\t\t\t<div class=\"elementor-element elementor-element-e044529 elementor-widget elementor-widget-image\" data-id=\"e044529\" data-element_type=\"widget\" data-widget_type=\"image.default\">\n\t\t\t\t\t\t\t\t\t\t\t\t\t\t\t<img loading=\"lazy\" decoding=\"async\" width=\"500\" height=\"500\" src=\"https:\/\/zsl.webwolfdesign.eu\/wp-content\/uploads\/2025\/11\/Sprechblase6.png\" class=\"attachment-large size-large wp-image-748\" alt=\"\" srcset=\"https:\/\/zsl.webwolfdesign.eu\/wp-content\/uploads\/2025\/11\/Sprechblase6.png 500w, https:\/\/zsl.webwolfdesign.eu\/wp-content\/uploads\/2025\/11\/Sprechblase6-300x300.png 300w, https:\/\/zsl.webwolfdesign.eu\/wp-content\/uploads\/2025\/11\/Sprechblase6-150x150.png 150w\" sizes=\"(max-width: 500px) 100vw, 500px\" \/>\t\t\t\t\t\t\t\t\t\t\t\t\t\t\t<\/div>\n\t\t\t\t<\/div>\n\t\t<div class=\"elementor-element elementor-element-7e10717 e-con-full e-flex e-con e-child\" data-id=\"7e10717\" data-element_type=\"container\">\n\t\t\t\t<div class=\"elementor-element elementor-element-b750c91 elementor-widget elementor-widget-image\" data-id=\"b750c91\" data-element_type=\"widget\" data-widget_type=\"image.default\">\n\t\t\t\t\t\t\t\t\t\t\t\t\t\t\t<img loading=\"lazy\" decoding=\"async\" width=\"377\" height=\"348\" src=\"https:\/\/zsl.webwolfdesign.eu\/wp-content\/uploads\/2025\/11\/Sprechblase8.png\" class=\"attachment-large size-large wp-image-750\" alt=\"\" srcset=\"https:\/\/zsl.webwolfdesign.eu\/wp-content\/uploads\/2025\/11\/Sprechblase8.png 377w, https:\/\/zsl.webwolfdesign.eu\/wp-content\/uploads\/2025\/11\/Sprechblase8-300x277.png 300w\" sizes=\"(max-width: 377px) 100vw, 377px\" \/>\t\t\t\t\t\t\t\t\t\t\t\t\t\t\t<\/div>\n\t\t\t\t<\/div>\n\t\t<div class=\"elementor-element elementor-element-e897a4f e-con-full e-flex e-con e-child\" data-id=\"e897a4f\" data-element_type=\"container\">\n\t\t\t\t<\/div>\n\t\t\t\t<\/div>\n\t\t<div class=\"elementor-element elementor-element-53db449 e-con-full e-flex e-con e-child\" data-id=\"53db449\" data-element_type=\"container\" data-settings=\"{&quot;background_background&quot;:&quot;classic&quot;}\">\n\t\t<div class=\"elementor-element elementor-element-c174408 e-con-full e-flex e-con e-child\" data-id=\"c174408\" data-element_type=\"container\">\n\t\t\t\t<div class=\"elementor-element elementor-element-7dcedfc elementor-widget elementor-widget-image\" data-id=\"7dcedfc\" data-element_type=\"widget\" data-widget_type=\"image.default\">\n\t\t\t\t\t\t\t\t\t\t\t\t\t\t\t<img loading=\"lazy\" decoding=\"async\" width=\"500\" height=\"273\" src=\"https:\/\/zsl.webwolfdesign.eu\/wp-content\/uploads\/2025\/11\/Sprechblase7.png\" class=\"attachment-large size-large wp-image-749\" alt=\"\" srcset=\"https:\/\/zsl.webwolfdesign.eu\/wp-content\/uploads\/2025\/11\/Sprechblase7.png 500w, https:\/\/zsl.webwolfdesign.eu\/wp-content\/uploads\/2025\/11\/Sprechblase7-300x164.png 300w\" sizes=\"(max-width: 500px) 100vw, 500px\" \/>\t\t\t\t\t\t\t\t\t\t\t\t\t\t\t<\/div>\n\t\t\t\t<\/div>\n\t\t<div class=\"elementor-element elementor-element-d3e4f72 e-con-full e-flex e-con e-child\" data-id=\"d3e4f72\" data-element_type=\"container\">\n\t\t\t\t<div class=\"elementor-element elementor-element-726e300 elementor-widget elementor-widget-image\" data-id=\"726e300\" data-element_type=\"widget\" data-widget_type=\"image.default\">\n\t\t\t\t\t\t\t\t\t\t\t\t\t\t\t<img loading=\"lazy\" decoding=\"async\" width=\"421\" height=\"239\" src=\"https:\/\/zsl.webwolfdesign.eu\/wp-content\/uploads\/2025\/11\/Sprechblase4.png\" class=\"attachment-large size-large wp-image-744\" alt=\"\" srcset=\"https:\/\/zsl.webwolfdesign.eu\/wp-content\/uploads\/2025\/11\/Sprechblase4.png 421w, https:\/\/zsl.webwolfdesign.eu\/wp-content\/uploads\/2025\/11\/Sprechblase4-300x170.png 300w\" sizes=\"(max-width: 421px) 100vw, 421px\" \/>\t\t\t\t\t\t\t\t\t\t\t\t\t\t\t<\/div>\n\t\t\t\t<\/div>\n\t\t<div class=\"elementor-element elementor-element-24d69f9 e-con-full e-flex e-con e-child\" data-id=\"24d69f9\" data-element_type=\"container\">\n\t\t\t\t<div class=\"elementor-element elementor-element-ac0659f elementor-widget elementor-widget-image\" data-id=\"ac0659f\" data-element_type=\"widget\" data-widget_type=\"image.default\">\n\t\t\t\t\t\t\t\t\t\t\t\t\t\t\t<img loading=\"lazy\" decoding=\"async\" width=\"471\" height=\"187\" src=\"https:\/\/zsl.webwolfdesign.eu\/wp-content\/uploads\/2025\/11\/Sprechblase3.png\" class=\"attachment-large size-large wp-image-743\" alt=\"\" srcset=\"https:\/\/zsl.webwolfdesign.eu\/wp-content\/uploads\/2025\/11\/Sprechblase3.png 471w, https:\/\/zsl.webwolfdesign.eu\/wp-content\/uploads\/2025\/11\/Sprechblase3-300x119.png 300w\" sizes=\"(max-width: 471px) 100vw, 471px\" \/>\t\t\t\t\t\t\t\t\t\t\t\t\t\t\t<\/div>\n\t\t\t\t<\/div>\n\t\t\t\t<\/div>\n\t\t<div class=\"elementor-element elementor-element-940758e e-con-full e-flex e-con e-child\" data-id=\"940758e\" data-element_type=\"container\" data-settings=\"{&quot;background_background&quot;:&quot;classic&quot;}\">\n\t\t\t\t<div class=\"elementor-element elementor-element-6b394b8 elementor-widget elementor-widget-image\" data-id=\"6b394b8\" data-element_type=\"widget\" data-widget_type=\"image.default\">\n\t\t\t\t\t\t\t\t\t\t\t\t\t\t\t<img loading=\"lazy\" decoding=\"async\" width=\"2000\" height=\"300\" src=\"https:\/\/zsl.webwolfdesign.eu\/wp-content\/uploads\/2025\/11\/Silhouetten2.jpg\" class=\"attachment-full size-full wp-image-735\" alt=\"\" srcset=\"https:\/\/zsl.webwolfdesign.eu\/wp-content\/uploads\/2025\/11\/Silhouetten2.jpg 2000w, https:\/\/zsl.webwolfdesign.eu\/wp-content\/uploads\/2025\/11\/Silhouetten2-300x45.jpg 300w, https:\/\/zsl.webwolfdesign.eu\/wp-content\/uploads\/2025\/11\/Silhouetten2-1024x154.jpg 1024w, https:\/\/zsl.webwolfdesign.eu\/wp-content\/uploads\/2025\/11\/Silhouetten2-768x115.jpg 768w, https:\/\/zsl.webwolfdesign.eu\/wp-content\/uploads\/2025\/11\/Silhouetten2-1536x230.jpg 1536w\" sizes=\"(max-width: 2000px) 100vw, 2000px\" \/>\t\t\t\t\t\t\t\t\t\t\t\t\t\t\t<\/div>\n\t\t\t\t<\/div>\n\t\t\t\t<\/div>\n\t\t\t\t<\/div>\n\t\t\t\t<\/div>\n\t\t\t\t\t<\/div>\n\t\t\t\t<\/div>\n\t\t\t\t<\/main>\n\t\t\t\t<\/main>\n\t\t\t\t<\/div>","protected":false},"excerpt":{"rendered":"<p>Perspektivwechsel Verstehen entsteht durch Erleben, nicht durch Erkl\u00e4ren. Was ist das Projekt Perspektivwechsel? Im Rahmen unseres Angebots \u201ePerspektivwechsel\u201c kl\u00e4ren wir in Seminaren, Workshops oder Vortr\u00e4gen \u00fcber die Lebenssituationen von Menschen mit Behinderung und\/oder chronischer Erkrankung auf. In unserem Selbsterfahrungsworkshop f\u00fcr Gruppen und Schulklassen k\u00f6nnen Interessierte selbst im Rollstuhl unterwegs sein oder unter der Augenbinde die [&hellip;]<\/p>","protected":false},"author":1,"featured_media":0,"parent":0,"menu_order":0,"comment_status":"closed","ping_status":"closed","template":"","meta":{"footnotes":""},"class_list":["post-730","page","type-page","status-publish","hentry"],"_hostinger_reach_plugin_has_subscription_block":false,"_hostinger_reach_plugin_is_elementor":false,"_links":{"self":[{"href":"https:\/\/zsl.webwolfdesign.eu\/es\/wp-json\/wp\/v2\/pages\/730","targetHints":{"allow":["GET"]}}],"collection":[{"href":"https:\/\/zsl.webwolfdesign.eu\/es\/wp-json\/wp\/v2\/pages"}],"about":[{"href":"https:\/\/zsl.webwolfdesign.eu\/es\/wp-json\/wp\/v2\/types\/page"}],"author":[{"embeddable":true,"href":"https:\/\/zsl.webwolfdesign.eu\/es\/wp-json\/wp\/v2\/users\/1"}],"replies":[{"embeddable":true,"href":"https:\/\/zsl.webwolfdesign.eu\/es\/wp-json\/wp\/v2\/comments?post=730"}],"version-history":[{"count":46,"href":"https:\/\/zsl.webwolfdesign.eu\/es\/wp-json\/wp\/v2\/pages\/730\/revisions"}],"predecessor-version":[{"id":1599,"href":"https:\/\/zsl.webwolfdesign.eu\/es\/wp-json\/wp\/v2\/pages\/730\/revisions\/1599"}],"wp:attachment":[{"href":"https:\/\/zsl.webwolfdesign.eu\/es\/wp-json\/wp\/v2\/media?parent=730"}],"curies":[{"name":"wp","href":"https:\/\/api.w.org\/{rel}","templated":true}]}}