{"id":891,"date":"2025-11-19T12:59:47","date_gmt":"2025-11-19T12:59:47","guid":{"rendered":"https:\/\/zsl.webwolfdesign.eu\/?page_id=891"},"modified":"2026-03-16T10:23:25","modified_gmt":"2026-03-16T10:23:25","slug":"perspektivwechsel-leichte-sprache","status":"publish","type":"page","link":"https:\/\/zsl.webwolfdesign.eu\/es\/perspektivwechsel-leichte-sprache\/","title":{"rendered":"Perspektivwechsel-leichte-sprache"},"content":{"rendered":"<div data-elementor-type=\"wp-page\" data-elementor-id=\"891\" class=\"elementor elementor-891\" data-elementor-post-type=\"page\">\n\t\t\t\t<main class=\"elementor-element elementor-element-aa5c8ff e-con-full e-flex e-con e-parent\" data-id=\"aa5c8ff\" data-element_type=\"container\">\n\t\t<div class=\"elementor-element elementor-element-274af91 e-con-full e-flex e-con e-child\" data-id=\"274af91\" data-element_type=\"container\" data-settings=\"{&quot;background_background&quot;:&quot;classic&quot;}\">\n\t\t\t\t<div class=\"elementor-element elementor-element-88959dc elementor-widget elementor-widget-heading\" data-id=\"88959dc\" data-element_type=\"widget\" data-widget_type=\"heading.default\">\n\t\t\t\t\t<h2 class=\"elementor-heading-title elementor-size-default\">Seite in einfacher Sprache<\/h2>\t\t\t\t<\/div>\n\t\t<div class=\"elementor-element elementor-element-9b31962 e-con-full e-flex e-con e-child\" data-id=\"9b31962\" data-element_type=\"container\">\n\t\t<div class=\"elementor-element elementor-element-aaa5a82 e-con-full e-flex e-con e-child\" data-id=\"aaa5a82\" data-element_type=\"container\" data-settings=\"{&quot;background_background&quot;:&quot;gradient&quot;}\">\n\t\t\t\t<div class=\"elementor-element elementor-element-49ccd4f elementor-widget elementor-widget-heading\" data-id=\"49ccd4f\" data-element_type=\"widget\" data-widget_type=\"heading.default\">\n\t\t\t\t\t<h2 class=\"elementor-heading-title elementor-size-default\">Perspektivwechsel - Cambio de perspectiva<\/h2>\t\t\t\t<\/div>\n\t\t\t\t<div class=\"elementor-element elementor-element-e2b1e20 elementor-widget elementor-widget-text-editor\" data-id=\"e2b1e20\" data-element_type=\"widget\" data-widget_type=\"text-editor.default\">\n\t\t\t\t\t\t\t\t\t<p>Man versteht etwas besser, wenn man es selbst erlebt.<\/p>\t\t\t\t\t\t\t\t<\/div>\n\t\t\t\t<\/div>\n\t\t<div class=\"elementor-element elementor-element-26af1f1 e-con-full e-flex e-con e-child\" data-id=\"26af1f1\" data-element_type=\"container\">\n\t\t\t\t<div class=\"elementor-element elementor-element-ef89685 e-transform elementor-widget elementor-widget-image\" data-id=\"ef89685\" data-element_type=\"widget\" data-settings=\"{&quot;_transform_flipX_effect&quot;:&quot;transform&quot;}\" data-widget_type=\"image.default\">\n\t\t\t\t\t\t\t\t\t\t\t\t\t\t\t<img fetchpriority=\"high\" decoding=\"async\" width=\"1500\" height=\"630\" src=\"https:\/\/zsl.webwolfdesign.eu\/wp-content\/uploads\/2025\/11\/Perspektivwechsel1.jpg\" class=\"attachment-full size-full wp-image-733\" alt=\"\" srcset=\"https:\/\/zsl.webwolfdesign.eu\/wp-content\/uploads\/2025\/11\/Perspektivwechsel1.jpg 1500w, https:\/\/zsl.webwolfdesign.eu\/wp-content\/uploads\/2025\/11\/Perspektivwechsel1-300x126.jpg 300w, https:\/\/zsl.webwolfdesign.eu\/wp-content\/uploads\/2025\/11\/Perspektivwechsel1-1024x430.jpg 1024w, https:\/\/zsl.webwolfdesign.eu\/wp-content\/uploads\/2025\/11\/Perspektivwechsel1-768x323.jpg 768w\" sizes=\"(max-width: 1500px) 100vw, 1500px\" \/>\t\t\t\t\t\t\t\t\t\t\t\t\t\t\t<\/div>\n\t\t\t\t<\/div>\n\t\t\t\t<\/div>\n\t\t<div class=\"elementor-element elementor-element-a1c08cd e-flex e-con-boxed e-con e-child\" data-id=\"a1c08cd\" data-element_type=\"container\">\n\t\t\t\t\t<div class=\"e-con-inner\">\n\t\t<div class=\"elementor-element elementor-element-3633d8f e-con-full e-flex e-con e-child\" data-id=\"3633d8f\" data-element_type=\"container\" data-settings=\"{&quot;background_background&quot;:&quot;classic&quot;}\">\n\t\t<div class=\"elementor-element elementor-element-72b695c e-con-full e-flex e-con e-child\" data-id=\"72b695c\" data-element_type=\"container\" data-settings=\"{&quot;background_background&quot;:&quot;classic&quot;}\">\n\t\t<div class=\"elementor-element elementor-element-9422f5a e-con-full e-flex e-con e-child\" data-id=\"9422f5a\" data-element_type=\"container\">\n\t\t\t\t<div class=\"elementor-element elementor-element-cb0c1c5 elementor-widget elementor-widget-heading\" data-id=\"cb0c1c5\" data-element_type=\"widget\" data-widget_type=\"heading.default\">\n\t\t\t\t\t<h2 class=\"elementor-heading-title elementor-size-default\">\u00bfQu\u00e9 es el proyecto Cambio de Perspectiva?<\/h2>\t\t\t\t<\/div>\n\t\t\t\t<div class=\"elementor-element elementor-element-83fd87b elementor-widget elementor-widget-text-editor\" data-id=\"83fd87b\" data-element_type=\"widget\" data-widget_type=\"text-editor.default\">\n\t\t\t\t\t\t\t\t\t<p data-start=\"49\" data-end=\"215\">In unserem Angebot <strong data-start=\"68\" data-end=\"91\">\u201ePerspektivwechsel\u201c<\/strong> erkl\u00e4ren wir in Seminaren, Workshops und Vortr\u00e4gen,<br data-start=\"143\" data-end=\"146\" \/>wie Menschen mit Behinderung oder mit einer langen Krankheit leben.<\/p><p data-start=\"217\" data-end=\"501\">In einem besonderen Workshop f\u00fcr Gruppen und Schulklassen k\u00f6nnen Sie Dinge <strong data-start=\"292\" data-end=\"315\">selbst ausprobieren<\/strong>:<br data-start=\"316\" data-end=\"319\" \/>Sie k\u00f6nnen zum Beispiel im <strong data-start=\"346\" data-end=\"366\">Rollstuhl fahren<\/strong> oder mit einer <strong data-start=\"382\" data-end=\"396\" data-is-only-node=\"\">Augenbinde<\/strong> die Umgebung erkunden.<br data-start=\"419\" data-end=\"422\" \/>Dabei helfen Ihnen Menschen, die selbst eine Behinderung haben, und Fachkr\u00e4fte.<\/p><p data-start=\"503\" data-end=\"688\" data-is-last-node=\"\" data-is-only-node=\"\">Das Ziel ist:<br data-start=\"516\" data-end=\"519\" \/>Die Menschen sollen besser verstehen, wie das Leben mit einer Behinderung ist.<br data-start=\"597\" data-end=\"600\" \/>So m\u00f6chten wir dazu beitragen, dass unsere Gesellschaft <strong data-start=\"656\" data-end=\"682\">offener und inklusiver<\/strong> wird.<\/p>\t\t\t\t\t\t\t\t<\/div>\n\t\t\t\t<\/div>\n\t\t\t\t<\/div>\n\t\t<div class=\"elementor-element elementor-element-e432af5 e-con-full e-flex e-con e-child\" data-id=\"e432af5\" data-element_type=\"container\" data-settings=\"{&quot;background_background&quot;:&quot;classic&quot;}\">\n\t\t<div class=\"elementor-element elementor-element-5b91907 e-con-full e-flex e-con e-child\" data-id=\"5b91907\" data-element_type=\"container\">\n\t\t\t\t<div class=\"elementor-element elementor-element-d46d70d elementor-widget elementor-widget-heading\" data-id=\"d46d70d\" data-element_type=\"widget\" data-widget_type=\"heading.default\">\n\t\t\t\t\t<h2 class=\"elementor-heading-title elementor-size-default\">Nuestros m\u00f3dulos<\/h2>\t\t\t\t<\/div>\n\t\t\t\t<div class=\"elementor-element elementor-element-067d4b1 elementor-widget elementor-widget-text-editor\" data-id=\"067d4b1\" data-element_type=\"widget\" data-widget_type=\"text-editor.default\">\n\t\t\t\t\t\t\t\t\t<ul><li data-start=\"49\" data-end=\"76\"><p data-start=\"51\" data-end=\"76\">Fachliche Informationen<\/p><\/li><li data-start=\"77\" data-end=\"101\"><p data-start=\"79\" data-end=\"101\">Gemeinsames Gespr\u00e4ch<\/p><\/li><li data-start=\"102\" data-end=\"133\"><p data-start=\"104\" data-end=\"133\">Wir beantworten Ihre Fragen<\/p><\/li><li data-start=\"134\" data-end=\"238\" data-is-last-node=\"\"><p data-start=\"136\" data-end=\"238\" data-is-last-node=\"\">Perspektivwechsel durch eigenes Ausprobieren<br data-start=\"180\" data-end=\"183\" \/>(zum Beispiel Rollstuhl-Parcours oder andere \u00dcbungen)<\/p><\/li><\/ul>\t\t\t\t\t\t\t\t<\/div>\n\t\t\t\t<\/div>\n\t\t\t\t<\/div>\n\t\t<div class=\"elementor-element elementor-element-83c1b4a e-con-full e-flex e-con e-child\" data-id=\"83c1b4a\" data-element_type=\"container\" data-settings=\"{&quot;background_background&quot;:&quot;classic&quot;}\">\n\t\t<div class=\"elementor-element elementor-element-a5aa124 e-con-full e-flex e-con e-child\" data-id=\"a5aa124\" data-element_type=\"container\">\n\t\t\t\t<div class=\"elementor-element elementor-element-aa7fc11 elementor-widget elementor-widget-heading\" data-id=\"aa7fc11\" data-element_type=\"widget\" data-widget_type=\"heading.default\">\n\t\t\t\t\t<h2 class=\"elementor-heading-title elementor-size-default\">Nuestros grupos destinatarios<\/h2>\t\t\t\t<\/div>\n\t\t\t\t<div class=\"elementor-element elementor-element-a8f4d14 elementor-widget elementor-widget-text-editor\" data-id=\"a8f4d14\" data-element_type=\"widget\" data-widget_type=\"text-editor.default\">\n\t\t\t\t\t\t\t\t\t<ul data-start=\"49\" data-end=\"170\"><li data-start=\"49\" data-end=\"94\"><p data-start=\"51\" data-end=\"94\">Schulen und andere Bildungs-Einrichtungen<\/p><\/li><li data-start=\"95\" data-end=\"119\"><p data-start=\"97\" data-end=\"119\">Firmen und Gesch\u00e4fte<\/p><\/li><li data-start=\"120\" data-end=\"143\"><p data-start=\"122\" data-end=\"143\">Vereine und Gruppen<\/p><\/li><li data-start=\"144\" data-end=\"170\"><p data-start=\"146\" data-end=\"170\">Hotels und Gastst\u00e4tten<\/p><\/li><\/ul><p data-start=\"172\" data-end=\"324\">Alle Angebote werden von einem <strong data-start=\"203\" data-end=\"256\">bunten Team aus Menschen mit und ohne Behinderung<\/strong> durchgef\u00fchrt.<br data-start=\"270\" data-end=\"273\" \/>Sie sind Expertinnen und Experten in eigener Sache.<\/p><p data-start=\"326\" data-end=\"393\" data-is-last-node=\"\" data-is-only-node=\"\">Die Inhalte passen wir gern an <strong data-start=\"357\" data-end=\"389\">Ihre W\u00fcnsche und Bed\u00fcrfnisse<\/strong> an.<\/p>\t\t\t\t\t\t\t\t<\/div>\n\t\t\t\t<\/div>\n\t\t\t\t<\/div>\n\t\t<div class=\"elementor-element elementor-element-29fbf45 e-con-full e-flex e-con e-child\" data-id=\"29fbf45\" data-element_type=\"container\" data-settings=\"{&quot;background_background&quot;:&quot;classic&quot;}\">\n\t\t<div class=\"elementor-element elementor-element-ffae1ef e-con-full e-flex e-con e-child\" data-id=\"ffae1ef\" data-element_type=\"container\">\n\t\t\t\t<div class=\"elementor-element elementor-element-3440f3c elementor-widget elementor-widget-heading\" data-id=\"3440f3c\" data-element_type=\"widget\" data-widget_type=\"heading.default\">\n\t\t\t\t\t<h2 class=\"elementor-heading-title elementor-size-default\">contacto<\/h2>\t\t\t\t<\/div>\n\t\t\t\t<div class=\"elementor-element elementor-element-78fc2f6 elementor-widget elementor-widget-text-editor\" data-id=\"78fc2f6\" data-element_type=\"widget\" data-widget_type=\"text-editor.default\">\n\t\t\t\t\t\t\t\t\t<ul><li><p><strong>ZSL e.V.<\/strong><br \/>Counselling.education.encounter.<br \/>Luitpolstrasse 38<br \/>91052 Erlangen<\/p><p>Tel\u00e9fono: 09131 98783-0<br \/>Correo: <a title=\"bildung@zsl-erlangen.de\" href=\"mailto:bildung@zsl-erlangen.de\">bildung@zsl-erlangen.de<\/a><\/p><\/li><\/ul>\t\t\t\t\t\t\t\t<\/div>\n\t\t\t\t<\/div>\n\t\t\t\t<\/div>\n\t\t\t\t<\/div>\n\t\t<div class=\"elementor-element elementor-element-6d9f924 e-con-full e-flex e-con e-child\" data-id=\"6d9f924\" data-element_type=\"container\">\n\t\t<div class=\"elementor-element elementor-element-af56a97 e-con-full e-flex e-con e-child\" data-id=\"af56a97\" data-element_type=\"container\" data-settings=\"{&quot;background_background&quot;:&quot;classic&quot;}\">\n\t\t\t\t<div class=\"elementor-element elementor-element-6ef5e75 elementor-widget__width-initial elementor-widget elementor-widget-heading\" data-id=\"6ef5e75\" data-element_type=\"widget\" data-widget_type=\"heading.default\">\n\t\t\t\t\t<h2 class=\"elementor-heading-title elementor-size-default\">Impresiones<\/h2>\t\t\t\t<\/div>\n\t\t\t\t<\/div>\n\t\t<div class=\"elementor-element elementor-element-8c6ff06 e-con-full e-flex e-con e-child\" data-id=\"8c6ff06\" data-element_type=\"container\" data-settings=\"{&quot;background_background&quot;:&quot;classic&quot;}\">\n\t\t<div class=\"elementor-element elementor-element-8757c56 e-con-full e-flex e-con e-child\" data-id=\"8757c56\" data-element_type=\"container\">\n\t\t\t\t<div class=\"elementor-element elementor-element-5e3026a elementor-widget elementor-widget-image\" data-id=\"5e3026a\" data-element_type=\"widget\" data-widget_type=\"image.default\">\n\t\t\t\t\t\t\t\t\t\t\t\t\t\t\t<img decoding=\"async\" width=\"291\" height=\"343\" src=\"https:\/\/zsl.webwolfdesign.eu\/wp-content\/uploads\/2025\/11\/Ebene-1-e1763485689756.png\" class=\"attachment-full size-full wp-image-754\" alt=\"\" \/>\t\t\t\t\t\t\t\t\t\t\t\t\t\t\t<\/div>\n\t\t\t\t<div class=\"elementor-element elementor-element-e7effa7 elementor-widget elementor-widget-image\" data-id=\"e7effa7\" data-element_type=\"widget\" data-widget_type=\"image.default\">\n\t\t\t\t\t\t\t\t\t\t\t\t\t\t\t<img decoding=\"async\" width=\"266\" height=\"343\" src=\"https:\/\/zsl.webwolfdesign.eu\/wp-content\/uploads\/2025\/11\/Ebene-5-e1763485634482.png\" class=\"attachment-full size-full wp-image-758\" alt=\"\" \/>\t\t\t\t\t\t\t\t\t\t\t\t\t\t\t<\/div>\n\t\t\t\t<div class=\"elementor-element elementor-element-b8129c0 elementor-widget elementor-widget-image\" data-id=\"b8129c0\" data-element_type=\"widget\" data-widget_type=\"image.default\">\n\t\t\t\t\t\t\t\t\t\t\t\t\t\t\t<img loading=\"lazy\" decoding=\"async\" width=\"397\" height=\"343\" src=\"https:\/\/zsl.webwolfdesign.eu\/wp-content\/uploads\/2025\/11\/Ebene-4-e1763485398336.png\" class=\"attachment-full size-full wp-image-766\" alt=\"\" srcset=\"https:\/\/zsl.webwolfdesign.eu\/wp-content\/uploads\/2025\/11\/Ebene-4-e1763485398336.png 397w, https:\/\/zsl.webwolfdesign.eu\/wp-content\/uploads\/2025\/11\/Ebene-4-e1763485398336-300x259.png 300w\" sizes=\"(max-width: 397px) 100vw, 397px\" \/>\t\t\t\t\t\t\t\t\t\t\t\t\t\t\t<\/div>\n\t\t\t\t<div class=\"elementor-element elementor-element-06b018b elementor-widget elementor-widget-image\" data-id=\"06b018b\" data-element_type=\"widget\" data-widget_type=\"image.default\">\n\t\t\t\t\t\t\t\t\t\t\t\t\t\t\t<img loading=\"lazy\" decoding=\"async\" width=\"269\" height=\"343\" src=\"https:\/\/zsl.webwolfdesign.eu\/wp-content\/uploads\/2025\/11\/Ebene-3-e1763485661551.png\" class=\"attachment-full size-full wp-image-756\" alt=\"\" \/>\t\t\t\t\t\t\t\t\t\t\t\t\t\t\t<\/div>\n\t\t\t\t<div class=\"elementor-element elementor-element-724eed9 elementor-widget elementor-widget-image\" data-id=\"724eed9\" data-element_type=\"widget\" data-widget_type=\"image.default\">\n\t\t\t\t\t\t\t\t\t\t\t\t\t\t\t<img loading=\"lazy\" decoding=\"async\" width=\"430\" height=\"343\" src=\"https:\/\/zsl.webwolfdesign.eu\/wp-content\/uploads\/2025\/11\/Ebene-2-e1763485677983.png\" class=\"attachment-full size-full wp-image-755\" alt=\"\" \/>\t\t\t\t\t\t\t\t\t\t\t\t\t\t\t<\/div>\n\t\t\t\t<\/div>\n\t\t<div class=\"elementor-element elementor-element-adb6a7b e-con-full e-flex e-con e-child\" data-id=\"adb6a7b\" data-element_type=\"container\" data-settings=\"{&quot;background_background&quot;:&quot;classic&quot;}\">\n\t\t<div class=\"elementor-element elementor-element-9d28108 e-con-full e-flex e-con e-child\" data-id=\"9d28108\" data-element_type=\"container\" data-settings=\"{&quot;background_background&quot;:&quot;classic&quot;}\">\n\t\t<div class=\"elementor-element elementor-element-b328e70 e-con-full e-flex e-con e-child\" data-id=\"b328e70\" data-element_type=\"container\" data-settings=\"{&quot;background_background&quot;:&quot;classic&quot;}\">\n\t\t\t\t<\/div>\n\t\t<div class=\"elementor-element elementor-element-5774eaf e-con-full e-flex e-con e-child\" data-id=\"5774eaf\" data-element_type=\"container\" data-settings=\"{&quot;background_background&quot;:&quot;classic&quot;}\">\n\t\t\t\t<div class=\"elementor-element elementor-element-62e5530 elementor-widget elementor-widget-image\" data-id=\"62e5530\" data-element_type=\"widget\" data-widget_type=\"image.default\">\n\t\t\t\t\t\t\t\t\t\t\t\t\t\t\t<img loading=\"lazy\" decoding=\"async\" width=\"500\" height=\"500\" src=\"https:\/\/zsl.webwolfdesign.eu\/wp-content\/uploads\/2025\/11\/Sprechblase6.png\" class=\"attachment-large size-large wp-image-748\" alt=\"\" srcset=\"https:\/\/zsl.webwolfdesign.eu\/wp-content\/uploads\/2025\/11\/Sprechblase6.png 500w, https:\/\/zsl.webwolfdesign.eu\/wp-content\/uploads\/2025\/11\/Sprechblase6-300x300.png 300w, https:\/\/zsl.webwolfdesign.eu\/wp-content\/uploads\/2025\/11\/Sprechblase6-150x150.png 150w\" sizes=\"(max-width: 500px) 100vw, 500px\" \/>\t\t\t\t\t\t\t\t\t\t\t\t\t\t\t<\/div>\n\t\t\t\t<\/div>\n\t\t<div class=\"elementor-element elementor-element-232b642 e-con-full e-flex e-con e-child\" data-id=\"232b642\" data-element_type=\"container\">\n\t\t\t\t<div class=\"elementor-element elementor-element-fceea37 elementor-widget elementor-widget-image\" data-id=\"fceea37\" data-element_type=\"widget\" data-widget_type=\"image.default\">\n\t\t\t\t\t\t\t\t\t\t\t\t\t\t\t<img loading=\"lazy\" decoding=\"async\" width=\"377\" height=\"348\" src=\"https:\/\/zsl.webwolfdesign.eu\/wp-content\/uploads\/2025\/11\/Sprechblase8.png\" class=\"attachment-large size-large wp-image-750\" alt=\"\" srcset=\"https:\/\/zsl.webwolfdesign.eu\/wp-content\/uploads\/2025\/11\/Sprechblase8.png 377w, https:\/\/zsl.webwolfdesign.eu\/wp-content\/uploads\/2025\/11\/Sprechblase8-300x277.png 300w\" sizes=\"(max-width: 377px) 100vw, 377px\" \/>\t\t\t\t\t\t\t\t\t\t\t\t\t\t\t<\/div>\n\t\t\t\t<\/div>\n\t\t<div class=\"elementor-element elementor-element-2ded2de e-con-full e-flex e-con e-child\" data-id=\"2ded2de\" data-element_type=\"container\">\n\t\t\t\t<\/div>\n\t\t\t\t<\/div>\n\t\t<div class=\"elementor-element elementor-element-7b88775 e-con-full e-flex e-con e-child\" data-id=\"7b88775\" data-element_type=\"container\" data-settings=\"{&quot;background_background&quot;:&quot;classic&quot;}\">\n\t\t<div class=\"elementor-element elementor-element-59a78c1 e-con-full e-flex e-con e-child\" data-id=\"59a78c1\" data-element_type=\"container\">\n\t\t\t\t<div class=\"elementor-element elementor-element-c61865c elementor-widget elementor-widget-image\" data-id=\"c61865c\" data-element_type=\"widget\" data-widget_type=\"image.default\">\n\t\t\t\t\t\t\t\t\t\t\t\t\t\t\t<img loading=\"lazy\" decoding=\"async\" width=\"500\" height=\"273\" src=\"https:\/\/zsl.webwolfdesign.eu\/wp-content\/uploads\/2025\/11\/Sprechblase7.png\" class=\"attachment-large size-large wp-image-749\" alt=\"\" srcset=\"https:\/\/zsl.webwolfdesign.eu\/wp-content\/uploads\/2025\/11\/Sprechblase7.png 500w, https:\/\/zsl.webwolfdesign.eu\/wp-content\/uploads\/2025\/11\/Sprechblase7-300x164.png 300w\" sizes=\"(max-width: 500px) 100vw, 500px\" \/>\t\t\t\t\t\t\t\t\t\t\t\t\t\t\t<\/div>\n\t\t\t\t<\/div>\n\t\t<div class=\"elementor-element elementor-element-e8e696e e-con-full e-flex e-con e-child\" data-id=\"e8e696e\" data-element_type=\"container\">\n\t\t\t\t<div class=\"elementor-element elementor-element-a935910 elementor-widget elementor-widget-image\" data-id=\"a935910\" data-element_type=\"widget\" data-widget_type=\"image.default\">\n\t\t\t\t\t\t\t\t\t\t\t\t\t\t\t<img loading=\"lazy\" decoding=\"async\" width=\"421\" height=\"239\" src=\"https:\/\/zsl.webwolfdesign.eu\/wp-content\/uploads\/2025\/11\/Sprechblase4.png\" class=\"attachment-large size-large wp-image-744\" alt=\"\" srcset=\"https:\/\/zsl.webwolfdesign.eu\/wp-content\/uploads\/2025\/11\/Sprechblase4.png 421w, https:\/\/zsl.webwolfdesign.eu\/wp-content\/uploads\/2025\/11\/Sprechblase4-300x170.png 300w\" sizes=\"(max-width: 421px) 100vw, 421px\" \/>\t\t\t\t\t\t\t\t\t\t\t\t\t\t\t<\/div>\n\t\t\t\t<\/div>\n\t\t<div class=\"elementor-element elementor-element-429e580 e-con-full e-flex e-con e-child\" data-id=\"429e580\" data-element_type=\"container\">\n\t\t\t\t<div class=\"elementor-element elementor-element-a7740e9 elementor-widget elementor-widget-image\" data-id=\"a7740e9\" data-element_type=\"widget\" data-widget_type=\"image.default\">\n\t\t\t\t\t\t\t\t\t\t\t\t\t\t\t<img loading=\"lazy\" decoding=\"async\" width=\"471\" height=\"187\" src=\"https:\/\/zsl.webwolfdesign.eu\/wp-content\/uploads\/2025\/11\/Sprechblase3.png\" class=\"attachment-large size-large wp-image-743\" alt=\"\" srcset=\"https:\/\/zsl.webwolfdesign.eu\/wp-content\/uploads\/2025\/11\/Sprechblase3.png 471w, https:\/\/zsl.webwolfdesign.eu\/wp-content\/uploads\/2025\/11\/Sprechblase3-300x119.png 300w\" sizes=\"(max-width: 471px) 100vw, 471px\" \/>\t\t\t\t\t\t\t\t\t\t\t\t\t\t\t<\/div>\n\t\t\t\t<\/div>\n\t\t\t\t<\/div>\n\t\t<div class=\"elementor-element elementor-element-e806b81 e-con-full e-flex e-con e-child\" data-id=\"e806b81\" data-element_type=\"container\" data-settings=\"{&quot;background_background&quot;:&quot;classic&quot;}\">\n\t\t\t\t<div class=\"elementor-element elementor-element-6d4a684 elementor-widget elementor-widget-image\" data-id=\"6d4a684\" data-element_type=\"widget\" data-widget_type=\"image.default\">\n\t\t\t\t\t\t\t\t\t\t\t\t\t\t\t<img loading=\"lazy\" decoding=\"async\" width=\"2000\" height=\"300\" src=\"https:\/\/zsl.webwolfdesign.eu\/wp-content\/uploads\/2025\/11\/Silhouetten2.jpg\" class=\"attachment-full size-full wp-image-735\" alt=\"\" srcset=\"https:\/\/zsl.webwolfdesign.eu\/wp-content\/uploads\/2025\/11\/Silhouetten2.jpg 2000w, https:\/\/zsl.webwolfdesign.eu\/wp-content\/uploads\/2025\/11\/Silhouetten2-300x45.jpg 300w, https:\/\/zsl.webwolfdesign.eu\/wp-content\/uploads\/2025\/11\/Silhouetten2-1024x154.jpg 1024w, https:\/\/zsl.webwolfdesign.eu\/wp-content\/uploads\/2025\/11\/Silhouetten2-768x115.jpg 768w, https:\/\/zsl.webwolfdesign.eu\/wp-content\/uploads\/2025\/11\/Silhouetten2-1536x230.jpg 1536w\" sizes=\"(max-width: 2000px) 100vw, 2000px\" \/>\t\t\t\t\t\t\t\t\t\t\t\t\t\t\t<\/div>\n\t\t\t\t<\/div>\n\t\t\t\t<\/div>\n\t\t\t\t<\/div>\n\t\t\t\t<\/div>\n\t\t\t\t\t<\/div>\n\t\t\t\t<\/div>\n\t\t\t\t<\/div>\n\t\t\t\t<\/main>\n\t\t\t\t<\/div>","protected":false},"excerpt":{"rendered":"<p>Seite in einfacher Sprache Perspektivwechsel Man versteht etwas besser, wenn man es selbst erlebt. Was ist das Projekt Perspektivwechsel? In unserem Angebot \u201ePerspektivwechsel\u201c erkl\u00e4ren wir in Seminaren, Workshops und Vortr\u00e4gen,wie Menschen mit Behinderung oder mit einer langen Krankheit leben. In einem besonderen Workshop f\u00fcr Gruppen und Schulklassen k\u00f6nnen Sie Dinge selbst ausprobieren:Sie k\u00f6nnen zum Beispiel [&hellip;]<\/p>","protected":false},"author":1,"featured_media":0,"parent":0,"menu_order":0,"comment_status":"closed","ping_status":"closed","template":"","meta":{"footnotes":""},"class_list":["post-891","page","type-page","status-publish","hentry"],"_hostinger_reach_plugin_has_subscription_block":false,"_hostinger_reach_plugin_is_elementor":false,"_links":{"self":[{"href":"https:\/\/zsl.webwolfdesign.eu\/es\/wp-json\/wp\/v2\/pages\/891","targetHints":{"allow":["GET"]}}],"collection":[{"href":"https:\/\/zsl.webwolfdesign.eu\/es\/wp-json\/wp\/v2\/pages"}],"about":[{"href":"https:\/\/zsl.webwolfdesign.eu\/es\/wp-json\/wp\/v2\/types\/page"}],"author":[{"embeddable":true,"href":"https:\/\/zsl.webwolfdesign.eu\/es\/wp-json\/wp\/v2\/users\/1"}],"replies":[{"embeddable":true,"href":"https:\/\/zsl.webwolfdesign.eu\/es\/wp-json\/wp\/v2\/comments?post=891"}],"version-history":[{"count":16,"href":"https:\/\/zsl.webwolfdesign.eu\/es\/wp-json\/wp\/v2\/pages\/891\/revisions"}],"predecessor-version":[{"id":3596,"href":"https:\/\/zsl.webwolfdesign.eu\/es\/wp-json\/wp\/v2\/pages\/891\/revisions\/3596"}],"wp:attachment":[{"href":"https:\/\/zsl.webwolfdesign.eu\/es\/wp-json\/wp\/v2\/media?parent=891"}],"curies":[{"name":"wp","href":"https:\/\/api.w.org\/{rel}","templated":true}]}}