{"id":916,"date":"2025-11-19T16:58:00","date_gmt":"2025-11-19T16:58:00","guid":{"rendered":"https:\/\/zsl.webwolfdesign.eu\/?page_id=916"},"modified":"2026-03-26T18:02:45","modified_gmt":"2026-03-26T18:02:45","slug":"todo-lo-que-es-correcto","status":"publish","type":"page","link":"https:\/\/zsl.webwolfdesign.eu\/es\/todo-lo-que-es-correcto\/","title":{"rendered":"Alles was Recht ist - Todo sobre el derecho"},"content":{"rendered":"<div data-elementor-type=\"wp-page\" data-elementor-id=\"916\" class=\"elementor elementor-916\" data-elementor-post-type=\"page\">\n\t\t\t\t<main class=\"elementor-element elementor-element-f043c69 e-con-full e-flex e-con e-parent\" data-id=\"f043c69\" data-element_type=\"container\">\n\t\t<main class=\"elementor-element elementor-element-b74fa32 e-con-full e-flex e-con e-child\" data-id=\"b74fa32\" data-element_type=\"container\" data-settings=\"{&quot;background_background&quot;:&quot;classic&quot;}\">\n\t\t<div class=\"elementor-element elementor-element-856ba49 e-con-full e-flex e-con e-child\" data-id=\"856ba49\" data-element_type=\"container\">\n\t\t<div class=\"elementor-element elementor-element-72509d1 e-con-full e-flex e-con e-child\" data-id=\"72509d1\" data-element_type=\"container\" data-settings=\"{&quot;background_background&quot;:&quot;gradient&quot;}\">\n\t\t\t\t<div class=\"elementor-element elementor-element-ce1c747 elementor-widget elementor-widget-image\" data-id=\"ce1c747\" data-element_type=\"widget\" data-widget_type=\"image.default\">\n\t\t\t\t\t\t\t\t\t\t\t\t\t\t\t<img fetchpriority=\"high\" decoding=\"async\" width=\"800\" height=\"382\" src=\"https:\/\/zsl.webwolfdesign.eu\/wp-content\/uploads\/2025\/11\/Logo.jpg\" class=\"attachment-large size-large wp-image-905\" alt=\"\" srcset=\"https:\/\/zsl.webwolfdesign.eu\/wp-content\/uploads\/2025\/11\/Logo.jpg 1000w, https:\/\/zsl.webwolfdesign.eu\/wp-content\/uploads\/2025\/11\/Logo-300x143.jpg 300w, https:\/\/zsl.webwolfdesign.eu\/wp-content\/uploads\/2025\/11\/Logo-768x366.jpg 768w\" sizes=\"(max-width: 800px) 100vw, 800px\" \/>\t\t\t\t\t\t\t\t\t\t\t\t\t\t\t<\/div>\n\t\t\t\t<\/div>\n\t\t<div class=\"elementor-element elementor-element-d5122bd e-con-full e-flex e-con e-child\" data-id=\"d5122bd\" data-element_type=\"container\">\n\t\t\t\t<div class=\"elementor-element elementor-element-4be2ced elementor-widget elementor-widget-image\" data-id=\"4be2ced\" data-element_type=\"widget\" data-widget_type=\"image.default\">\n\t\t\t\t\t\t\t\t\t\t\t\t\t\t\t<img decoding=\"async\" width=\"1500\" height=\"630\" src=\"https:\/\/zsl.webwolfdesign.eu\/wp-content\/uploads\/2025\/11\/alles-was-recht-ist.jpg\" class=\"attachment-full size-full wp-image-907\" alt=\"\" srcset=\"https:\/\/zsl.webwolfdesign.eu\/wp-content\/uploads\/2025\/11\/alles-was-recht-ist.jpg 1500w, https:\/\/zsl.webwolfdesign.eu\/wp-content\/uploads\/2025\/11\/alles-was-recht-ist-300x126.jpg 300w, https:\/\/zsl.webwolfdesign.eu\/wp-content\/uploads\/2025\/11\/alles-was-recht-ist-1024x430.jpg 1024w, https:\/\/zsl.webwolfdesign.eu\/wp-content\/uploads\/2025\/11\/alles-was-recht-ist-768x323.jpg 768w\" sizes=\"(max-width: 1500px) 100vw, 1500px\" \/>\t\t\t\t\t\t\t\t\t\t\t\t\t\t\t<\/div>\n\t\t\t\t<\/div>\n\t\t\t\t<\/div>\n\t\t<div class=\"elementor-element elementor-element-fe821cc e-flex e-con-boxed e-con e-child\" data-id=\"fe821cc\" data-element_type=\"container\">\n\t\t\t\t\t<div class=\"e-con-inner\">\n\t\t<div class=\"elementor-element elementor-element-ab53683 e-con-full e-flex e-con e-child\" data-id=\"ab53683\" data-element_type=\"container\" data-settings=\"{&quot;background_background&quot;:&quot;classic&quot;}\">\n\t\t<div class=\"elementor-element elementor-element-1627ea8 e-con-full e-flex e-con e-child\" data-id=\"1627ea8\" data-element_type=\"container\" data-settings=\"{&quot;background_background&quot;:&quot;classic&quot;}\">\n\t\t<div class=\"elementor-element elementor-element-96a7345 e-con-full e-flex e-con e-child\" data-id=\"96a7345\" data-element_type=\"container\">\n\t\t\t\t<div class=\"elementor-element elementor-element-5fc649b elementor-widget elementor-widget-heading\" data-id=\"5fc649b\" data-element_type=\"widget\" data-widget_type=\"heading.default\">\n\t\t\t\t\t<h2 class=\"elementor-heading-title elementor-size-default\">Present\u00e9monos<\/h2>\t\t\t\t<\/div>\n\t\t\t\t<div class=\"elementor-element elementor-element-933ebcb elementor-widget elementor-widget-text-editor\" data-id=\"933ebcb\" data-element_type=\"widget\" data-widget_type=\"text-editor.default\">\n\t\t\t\t\t\t\t\t\t<p class=\"p1\">El proyecto <b>refuerza<\/b> personas con discapacidad en ella, <b>sus derechos <\/b><b>exigir<\/b>.Han cambiado muchas cosas en el derecho social, entre ellas la introducci\u00f3n de la Ley Federal de Participaci\u00f3n. Muchos de los afectados y sus familiares lo desconocen o no lo conocen suficientemente.<\/p><p class=\"p1\">Queremos llenar este vac\u00edo de conocimiento. Informamos a la gente sobre su <b>nuevo <\/b><b>Derechos<\/b>, les animamos a que utilicen sus <b>Necesita <\/b>y utilizar el marco jur\u00eddico para su participaci\u00f3n.<\/p><p class=\"p1\">A trav\u00e9s de campa\u00f1as de sensibilizaci\u00f3n, los responsables de la toma de decisiones en <b>Unidades de coste<\/b> la realidad de la vida de las personas con discapacidad.<\/p><p class=\"p1\">Incluso con <b>Abogados<\/b> nos gustar\u00eda generar m\u00e1s inter\u00e9s por los problemas de las personas con discapacidad en el <b>R\u00e9gimen jur\u00eddico<\/b> despierta.<\/p>\t\t\t\t\t\t\t\t<\/div>\n\t\t\t\t<\/div>\n\t\t\t\t<\/div>\n\t\t<div class=\"elementor-element elementor-element-1960f85 e-con-full e-flex e-con e-child\" data-id=\"1960f85\" data-element_type=\"container\" data-settings=\"{&quot;background_background&quot;:&quot;classic&quot;}\">\n\t\t\t\t<div class=\"elementor-element elementor-element-0966b54 elementor-widget elementor-widget-heading\" data-id=\"0966b54\" data-element_type=\"widget\" data-widget_type=\"heading.default\">\n\t\t\t\t\t<h2 class=\"elementor-heading-title elementor-size-default\">\u00a1Tenemos derechos!<\/h2>\t\t\t\t<\/div>\n\t\t<div class=\"elementor-element elementor-element-1d290c1 e-con-full e-flex e-con e-child\" data-id=\"1d290c1\" data-element_type=\"container\" data-settings=\"{&quot;background_background&quot;:&quot;classic&quot;}\">\n\t\t<div class=\"elementor-element elementor-element-c59b1da e-con-full e-flex e-con e-child\" data-id=\"c59b1da\" data-element_type=\"container\">\n\t\t\t\t<div class=\"elementor-element elementor-element-30a30dd elementor-widget elementor-widget-text-editor\" data-id=\"30a30dd\" data-element_type=\"widget\" data-widget_type=\"text-editor.default\">\n\t\t\t\t\t\t\t\t\t<p class=\"p1\"><b>Inclusi\u00f3n <\/b>significa participaci\u00f3n. Una parte del proyecto informa a las personas con discapacidad y a sus familiares sobre sus derechos actuales. A trav\u00e9s de la educaci\u00f3n y<\/p><p class=\"p1\"><b>Capacitaci\u00f3n<\/b> capacita a las personas para comunicar sus necesidades y utilizar el marco jur\u00eddico para su participaci\u00f3n.<\/p><p class=\"p1\">El proyecto tambi\u00e9n ofrece <b>Cursos de formaci\u00f3n<\/b>, <b>Talleres de grupo<\/b> y <b>Actos informativos <\/b>en los locales de la ZSL y con personas con discapacidad in situ.<\/p><p class=\"p1\">En caso necesario, una remisi\u00f3n a asesoramiento individual, por ejemplo, al <b>Asesoramiento ofrecido por la ZSL<\/b>, posible.<\/p>\t\t\t\t\t\t\t\t<\/div>\n\t\t\t\t<\/div>\n\t\t\t\t<\/div>\n\t\t\t\t<\/div>\n\t\t<div class=\"elementor-element elementor-element-89387b2 e-con-full e-flex e-con e-child\" data-id=\"89387b2\" data-element_type=\"container\" data-settings=\"{&quot;background_background&quot;:&quot;classic&quot;}\">\n\t\t\t\t<div class=\"elementor-element elementor-element-169c598 elementor-widget elementor-widget-heading\" data-id=\"169c598\" data-element_type=\"widget\" data-widget_type=\"heading.default\">\n\t\t\t\t\t<h2 class=\"elementor-heading-title elementor-size-default\">Estamos \u201eal tanto\u201c.<\/h2>\t\t\t\t<\/div>\n\t\t<div class=\"elementor-element elementor-element-c99428a e-con-full e-flex e-con e-child\" data-id=\"c99428a\" data-element_type=\"container\" data-settings=\"{&quot;background_background&quot;:&quot;classic&quot;}\">\n\t\t<div class=\"elementor-element elementor-element-5f54f22 e-con-full e-flex e-con e-child\" data-id=\"5f54f22\" data-element_type=\"container\">\n\t\t\t\t<div class=\"elementor-element elementor-element-d6ef224 elementor-widget elementor-widget-text-editor\" data-id=\"d6ef224\" data-element_type=\"widget\" data-widget_type=\"text-editor.default\">\n\t\t\t\t\t\t\t\t\t<p class=\"p1\">A trav\u00e9s de diversas ofertas <b>sensibilizado <\/b>el proyecto apoya a los responsables de las organizaciones de financiaci\u00f3n en inter\u00e9s de los solicitantes.<\/p><p class=\"p1\">Muestra lo que sus decisiones significan para la <b>La vida cotidiana<\/b> puede significar para el individuo. Los responsables de la toma de decisiones se familiarizan con el entorno vital de los solicitantes y se hacen una idea v\u00edvida de las consecuencias que su decisi\u00f3n puede tener para las personas con discapacidad.<\/p>\t\t\t\t\t\t\t\t<\/div>\n\t\t\t\t<\/div>\n\t\t\t\t<\/div>\n\t\t\t\t<\/div>\n\t\t<div class=\"elementor-element elementor-element-d5bb6c7 e-con-full e-flex e-con e-child\" data-id=\"d5bb6c7\" data-element_type=\"container\" data-settings=\"{&quot;background_background&quot;:&quot;classic&quot;}\">\n\t\t\t\t<div class=\"elementor-element elementor-element-df9c842 elementor-widget elementor-widget-heading\" data-id=\"df9c842\" data-element_type=\"widget\" data-widget_type=\"heading.default\">\n\t\t\t\t\t<h2 class=\"elementor-heading-title elementor-size-default\">\u00a1Hacemos cumplir la ley!<\/h2>\t\t\t\t<\/div>\n\t\t<div class=\"elementor-element elementor-element-ee647fc e-con-full e-flex e-con e-child\" data-id=\"ee647fc\" data-element_type=\"container\" data-settings=\"{&quot;background_background&quot;:&quot;classic&quot;}\">\n\t\t<div class=\"elementor-element elementor-element-cae109f e-con-full e-flex e-con e-child\" data-id=\"cae109f\" data-element_type=\"container\">\n\t\t\t\t<div class=\"elementor-element elementor-element-7a482eb elementor-widget elementor-widget-text-editor\" data-id=\"7a482eb\" data-element_type=\"widget\" data-widget_type=\"text-editor.default\">\n\t\t\t\t\t\t\t\t\t<p class=\"p1\">Nuestro objetivo a largo plazo es <b>Red <\/b>de abogados competentes que se comprometan a ayudar a las personas con discapacidad en los procedimientos, por ejemplo, los procedimientos de impugnaci\u00f3n contra las organizaciones de financiaci\u00f3n.<\/p><p class=\"p1\">El asesoramiento gratuito, como el asesoramiento de participaci\u00f3n independiente, ya existe en cierta medida. Sin embargo, esto s\u00f3lo puede proporcionar asesoramiento en los primeros pasos del proceso de solicitud. A m\u00e1s tardar cuando las personas con discapacidad quieren recurrir una decisi\u00f3n, no suele haber asesoramiento disponible. <b>rentable<\/b> y <b>Apoyo sin barreras<\/b>. Eso tiene que cambiar.<\/p><p class=\"p1\">Nos hemos fijado el objetivo de sensibilizar a los juristas sobre las necesidades de las personas con discapacidad. La especialidad del <b>Derecho social<\/b> es cada vez m\u00e1s importante. Nos gustar\u00eda <b>Estudiantes<\/b> Despertar inter\u00e9s por ella.<\/p><p class=\"p1\">En cuanto se establezca la red, apoyar\u00e1 a los abogados comprometidos en su trabajo mediante el di\u00e1logo entre iguales. <b>soporte<\/b>.<\/p>\t\t\t\t\t\t\t\t<\/div>\n\t\t\t\t<\/div>\n\t\t\t\t<\/div>\n\t\t\t\t<\/div>\n\t\t\t\t<\/div>\n\t\t<div class=\"elementor-element elementor-element-2e600f9 e-con-full e-flex e-con e-child\" data-id=\"2e600f9\" data-element_type=\"container\">\n\t\t<div class=\"elementor-element elementor-element-d6b0f3b e-con-full e-flex e-con e-child\" data-id=\"d6b0f3b\" data-element_type=\"container\" data-settings=\"{&quot;background_background&quot;:&quot;classic&quot;}\">\n\t\t\t\t<div class=\"elementor-element elementor-element-e3216e3 elementor-widget__width-initial elementor-widget elementor-widget-heading\" data-id=\"e3216e3\" data-element_type=\"widget\" data-widget_type=\"heading.default\">\n\t\t\t\t\t<h2 class=\"elementor-heading-title elementor-size-default\">Nuestro equipo<\/h2>\t\t\t\t<\/div>\n\t\t<div class=\"elementor-element elementor-element-3a70ca1 e-con-full e-flex e-con e-child\" data-id=\"3a70ca1\" data-element_type=\"container\">\n\t\t<div class=\"elementor-element elementor-element-62c4517 e-con-full e-flex e-con e-child\" data-id=\"62c4517\" data-element_type=\"container\">\n\t\t\t\t<div class=\"elementor-element elementor-element-d36ba31 elementor-widget elementor-widget-image\" data-id=\"d36ba31\" data-element_type=\"widget\" data-widget_type=\"image.default\">\n\t\t\t\t\t\t\t\t\t\t\t\t\t\t\t<img decoding=\"async\" width=\"800\" height=\"701\" src=\"https:\/\/zsl.webwolfdesign.eu\/wp-content\/uploads\/2025\/11\/Team.jpg\" class=\"attachment-large size-large wp-image-909\" alt=\"\" srcset=\"https:\/\/zsl.webwolfdesign.eu\/wp-content\/uploads\/2025\/11\/Team.jpg 1000w, https:\/\/zsl.webwolfdesign.eu\/wp-content\/uploads\/2025\/11\/Team-300x263.jpg 300w, https:\/\/zsl.webwolfdesign.eu\/wp-content\/uploads\/2025\/11\/Team-768x673.jpg 768w\" sizes=\"(max-width: 800px) 100vw, 800px\" \/>\t\t\t\t\t\t\t\t\t\t\t\t\t\t\t<\/div>\n\t\t\t\t<div class=\"elementor-element elementor-element-5028f3c elementor-hidden-mobile elementor-widget elementor-widget-image\" data-id=\"5028f3c\" data-element_type=\"widget\" data-widget_type=\"image.default\">\n\t\t\t\t\t\t\t\t\t\t\t\t\t\t\t<img loading=\"lazy\" decoding=\"async\" width=\"385\" height=\"226\" src=\"https:\/\/zsl.webwolfdesign.eu\/wp-content\/uploads\/2025\/11\/Logo_AM_klein.png\" class=\"attachment-full size-full wp-image-904\" alt=\"\" srcset=\"https:\/\/zsl.webwolfdesign.eu\/wp-content\/uploads\/2025\/11\/Logo_AM_klein.png 385w, https:\/\/zsl.webwolfdesign.eu\/wp-content\/uploads\/2025\/11\/Logo_AM_klein-300x176.png 300w\" sizes=\"(max-width: 385px) 100vw, 385px\" \/>\t\t\t\t\t\t\t\t\t\t\t\t\t\t\t<\/div>\n\t\t\t\t<\/div>\n\t\t<div class=\"elementor-element elementor-element-973c9a2 e-con-full e-flex e-con e-child\" data-id=\"973c9a2\" data-element_type=\"container\">\n\t\t\t\t<div class=\"elementor-element elementor-element-c45e9a0 elementor-widget elementor-widget-text-editor\" data-id=\"c45e9a0\" data-element_type=\"widget\" data-widget_type=\"text-editor.default\">\n\t\t\t\t\t\t\t\t\t<p><img loading=\"lazy\" decoding=\"async\" class=\"wp-image-911 alignleft\" src=\"https:\/\/zsl.webwolfdesign.eu\/wp-content\/uploads\/2025\/11\/Ina-Fischer.png\" alt=\"\" width=\"91\" height=\"91\" \/><span style=\"color: #b80e0e;\"><strong>Ina Fischer<\/strong> <\/span>(<em>Jefe de proyecto<\/em>) es especialista en comunicaci\u00f3n de oficina y asesora del grupo de inter\u00e9s Selbstbestimmt Leben e.V. (ISL). Tiene una amplia experiencia en el campo de la inclusi\u00f3n, entre otras cosas debido a su ceguera como experta por derecho propio. Hasta 2017 inclusive, form\u00f3 parte del equipo del proyecto \u201eInclusi\u00f3n Erlangen - en la ciudad y en el campo\u201c de Access GmbH. Despu\u00e9s se centr\u00f3 en el proyecto \u201eKommune Inklusiv\u201c. Desde mayo de 2024, es responsable de \u201eAlles was Recht ist\u201c en ZSL como gestora de proyectos.<\/p><p><a href=\"mailto:ina.fischer@zsl-erlangen.de\">ina.fischer@zsl-erlangen.de<\/a><br \/>Tel\u00e9fono: 09131 - 98783 50<\/p>\t\t\t\t\t\t\t\t<\/div>\n\t\t\t\t<div class=\"elementor-element elementor-element-6ca6ca7 elementor-widget elementor-widget-text-editor\" data-id=\"6ca6ca7\" data-element_type=\"widget\" data-widget_type=\"text-editor.default\">\n\t\t\t\t\t\t\t\t\t<p><img loading=\"lazy\" decoding=\"async\" class=\"wp-image-910 alignleft\" src=\"https:\/\/zsl.webwolfdesign.eu\/wp-content\/uploads\/2025\/11\/Heike-Herzog.png\" alt=\"\" width=\"92\" height=\"92\" \/><\/p><p><span style=\"color: #b80e0e;\"><strong>Heike Herzog <\/strong><\/span><em>(Coordinaci\u00f3n de proyectos)<\/em> es soci\u00f3loga con experiencia en coordinaci\u00f3n de proyectos. Trabaj\u00f3 durante 12 a\u00f1os como coordinadora de proyectos en el centro multigeneracional de F\u00fcrth. Antes de eso, trabaj\u00f3 durante muchos a\u00f1os como aut\u00f3noma en proyectos con j\u00f3venes sobre temas de marginaci\u00f3n, racismo y promoci\u00f3n de la democracia. Lleva muchos a\u00f1os asociada a ZSL a trav\u00e9s de contactos personales. Desde junio de 2024 trabaja en el proyecto \u201eAlles was Recht ist\u201c.<\/p><p>Actualmente est\u00e1 intentando aprender el lenguaje de signos alem\u00e1n.<\/p><p><a href=\"mailto:heike.herzog@zsl-erlangen.de\">heike.herzog@zsl-erlangen.de<\/a><br \/>Tel\u00e9fono: 09131 - 98783 51<\/p>\t\t\t\t\t\t\t\t<\/div>\n\t\t\t\t<div class=\"elementor-element elementor-element-0f57694 elementor-widget elementor-widget-text-editor\" data-id=\"0f57694\" data-element_type=\"widget\" data-widget_type=\"text-editor.default\">\n\t\t\t\t\t\t\t\t\t<p><img loading=\"lazy\" decoding=\"async\" class=\"wp-image-912 alignleft\" src=\"https:\/\/zsl.webwolfdesign.eu\/wp-content\/uploads\/2025\/11\/Jing-Schreiber.png\" alt=\"\" width=\"92\" height=\"92\" \/><span style=\"color: #b80e0e;\"><strong>Jing Schreiber<\/strong><\/span> (<em>Administraci\u00f3n<\/em>) es licenciada en Administraci\u00f3n de Empresas y responsable de la gesti\u00f3n financiera de proyectos. Trabaja en el control de proyectos desde julio de 2021. Trabaja en el proyecto \u201eTodo lo correcto\u201c desde mayo de 2024.<\/p>\t\t\t\t\t\t\t\t<\/div>\n\t\t\t\t<div class=\"elementor-element elementor-element-54b9d32 elementor-hidden-desktop elementor-hidden-tablet elementor-widget elementor-widget-image\" data-id=\"54b9d32\" data-element_type=\"widget\" data-widget_type=\"image.default\">\n\t\t\t\t\t\t\t\t\t\t\t\t\t\t\t<img loading=\"lazy\" decoding=\"async\" width=\"385\" height=\"226\" src=\"https:\/\/zsl.webwolfdesign.eu\/wp-content\/uploads\/2025\/11\/Logo_AM_klein.png\" class=\"attachment-full size-full wp-image-904\" alt=\"\" srcset=\"https:\/\/zsl.webwolfdesign.eu\/wp-content\/uploads\/2025\/11\/Logo_AM_klein.png 385w, https:\/\/zsl.webwolfdesign.eu\/wp-content\/uploads\/2025\/11\/Logo_AM_klein-300x176.png 300w\" sizes=\"(max-width: 385px) 100vw, 385px\" \/>\t\t\t\t\t\t\t\t\t\t\t\t\t\t\t<\/div>\n\t\t\t\t<\/div>\n\t\t\t\t<\/div>\n\t\t\t\t<\/div>\n\t\t<div class=\"elementor-element elementor-element-ece7d40 e-con-full e-flex e-con e-child\" data-id=\"ece7d40\" data-element_type=\"container\">\n\t\t<div class=\"elementor-element elementor-element-a05987c e-con-full e-flex e-con e-child\" data-id=\"a05987c\" data-element_type=\"container\" data-settings=\"{&quot;background_background&quot;:&quot;classic&quot;}\">\n\t\t<div class=\"elementor-element elementor-element-5158814 e-con-full e-flex e-con e-child\" data-id=\"5158814\" data-element_type=\"container\">\n\t\t<div class=\"elementor-element elementor-element-ecfb168 e-con-full e-flex e-con e-child\" data-id=\"ecfb168\" data-element_type=\"container\" data-settings=\"{&quot;background_background&quot;:&quot;classic&quot;}\">\n\t\t<div class=\"elementor-element elementor-element-373d20d e-con-full e-flex e-con e-child\" data-id=\"373d20d\" data-element_type=\"container\">\n\t\t\t\t<div class=\"elementor-element elementor-element-eee08ad elementor-widget__width-initial elementor-widget elementor-widget-heading\" data-id=\"eee08ad\" data-element_type=\"widget\" data-widget_type=\"heading.default\">\n\t\t\t\t\t<h2 class=\"elementor-heading-title elementor-size-default\">Unser Flyer<\/h2>\t\t\t\t<\/div>\n\t\t\t\t<div class=\"elementor-element elementor-element-2c3a4d1 elementor-widget elementor-widget-text-editor\" data-id=\"2c3a4d1\" data-element_type=\"widget\" data-widget_type=\"text-editor.default\">\n\t\t\t\t\t\t\t\t\t<p>Unsere Projektvorstellung als Flyer finden Sie <strong><span style=\"text-decoration: underline; color: #6e0000;\"><a style=\"color: #6e0000; text-decoration: underline;\" href=\"https:\/\/zsl.webwolfdesign.eu\/wp-content\/uploads\/2026\/03\/Alles-was-Recht-ist-_schwere_Sprache_-barrierefrei.pdf\">hier<\/a><\/span><\/strong><\/p>\t\t\t\t\t\t\t\t<\/div>\n\t\t\t\t<\/div>\n\t\t<div class=\"elementor-element elementor-element-cb06472 e-con-full e-flex e-con e-child\" data-id=\"cb06472\" data-element_type=\"container\">\n\t\t\t\t<div class=\"elementor-element elementor-element-346aff0 elementor-widget elementor-widget-image\" data-id=\"346aff0\" data-element_type=\"widget\" data-widget_type=\"image.default\">\n\t\t\t\t\t\t\t\t\t\t\t\t\t\t\t\t<a href=\"https:\/\/zsl.webwolfdesign.eu\/wp-content\/uploads\/2026\/03\/Alles-was-Recht-ist-_schwere_Sprache_-barrierefrei.pdf\" target=\"_blank\">\n\t\t\t\t\t\t\t<img loading=\"lazy\" decoding=\"async\" width=\"374\" height=\"792\" src=\"https:\/\/zsl.webwolfdesign.eu\/wp-content\/uploads\/2026\/03\/Flyer-Alles-was-Recht-ist.jpg\" class=\"attachment-medium_large size-medium_large wp-image-3677\" alt=\"\" srcset=\"https:\/\/zsl.webwolfdesign.eu\/wp-content\/uploads\/2026\/03\/Flyer-Alles-was-Recht-ist.jpg 374w, https:\/\/zsl.webwolfdesign.eu\/wp-content\/uploads\/2026\/03\/Flyer-Alles-was-Recht-ist-142x300.jpg 142w, https:\/\/zsl.webwolfdesign.eu\/wp-content\/uploads\/2026\/03\/Flyer-Alles-was-Recht-ist-6x12.jpg 6w\" sizes=\"(max-width: 374px) 100vw, 374px\" \/>\t\t\t\t\t\t\t\t<\/a>\n\t\t\t\t\t\t\t\t\t\t\t\t\t\t\t<\/div>\n\t\t\t\t<\/div>\n\t\t\t\t<\/div>\n\t\t\t\t<\/div>\n\t\t\t\t<\/div>\n\t\t\t\t<\/div>\n\t\t\t\t<\/div>\n\t\t\t\t\t<\/div>\n\t\t\t\t<\/div>\n\t\t\t\t<\/main>\n\t\t\t\t<\/main>\n\t\t\t\t<\/div>","protected":false},"excerpt":{"rendered":"<p>Wir stellen uns vor! Das Projekt st\u00e4rkt Menschen mit Behinderungen darin, ihre Rechte einzufordern.Im Sozialrecht hat sich einiges ge\u00e4ndert \u2013 u.a. durch die Einf\u00fchrung des Bundesteilhabegesetzes. Vielen Betroffenen und ihren Angeh\u00f6rigen ist dies nicht oder nur unzureichend bekannt. Diese Wissensl\u00fccke m\u00f6chten wir f\u00fcllen. Wir informieren Menschen \u00fcber ihre neuen Rechte, wir ermutigen sie, ihre Bedarfe [&hellip;]<\/p>","protected":false},"author":1,"featured_media":0,"parent":0,"menu_order":0,"comment_status":"closed","ping_status":"closed","template":"","meta":{"footnotes":""},"class_list":["post-916","page","type-page","status-publish","hentry"],"_hostinger_reach_plugin_has_subscription_block":false,"_hostinger_reach_plugin_is_elementor":false,"_links":{"self":[{"href":"https:\/\/zsl.webwolfdesign.eu\/es\/wp-json\/wp\/v2\/pages\/916","targetHints":{"allow":["GET"]}}],"collection":[{"href":"https:\/\/zsl.webwolfdesign.eu\/es\/wp-json\/wp\/v2\/pages"}],"about":[{"href":"https:\/\/zsl.webwolfdesign.eu\/es\/wp-json\/wp\/v2\/types\/page"}],"author":[{"embeddable":true,"href":"https:\/\/zsl.webwolfdesign.eu\/es\/wp-json\/wp\/v2\/users\/1"}],"replies":[{"embeddable":true,"href":"https:\/\/zsl.webwolfdesign.eu\/es\/wp-json\/wp\/v2\/comments?post=916"}],"version-history":[{"count":53,"href":"https:\/\/zsl.webwolfdesign.eu\/es\/wp-json\/wp\/v2\/pages\/916\/revisions"}],"predecessor-version":[{"id":3713,"href":"https:\/\/zsl.webwolfdesign.eu\/es\/wp-json\/wp\/v2\/pages\/916\/revisions\/3713"}],"wp:attachment":[{"href":"https:\/\/zsl.webwolfdesign.eu\/es\/wp-json\/wp\/v2\/media?parent=916"}],"curies":[{"name":"wp","href":"https:\/\/api.w.org\/{rel}","templated":true}]}}