{"id":11,"date":"2025-11-04T17:26:17","date_gmt":"2025-11-04T17:26:17","guid":{"rendered":"https:\/\/zsl.webwolfdesign.eu\/?page_id=11"},"modified":"2026-04-17T17:54:37","modified_gmt":"2026-04-17T17:54:37","slug":"beratung","status":"publish","type":"page","link":"https:\/\/zsl.webwolfdesign.eu\/fr\/beratung\/","title":{"rendered":"Conseil"},"content":{"rendered":"<div data-elementor-type=\"wp-page\" data-elementor-id=\"11\" class=\"elementor elementor-11\" data-elementor-post-type=\"page\">\n\t\t\t\t<main class=\"elementor-element elementor-element-f8d4448 e-con-full e-flex e-con e-parent\" data-id=\"f8d4448\" data-element_type=\"container\">\n\t\t<main class=\"elementor-element elementor-element-da90f1d e-con-full e-flex e-con e-child\" data-id=\"da90f1d\" data-element_type=\"container\" data-settings=\"{&quot;background_background&quot;:&quot;classic&quot;}\">\n\t\t<div class=\"elementor-element elementor-element-cde4e47 e-con-full e-flex e-con e-child\" data-id=\"cde4e47\" data-element_type=\"container\">\n\t\t<div class=\"elementor-element elementor-element-0ab2143 e-con-full e-flex e-con e-child\" data-id=\"0ab2143\" data-element_type=\"container\" data-settings=\"{&quot;background_background&quot;:&quot;gradient&quot;}\">\n\t\t\t\t<div class=\"elementor-element elementor-element-87b4451 elementor-widget elementor-widget-heading\" data-id=\"87b4451\" data-element_type=\"widget\" data-widget_type=\"heading.default\">\n\t\t\t\t\t<h2 class=\"elementor-heading-title elementor-size-default\">Conseil.formation.rencontre. <br>Offene Behindertenarbeit - OBA<\/h2>\t\t\t\t<\/div>\n\t\t\t\t<div class=\"elementor-element elementor-element-31f2aee elementor-widget elementor-widget-text-editor\" data-id=\"31f2aee\" data-element_type=\"widget\" data-widget_type=\"text-editor.default\">\n\t\t\t\t\t\t\t\t\t<p>F\u00fcr uns ist die Inklusion aller Menschen nicht nur ein Lippenbekenntnis, sondern allt\u00e4gliche Praxis.<\/p>\t\t\t\t\t\t\t\t<\/div>\n\t\t\t\t<\/div>\n\t\t<div class=\"elementor-element elementor-element-8e2bede e-con-full e-flex e-con e-child\" data-id=\"8e2bede\" data-element_type=\"container\">\n\t\t\t\t<div class=\"elementor-element elementor-element-f12b749 e-transform elementor-widget elementor-widget-image\" data-id=\"f12b749\" data-element_type=\"widget\" data-settings=\"{&quot;_transform_flipX_effect&quot;:&quot;transform&quot;}\" data-widget_type=\"image.default\">\n\t\t\t\t\t\t\t\t\t\t\t\t\t\t\t<img fetchpriority=\"high\" decoding=\"async\" width=\"1500\" height=\"630\" src=\"https:\/\/zsl.webwolfdesign.eu\/wp-content\/uploads\/2025\/11\/beratung2.jpg\" class=\"attachment-full size-full wp-image-574\" alt=\"\" srcset=\"https:\/\/zsl.webwolfdesign.eu\/wp-content\/uploads\/2025\/11\/beratung2.jpg 1500w, https:\/\/zsl.webwolfdesign.eu\/wp-content\/uploads\/2025\/11\/beratung2-300x126.jpg 300w, https:\/\/zsl.webwolfdesign.eu\/wp-content\/uploads\/2025\/11\/beratung2-1024x430.jpg 1024w, https:\/\/zsl.webwolfdesign.eu\/wp-content\/uploads\/2025\/11\/beratung2-768x323.jpg 768w\" sizes=\"(max-width: 1500px) 100vw, 1500px\" \/>\t\t\t\t\t\t\t\t\t\t\t\t\t\t\t<\/div>\n\t\t\t\t<\/div>\n\t\t\t\t<\/div>\n\t\t<div class=\"elementor-element elementor-element-5ec1885 e-flex e-con-boxed e-con e-child\" data-id=\"5ec1885\" data-element_type=\"container\">\n\t\t\t\t\t<div class=\"e-con-inner\">\n\t\t<div class=\"elementor-element elementor-element-beff7de e-con-full e-flex e-con e-child\" data-id=\"beff7de\" data-element_type=\"container\" data-settings=\"{&quot;background_background&quot;:&quot;classic&quot;}\">\n\t\t<div class=\"elementor-element elementor-element-a517245 e-con-full e-flex e-con e-child\" data-id=\"a517245\" data-element_type=\"container\" data-settings=\"{&quot;background_background&quot;:&quot;classic&quot;}\">\n\t\t<div class=\"elementor-element elementor-element-c0d93fb e-con-full e-flex e-con e-child\" data-id=\"c0d93fb\" data-element_type=\"container\">\n\t\t\t\t<div class=\"elementor-element elementor-element-5f475c7 elementor-widget elementor-widget-heading\" data-id=\"5f475c7\" data-element_type=\"widget\" data-widget_type=\"heading.default\">\n\t\t\t\t\t<h2 class=\"elementor-heading-title elementor-size-default\">Das sind wir\u2026<\/h2>\t\t\t\t<\/div>\n\t\t\t\t<div class=\"elementor-element elementor-element-6aa35fe elementor-widget elementor-widget-text-editor\" data-id=\"6aa35fe\" data-element_type=\"widget\" data-widget_type=\"text-editor.default\">\n\t\t\t\t\t\t\t\t\t<p>Beratung. Bildung. Begegnung. (ehemals \u201eBeratungsstelle des ZSL\u201c) ist ein von der Offenen Behindertenarbeit (OBA) finanzierter Dienst des ZSL e.V.<br \/>Qualifizierte Berater*innen, die sich engagiert auf vielf\u00e4ltige Weise daf\u00fcr einsetzen, die Lebensbedingungen von behinderten Menschen in Erlangen und Umgebung zu verbessern.<\/p>\t\t\t\t\t\t\t\t<\/div>\n\t\t\t\t<\/div>\n\t\t\t\t<\/div>\n\t\t<div class=\"elementor-element elementor-element-d3e329c e-con-full e-flex e-con e-child\" data-id=\"d3e329c\" data-element_type=\"container\" data-settings=\"{&quot;background_background&quot;:&quot;classic&quot;}\">\n\t\t<div class=\"elementor-element elementor-element-8ae9606 e-con-full e-flex e-con e-child\" data-id=\"8ae9606\" data-element_type=\"container\">\n\t\t\t\t<div class=\"elementor-element elementor-element-7494f05 elementor-widget elementor-widget-heading\" data-id=\"7494f05\" data-element_type=\"widget\" data-widget_type=\"heading.default\">\n\t\t\t\t\t<h2 class=\"elementor-heading-title elementor-size-default\">Daf\u00fcr stehen wir...<\/h2>\t\t\t\t<\/div>\n\t\t\t\t<div class=\"elementor-element elementor-element-42a0697 elementor-widget elementor-widget-text-editor\" data-id=\"42a0697\" data-element_type=\"widget\" data-widget_type=\"text-editor.default\">\n\t\t\t\t\t\t\t\t\t<ul><li>Wir setzen uns daf\u00fcr ein, dass behinderte Menschen in ihrer Unterschiedlichkeit in der Gesellschaft akzeptiert werden und Behinderung als Teil menschlicher Normalit\u00e4t und Vielfalt wahrgenommen und anerkannt wird.<\/li><li>Wir engagieren uns daf\u00fcr, dass alle Angebote des Sozialraums f\u00fcr behinderte Menschen nutzbar werden.<\/li><li>Wir wollen den Menschen eine Stimme geben, deren berechtigte Anliegen oft \u00fcberh\u00f6rt werden. Alle Erfolge der Inklusion d\u00fcrfen nicht dar\u00fcber hinwegt\u00e4uschen, dass nach wie vor Prozesse und Mechanismen der Ausgrenzung existieren.<\/li><li>Wir sehen es als unsere Aufgabe, diese Prozesse differenziert zu betrachten und im Sinne behinderter Menschen auf sie Einfluss zu nehmen.<\/li><li>Unsere soziale und politische Interessensvertretung in Netzwerken und Gremien, gegen\u00fcber politischen Parteien und der kommunalen Verwaltung hat die gleichberechtigte Teilhabe von behinderten Menschen in allen Lebensbereichen zum Ziel. Unsere Forderung ist die Schaffung entsprechender Rahmenbedingungen, um dieses Ziel zu erreichen.<\/li><\/ul>\t\t\t\t\t\t\t\t<\/div>\n\t\t\t\t<\/div>\n\t\t\t\t<\/div>\n\t\t<div class=\"elementor-element elementor-element-208a162 e-con-full e-flex e-con e-child\" data-id=\"208a162\" data-element_type=\"container\" data-settings=\"{&quot;background_background&quot;:&quot;classic&quot;}\">\n\t\t<div class=\"elementor-element elementor-element-2de6cc9 e-con-full e-flex e-con e-child\" data-id=\"2de6cc9\" data-element_type=\"container\">\n\t\t\t\t<div class=\"elementor-element elementor-element-54bbd0b elementor-widget elementor-widget-heading\" data-id=\"54bbd0b\" data-element_type=\"widget\" data-widget_type=\"heading.default\">\n\t\t\t\t\t<h2 class=\"elementor-heading-title elementor-size-default\">So arbeiten wir...<\/h2>\t\t\t\t<\/div>\n\t\t\t\t<div class=\"elementor-element elementor-element-fd94f10 elementor-widget elementor-widget-text-editor\" data-id=\"fd94f10\" data-element_type=\"widget\" data-widget_type=\"text-editor.default\">\n\t\t\t\t\t\t\t\t\t<p><span style=\"color: #8b0e0e;\"><strong>&#8230; f\u00fcr behinderte Menschen<\/strong><\/span><br \/>Wir unterst\u00fctzen behinderte Menschen dabei, ihre eigenen Interessen wahrzunehmen und zu vertreten, sowie selbst\u00e4ndig Probleml\u00f6sungen f\u00fcr die eigene, individuelle Situation zu finden und umzusetzen.\u00a0Die Beratung ist niederschwellig, vertraulich und parteiisch im Sinne des behinderten Menschen.<\/p><p><span style=\"color: #8b0e0e;\"><strong>&#8230; f\u00fcr Angeh\u00f6rige, Schulen, Arbeitgeber, Institutionen und Organisationen<\/strong><\/span><br \/>Wir beraten auch Angeh\u00f6rige, Schulen, Arbeitgeber*innen, Institutionen und Organisationen, die Fragen zu Behinderung haben. Um \u00fcber die Lebenssituationen von behinderten Menschen aufzukl\u00e4ren, um die \u00d6ffentlichkeit f\u00fcr die Belange von behinderten Menschen zu sensibilisieren und um tats\u00e4chliche Ver\u00e4nderungen zu bewirken, sind wir auch stark in der \u00d6ffentlichkeits- und Netzwerkarbeit engagiert.<\/p><p><span style=\"color: #8b0e0e;\"><strong>&#8230; f\u00fcr Bildung und Begegnung<\/strong><\/span><br \/>Wir schaffen Bildungsangebote und M\u00f6glichkeiten der Begegnung, die f\u00fcr alle Menschen offen sind bzw. dem Austausch unter\u00a0Betroffenen zu einem bestimmten Thema dienen.<\/p><p><span style=\"color: #8b0e0e;\"><strong>&#8230; f\u00fcr Ehrenamtliche<\/strong><\/span><br \/>Wir unterst\u00fctzen und begleiten Menschen mit und ohne Behinderung, die sich ehrenamtlich engagieren m\u00f6chten.<\/p><p><span style=\"color: #8b0e0e;\"><strong>&#8230; f\u00fcr Praktikanten<\/strong><\/span><br \/>Wir bieten Praktikumspl\u00e4tze, u.a. f\u00fcr behinderte Auszubildende im Verwaltungsbereich oder f\u00fcr behinderte und nichtbehinderte Student*innen der Sozialen Arbeit.<\/p>\t\t\t\t\t\t\t\t<\/div>\n\t\t\t\t<\/div>\n\t\t\t\t<\/div>\n\t\t\t\t<\/div>\n\t\t<div class=\"elementor-element elementor-element-ec627c7 e-con-full e-flex e-con e-child\" data-id=\"ec627c7\" data-element_type=\"container\">\n\t\t<div class=\"elementor-element elementor-element-eb278eb e-con-full e-flex e-con e-child\" data-id=\"eb278eb\" data-element_type=\"container\" data-settings=\"{&quot;background_background&quot;:&quot;classic&quot;}\">\n\t\t\t\t<div class=\"elementor-element elementor-element-b2be556 elementor-widget__width-initial elementor-widget elementor-widget-heading\" data-id=\"b2be556\" data-element_type=\"widget\" data-widget_type=\"heading.default\">\n\t\t\t\t\t<h2 class=\"elementor-heading-title elementor-size-default\">Das machen wir...<\/h2>\t\t\t\t<\/div>\n\t\t\t\t<\/div>\n\t\t<div class=\"elementor-element elementor-element-0a37e8a e-con-full e-flex e-con e-child\" data-id=\"0a37e8a\" data-element_type=\"container\" data-settings=\"{&quot;background_background&quot;:&quot;classic&quot;}\">\n\t\t<div class=\"elementor-element elementor-element-7fac858 e-con-full e-flex e-con e-child\" data-id=\"7fac858\" data-element_type=\"container\" data-settings=\"{&quot;background_background&quot;:&quot;classic&quot;}\">\n\t\t<div class=\"elementor-element elementor-element-70e5020 e-con-full e-flex e-con e-child\" data-id=\"70e5020\" data-element_type=\"container\">\n\t\t\t\t<div class=\"elementor-element elementor-element-42bd5e9 elementor-widget elementor-widget-heading\" data-id=\"42bd5e9\" data-element_type=\"widget\" data-widget_type=\"heading.default\">\n\t\t\t\t\t<h2 class=\"elementor-heading-title elementor-size-default\">Beratung.<\/h2>\t\t\t\t<\/div>\n\t\t\t\t<div class=\"elementor-element elementor-element-153e4e4 elementor-widget elementor-widget-text-editor\" data-id=\"153e4e4\" data-element_type=\"widget\" data-widget_type=\"text-editor.default\">\n\t\t\t\t\t\t\t\t\t<p>Wir bieten Menschen mit Behinderungen, Angeh\u00f6rigen und Institutionen soziale Beratung rund um das Thema Behinderung an.<\/p><p>Sie k\u00f6nnen sich gerne an uns wenden, wenn Sie Beratung und Unterst\u00fctzung w\u00fcnschen, z.B. zu<\/p><ul><li>Korrespondenz mit Beh\u00f6rden<\/li><li>dem Ausf\u00fcllen von Formularen<\/li><li>Umsetzung von Pl\u00e4nen (z.B. Reisen, Umzug, Ausbildung, etc.)<\/li><li>Sozialleistungen<\/li><li>Hilfsmitteln<\/li><li>pers\u00f6nlichen Problemen<\/li><li>Abbau von Barrieren<\/li><li>Assistenz im Alltag oder im Beruf<\/li><li>M\u00e4nnerberatung\u00a0<a href=\"https:\/\/www.zsl-erlangen.de\/beratung-bildung-begegnung\/angebote\/maennerberatung\">weitere Info\u00a0\u25ba<\/a>\u00a0<\/li><\/ul><p>F\u00fcr die Vereinbarung eines Beratungstermins oder f\u00fcr allgemeine Fragen, wenden Sie sich bitte an<\/p><p><a title=\"beratung@zsl-erlangen.de\" href=\"mailto:beratung@zsl-erlangen.de\">beratung@zsl-erlangen.de<\/a><br \/>oder rufen Sie uns an:\u00a009131 98783-0<\/p>\t\t\t\t\t\t\t\t<\/div>\n\t\t\t\t<\/div>\n\t\t\t\t<\/div>\n\t\t<div class=\"elementor-element elementor-element-a71b23e e-con-full e-flex e-con e-child\" data-id=\"a71b23e\" data-element_type=\"container\" data-settings=\"{&quot;background_background&quot;:&quot;classic&quot;}\">\n\t\t<div class=\"elementor-element elementor-element-dbbb66d e-con-full e-flex e-con e-child\" data-id=\"dbbb66d\" data-element_type=\"container\">\n\t\t\t\t<div class=\"elementor-element elementor-element-7bad480 elementor-widget elementor-widget-heading\" data-id=\"7bad480\" data-element_type=\"widget\" data-widget_type=\"heading.default\">\n\t\t\t\t\t<h2 class=\"elementor-heading-title elementor-size-default\">Bildung.<\/h2>\t\t\t\t<\/div>\n\t\t\t\t<div class=\"elementor-element elementor-element-d47cc4e elementor-widget elementor-widget-text-editor\" data-id=\"d47cc4e\" data-element_type=\"widget\" data-widget_type=\"text-editor.default\">\n\t\t\t\t\t\t\t\t\t<p>&#8230; f\u00fcr Menschen mit und ohne Behinderung<\/p><p>Wir organisieren &#8211; zum Teil mit Kooperationspartnern &#8211; Bildungsangebote zu verschiedensten Themen.<\/p><p>&#8230; f\u00fcr Schulen, Firmen, Gastronomie etc.<\/p><p>Mit unserem Workshop &#8222;Perspektivwechsel&#8220; kl\u00e4ren wir \u00fcber die Lebenssituationen von Menschen mit Behinderung auf und sensibilisieren die \u00d6ffentlichkeit f\u00fcr die Thematik.<\/p><p>Interesse?<\/p><p>Dann erreichen Sie uns unter<\/p><p><a title=\"bildung@zsl-erlangen.de\" href=\"mailto:bildung@zsl-erlangen.de\">bildung@zsl-erlangen.de<\/a><br \/>oder rufen Sie uns an:\u00a009131 98783-0<\/p>\t\t\t\t\t\t\t\t<\/div>\n\t\t\t\t<\/div>\n\t\t\t\t<\/div>\n\t\t<div class=\"elementor-element elementor-element-a604841 e-con-full e-flex e-con e-child\" data-id=\"a604841\" data-element_type=\"container\" data-settings=\"{&quot;background_background&quot;:&quot;classic&quot;}\">\n\t\t<div class=\"elementor-element elementor-element-983837d e-con-full e-flex e-con e-child\" data-id=\"983837d\" data-element_type=\"container\">\n\t\t\t\t<div class=\"elementor-element elementor-element-5bed44c elementor-widget elementor-widget-heading\" data-id=\"5bed44c\" data-element_type=\"widget\" data-widget_type=\"heading.default\">\n\t\t\t\t\t<h2 class=\"elementor-heading-title elementor-size-default\">Begegnung.<\/h2>\t\t\t\t<\/div>\n\t\t\t\t<div class=\"elementor-element elementor-element-93a3a4a elementor-widget elementor-widget-text-editor\" data-id=\"93a3a4a\" data-element_type=\"widget\" data-widget_type=\"text-editor.default\">\n\t\t\t\t\t\t\t\t\t<p>Wir bieten zahlreiche verschiedene Veranstaltungen an, zu denen sich Menschen mit und ohne Behinderung begegnen k\u00f6nnen. Hier k\u00f6nnen Sie neue Bekanntschaften schlie\u00dfen, interessante Menschen kennenlernen, sich zu verschiedenen Themen informieren oder einfach nur mit anderen eine sch\u00f6ne Zeit erleben, kreativ sein, zusammen essen und lachen.<\/p><p>Sie k\u00f6nnen auch Veranstaltungsideen an uns herantragen, wenn Sie Ideen haben oder sich einfach \u00fcber unser viertelj\u00e4hrliches Programm oder unseren Newsletter \u00fcber unser reichhaltiges Angebot informieren.<\/p><ul><li>Unser aktuelles <strong>Programm zum downloaden<\/strong> finden Sie hier: <a href=\"https:\/\/www.zsl-erlangen.de\/fileadmin\/admin\/Redaktion\/OBA\/Programm_PDF\/ZSLife_Programm_IV_2025.pdf\">link<\/a><\/li><li>M\u00f6chten sie unser <strong>Programm per Post<\/strong> erhalten, f\u00fcllen Sie bitte dieses Formular aus: <a title=\"Gedrucktes Programm\" href=\"https:\/\/forms.office.com\/pages\/responsepage.aspx?id=WmTKS2iORkuBNhP3dLXmUpmJpBQqZ39GnHB_yIx9WtlUM0VHOFlBUVZFWFA1REhRVDBEUDkwNVFLMC4u&amp;route=shorturl\" target=\"_blank\" rel=\"noopener\">link<\/a><\/li><li>M\u00f6chten Sie das <strong>Programm per Email<\/strong>, f\u00fcllen Sie bitte dieses Formular aus: <a title=\"Programm per Email\" href=\"https:\/\/forms.office.com\/pages\/responsepage.aspx?id=WmTKS2iORkuBNhP3dLXmUpmJpBQqZ39GnHB_yIx9WtlURVFVRURXWkZYQUZENTVaR1VFQ1M2T1ozOS4u&amp;route=shorturl\" target=\"_blank\" rel=\"noopener\">link<\/a>\u00a0\u00a0<\/li><\/ul><p>Sie erreichen uns unter:<\/p><p><a title=\"begegnung@zsl-erlangen.de\" href=\"mailto:begegnung@zsl-erlangen.de\">begegnung@zsl-erlangen.de<\/a><br \/>oder rufen Sie uns an:\u00a009131 98783-0<\/p>\t\t\t\t\t\t\t\t<\/div>\n\t\t\t\t<\/div>\n\t\t\t\t<\/div>\n\t\t\t\t<\/div>\n\t\t<div class=\"elementor-element elementor-element-4296f32 e-con-full e-flex e-con e-child\" data-id=\"4296f32\" data-element_type=\"container\" data-settings=\"{&quot;background_background&quot;:&quot;classic&quot;}\">\n\t\t\t\t<div class=\"elementor-element elementor-element-aeaab69 elementor-widget__width-initial elementor-widget elementor-widget-heading\" data-id=\"aeaab69\" data-element_type=\"widget\" data-widget_type=\"heading.default\">\n\t\t\t\t\t<h2 class=\"elementor-heading-title elementor-size-default\">Notre \u00e9quipe<\/h2>\t\t\t\t<\/div>\n\t\t\t\t<\/div>\n\t\t<div class=\"elementor-element elementor-element-08926ee e-con-full e-flex e-con e-child\" data-id=\"08926ee\" data-element_type=\"container\" data-settings=\"{&quot;background_background&quot;:&quot;classic&quot;}\">\n\t\t<div class=\"elementor-element elementor-element-6d63633 e-con-full e-flex e-con e-child\" data-id=\"6d63633\" data-element_type=\"container\">\n\t\t<div class=\"elementor-element elementor-element-5a65889 e-con-full e-flex e-con e-child\" data-id=\"5a65889\" data-element_type=\"container\">\n\t\t\t\t<div class=\"elementor-element elementor-element-b80496d elementor-widget elementor-widget-image\" data-id=\"b80496d\" data-element_type=\"widget\" data-widget_type=\"image.default\">\n\t\t\t\t\t\t\t\t\t\t\t\t\t\t\t<img decoding=\"async\" width=\"274\" height=\"274\" src=\"https:\/\/zsl.webwolfdesign.eu\/wp-content\/uploads\/2025\/11\/Rainer_Kessler.png\" class=\"attachment-large size-large wp-image-584\" alt=\"\" srcset=\"https:\/\/zsl.webwolfdesign.eu\/wp-content\/uploads\/2025\/11\/Rainer_Kessler.png 274w, https:\/\/zsl.webwolfdesign.eu\/wp-content\/uploads\/2025\/11\/Rainer_Kessler-150x150.png 150w\" sizes=\"(max-width: 274px) 100vw, 274px\" \/>\t\t\t\t\t\t\t\t\t\t\t\t\t\t\t<\/div>\n\t\t\t\t<div class=\"elementor-element elementor-element-86dc77b elementor-widget elementor-widget-heading\" data-id=\"86dc77b\" data-element_type=\"widget\" data-widget_type=\"heading.default\">\n\t\t\t\t\t<h2 class=\"elementor-heading-title elementor-size-default\">Rainer Ke\u00dfler\n<\/h2>\t\t\t\t<\/div>\n\t\t\t\t<div class=\"elementor-element elementor-element-a5e15ec elementor-widget elementor-widget-text-editor\" data-id=\"a5e15ec\" data-element_type=\"widget\" data-widget_type=\"text-editor.default\">\n\t\t\t\t\t\t\t\t\t<p><strong>Bereichsleitung<\/strong><br \/>Zert. Budgetbegleiter (m|colleg)<br \/>Peer Counselor (ISL)<\/p>\t\t\t\t\t\t\t\t<\/div>\n\t\t\t\t<\/div>\n\t\t<div class=\"elementor-element elementor-element-b2a7cea e-con-full e-flex e-con e-child\" data-id=\"b2a7cea\" data-element_type=\"container\">\n\t\t\t\t<div class=\"elementor-element elementor-element-107dbeb elementor-widget elementor-widget-image\" data-id=\"107dbeb\" data-element_type=\"widget\" data-widget_type=\"image.default\">\n\t\t\t\t\t\t\t\t\t\t\t\t\t\t\t<img decoding=\"async\" width=\"274\" height=\"274\" src=\"https:\/\/zsl.webwolfdesign.eu\/wp-content\/uploads\/2025\/11\/Stefanie_Grunow.png\" class=\"attachment-large size-large wp-image-586\" alt=\"\" srcset=\"https:\/\/zsl.webwolfdesign.eu\/wp-content\/uploads\/2025\/11\/Stefanie_Grunow.png 274w, https:\/\/zsl.webwolfdesign.eu\/wp-content\/uploads\/2025\/11\/Stefanie_Grunow-150x150.png 150w\" sizes=\"(max-width: 274px) 100vw, 274px\" \/>\t\t\t\t\t\t\t\t\t\t\t\t\t\t\t<\/div>\n\t\t\t\t<div class=\"elementor-element elementor-element-77fa35a elementor-widget elementor-widget-heading\" data-id=\"77fa35a\" data-element_type=\"widget\" data-widget_type=\"heading.default\">\n\t\t\t\t\t<h2 class=\"elementor-heading-title elementor-size-default\">\nStefanie Grunow\n<\/h2>\t\t\t\t<\/div>\n\t\t\t\t<div class=\"elementor-element elementor-element-1c3d9cf elementor-widget elementor-widget-text-editor\" data-id=\"1c3d9cf\" data-element_type=\"widget\" data-widget_type=\"text-editor.default\">\n\t\t\t\t\t\t\t\t\t<p><strong>Stellvertretende OBA-Leitung<\/strong><br \/>Dipl. Sozialp\u00e4dagogin (FH)<\/p>\t\t\t\t\t\t\t\t<\/div>\n\t\t\t\t<\/div>\n\t\t<div class=\"elementor-element elementor-element-479248d e-con-full e-flex e-con e-child\" data-id=\"479248d\" data-element_type=\"container\">\n\t\t\t\t<div class=\"elementor-element elementor-element-765352b elementor-widget elementor-widget-image\" data-id=\"765352b\" data-element_type=\"widget\" data-widget_type=\"image.default\">\n\t\t\t\t\t\t\t\t\t\t\t\t\t\t\t<img loading=\"lazy\" decoding=\"async\" width=\"272\" height=\"272\" src=\"https:\/\/zsl.webwolfdesign.eu\/wp-content\/uploads\/2025\/11\/Bianca_Bild.png\" class=\"attachment-medium size-medium wp-image-594\" alt=\"\" srcset=\"https:\/\/zsl.webwolfdesign.eu\/wp-content\/uploads\/2025\/11\/Bianca_Bild.png 272w, https:\/\/zsl.webwolfdesign.eu\/wp-content\/uploads\/2025\/11\/Bianca_Bild-150x150.png 150w\" sizes=\"(max-width: 272px) 100vw, 272px\" \/>\t\t\t\t\t\t\t\t\t\t\t\t\t\t\t<\/div>\n\t\t\t\t<div class=\"elementor-element elementor-element-af10a13 elementor-widget elementor-widget-heading\" data-id=\"af10a13\" data-element_type=\"widget\" data-widget_type=\"heading.default\">\n\t\t\t\t\t<h2 class=\"elementor-heading-title elementor-size-default\">Bianca Schmelz\n<\/h2>\t\t\t\t<\/div>\n\t\t\t\t<div class=\"elementor-element elementor-element-dbec440 elementor-widget elementor-widget-text-editor\" data-id=\"dbec440\" data-element_type=\"widget\" data-widget_type=\"text-editor.default\">\n\t\t\t\t\t\t\t\t\t<p><strong>Fachkraft<\/strong><br \/>MA Integrative Heilp\u00e4dagogin<\/p>\t\t\t\t\t\t\t\t<\/div>\n\t\t\t\t<\/div>\n\t\t\t\t<\/div>\n\t\t<div class=\"elementor-element elementor-element-b00310c e-con-full e-flex e-con e-child\" data-id=\"b00310c\" data-element_type=\"container\">\n\t\t<div class=\"elementor-element elementor-element-8570189 e-con-full e-flex e-con e-child\" data-id=\"8570189\" data-element_type=\"container\">\n\t\t\t\t<div class=\"elementor-element elementor-element-c2f4a7e elementor-widget elementor-widget-image\" data-id=\"c2f4a7e\" data-element_type=\"widget\" data-widget_type=\"image.default\">\n\t\t\t\t\t\t\t\t\t\t\t\t\t\t\t<img loading=\"lazy\" decoding=\"async\" width=\"272\" height=\"275\" src=\"https:\/\/zsl.webwolfdesign.eu\/wp-content\/uploads\/2025\/11\/Juergen_Findeiss.jpg\" class=\"attachment-large size-large wp-image-591\" alt=\"\" \/>\t\t\t\t\t\t\t\t\t\t\t\t\t\t\t<\/div>\n\t\t\t\t<div class=\"elementor-element elementor-element-2b1a74d elementor-widget elementor-widget-heading\" data-id=\"2b1a74d\" data-element_type=\"widget\" data-widget_type=\"heading.default\">\n\t\t\t\t\t<h2 class=\"elementor-heading-title elementor-size-default\">\nJ\u00fcrgen Findei\u00df\n<\/h2>\t\t\t\t<\/div>\n\t\t\t\t<div class=\"elementor-element elementor-element-8915c6c elementor-widget elementor-widget-text-editor\" data-id=\"8915c6c\" data-element_type=\"widget\" data-widget_type=\"text-editor.default\">\n\t\t\t\t\t\t\t\t\t<p><strong>Fachkraft<\/strong><br \/>Dipl. Sozialp\u00e4dagoge<\/p>\t\t\t\t\t\t\t\t<\/div>\n\t\t\t\t<\/div>\n\t\t<div class=\"elementor-element elementor-element-52c91de e-con-full e-flex e-con e-child\" data-id=\"52c91de\" data-element_type=\"container\">\n\t\t\t\t<div class=\"elementor-element elementor-element-d19e7c1 elementor-widget elementor-widget-image\" data-id=\"d19e7c1\" data-element_type=\"widget\" data-widget_type=\"image.default\">\n\t\t\t\t\t\t\t\t\t\t\t\t\t\t\t<img loading=\"lazy\" decoding=\"async\" width=\"274\" height=\"274\" src=\"https:\/\/zsl.webwolfdesign.eu\/wp-content\/uploads\/2026\/04\/Placeholder.png\" class=\"attachment-large size-large wp-image-4074\" alt=\"\" srcset=\"https:\/\/zsl.webwolfdesign.eu\/wp-content\/uploads\/2026\/04\/Placeholder.png 274w, https:\/\/zsl.webwolfdesign.eu\/wp-content\/uploads\/2026\/04\/Placeholder-150x150.png 150w, https:\/\/zsl.webwolfdesign.eu\/wp-content\/uploads\/2026\/04\/Placeholder-12x12.png 12w\" sizes=\"(max-width: 274px) 100vw, 274px\" \/>\t\t\t\t\t\t\t\t\t\t\t\t\t\t\t<\/div>\n\t\t\t\t<div class=\"elementor-element elementor-element-21ea014 elementor-widget elementor-widget-heading\" data-id=\"21ea014\" data-element_type=\"widget\" data-widget_type=\"heading.default\">\n\t\t\t\t\t<h2 class=\"elementor-heading-title elementor-size-default\">\nN.N.\n<\/h2>\t\t\t\t<\/div>\n\t\t\t\t<div class=\"elementor-element elementor-element-d5d5b64 elementor-widget elementor-widget-text-editor\" data-id=\"d5d5b64\" data-element_type=\"widget\" data-widget_type=\"text-editor.default\">\n\t\t\t\t\t\t\t\t\t<p><strong>Administration<\/strong><br \/>B\u00fcrokauffrau<\/p>\t\t\t\t\t\t\t\t<\/div>\n\t\t\t\t<\/div>\n\t\t\t\t<\/div>\n\t\t\t\t<\/div>\n\t\t\t\t<\/div>\n\t\t\t\t\t<\/div>\n\t\t\t\t<\/div>\n\t\t\t\t<\/main>\n\t\t\t\t<\/main>\n\t\t\t\t<\/div>","protected":false},"excerpt":{"rendered":"<p>Beratung.Bildung.Begegnung. Offene Behindertenarbeit &#8211; OBA F\u00fcr uns ist die Inklusion aller Menschen nicht nur ein Lippenbekenntnis, sondern allt\u00e4gliche Praxis. Das sind wir\u2026 Beratung. Bildung. Begegnung. (ehemals \u201eBeratungsstelle des ZSL\u201c) ist ein von der Offenen Behindertenarbeit (OBA) finanzierter Dienst des ZSL e.V.Qualifizierte Berater*innen, die sich engagiert auf vielf\u00e4ltige Weise daf\u00fcr einsetzen, die Lebensbedingungen von behinderten Menschen [&hellip;]<\/p>","protected":false},"author":1,"featured_media":0,"parent":0,"menu_order":0,"comment_status":"closed","ping_status":"closed","template":"","meta":{"footnotes":""},"class_list":["post-11","page","type-page","status-publish","hentry"],"_hostinger_reach_plugin_has_subscription_block":false,"_hostinger_reach_plugin_is_elementor":false,"_links":{"self":[{"href":"https:\/\/zsl.webwolfdesign.eu\/fr\/wp-json\/wp\/v2\/pages\/11","targetHints":{"allow":["GET"]}}],"collection":[{"href":"https:\/\/zsl.webwolfdesign.eu\/fr\/wp-json\/wp\/v2\/pages"}],"about":[{"href":"https:\/\/zsl.webwolfdesign.eu\/fr\/wp-json\/wp\/v2\/types\/page"}],"author":[{"embeddable":true,"href":"https:\/\/zsl.webwolfdesign.eu\/fr\/wp-json\/wp\/v2\/users\/1"}],"replies":[{"embeddable":true,"href":"https:\/\/zsl.webwolfdesign.eu\/fr\/wp-json\/wp\/v2\/comments?post=11"}],"version-history":[{"count":78,"href":"https:\/\/zsl.webwolfdesign.eu\/fr\/wp-json\/wp\/v2\/pages\/11\/revisions"}],"predecessor-version":[{"id":4305,"href":"https:\/\/zsl.webwolfdesign.eu\/fr\/wp-json\/wp\/v2\/pages\/11\/revisions\/4305"}],"wp:attachment":[{"href":"https:\/\/zsl.webwolfdesign.eu\/fr\/wp-json\/wp\/v2\/media?parent=11"}],"curies":[{"name":"wp","href":"https:\/\/api.w.org\/{rel}","templated":true}]}}