{"id":1111,"date":"2025-11-23T09:28:10","date_gmt":"2025-11-23T09:28:10","guid":{"rendered":"https:\/\/zsl.webwolfdesign.eu\/?page_id=1111"},"modified":"2026-04-16T12:12:48","modified_gmt":"2026-04-16T12:12:48","slug":"abw-bamberg","status":"publish","type":"page","link":"https:\/\/zsl.webwolfdesign.eu\/fr\/abw-bamberg\/","title":{"rendered":"ABW Bamberg - r\u00e9sidences assist\u00e9es"},"content":{"rendered":"<div data-elementor-type=\"wp-page\" data-elementor-id=\"1111\" class=\"elementor elementor-1111\" data-elementor-post-type=\"page\">\n\t\t\t\t<main class=\"elementor-element elementor-element-27bd2df e-con-full e-flex e-con e-parent\" data-id=\"27bd2df\" data-element_type=\"container\">\n\t\t<main class=\"elementor-element elementor-element-436aa55 e-con-full e-flex e-con e-child\" data-id=\"436aa55\" data-element_type=\"container\" data-settings=\"{&quot;background_background&quot;:&quot;classic&quot;}\">\n\t\t<div class=\"elementor-element elementor-element-3a8144b e-con-full e-flex e-con e-child\" data-id=\"3a8144b\" data-element_type=\"container\">\n\t\t<div class=\"elementor-element elementor-element-63babc3 e-con-full e-flex e-con e-child\" data-id=\"63babc3\" data-element_type=\"container\" data-settings=\"{&quot;background_background&quot;:&quot;gradient&quot;}\">\n\t\t\t\t<div class=\"elementor-element elementor-element-98e99f8 elementor-widget elementor-widget-heading\" data-id=\"98e99f8\" data-element_type=\"widget\" data-widget_type=\"heading.default\">\n\t\t\t\t\t<h2 class=\"elementor-heading-title elementor-size-default\">Habitation accompagn\u00e9e ambulante - Bamberg <\/h2>\t\t\t\t<\/div>\n\t\t\t\t<div class=\"elementor-element elementor-element-5959c94 elementor-widget elementor-widget-text-editor\" data-id=\"5959c94\" data-element_type=\"widget\" data-widget_type=\"text-editor.default\">\n\t\t\t\t\t\t\t\t\t<p>Pour un Bamberg inclusif - autod\u00e9termin\u00e9 et au c\u0153ur de l'action.<\/p>\t\t\t\t\t\t\t\t<\/div>\n\t\t\t\t<\/div>\n\t\t<div class=\"elementor-element elementor-element-178251a e-con-full e-flex e-con e-child\" data-id=\"178251a\" data-element_type=\"container\">\n\t\t\t\t<div class=\"elementor-element elementor-element-f163257 elementor-widget elementor-widget-image\" data-id=\"f163257\" data-element_type=\"widget\" data-widget_type=\"image.default\">\n\t\t\t\t\t\t\t\t\t\t\t\t\t\t\t<img fetchpriority=\"high\" decoding=\"async\" width=\"1500\" height=\"630\" src=\"https:\/\/zsl.webwolfdesign.eu\/wp-content\/uploads\/2026\/04\/bamberg-2.jpg\" class=\"attachment-full size-full wp-image-4147\" alt=\"\" srcset=\"https:\/\/zsl.webwolfdesign.eu\/wp-content\/uploads\/2026\/04\/bamberg-2.jpg 1500w, https:\/\/zsl.webwolfdesign.eu\/wp-content\/uploads\/2026\/04\/bamberg-2-300x126.jpg 300w, https:\/\/zsl.webwolfdesign.eu\/wp-content\/uploads\/2026\/04\/bamberg-2-1024x430.jpg 1024w, https:\/\/zsl.webwolfdesign.eu\/wp-content\/uploads\/2026\/04\/bamberg-2-768x323.jpg 768w, https:\/\/zsl.webwolfdesign.eu\/wp-content\/uploads\/2026\/04\/bamberg-2-18x8.jpg 18w\" sizes=\"(max-width: 1500px) 100vw, 1500px\" \/>\t\t\t\t\t\t\t\t\t\t\t\t\t\t\t<\/div>\n\t\t\t\t<\/div>\n\t\t\t\t<\/div>\n\t\t<div class=\"elementor-element elementor-element-361bf9a e-flex e-con-boxed e-con e-child\" data-id=\"361bf9a\" data-element_type=\"container\">\n\t\t\t\t\t<div class=\"e-con-inner\">\n\t\t<div class=\"elementor-element elementor-element-6becc3e e-con-full e-flex e-con e-child\" data-id=\"6becc3e\" data-element_type=\"container\">\n\t\t<div class=\"elementor-element elementor-element-c2e8441 e-con-full e-flex e-con e-child\" data-id=\"c2e8441\" data-element_type=\"container\" data-settings=\"{&quot;background_background&quot;:&quot;classic&quot;}\">\n\t\t<div class=\"elementor-element elementor-element-019bc4e e-con-full e-flex e-con e-child\" data-id=\"019bc4e\" data-element_type=\"container\" data-settings=\"{&quot;background_background&quot;:&quot;classic&quot;}\">\n\t\t<div class=\"elementor-element elementor-element-e21cea4 e-con-full e-flex e-con e-child\" data-id=\"e21cea4\" data-element_type=\"container\">\n\t\t\t\t<div class=\"elementor-element elementor-element-189ea9f elementor-widget elementor-widget-heading\" data-id=\"189ea9f\" data-element_type=\"widget\" data-widget_type=\"heading.default\">\n\t\t\t\t\t<h2 class=\"elementor-heading-title elementor-size-default\">\u00c0 propos de nous<\/h2>\t\t\t\t<\/div>\n\t\t\t\t<div class=\"elementor-element elementor-element-b7d92a9 elementor-widget elementor-widget-text-editor\" data-id=\"b7d92a9\" data-element_type=\"widget\" data-widget_type=\"text-editor.default\">\n\t\t\t\t\t\t\t\t\t<p>Das Ambulant begleitete Wohnen (ABW) unterst\u00fctzt Menschen mit Behinderung dabei, m\u00f6glichst selbstst\u00e4ndig und selbstbestimmt in der eigenen Wohnung oder einer Wohngemeinschaft zu leben. Die Unterst\u00fctzung wird individuell vereinbart und an die jeweilige Lebenssituation angepasst.<br \/>Selon vos besoins, nous vous accompagnons de mani\u00e8re flexible - de quelques heures par semaine \u00e0 un soutien plus intensif.\u00a0<\/p>\t\t\t\t\t\t\t\t<\/div>\n\t\t\t\t<\/div>\n\t\t\t\t<\/div>\n\t\t<div class=\"elementor-element elementor-element-7c4e3a1 e-con-full e-flex e-con e-child\" data-id=\"7c4e3a1\" data-element_type=\"container\" data-settings=\"{&quot;background_background&quot;:&quot;classic&quot;}\">\n\t\t<div class=\"elementor-element elementor-element-d02ecf4 e-con-full e-flex e-con e-child\" data-id=\"d02ecf4\" data-element_type=\"container\" data-settings=\"{&quot;background_background&quot;:&quot;classic&quot;}\">\n\t\t\t\t<div class=\"elementor-element elementor-element-39f4050 elementor-widget elementor-widget-heading\" data-id=\"39f4050\" data-element_type=\"widget\" data-widget_type=\"heading.default\">\n\t\t\t\t\t<h2 class=\"elementor-heading-title elementor-size-default\">Ce que nous offrons :<\/h2>\t\t\t\t<\/div>\n\t\t\t\t<div class=\"elementor-element elementor-element-4e31cd1 elementor-widget elementor-widget-text-editor\" data-id=\"4e31cd1\" data-element_type=\"widget\" data-widget_type=\"text-editor.default\">\n\t\t\t\t\t\t\t\t\t<p class=\"p1\">C'est ce que permet notre \u00e9quipe de professionnels :<\/p><p class=\"p1\">- Vivre chez soi<\/p><p class=\"p1\">- des aides pratiques pour faire face au quotidien<\/p><p class=\"p1\">- Cr\u00e9ation et maintien de contacts sociaux<\/p><p class=\"p1\">- Intervention en cas de conflit et de crise<\/p><p class=\"p1\">- Soutien dans les d\u00e9marches administratives et m\u00e9dicales<\/p><p class=\"p1\">- Loisirs et participation \u00e0 la vie sociale<\/p>\t\t\t\t\t\t\t\t<\/div>\n\t\t\t\t<\/div>\n\t\t\t\t<\/div>\n\t\t<div class=\"elementor-element elementor-element-f708ab0 e-con-full e-flex e-con e-child\" data-id=\"f708ab0\" data-element_type=\"container\" data-settings=\"{&quot;background_background&quot;:&quot;classic&quot;}\">\n\t\t<div class=\"elementor-element elementor-element-b65b321 e-con-full e-flex e-con e-child\" data-id=\"b65b321\" data-element_type=\"container\">\n\t\t\t\t<div class=\"elementor-element elementor-element-ed65e95 elementor-widget elementor-widget-heading\" data-id=\"ed65e95\" data-element_type=\"widget\" data-widget_type=\"heading.default\">\n\t\t\t\t\t<h2 class=\"elementor-heading-title elementor-size-default\">Contact<\/h2>\t\t\t\t<\/div>\n\t\t<div class=\"elementor-element elementor-element-d0f9e6e e-con-full e-flex e-con e-child\" data-id=\"d0f9e6e\" data-element_type=\"container\">\n\t\t<div class=\"elementor-element elementor-element-698e454 e-con-full e-flex e-con e-child\" data-id=\"698e454\" data-element_type=\"container\">\n\t\t\t\t<div class=\"elementor-element elementor-element-071fcc3 elementor-widget elementor-widget-google_maps\" data-id=\"071fcc3\" data-element_type=\"widget\" data-widget_type=\"google_maps.default\">\n\t\t\t\t\t\t\t<div class=\"elementor-custom-embed\">\n\t\t\t<iframe loading=\"lazy\"\n\t\t\t\t\tsrc=\"https:\/\/maps.google.com\/maps?q=Hellerstra%C3%9Fe%2013%2C96047%20Bamberg&#038;t=m&#038;z=18&#038;output=embed&#038;iwloc=near\"\n\t\t\t\t\ttitle=\"Hellerstra\u00dfe 13,96047 Bamberg\"\n\t\t\t\t\taria-label=\"Hellerstra\u00dfe 13,96047 Bamberg\"\n\t\t\t><\/iframe>\n\t\t<\/div>\n\t\t\t\t\t\t<\/div>\n\t\t\t\t<\/div>\n\t\t<div class=\"elementor-element elementor-element-719c78f e-con-full e-flex e-con e-child\" data-id=\"719c78f\" data-element_type=\"container\" data-settings=\"{&quot;background_background&quot;:&quot;classic&quot;}\">\n\t\t<div class=\"elementor-element elementor-element-ae2bdcd e-con-full e-flex e-con e-child\" data-id=\"ae2bdcd\" data-element_type=\"container\" data-settings=\"{&quot;background_background&quot;:&quot;classic&quot;}\">\n\t\t\t\t<div class=\"elementor-element elementor-element-f645567 elementor-widget elementor-widget-heading\" data-id=\"f645567\" data-element_type=\"widget\" data-widget_type=\"heading.default\">\n\t\t\t\t\t<h2 class=\"elementor-heading-title elementor-size-default\">Pour toutes vos questions, pour des entretiens de conseil ou simplement pour faire connaissance, vous pouvez nous joindre :<\/h2>\t\t\t\t<\/div>\n\t\t\t\t<div class=\"elementor-element elementor-element-e65e801 elementor-widget elementor-widget-heading\" data-id=\"e65e801\" data-element_type=\"widget\" data-widget_type=\"heading.default\">\n\t\t\t\t\t<h2 class=\"elementor-heading-title elementor-size-default\">du lundi au jeudi de 10h00 \u00e0 14h00 et sur rendez-vous<\/h2>\t\t\t\t<\/div>\n\t\t\t\t<\/div>\n\t\t\t\t<div class=\"elementor-element elementor-element-0184337 elementor-widget elementor-widget-text-editor\" data-id=\"0184337\" data-element_type=\"widget\" data-widget_type=\"text-editor.default\">\n\t\t\t\t\t\t\t\t\t<p><strong>Centre pour une vie autod\u00e9termin\u00e9e e.V. Bamberg<\/strong><\/p><p>13, rue Heller<br \/>96047 Bamberg <br \/>(\u00e0 proximit\u00e9 de la gare routi\u00e8re centrale)<\/p><p><strong>Plan d'acc\u00e8s<\/strong><\/p><p>Avec les lignes de bus VGN 904, 906, 910, 915 jusqu'\u00e0 l'arr\u00eat Lange Stra\u00dfe ou l'arr\u00eat \u00e0 la ZOB.<\/p><p>Le parking le plus proche est le parking de la Hauptwachstra\u00dfe ou le parking couvert de la Sch\u00fctzenstra\u00dfe. Vous trouverez des places de stationnement pour fauteuils roulants sur le site Internet de la ville de Bamberg.<\/p><p>09131 9878383<br \/>info@zsl-bamberg.de<\/p><p>Nous nous r\u00e9jouissons de vous accueillir ! Votre \u00e9quipe ZSL.<\/p>\t\t\t\t\t\t\t\t<\/div>\n\t\t\t\t<\/div>\n\t\t\t\t<\/div>\n\t\t\t\t<\/div>\n\t\t\t\t<\/div>\n\t\t\t\t<\/div>\n\t\t\t\t<\/div>\n\t\t\t\t\t<\/div>\n\t\t\t\t<\/div>\n\t\t\t\t<\/main>\n\t\t\t\t<\/main>\n\t\t\t\t<\/div>","protected":false},"excerpt":{"rendered":"<p>Ambulant begleitetes Wohnen &#8211; Bamberg F\u00fcr ein inklusives Bamberg \u2013 selbstbestimmt und mittendrin. \u00dcber uns Das Ambulant begleitete Wohnen (ABW) unterst\u00fctzt Menschen mit Behinderung dabei, m\u00f6glichst selbstst\u00e4ndig und selbstbestimmt in der eigenen Wohnung oder einer Wohngemeinschaft zu leben. Die Unterst\u00fctzung wird individuell vereinbart und an die jeweilige Lebenssituation angepasst.Je nach Bedarf begleiten wir Sie flexibel [&hellip;]<\/p>","protected":false},"author":1,"featured_media":0,"parent":0,"menu_order":0,"comment_status":"closed","ping_status":"closed","template":"","meta":{"footnotes":""},"class_list":["post-1111","page","type-page","status-publish","hentry"],"_hostinger_reach_plugin_has_subscription_block":false,"_hostinger_reach_plugin_is_elementor":false,"_links":{"self":[{"href":"https:\/\/zsl.webwolfdesign.eu\/fr\/wp-json\/wp\/v2\/pages\/1111","targetHints":{"allow":["GET"]}}],"collection":[{"href":"https:\/\/zsl.webwolfdesign.eu\/fr\/wp-json\/wp\/v2\/pages"}],"about":[{"href":"https:\/\/zsl.webwolfdesign.eu\/fr\/wp-json\/wp\/v2\/types\/page"}],"author":[{"embeddable":true,"href":"https:\/\/zsl.webwolfdesign.eu\/fr\/wp-json\/wp\/v2\/users\/1"}],"replies":[{"embeddable":true,"href":"https:\/\/zsl.webwolfdesign.eu\/fr\/wp-json\/wp\/v2\/comments?post=1111"}],"version-history":[{"count":38,"href":"https:\/\/zsl.webwolfdesign.eu\/fr\/wp-json\/wp\/v2\/pages\/1111\/revisions"}],"predecessor-version":[{"id":4150,"href":"https:\/\/zsl.webwolfdesign.eu\/fr\/wp-json\/wp\/v2\/pages\/1111\/revisions\/4150"}],"wp:attachment":[{"href":"https:\/\/zsl.webwolfdesign.eu\/fr\/wp-json\/wp\/v2\/media?parent=1111"}],"curies":[{"name":"wp","href":"https:\/\/api.w.org\/{rel}","templated":true}]}}