{"id":1771,"date":"2025-11-27T15:30:37","date_gmt":"2025-11-27T15:30:37","guid":{"rendered":"https:\/\/zsl.webwolfdesign.eu\/?page_id=1771"},"modified":"2025-11-27T16:52:09","modified_gmt":"2025-11-27T16:52:09","slug":"spenden","status":"publish","type":"page","link":"https:\/\/zsl.webwolfdesign.eu\/fr\/spenden\/","title":{"rendered":"Spenden"},"content":{"rendered":"<div data-elementor-type=\"wp-page\" data-elementor-id=\"1771\" class=\"elementor elementor-1771\" data-elementor-post-type=\"page\">\n\t\t\t\t<div class=\"elementor-element elementor-element-c317c4e e-con-full e-flex e-con e-child\" data-id=\"c317c4e\" data-element_type=\"container\">\n\t\t<div class=\"elementor-element elementor-element-1619ea3 e-flex e-con-boxed e-con e-child\" data-id=\"1619ea3\" data-element_type=\"container\" data-settings=\"{&quot;background_background&quot;:&quot;classic&quot;}\">\n\t\t\t\t\t<div class=\"e-con-inner\">\n\t\t<div class=\"elementor-element elementor-element-25371ee e-con-full e-flex e-con e-child\" data-id=\"25371ee\" data-element_type=\"container\" data-settings=\"{&quot;background_background&quot;:&quot;classic&quot;}\">\n\t\t<div class=\"elementor-element elementor-element-b0a602b e-con-full e-flex e-con e-child\" data-id=\"b0a602b\" data-element_type=\"container\">\n\t\t<div class=\"elementor-element elementor-element-98ed0a8 e-con-full e-flex e-con e-child\" data-id=\"98ed0a8\" data-element_type=\"container\" data-settings=\"{&quot;background_background&quot;:&quot;classic&quot;}\">\n\t\t<div class=\"elementor-element elementor-element-6dfe663 e-con-full e-flex e-con e-child\" data-id=\"6dfe663\" data-element_type=\"container\">\n\t\t\t\t<div class=\"elementor-element elementor-element-1191ad0 elementor-widget elementor-widget-heading\" data-id=\"1191ad0\" data-element_type=\"widget\" data-widget_type=\"heading.default\">\n\t\t\t\t\t<h2 class=\"elementor-heading-title elementor-size-default\">Unterst\u00fctzen Sie unsere T\u00e4tigkeit durch eine Spende!<\/h2>\t\t\t\t<\/div>\n\t\t\t\t<\/div>\n\t\t<div class=\"elementor-element elementor-element-50d9e46 e-con-full e-flex e-con e-child\" data-id=\"50d9e46\" data-element_type=\"container\">\n\t\t\t\t<div class=\"elementor-element elementor-element-fa0c7cc elementor-widget elementor-widget-image\" data-id=\"fa0c7cc\" data-element_type=\"widget\" data-widget_type=\"image.default\">\n\t\t\t\t\t\t\t\t\t\t\t\t\t\t\t<img fetchpriority=\"high\" decoding=\"async\" width=\"800\" height=\"336\" src=\"https:\/\/zsl.webwolfdesign.eu\/wp-content\/uploads\/2025\/11\/spenden-1024x430.jpg\" class=\"attachment-large size-large wp-image-1778\" alt=\"\" srcset=\"https:\/\/zsl.webwolfdesign.eu\/wp-content\/uploads\/2025\/11\/spenden-1024x430.jpg 1024w, https:\/\/zsl.webwolfdesign.eu\/wp-content\/uploads\/2025\/11\/spenden-300x126.jpg 300w, https:\/\/zsl.webwolfdesign.eu\/wp-content\/uploads\/2025\/11\/spenden-768x323.jpg 768w, https:\/\/zsl.webwolfdesign.eu\/wp-content\/uploads\/2025\/11\/spenden.jpg 1500w\" sizes=\"(max-width: 800px) 100vw, 800px\" \/>\t\t\t\t\t\t\t\t\t\t\t\t\t\t\t<\/div>\n\t\t\t\t<\/div>\n\t\t\t\t<\/div>\n\t\t\t\t<div class=\"elementor-element elementor-element-8939c85 elementor-widget elementor-widget-text-editor\" data-id=\"8939c85\" data-element_type=\"widget\" data-widget_type=\"text-editor.default\">\n\t\t\t\t\t\t\t\t\t<p>Die Behindertenrechtskonvention hat das Recht von Menschen mit Behinderung auf die gleichen Wahlm\u00f6glichkeiten, auf volle Einbeziehung in die Gesellschaft und Teilhabe an der Gemeinschaft festgeschrieben.<\/p><div class=\"row\"><div class=\"col-12 col-lg-9 unterseitenText\"><p>Dieses Ziel verfolgen wir im Zentrum f\u00fcr selbstbestimmtes Leben Behinderter (ZSL e.V.) seit unserer Vereinsgr\u00fcndung 1988, indem wir uns f\u00fcr Chancengleichheit, Selbstbestimmung und gesellschaftliche Teilhabe aller Menschen mit Behinderung einsetzen z.B. durch:<\/p><ul><li>kostenlose und vertrauliche Beratung<\/li><li>Beratung durch Berater, die selbst behindert sind (Peer Counselor)<\/li><li>Informationsveranstaltungen des ZSL zu Gesetzesvorhaben<\/li><li>Begegnungsveranstaltungen, um Kontakte au\u00dferhalb von Einrichtungen der Behindertenhilfe zu erm\u00f6glichen und zu pflegen<\/li><\/ul><p>Die einzelnen Projekte des ZSL werden vom Bezirk Mittelfranken, dem Land Bayern, dem Bundesministerium f\u00fcr Arbeit und Soziales und\u00a0 der Aktion Mensch gef\u00f6rdert, hat allerdings einen erheblichen Kostenanteil selbst aufzubringen.<\/p><p>Bitte unterst\u00fctzen Sie unsere Arbeit durch Ihre Spende:<\/p><\/div><\/div>\t\t\t\t\t\t\t\t<\/div>\n\t\t<div class=\"elementor-element elementor-element-2585dfe e-con-full e-flex e-con e-child\" data-id=\"2585dfe\" data-element_type=\"container\">\n\t\t<div class=\"elementor-element elementor-element-5e42b4c e-con-full e-flex e-con e-child\" data-id=\"5e42b4c\" data-element_type=\"container\" data-settings=\"{&quot;background_background&quot;:&quot;classic&quot;}\">\n\t\t\t\t<div class=\"elementor-element elementor-element-5e931d4 elementor-widget elementor-widget-text-editor\" data-id=\"5e931d4\" data-element_type=\"widget\" data-widget_type=\"text-editor.default\">\n\t\t\t\t\t\t\t\t\t<p>Empf\u00e4nger: ZSL e.V. &#8211; Erlangen<br \/>IBAN: DE64 7635 0000 1061 0249 07<br \/>Spenden-Stichwort: F\u00f6rderspende<br \/>BIC\/SWIFT: BYLADEM1ERH<br \/>Sparkasse Erlangen<\/p>\t\t\t\t\t\t\t\t<\/div>\n\t\t\t\t<\/div>\n\t\t<div class=\"elementor-element elementor-element-b569c4b e-con-full e-flex e-con e-child\" data-id=\"b569c4b\" data-element_type=\"container\">\n\t\t\t\t<\/div>\n\t\t\t\t<\/div>\n\t\t\t\t<div class=\"elementor-element elementor-element-5fd56ca elementor-widget elementor-widget-text-editor\" data-id=\"5fd56ca\" data-element_type=\"widget\" data-widget_type=\"text-editor.default\">\n\t\t\t\t\t\t\t\t\t<p>Hinweis: Wir sind Geldauflagen berechtigt.<\/p>\t\t\t\t\t\t\t\t<\/div>\n\t\t\t\t<\/div>\n\t\t\t\t<\/div>\n\t\t\t\t\t<\/div>\n\t\t\t\t<\/div>\n\t\t\t\t<\/div>\n\t\t\t\t<\/div>","protected":false},"excerpt":{"rendered":"<p>Unterst\u00fctzen Sie unsere T\u00e4tigkeit durch eine Spende! Die Behindertenrechtskonvention hat das Recht von Menschen mit Behinderung auf die gleichen Wahlm\u00f6glichkeiten, auf volle Einbeziehung in die Gesellschaft und Teilhabe an der Gemeinschaft festgeschrieben. Dieses Ziel verfolgen wir im Zentrum f\u00fcr selbstbestimmtes Leben Behinderter (ZSL e.V.) seit unserer Vereinsgr\u00fcndung 1988, indem wir uns f\u00fcr Chancengleichheit, Selbstbestimmung und [&hellip;]<\/p>","protected":false},"author":1,"featured_media":0,"parent":0,"menu_order":0,"comment_status":"closed","ping_status":"closed","template":"","meta":{"footnotes":""},"class_list":["post-1771","page","type-page","status-publish","hentry"],"_hostinger_reach_plugin_has_subscription_block":false,"_hostinger_reach_plugin_is_elementor":false,"_links":{"self":[{"href":"https:\/\/zsl.webwolfdesign.eu\/fr\/wp-json\/wp\/v2\/pages\/1771","targetHints":{"allow":["GET"]}}],"collection":[{"href":"https:\/\/zsl.webwolfdesign.eu\/fr\/wp-json\/wp\/v2\/pages"}],"about":[{"href":"https:\/\/zsl.webwolfdesign.eu\/fr\/wp-json\/wp\/v2\/types\/page"}],"author":[{"embeddable":true,"href":"https:\/\/zsl.webwolfdesign.eu\/fr\/wp-json\/wp\/v2\/users\/1"}],"replies":[{"embeddable":true,"href":"https:\/\/zsl.webwolfdesign.eu\/fr\/wp-json\/wp\/v2\/comments?post=1771"}],"version-history":[{"count":10,"href":"https:\/\/zsl.webwolfdesign.eu\/fr\/wp-json\/wp\/v2\/pages\/1771\/revisions"}],"predecessor-version":[{"id":1784,"href":"https:\/\/zsl.webwolfdesign.eu\/fr\/wp-json\/wp\/v2\/pages\/1771\/revisions\/1784"}],"wp:attachment":[{"href":"https:\/\/zsl.webwolfdesign.eu\/fr\/wp-json\/wp\/v2\/media?parent=1771"}],"curies":[{"name":"wp","href":"https:\/\/api.w.org\/{rel}","templated":true}]}}