{"id":2124,"date":"2025-12-23T11:04:58","date_gmt":"2025-12-23T11:04:58","guid":{"rendered":"https:\/\/zsl.webwolfdesign.eu\/?page_id=2124"},"modified":"2026-01-23T11:13:34","modified_gmt":"2026-01-23T11:13:34","slug":"newsletter","status":"publish","type":"page","link":"https:\/\/zsl.webwolfdesign.eu\/fr\/newsletter\/","title":{"rendered":"Newsletter"},"content":{"rendered":"<div data-elementor-type=\"wp-page\" data-elementor-id=\"2124\" class=\"elementor elementor-2124\" data-elementor-post-type=\"page\">\n\t\t\t\t<div class=\"elementor-element elementor-element-e776d2c e-con-full e-flex e-con e-parent\" data-id=\"e776d2c\" data-element_type=\"container\" data-settings=\"{&quot;background_background&quot;:&quot;classic&quot;}\">\n\t\t<div class=\"elementor-element elementor-element-7ec7c85 e-flex e-con-boxed e-con e-child\" data-id=\"7ec7c85\" data-element_type=\"container\" data-settings=\"{&quot;background_background&quot;:&quot;classic&quot;}\">\n\t\t\t\t\t<div class=\"e-con-inner\">\n\t\t<div class=\"elementor-element elementor-element-dc65027 e-con-full e-flex e-con e-child\" data-id=\"dc65027\" data-element_type=\"container\" data-settings=\"{&quot;background_background&quot;:&quot;classic&quot;}\">\n\t\t\t\t<div class=\"elementor-element elementor-element-a327739 elementor-widget__width-initial elementor-widget elementor-widget-heading\" data-id=\"a327739\" data-element_type=\"widget\" data-widget_type=\"heading.default\">\n\t\t\t\t\t<h1 class=\"elementor-heading-title elementor-size-default\">Inscription \u00e0 la newsletter<\/h1>\t\t\t\t<\/div>\n\t\t\t\t<div class=\"elementor-element elementor-element-9a895db elementor-widget elementor-widget-heading\" data-id=\"9a895db\" data-element_type=\"widget\" data-widget_type=\"heading.default\">\n\t\t\t\t\t<h2 class=\"elementor-heading-title elementor-size-default\">Inscrivez-vous \u00e0 la newsletter du ZSL Erlangen et recevez des nouvelles, des rendez-vous et des informations sur l'autod\u00e9termination et la participation. Il suffit de saisir votre adresse e-mail et de l'envoyer. Si vous souhaitez vous d\u00e9sinscrire, cochez la case Se d\u00e9sinscrire.<\/h2>\t\t\t\t<\/div>\n\t\t\t\t<div class=\"elementor-element elementor-element-ed75bad elementor-widget__width-inherit elementor-widget elementor-widget-html\" data-id=\"ed75bad\" data-element_type=\"widget\" data-widget_type=\"html.default\">\n\t\t\t\t\t<script>\nfunction loadjQuery(e,t){var n=document.createElement(\"script\");n.setAttribute(\"src\",e);n.onload=t;n.onreadystatechange=function(){if(this.readyState==\"complete\"||this.readyState==\"loaded\")t()};document.getElementsByTagName(\"head\")[0].appendChild(n)}function main(){\nvar $cr=jQuery.noConflict();var old_src;$cr(document).ready(function(){$cr(\".cr_form\").submit(function(){$cr(this).find('.clever_form_error').removeClass('clever_form_error');$cr(this).find('.clever_form_note').remove();$cr(this).find(\".musthave\").find('input, textarea').each(function(){if(jQuery.trim($cr(this).val())==\"\"||($cr(this).is(':checkbox'))||($cr(this).is(':radio'))){if($cr(this).is(':checkbox')||($cr(this).is(':radio'))){if(!$cr(this).parents(\".cr_ipe_item\").find(\":checked\").is(\":checked\")){$cr(this).parents(\".cr_ipe_item\").addClass('clever_form_error')}}else{$cr(this).addClass('clever_form_error')}}});if($cr(this).attr(\"action\").search(document.domain)>0&&$cr(\".cr_form\").attr(\"action\").search(\"wcs\")>0){var cr_email=$cr(this).find('input[name=email]');var unsub=false;if($cr(\"input['name=cr_subunsubscribe'][value='false']\").length){if($cr(\"input['name=cr_subunsubscribe'][value='false']\").is(\":checked\")){unsub=true}}if(cr_email.val()&&!unsub){$cr.ajax({type:\"GET\",url:$cr(\".cr_form\").attr(\"action\").replace(\"wcs\",\"check_email\")+window.btoa($cr(this).find('input[name=email]').val()),success:function(data){if(data){cr_email.addClass('clever_form_error').before(\"<div class='clever_form_note cr_font'>\"+data+\"<\/div>\");return false}},async:false})}var cr_captcha=$cr(this).find('input[name=captcha]');if(cr_captcha.val()){$cr.ajax({type:\"GET\",url:$cr(\".cr_form\").attr(\"action\").replace(\"wcs\",\"check_captcha\")+$cr(this).find('input[name=captcha]').val(),success:function(data){if(data){cr_captcha.addClass('clever_form_error').after(\"<div style='display:block' class='clever_form_note cr_font'>\"+data+\"<\/div>\");return false}},async:false})}}if($cr(this).find('.clever_form_error').length){return false}return true});$cr('input[class*=\"cr_number\"]').change(function(){if(isNaN($cr(this).val())){$cr(this).val(1)}if($cr(this).attr(\"min\")){if(($cr(this).val()*1)<($cr(this).attr(\"min\")*1)){$cr(this).val($cr(this).attr(\"min\"))}}if($cr(this).attr(\"max\")){if(($cr(this).val()*1)>($cr(this).attr(\"max\")*1)){$cr(this).val($cr(this).attr(\"max\"))}}});old_src=$cr(\"div[rel='captcha'] img:not(.captcha2_reload)\").attr(\"src\");if($cr(\"div[rel='captcha'] img:not(.captcha2_reload)\").length!=0){captcha_reload()}});function captcha_reload(){var timestamp=new Date().getTime();$cr(\"div[rel='captcha'] img:not(.captcha2_reload)\").attr(\"src\",\"\");$cr(\"div[rel='captcha'] img:not(.captcha2_reload)\").attr(\"src\",old_src+\"?t=\"+timestamp);return false}\n\n}\nif(typeof jQuery===\"undefined\"){loadjQuery(\"\/\/ajax.googleapis.com\/ajax\/libs\/jquery\/1.4.4\/jquery.min.js\",main)}else{main()}\n\n<\/script>\n\n\n<style>\n* {box-sizing: border-box;}\n.cr-mail-responsive, .cr-mail-responsive * {box-sizing: unset;}\n.cr_site{margin:0;padding:75px 0 0 0;text-align:center;background-color:#eeeeee;}\n.cr_font{font-size: 14px;font-family: Arial;}\n.cr_page{width: 100% !important;max-width:640px}\n.cr_body{box-shadow: 0px 0px 14px 0px rgba(51,51,51,0.4);border-radius:8px;line-height:150%;font-family:Helvetica;font-size:12px;color:#333333;}\n.cr_body h2, .cr_header h2{font-size:22px;line-height:28px;margin:0 0 10px 0;}\n.cr_body h1, .cr_header h2{font-size:28px;margin-bottom:15px;padding:0;margin-top:0;}\n.wrapper, .cr_page{padding: 20px; margin:0 auto 10px auto;text-align:left;}\n.cr_header{text-align:center;background: transparent !Important;}\n.cr_header img {max-width: 100%;}\n.cr_body label, .cr_body .label{float:none;clear:both;display:inline-block;width:auto;margin-top:8px;text-align:left;font-weight:bold;position:relative;}\n.cr_body .no-label{font-weight: normal;}\n.cr_body #editable_content{padding:20px;}\n.editable-content {padding:20px}\n.cr_button{display:inline-block;font-family:'Helvetica', Arial, sans-serif;width:auto;white-space:nowrap;height:32px;margin:5px 0;padding:0 22px;text-decoration:none;text-align:center;font-weight:bold;font-style:normal;font-size:15px;line-height:32px;cursor:pointer;border:0;-moz-border-radius:4px;border-radius:4px;-webkit-border-radius:4px;vertical-align:top;}\n.cr_button{background-color:#b80e0e;color:#ffffff;}\n.cr_button:hover,.cr_button-small:hover{background-color: #000000;}\n.powered{padding:20px 0;width:560px;margin:0 auto;}\n.cr_ipe_item label{line-height:150%;font-size:16px;}\n.cr_ipe_item textarea{background: none repeat scroll 0 0 #ffffff;border-radius:3px;border: 1px solid #ccc;font-family: Helvetica;font-size: 16px;}\n.cr_ipe_item input{background: none repeat scroll 0 0 #ffffff;border-radius:3px;border: 1px solid #ccc;padding: 12px;font-family: Helvetica;font-size: 16px;}\n.cr_ipe_item select{background: none repeat scroll 0 0 #ffffff;border-radius:3px;border: 1px solid #ccc;padding: 12px !Important;display: block;margin: 0;padding: 5px;width: 100%;font-family: Helvetica;font-size: 16px;}\n.cr_ipe_item input.cr_ipe_radio, input.cr_ipe_checkbox{-moz-binding: none;-moz-box-sizing: border-box;background-color: -moz-field !important;border: 2px inset ThreeDFace !important;color: -moz-fieldtext !important;cursor: default;height: 13px;padding: 0 !important;width: 13px;}\n.cr_ipe_item input.cr_ipe_radio{-moz-appearance: radio;border-radius: 100% 100% 100% 100% !important;margin: 3px 3px 0 5px;}\n.cr_ipe_item{margin: 0px 10px; padding: 0px 10px;}\n.submit_container{text-align:center}\n.cr_ipe_item.inactive{display:none;}\n.imprint{font-size:0.8em;}\n.cr_captcha{padding-left:130px;}\n.cr_error{font-size:1.1em;padding:10px;}\n.clever_form_error{background-color:#f99; color:#000; border:1px solid #f22 !important}\n.clever_form_note {margin:26px 0 0 3px;position:absolute;display:inline; padding: 2px 4px; font-weight:bold;background-color:#f2ecb5; color:#000; font-size:12px !important;  }\n.cr_form-flex{display: flex;}\n.cr_form-flex>.cr_form-inputgroup{flex-grow:1;margin-right: 5px;}\n.cr_form-flex>.cr_form-inputgroup:last-child{margin-right: 0px;}\n.cr_form-flex input{width:100%;}\n\n.cr_site {background-color:#eee;}\n.cr_header {color:#000000;}\n.cr_body {background-color:#ffffff;font-size:12px;color:#000000;}\n.cr_hr {background-color:#ccc;}\n.cr_site a {color:#0084ff;}\n.imprint{color:#000;}\n\n\n<\/style>\n\n\n<style id=\"style\">\n.cr_site {background-color:#eee;}\n.cr_header {color:#000000;}\n.cr_body {background-color:#ffffff;font-size:16px;color:#000000;}\n.cr_hr {background-color:#ccc;}\n.cr_site a {color:#0084ff;}\n.imprint {color:#000;}\n.cr_page {width:;max-width:640px;}\n.cr_button {background-color:#b80e0e;}\n\n<\/style>\n\n\n\n<form class=\"layout_form cr_form cr_font\" action=\"https:\/\/seu2.cleverreach.com\/f\/102558-184721\/wcs\/\" method=\"post\" target=\"_blank\">\n\t<div class=\"cr_body cr_page cr_font formbox\">\n\t\t<div class=\"non_sortable\" style=\"text-align:left;\">\n\t\t\t\n\t\t<\/div>\n\t\t\n\t\t<div class=\"editable_content\" style=\"text-align:left;\">\n\t\t<div id=\"3909632\" rel=\"email\" class=\"cr_form-component cr_form-component--email cr_ipe_item ui-sortable musthave\" style=\"margin-bottom:px;\">\n    <div class=\"cr_form-inputgroup cr_form-inputgroup--typeemail\">\n        <label for=\"text3909632\">E-mail*<\/label>\n        <input class=\"cr_form-input\" type=\"email\" id=\"text3909632\" name=\"email\" value=\"\" placeholder=\"name@example.com\" style=\"width:100%;\">\n    <\/div>\n<\/div><div id=\"3909743\" rel=\"subunsub\" class=\"cr_ipe_item ui-sortable cr_noedit\" style=\"margin-bottom:15px;\">\n<label class=\"itemname\"><\/label>\n<div style=\"overflow:auto;\">\n<input id=\"3909743\" name=\"cr_subunsubscribe\" type=\"radio\" value=\"true\" checked \/>S'inscrire\n<input id=\"3909743\" name=\"cr_subunsubscribe\" type=\"radio\" value=\"false\" \/>Se d\u00e9sinscrire\n<\/div>\n<\/div><div id=\"3921971\" rel=\"checkbox\" class=\"cr_form-component cr_form-component--group cr_form-component--checkbox cr_ipe_item ui-sortable musthave\" style=\" margin-bottom:0px;\">\n    <span class=\"label cr_form-component--header\">J'accepte la d\u00e9claration de confidentialit\u00e9*.<\/span>\n\n    <div class=\"cr_form-component--group\">\n    \n        <!-- FIXME: Nebeneinander, nicht untereinander -->\n        <span class=\"cr_form-inputgroup cr_form-inputgroup--typecheckbox\">\n            <input id=\"13921971\" class=\"cr_form-checkbox cr_ipe_checkbox\" type=\"checkbox\" name=\"1201143[]\" value=\"1\" >\n            <label class=\"no-label\" for=\"13921971\"><\/label>\n        <\/span>&nbsp;\n    \n    <\/div>\n<\/div>\n<div id=\"3909634\" rel=\"button\" class=\"cr_form-component cr_form-component--submit cr_ipe_item ui-sortable  submit_container\">\n    <button type=\"submit\" class=\"cr_form-block cr_button\">Envoyer<\/button>\n<\/div>\n\n        <\/div>\n        \n\t<noscript><a href=\"http:\/\/www.cleverreach.de\">www.CleverReach.de<\/a><\/noscript>\n    <\/div>\n\n    \n<\/form>\t\t\t\t<\/div>\n\t\t\t\t<\/div>\n\t\t\t\t\t<\/div>\n\t\t\t\t<\/div>\n\t\t\t\t<\/div>\n\t\t\t\t<\/div>","protected":false},"excerpt":{"rendered":"<p>Anmeldung zur Newsletter Melden Sie sich f\u00fcr den Newsletter des ZSL Erlangen an und erhalten Sie Neuigkeiten, Termine und Informationen rund um Selbstbestimmung und Teilhabe. Einfach Ihre Email-Adresse eintragen und absenden. Falls Sie sich wieder abmelden m\u00f6chten, markieren Sie die Checkbox Abmelden. E-Mail* Anmelden Abmelden Ich stimme der Datenschutzerkl\u00e4rung zu* &nbsp; Absenden www.CleverReach.de<\/p>","protected":false},"author":1,"featured_media":0,"parent":0,"menu_order":0,"comment_status":"closed","ping_status":"closed","template":"","meta":{"footnotes":""},"class_list":["post-2124","page","type-page","status-publish","hentry"],"_hostinger_reach_plugin_has_subscription_block":false,"_hostinger_reach_plugin_is_elementor":false,"_links":{"self":[{"href":"https:\/\/zsl.webwolfdesign.eu\/fr\/wp-json\/wp\/v2\/pages\/2124","targetHints":{"allow":["GET"]}}],"collection":[{"href":"https:\/\/zsl.webwolfdesign.eu\/fr\/wp-json\/wp\/v2\/pages"}],"about":[{"href":"https:\/\/zsl.webwolfdesign.eu\/fr\/wp-json\/wp\/v2\/types\/page"}],"author":[{"embeddable":true,"href":"https:\/\/zsl.webwolfdesign.eu\/fr\/wp-json\/wp\/v2\/users\/1"}],"replies":[{"embeddable":true,"href":"https:\/\/zsl.webwolfdesign.eu\/fr\/wp-json\/wp\/v2\/comments?post=2124"}],"version-history":[{"count":40,"href":"https:\/\/zsl.webwolfdesign.eu\/fr\/wp-json\/wp\/v2\/pages\/2124\/revisions"}],"predecessor-version":[{"id":2542,"href":"https:\/\/zsl.webwolfdesign.eu\/fr\/wp-json\/wp\/v2\/pages\/2124\/revisions\/2542"}],"wp:attachment":[{"href":"https:\/\/zsl.webwolfdesign.eu\/fr\/wp-json\/wp\/v2\/media?parent=2124"}],"curies":[{"name":"wp","href":"https:\/\/api.w.org\/{rel}","templated":true}]}}