{"id":2234,"date":"2026-01-10T13:39:52","date_gmt":"2026-01-10T13:39:52","guid":{"rendered":"https:\/\/zsl.webwolfdesign.eu\/?page_id=2234"},"modified":"2026-03-16T09:06:23","modified_gmt":"2026-03-16T09:06:23","slug":"mitglied-werden-leichte-sprache","status":"publish","type":"page","link":"https:\/\/zsl.webwolfdesign.eu\/fr\/mitglied-werden-leichte-sprache\/","title":{"rendered":"Mitglied werden-leichte-sprache"},"content":{"rendered":"<div data-elementor-type=\"wp-page\" data-elementor-id=\"2234\" class=\"elementor elementor-2234\" data-elementor-post-type=\"page\">\n\t\t\t\t<div class=\"elementor-element elementor-element-3cf2b8b e-con-full e-flex e-con e-child\" data-id=\"3cf2b8b\" data-element_type=\"container\" data-settings=\"{&quot;background_background&quot;:&quot;classic&quot;}\">\n\t\t\t\t<div class=\"elementor-element elementor-element-ac89b4b elementor-widget elementor-widget-heading\" data-id=\"ac89b4b\" data-element_type=\"widget\" data-widget_type=\"heading.default\">\n\t\t\t\t\t<h2 class=\"elementor-heading-title elementor-size-default\">Seite in einfacher Sprache<\/h2>\t\t\t\t<\/div>\n\t\t<div class=\"elementor-element elementor-element-ddbc0f7 e-flex e-con-boxed e-con e-child\" data-id=\"ddbc0f7\" data-element_type=\"container\" data-settings=\"{&quot;background_background&quot;:&quot;classic&quot;}\">\n\t\t\t\t\t<div class=\"e-con-inner\">\n\t\t<div class=\"elementor-element elementor-element-d6600c6 e-con-full e-flex e-con e-child\" data-id=\"d6600c6\" data-element_type=\"container\" data-settings=\"{&quot;background_background&quot;:&quot;classic&quot;}\">\n\t\t\t\t<div class=\"elementor-element elementor-element-a8286f4 elementor-widget__width-initial elementor-widget elementor-widget-heading\" data-id=\"a8286f4\" data-element_type=\"widget\" data-widget_type=\"heading.default\">\n\t\t\t\t\t<h2 class=\"elementor-heading-title elementor-size-default\">Devenir membre<\/h2>\t\t\t\t<\/div>\n\t\t\t\t<\/div>\n\t\t<div class=\"elementor-element elementor-element-310f3a9 e-con-full e-flex e-con e-child\" data-id=\"310f3a9\" data-element_type=\"container\" data-settings=\"{&quot;background_background&quot;:&quot;classic&quot;}\">\n\t\t<div class=\"elementor-element elementor-element-df52208 e-con-full e-flex e-con e-child\" data-id=\"df52208\" data-element_type=\"container\">\n\t\t\t\t<div class=\"elementor-element elementor-element-ba68b4a elementor-widget elementor-widget-text-editor\" data-id=\"ba68b4a\" data-element_type=\"widget\" data-widget_type=\"text-editor.default\">\n\t\t\t\t\t\t\t\t\t<p data-start=\"0\" data-end=\"319\">Werden Sie Mitglied im <strong data-start=\"23\" data-end=\"89\">Zentrum f\u00fcr Selbstbestimmtes Leben Behinderter e.V. (ZSL e.V.)<\/strong>.<br data-start=\"90\" data-end=\"93\" \/>Der Verein gibt es seit <strong data-start=\"117\" data-end=\"125\">1988<\/strong>.<br data-start=\"126\" data-end=\"129\" \/>Notre devise est <strong data-start=\"146\" data-end=\"177\">\u201eRien sur nous sans nous !\u201c<\/strong><br data-start=\"177\" data-end=\"180\" \/>Das hei\u00dft: Menschen mit Behinderung sollen <strong data-start=\"223\" data-end=\"246\">selbst mitbestimmen<\/strong>.<br data-start=\"247\" data-end=\"250\" \/>Alle Menschen sollen <strong data-start=\"271\" data-end=\"286\">en font partie<\/strong> et <strong data-start=\"291\" data-end=\"318\">gleich behandelt werden<\/strong>.<\/p><p data-start=\"321\" data-end=\"595\">Mit Ihrer Mitgliedschaft helfen Sie unserer Arbeit.<br data-start=\"372\" data-end=\"375\" \/>Wir bieten <strong data-start=\"386\" data-end=\"398\">Conseil<\/strong> (OBA und EUTB).<br data-start=\"414\" data-end=\"417\" \/>Wir haben Angebote von der <strong data-start=\"444\" data-end=\"469\">AssistanceOrganisation<\/strong> dans <strong data-start=\"473\" data-end=\"485\">Erlangen<\/strong>.<br data-start=\"486\" data-end=\"489\" \/>Wir machen <strong data-start=\"500\" data-end=\"525\">Projekte und Aktionen<\/strong> f\u00fcr <strong data-start=\"530\" data-end=\"550\">Accessibilit\u00e9<\/strong> und damit mehr Menschen <strong data-start=\"575\" data-end=\"594\">Bescheid wissen<\/strong>.<\/p><h4 data-start=\"597\" data-end=\"615\">Adh\u00e9sion<\/h4><ul data-start=\"616\" data-end=\"923\"><li data-start=\"616\" data-end=\"788\"><p data-start=\"618\" data-end=\"788\"><strong data-start=\"618\" data-end=\"646\">Mitglied mit Stimmrecht:<\/strong><br data-start=\"646\" data-end=\"649\" \/>F\u00fcr Menschen mit Behinderung oder chronischer Krankheit <strong data-start=\"707\" data-end=\"723\">ab 16 Jahren<\/strong>.<br data-start=\"724\" data-end=\"727\" \/>Sie d\u00fcrfen in der <strong data-start=\"747\" data-end=\"772\">Assembl\u00e9e g\u00e9n\u00e9rale<\/strong> mitentscheiden.<\/p><\/li><li data-start=\"789\" data-end=\"923\"><p data-start=\"791\" data-end=\"923\"><strong data-start=\"791\" data-end=\"810\">F\u00f6rdermitglied:<\/strong><br data-start=\"810\" data-end=\"813\" \/>Ils soutiennent l'association.<br data-start=\"843\" data-end=\"846\" \/>Sie d\u00fcrfen mitreden und Antr\u00e4ge stellen.<br data-start=\"888\" data-end=\"891\" \/>Sie haben <strong data-start=\"903\" data-end=\"922\" data-is-only-node=\"\">kein Stimmrecht<\/strong>.<\/p><\/li><\/ul><h4 data-start=\"925\" data-end=\"936\">Beitrag<\/h4><p data-start=\"937\" data-end=\"1136\" data-is-last-node=\"\" data-is-only-node=\"\">Der Mitgliedsbeitrag ist <strong data-start=\"962\" data-end=\"994\">30 Euro im Jahr (Stand 2025)<\/strong>.<br data-start=\"995\" data-end=\"998\" \/>Sie zahlen bis <strong data-start=\"1013\" data-end=\"1025\">30. Juni<\/strong>.<br data-start=\"1026\" data-end=\"1029\" \/>In besonderen F\u00e4llen kann der Beitrag <strong data-start=\"1067\" data-end=\"1078\">weniger<\/strong> sein, <strong data-start=\"1085\" data-end=\"1095\">sp\u00e4ter<\/strong> gezahlt werden oder <strong data-start=\"1116\" data-end=\"1128\">erlassen<\/strong> \u00eatre.<\/p>\t\t\t\t\t\t\t\t<\/div>\n\t\t<div class=\"elementor-element elementor-element-b99bb5b e-con-full e-transform e-flex e-con e-child\" data-id=\"b99bb5b\" data-element_type=\"container\" data-settings=\"{&quot;background_background&quot;:&quot;classic&quot;,&quot;_transform_flipX_effect&quot;:&quot;transform&quot;}\">\n\t\t<div class=\"elementor-element elementor-element-a4500d4 e-con-full elementor-hidden-mobile e-flex e-con e-child\" data-id=\"a4500d4\" data-element_type=\"container\">\n\t\t\t\t<\/div>\n\t\t<div class=\"elementor-element elementor-element-deffe78 e-con-full e-transform e-flex e-con e-child\" data-id=\"deffe78\" data-element_type=\"container\" data-settings=\"{&quot;background_background&quot;:&quot;classic&quot;,&quot;_transform_flipX_effect&quot;:&quot;transform&quot;}\">\n\t\t\t\t<div class=\"elementor-element elementor-element-e3b3dd3 elementor-widget elementor-widget-heading\" data-id=\"e3b3dd3\" data-element_type=\"widget\" data-widget_type=\"heading.default\">\n\t\t\t\t\t<h2 class=\"elementor-heading-title elementor-size-default\">Participez - et aidez \u00e0 faire avancer concr\u00e8tement l'autod\u00e9termination et l'inclusion !<\/h2>\t\t\t\t<\/div>\n\t\t\t\t<div class=\"elementor-element elementor-element-3d028e0 elementor-widget elementor-widget-button\" data-id=\"3d028e0\" data-element_type=\"widget\" data-widget_type=\"button.default\">\n\t\t\t\t\t\t\t\t\t\t<a class=\"elementor-button elementor-button-link elementor-size-sm\" href=\"https:\/\/zsl.webwolfdesign.eu\/wp-content\/uploads\/2026\/01\/Antrag-auf-Mitgliedschaft.pdf\">\n\t\t\t\t\t\t<span class=\"elementor-button-content-wrapper\">\n\t\t\t\t\t\t\t\t\t<span class=\"elementor-button-text\">Mitgliedschaftsantrag herunterladen<\/span>\n\t\t\t\t\t<\/span>\n\t\t\t\t\t<\/a>\n\t\t\t\t\t\t\t\t<\/div>\n\t\t\t\t<\/div>\n\t\t\t\t<\/div>\n\t\t\t\t<\/div>\n\t\t\t\t<\/div>\n\t\t\t\t\t<\/div>\n\t\t\t\t<\/div>\n\t\t\t\t<\/div>\n\t\t\t\t<\/div>","protected":false},"excerpt":{"rendered":"<p>Seite in einfacher Sprache Mitglied werden Werden Sie Mitglied im Zentrum f\u00fcr Selbstbestimmtes Leben Behinderter e.V. (ZSL e.V.).Der Verein gibt es seit 1988.Unser Motto ist: \u201eNichts \u00fcber uns ohne uns!\u201cDas hei\u00dft: Menschen mit Behinderung sollen selbst mitbestimmen.Alle Menschen sollen dazugeh\u00f6ren und gleich behandelt werden. Mit Ihrer Mitgliedschaft helfen Sie unserer Arbeit.Wir bieten Beratung (OBA und [&hellip;]<\/p>","protected":false},"author":1,"featured_media":0,"parent":0,"menu_order":0,"comment_status":"closed","ping_status":"closed","template":"","meta":{"footnotes":""},"class_list":["post-2234","page","type-page","status-publish","hentry"],"_hostinger_reach_plugin_has_subscription_block":false,"_hostinger_reach_plugin_is_elementor":false,"_links":{"self":[{"href":"https:\/\/zsl.webwolfdesign.eu\/fr\/wp-json\/wp\/v2\/pages\/2234","targetHints":{"allow":["GET"]}}],"collection":[{"href":"https:\/\/zsl.webwolfdesign.eu\/fr\/wp-json\/wp\/v2\/pages"}],"about":[{"href":"https:\/\/zsl.webwolfdesign.eu\/fr\/wp-json\/wp\/v2\/types\/page"}],"author":[{"embeddable":true,"href":"https:\/\/zsl.webwolfdesign.eu\/fr\/wp-json\/wp\/v2\/users\/1"}],"replies":[{"embeddable":true,"href":"https:\/\/zsl.webwolfdesign.eu\/fr\/wp-json\/wp\/v2\/comments?post=2234"}],"version-history":[{"count":13,"href":"https:\/\/zsl.webwolfdesign.eu\/fr\/wp-json\/wp\/v2\/pages\/2234\/revisions"}],"predecessor-version":[{"id":3549,"href":"https:\/\/zsl.webwolfdesign.eu\/fr\/wp-json\/wp\/v2\/pages\/2234\/revisions\/3549"}],"wp:attachment":[{"href":"https:\/\/zsl.webwolfdesign.eu\/fr\/wp-json\/wp\/v2\/media?parent=2234"}],"curies":[{"name":"wp","href":"https:\/\/api.w.org\/{rel}","templated":true}]}}