{"id":2404,"date":"2026-01-14T14:38:53","date_gmt":"2026-01-14T14:38:53","guid":{"rendered":"https:\/\/zsl.webwolfdesign.eu\/?page_id=2404"},"modified":"2026-04-16T12:17:18","modified_gmt":"2026-04-16T12:17:18","slug":"projekte","status":"publish","type":"page","link":"https:\/\/zsl.webwolfdesign.eu\/fr\/projekte\/","title":{"rendered":"Projets"},"content":{"rendered":"<div data-elementor-type=\"wp-page\" data-elementor-id=\"2404\" class=\"elementor elementor-2404\" data-elementor-post-type=\"page\">\n\t\t\t\t<div class=\"elementor-element elementor-element-56598f9 e-con-full e-flex e-con e-parent\" data-id=\"56598f9\" data-element_type=\"container\" data-settings=\"{&quot;background_background&quot;:&quot;classic&quot;}\">\n\t\t<div class=\"elementor-element elementor-element-99f6c8e e-flex e-con-boxed e-con e-child\" data-id=\"99f6c8e\" data-element_type=\"container\" data-settings=\"{&quot;background_background&quot;:&quot;classic&quot;}\">\n\t\t\t\t\t<div class=\"e-con-inner\">\n\t\t\t\t<div class=\"elementor-element elementor-element-f7bb434 elementor-widget elementor-widget-heading\" data-id=\"f7bb434\" data-element_type=\"widget\" data-widget_type=\"heading.default\">\n\t\t\t\t\t<h1 class=\"elementor-heading-title elementor-size-default\">Projets termin\u00e9s<\/h1>\t\t\t\t<\/div>\n\t\t<div class=\"elementor-element elementor-element-be7cb1c e-con-full e-flex e-con e-child\" data-id=\"be7cb1c\" data-element_type=\"container\">\n\t\t<div class=\"elementor-element elementor-element-b79bc7e e-con-full e-flex e-con e-child\" data-id=\"b79bc7e\" data-element_type=\"container\">\n\t\t\t\t<div class=\"elementor-element elementor-element-ce18bb7 elementor-widget elementor-widget-image\" data-id=\"ce18bb7\" data-element_type=\"widget\" data-widget_type=\"image.default\">\n\t\t\t\t\t\t\t\t\t\t\t\t\t\t\t<img fetchpriority=\"high\" decoding=\"async\" width=\"800\" height=\"336\" src=\"https:\/\/zsl.webwolfdesign.eu\/wp-content\/uploads\/2026\/01\/Komune-Inklusiv-1024x430.jpg\" class=\"attachment-large size-large wp-image-2549\" alt=\"\" srcset=\"https:\/\/zsl.webwolfdesign.eu\/wp-content\/uploads\/2026\/01\/Komune-Inklusiv-1024x430.jpg 1024w, https:\/\/zsl.webwolfdesign.eu\/wp-content\/uploads\/2026\/01\/Komune-Inklusiv-300x126.jpg 300w, https:\/\/zsl.webwolfdesign.eu\/wp-content\/uploads\/2026\/01\/Komune-Inklusiv-768x323.jpg 768w, https:\/\/zsl.webwolfdesign.eu\/wp-content\/uploads\/2026\/01\/Komune-Inklusiv.jpg 1500w\" sizes=\"(max-width: 800px) 100vw, 800px\" \/>\t\t\t\t\t\t\t\t\t\t\t\t\t\t\t<\/div>\n\t\t\t\t<div class=\"elementor-element elementor-element-c095b1d elementor-widget elementor-widget-heading\" data-id=\"c095b1d\" data-element_type=\"widget\" data-widget_type=\"heading.default\">\n\t\t\t\t\t<h2 class=\"elementor-heading-title elementor-size-default\">Projet de 2018 \u00e0 2023<\/h2>\t\t\t\t<\/div>\n\t\t\t\t<div class=\"elementor-element elementor-element-044c541 elementor-widget elementor-widget-heading\" data-id=\"044c541\" data-element_type=\"widget\" data-widget_type=\"heading.default\">\n\t\t\t\t\t<h2 class=\"elementor-heading-title elementor-size-default\">Kommune Inklusiv <br> Erlangen\n\n\n<\/h2>\t\t\t\t<\/div>\n\t\t\t\t<div class=\"elementor-element elementor-element-63d4a96 elementor-widget elementor-widget-text-editor\" data-id=\"63d4a96\" data-element_type=\"widget\" data-widget_type=\"text-editor.default\">\n\t\t\t\t\t\t\t\t\t<p>Kommune Inklusiv hatte zum Ziel Erlangen zu einem Ort machen, an dem alle Menschen wertsch\u00e4tzend zusammenleben \u2013 ohne Ausgrenzung und Barrieren.<br \/>Ein Ort, an dem Verschiedenheit normal ist, Beziehungen wachsen und jede*r sich entfalten und f\u00fcr die Gemeinschaft einbringen kann.<\/p>\t\t\t\t\t\t\t\t<\/div>\n\t\t\t\t<div class=\"elementor-element elementor-element-c0ff48c elementor-align-center elementor-widget elementor-widget-button\" data-id=\"c0ff48c\" data-element_type=\"widget\" data-widget_type=\"button.default\">\n\t\t\t\t\t\t\t\t\t\t<a class=\"elementor-button elementor-button-link elementor-size-sm\" href=\"https:\/\/zsl.webwolfdesign.eu\/fr\/komune-inklusiv\/\" target=\"_blank\">\n\t\t\t\t\t\t<span class=\"elementor-button-content-wrapper\">\n\t\t\t\t\t\t\t\t\t<span class=\"elementor-button-text\">sur le projet<\/span>\n\t\t\t\t\t<\/span>\n\t\t\t\t\t<\/a>\n\t\t\t\t\t\t\t\t<\/div>\n\t\t\t\t<\/div>\n\t\t<div class=\"elementor-element elementor-element-2947f22 e-con-full e-flex e-con e-child\" data-id=\"2947f22\" data-element_type=\"container\">\n\t\t\t\t<div class=\"elementor-element elementor-element-cb8529c elementor-widget elementor-widget-image\" data-id=\"cb8529c\" data-element_type=\"widget\" data-widget_type=\"image.default\">\n\t\t\t\t\t\t\t\t\t\t\t\t\t\t\t<img decoding=\"async\" width=\"800\" height=\"336\" src=\"https:\/\/zsl.webwolfdesign.eu\/wp-content\/uploads\/2026\/01\/Pers.-Budget-1024x430.jpg\" class=\"attachment-large size-large wp-image-2746\" alt=\"\" srcset=\"https:\/\/zsl.webwolfdesign.eu\/wp-content\/uploads\/2026\/01\/Pers.-Budget-1024x430.jpg 1024w, https:\/\/zsl.webwolfdesign.eu\/wp-content\/uploads\/2026\/01\/Pers.-Budget-300x126.jpg 300w, https:\/\/zsl.webwolfdesign.eu\/wp-content\/uploads\/2026\/01\/Pers.-Budget-768x323.jpg 768w, https:\/\/zsl.webwolfdesign.eu\/wp-content\/uploads\/2026\/01\/Pers.-Budget.jpg 1500w\" sizes=\"(max-width: 800px) 100vw, 800px\" \/>\t\t\t\t\t\t\t\t\t\t\t\t\t\t\t<\/div>\n\t\t\t\t<div class=\"elementor-element elementor-element-05c420c elementor-widget elementor-widget-heading\" data-id=\"05c420c\" data-element_type=\"widget\" data-widget_type=\"heading.default\">\n\t\t\t\t\t<h2 class=\"elementor-heading-title elementor-size-default\">Projet de 2006 \u00e0 2010<\/h2>\t\t\t\t<\/div>\n\t\t\t\t<div class=\"elementor-element elementor-element-49692de elementor-widget elementor-widget-heading\" data-id=\"49692de\" data-element_type=\"widget\" data-widget_type=\"heading.default\">\n\t\t\t\t\t<h2 class=\"elementor-heading-title elementor-size-default\">Vivre de mani\u00e8re autonome avec un budget personnel<\/h2>\t\t\t\t<\/div>\n\t\t\t\t<div class=\"elementor-element elementor-element-a4994a5 elementor-widget elementor-widget-text-editor\" data-id=\"a4994a5\" data-element_type=\"widget\" data-widget_type=\"text-editor.default\">\n\t\t\t\t\t\t\t\t\t<p>Das Projekt baute eine regionale, unabh\u00e4ngige Beratung zum Pers\u00f6nlichen Budget auf, unterst\u00fctzte Klient*innen gegen\u00fcber Kostentr\u00e4gern und Diensten und sensibilisierte politische Entscheidungstr\u00e4ger.<br \/>Heute ist die Beratungsstelle eine etablierte Anlaufstelle f\u00fcr Menschen mit Behinderung, Angeh\u00f6rige, Kostentr\u00e4ger, Leistungserbringer und andere Beratungsstellen.<\/p>\t\t\t\t\t\t\t\t<\/div>\n\t\t\t\t<div class=\"elementor-element elementor-element-1009f82 elementor-align-center elementor-widget elementor-widget-button\" data-id=\"1009f82\" data-element_type=\"widget\" data-widget_type=\"button.default\">\n\t\t\t\t\t\t\t\t\t\t<a class=\"elementor-button elementor-button-link elementor-size-sm\" href=\"https:\/\/zsl.webwolfdesign.eu\/fr\/persoenliches-budget\/\" target=\"_blank\">\n\t\t\t\t\t\t<span class=\"elementor-button-content-wrapper\">\n\t\t\t\t\t\t\t\t\t<span class=\"elementor-button-text\">sur le projet<\/span>\n\t\t\t\t\t<\/span>\n\t\t\t\t\t<\/a>\n\t\t\t\t\t\t\t\t<\/div>\n\t\t\t\t<\/div>\n\t\t\t\t<\/div>\n\t\t<div class=\"elementor-element elementor-element-d68db99 e-con-full e-flex e-con e-child\" data-id=\"d68db99\" data-element_type=\"container\">\n\t\t<div class=\"elementor-element elementor-element-0bc3baa e-con-full e-flex e-con e-child\" data-id=\"0bc3baa\" data-element_type=\"container\">\n\t\t\t\t<div class=\"elementor-element elementor-element-6eef7b9 elementor-widget elementor-widget-image\" data-id=\"6eef7b9\" data-element_type=\"widget\" data-widget_type=\"image.default\">\n\t\t\t\t\t\t\t\t\t\t\t\t\t\t\t<img decoding=\"async\" width=\"800\" height=\"336\" src=\"https:\/\/zsl.webwolfdesign.eu\/wp-content\/uploads\/2026\/01\/froschatmung_2-1024x430.jpg\" class=\"attachment-large size-large wp-image-2792\" alt=\"\" srcset=\"https:\/\/zsl.webwolfdesign.eu\/wp-content\/uploads\/2026\/01\/froschatmung_2-1024x430.jpg 1024w, https:\/\/zsl.webwolfdesign.eu\/wp-content\/uploads\/2026\/01\/froschatmung_2-300x126.jpg 300w, https:\/\/zsl.webwolfdesign.eu\/wp-content\/uploads\/2026\/01\/froschatmung_2-768x323.jpg 768w, https:\/\/zsl.webwolfdesign.eu\/wp-content\/uploads\/2026\/01\/froschatmung_2.jpg 1500w\" sizes=\"(max-width: 800px) 100vw, 800px\" \/>\t\t\t\t\t\t\t\t\t\t\t\t\t\t\t<\/div>\n\t\t\t\t<div class=\"elementor-element elementor-element-99c3cd8 elementor-widget elementor-widget-heading\" data-id=\"99c3cd8\" data-element_type=\"widget\" data-widget_type=\"heading.default\">\n\t\t\t\t\t<h2 class=\"elementor-heading-title elementor-size-default\">Projet de 2011-2013<\/h2>\t\t\t\t<\/div>\n\t\t\t\t<div class=\"elementor-element elementor-element-72f7f08 elementor-widget elementor-widget-heading\" data-id=\"72f7f08\" data-element_type=\"widget\" data-widget_type=\"heading.default\">\n\t\t\t\t\t<h2 class=\"elementor-heading-title elementor-size-default\">Respiration de la grenouille - <br>\nFormation et conseil<\/h2>\t\t\t\t<\/div>\n\t\t\t\t<div class=\"elementor-element elementor-element-5d68b72 elementor-widget elementor-widget-text-editor\" data-id=\"5d68b72\" data-element_type=\"widget\" data-widget_type=\"text-editor.default\">\n\t\t\t\t\t\t\t\t\t<p>Froschatmung (glossopharyngeale Atmung) ist eine erlernbare Technik, bei der Luft mit Mund und Rachen in die Lunge \u201egeschluckt\u201c wird; bundesweite Schulungen machten sie in Deutschland bekannt.<br data-start=\"192\" data-end=\"195\" \/>Sie richtet sich an beatmete Menschen sowie Fachkr\u00e4fte und kann helfen, kurze oder l\u00e4ngere Zeiten ohne Beatmungsger\u00e4t zu \u00fcberbr\u00fccken \u2013 Workshops bieten wir weiterhin an.<\/p>\t\t\t\t\t\t\t\t<\/div>\n\t\t\t\t<div class=\"elementor-element elementor-element-af39557 elementor-align-center elementor-widget elementor-widget-button\" data-id=\"af39557\" data-element_type=\"widget\" data-widget_type=\"button.default\">\n\t\t\t\t\t\t\t\t\t\t<a class=\"elementor-button elementor-button-link elementor-size-sm\" href=\"https:\/\/zsl.webwolfdesign.eu\/fr\/froschatmung\/\" target=\"_blank\">\n\t\t\t\t\t\t<span class=\"elementor-button-content-wrapper\">\n\t\t\t\t\t\t\t\t\t<span class=\"elementor-button-text\">sur le projet<\/span>\n\t\t\t\t\t<\/span>\n\t\t\t\t\t<\/a>\n\t\t\t\t\t\t\t\t<\/div>\n\t\t\t\t<\/div>\n\t\t<div class=\"elementor-element elementor-element-ad624d8 e-con-full e-flex e-con e-child\" data-id=\"ad624d8\" data-element_type=\"container\">\n\t\t\t\t<div class=\"elementor-element elementor-element-3603516 elementor-widget elementor-widget-image\" data-id=\"3603516\" data-element_type=\"widget\" data-widget_type=\"image.default\">\n\t\t\t\t\t\t\t\t\t\t\t\t\t\t\t<img loading=\"lazy\" decoding=\"async\" width=\"800\" height=\"336\" src=\"https:\/\/zsl.webwolfdesign.eu\/wp-content\/uploads\/2026\/01\/selebe2-1024x430.jpg\" class=\"attachment-large size-large wp-image-2770\" alt=\"\" srcset=\"https:\/\/zsl.webwolfdesign.eu\/wp-content\/uploads\/2026\/01\/selebe2-1024x430.jpg 1024w, https:\/\/zsl.webwolfdesign.eu\/wp-content\/uploads\/2026\/01\/selebe2-300x126.jpg 300w, https:\/\/zsl.webwolfdesign.eu\/wp-content\/uploads\/2026\/01\/selebe2-768x323.jpg 768w, https:\/\/zsl.webwolfdesign.eu\/wp-content\/uploads\/2026\/01\/selebe2.jpg 1500w\" sizes=\"(max-width: 800px) 100vw, 800px\" \/>\t\t\t\t\t\t\t\t\t\t\t\t\t\t\t<\/div>\n\t\t\t\t<div class=\"elementor-element elementor-element-aca4c1c elementor-widget elementor-widget-heading\" data-id=\"aca4c1c\" data-element_type=\"widget\" data-widget_type=\"heading.default\">\n\t\t\t\t\t<h2 class=\"elementor-heading-title elementor-size-default\">Projet de 2001-2005<\/h2>\t\t\t\t<\/div>\n\t\t\t\t<div class=\"elementor-element elementor-element-bdbc548 elementor-widget elementor-widget-heading\" data-id=\"bdbc548\" data-element_type=\"widget\" data-widget_type=\"heading.default\">\n\t\t\t\t\t<h2 class=\"elementor-heading-title elementor-size-default\">SeLeBe - Vivre de mani\u00e8re autonome sous respiration artificielle<\/h2>\t\t\t\t<\/div>\n\t\t\t\t<div class=\"elementor-element elementor-element-988e47c elementor-widget elementor-widget-text-editor\" data-id=\"988e47c\" data-element_type=\"widget\" data-widget_type=\"text-editor.default\">\n\t\t\t\t\t\t\t\t\t<p>N\u00e4chtliche Beatmung ist erst ungewohnt, kann aber Lebensqualit\u00e4t stark verbessern \u2013 \u201ekein Ende, sondern ein neuer Anfang\u201c.<br \/>Im ZSL e.V. beraten Menschen mit Behinderung im Peer Counselling; auch Angeh\u00f6rige und Dienste, in enger Zusammenarbeit mit \u00c4rzt*innen und Fachorganisationen.<\/p>\t\t\t\t\t\t\t\t<\/div>\n\t\t\t\t<div class=\"elementor-element elementor-element-0f4a3e9 elementor-align-center elementor-widget elementor-widget-button\" data-id=\"0f4a3e9\" data-element_type=\"widget\" data-widget_type=\"button.default\">\n\t\t\t\t\t\t\t\t\t\t<a class=\"elementor-button elementor-button-link elementor-size-sm\" href=\"https:\/\/zsl.webwolfdesign.eu\/fr\/selebe\/\" target=\"_blank\">\n\t\t\t\t\t\t<span class=\"elementor-button-content-wrapper\">\n\t\t\t\t\t\t\t\t\t<span class=\"elementor-button-text\">sur le projet<\/span>\n\t\t\t\t\t<\/span>\n\t\t\t\t\t<\/a>\n\t\t\t\t\t\t\t\t<\/div>\n\t\t\t\t<\/div>\n\t\t\t\t<\/div>\n\t\t\t\t\t<\/div>\n\t\t\t\t<\/div>\n\t\t\t\t<\/div>\n\t\t\t\t<\/div>","protected":false},"excerpt":{"rendered":"<p>Abgeschlossene Projekte Projekt von 2018-2023 Kommune Inklusiv Erlangen Kommune Inklusiv hatte zum Ziel Erlangen zu einem Ort machen, an dem alle Menschen wertsch\u00e4tzend zusammenleben \u2013 ohne Ausgrenzung und Barrieren.Ein Ort, an dem Verschiedenheit normal ist, Beziehungen wachsen und jede*r sich entfalten und f\u00fcr die Gemeinschaft einbringen kann. zum Projekt Projekt von 2006-2010 Selbstbestimmt leben mit [&hellip;]<\/p>","protected":false},"author":1,"featured_media":0,"parent":0,"menu_order":0,"comment_status":"closed","ping_status":"closed","template":"","meta":{"footnotes":""},"class_list":["post-2404","page","type-page","status-publish","hentry"],"_hostinger_reach_plugin_has_subscription_block":false,"_hostinger_reach_plugin_is_elementor":false,"_links":{"self":[{"href":"https:\/\/zsl.webwolfdesign.eu\/fr\/wp-json\/wp\/v2\/pages\/2404","targetHints":{"allow":["GET"]}}],"collection":[{"href":"https:\/\/zsl.webwolfdesign.eu\/fr\/wp-json\/wp\/v2\/pages"}],"about":[{"href":"https:\/\/zsl.webwolfdesign.eu\/fr\/wp-json\/wp\/v2\/types\/page"}],"author":[{"embeddable":true,"href":"https:\/\/zsl.webwolfdesign.eu\/fr\/wp-json\/wp\/v2\/users\/1"}],"replies":[{"embeddable":true,"href":"https:\/\/zsl.webwolfdesign.eu\/fr\/wp-json\/wp\/v2\/comments?post=2404"}],"version-history":[{"count":52,"href":"https:\/\/zsl.webwolfdesign.eu\/fr\/wp-json\/wp\/v2\/pages\/2404\/revisions"}],"predecessor-version":[{"id":4162,"href":"https:\/\/zsl.webwolfdesign.eu\/fr\/wp-json\/wp\/v2\/pages\/2404\/revisions\/4162"}],"wp:attachment":[{"href":"https:\/\/zsl.webwolfdesign.eu\/fr\/wp-json\/wp\/v2\/media?parent=2404"}],"curies":[{"name":"wp","href":"https:\/\/api.w.org\/{rel}","templated":true}]}}