{"id":2406,"date":"2026-01-14T14:39:23","date_gmt":"2026-01-14T14:39:23","guid":{"rendered":"https:\/\/zsl.webwolfdesign.eu\/?page_id=2406"},"modified":"2026-04-16T12:17:45","modified_gmt":"2026-04-16T12:17:45","slug":"projets-langue-facile","status":"publish","type":"page","link":"https:\/\/zsl.webwolfdesign.eu\/fr\/projets-langue-facile\/","title":{"rendered":"Projekte-leichte-sprache"},"content":{"rendered":"<div data-elementor-type=\"wp-page\" data-elementor-id=\"2406\" class=\"elementor elementor-2406\" data-elementor-post-type=\"page\">\n\t\t\t\t<div class=\"elementor-element elementor-element-5ef8e42 e-con-full e-flex e-con e-parent\" data-id=\"5ef8e42\" data-element_type=\"container\" data-settings=\"{&quot;background_background&quot;:&quot;classic&quot;}\">\n\t\t\t\t<div class=\"elementor-element elementor-element-2ad7c19 elementor-widget elementor-widget-heading\" data-id=\"2ad7c19\" data-element_type=\"widget\" data-widget_type=\"heading.default\">\n\t\t\t\t\t<h2 class=\"elementor-heading-title elementor-size-default\">Seite in einfacher Sprache<\/h2>\t\t\t\t<\/div>\n\t\t<div class=\"elementor-element elementor-element-c238077 e-flex e-con-boxed e-con e-child\" data-id=\"c238077\" data-element_type=\"container\" data-settings=\"{&quot;background_background&quot;:&quot;classic&quot;}\">\n\t\t\t\t\t<div class=\"e-con-inner\">\n\t\t\t\t<div class=\"elementor-element elementor-element-2c32c97 elementor-widget elementor-widget-heading\" data-id=\"2c32c97\" data-element_type=\"widget\" data-widget_type=\"heading.default\">\n\t\t\t\t\t<h1 class=\"elementor-heading-title elementor-size-default\">Projets termin\u00e9s<\/h1>\t\t\t\t<\/div>\n\t\t<div class=\"elementor-element elementor-element-6d54a5c e-con-full e-flex e-con e-child\" data-id=\"6d54a5c\" data-element_type=\"container\">\n\t\t<div class=\"elementor-element elementor-element-39b5cdc e-con-full e-flex e-con e-child\" data-id=\"39b5cdc\" data-element_type=\"container\">\n\t\t\t\t<div class=\"elementor-element elementor-element-fc3705a elementor-widget elementor-widget-image\" data-id=\"fc3705a\" data-element_type=\"widget\" data-widget_type=\"image.default\">\n\t\t\t\t\t\t\t\t\t\t\t\t\t\t\t<img fetchpriority=\"high\" decoding=\"async\" width=\"800\" height=\"336\" src=\"https:\/\/zsl.webwolfdesign.eu\/wp-content\/uploads\/2026\/01\/Komune-Inklusiv-1024x430.jpg\" class=\"attachment-large size-large wp-image-2549\" alt=\"\" srcset=\"https:\/\/zsl.webwolfdesign.eu\/wp-content\/uploads\/2026\/01\/Komune-Inklusiv-1024x430.jpg 1024w, https:\/\/zsl.webwolfdesign.eu\/wp-content\/uploads\/2026\/01\/Komune-Inklusiv-300x126.jpg 300w, https:\/\/zsl.webwolfdesign.eu\/wp-content\/uploads\/2026\/01\/Komune-Inklusiv-768x323.jpg 768w, https:\/\/zsl.webwolfdesign.eu\/wp-content\/uploads\/2026\/01\/Komune-Inklusiv.jpg 1500w\" sizes=\"(max-width: 800px) 100vw, 800px\" \/>\t\t\t\t\t\t\t\t\t\t\t\t\t\t\t<\/div>\n\t\t\t\t<div class=\"elementor-element elementor-element-561dbcc elementor-widget elementor-widget-heading\" data-id=\"561dbcc\" data-element_type=\"widget\" data-widget_type=\"heading.default\">\n\t\t\t\t\t<h2 class=\"elementor-heading-title elementor-size-default\">Projet de 2018 \u00e0 2023<\/h2>\t\t\t\t<\/div>\n\t\t\t\t<div class=\"elementor-element elementor-element-7d0f564 elementor-widget elementor-widget-heading\" data-id=\"7d0f564\" data-element_type=\"widget\" data-widget_type=\"heading.default\">\n\t\t\t\t\t<h2 class=\"elementor-heading-title elementor-size-default\">Kommune Inklusiv <br> Erlangen\n\n\n<\/h2>\t\t\t\t<\/div>\n\t\t\t\t<div class=\"elementor-element elementor-element-d3c37a9 elementor-widget elementor-widget-text-editor\" data-id=\"d3c37a9\" data-element_type=\"widget\" data-widget_type=\"text-editor.default\">\n\t\t\t\t\t\t\t\t\t<p>Kommune Inklusiv hatte zum Ziel:<br \/>Erlangen doit \u00eatre un lieu o\u00f9 toutes les personnes <strong>bon et respectueux<\/strong> vivre ensemble.<br \/>Sans exclusion et sans barri\u00e8res.<\/p><p>A Erlangen, il devrait y avoir <strong>normal<\/strong> \u00eatre que les gens sont diff\u00e9rents.<br \/>Les gens doivent trouver des contacts, construire des amiti\u00e9s, se d\u00e9velopper<br \/>et s'engager dans la mesure de leurs possibilit\u00e9s pour la communaut\u00e9.<\/p>\t\t\t\t\t\t\t\t<\/div>\n\t\t\t\t<div class=\"elementor-element elementor-element-00e6a34 elementor-align-center elementor-widget elementor-widget-button\" data-id=\"00e6a34\" data-element_type=\"widget\" data-widget_type=\"button.default\">\n\t\t\t\t\t\t\t\t\t\t<a class=\"elementor-button elementor-button-link elementor-size-sm\" href=\"https:\/\/zsl.webwolfdesign.eu\/fr\/komune-inklusiv-leichte-sprache\/\" target=\"_blank\">\n\t\t\t\t\t\t<span class=\"elementor-button-content-wrapper\">\n\t\t\t\t\t\t\t\t\t<span class=\"elementor-button-text\">sur le projet<\/span>\n\t\t\t\t\t<\/span>\n\t\t\t\t\t<\/a>\n\t\t\t\t\t\t\t\t<\/div>\n\t\t\t\t<\/div>\n\t\t<div class=\"elementor-element elementor-element-dd06e6a e-con-full e-flex e-con e-child\" data-id=\"dd06e6a\" data-element_type=\"container\">\n\t\t\t\t<div class=\"elementor-element elementor-element-1a2a177 elementor-widget elementor-widget-image\" data-id=\"1a2a177\" data-element_type=\"widget\" data-widget_type=\"image.default\">\n\t\t\t\t\t\t\t\t\t\t\t\t\t\t\t<img decoding=\"async\" width=\"800\" height=\"336\" src=\"https:\/\/zsl.webwolfdesign.eu\/wp-content\/uploads\/2026\/01\/Pers.-Budget-1024x430.jpg\" class=\"attachment-large size-large wp-image-2746\" alt=\"\" srcset=\"https:\/\/zsl.webwolfdesign.eu\/wp-content\/uploads\/2026\/01\/Pers.-Budget-1024x430.jpg 1024w, https:\/\/zsl.webwolfdesign.eu\/wp-content\/uploads\/2026\/01\/Pers.-Budget-300x126.jpg 300w, https:\/\/zsl.webwolfdesign.eu\/wp-content\/uploads\/2026\/01\/Pers.-Budget-768x323.jpg 768w, https:\/\/zsl.webwolfdesign.eu\/wp-content\/uploads\/2026\/01\/Pers.-Budget.jpg 1500w\" sizes=\"(max-width: 800px) 100vw, 800px\" \/>\t\t\t\t\t\t\t\t\t\t\t\t\t\t\t<\/div>\n\t\t\t\t<div class=\"elementor-element elementor-element-11d98de elementor-widget elementor-widget-heading\" data-id=\"11d98de\" data-element_type=\"widget\" data-widget_type=\"heading.default\">\n\t\t\t\t\t<h2 class=\"elementor-heading-title elementor-size-default\">Projet de 2006 \u00e0 2010<\/h2>\t\t\t\t<\/div>\n\t\t\t\t<div class=\"elementor-element elementor-element-0228303 elementor-widget elementor-widget-heading\" data-id=\"0228303\" data-element_type=\"widget\" data-widget_type=\"heading.default\">\n\t\t\t\t\t<h2 class=\"elementor-heading-title elementor-size-default\">Vivre de mani\u00e8re autonome avec un budget personnel<\/h2>\t\t\t\t<\/div>\n\t\t\t\t<div class=\"elementor-element elementor-element-e98ffe1 elementor-widget elementor-widget-text-editor\" data-id=\"e98ffe1\" data-element_type=\"widget\" data-widget_type=\"text-editor.default\">\n\t\t\t\t\t\t\t\t\t<p>Le projet a une <strong>organisme de conseil ind\u00e9pendant<\/strong> sur le budget personnel dans la r\u00e9gion.<br \/>Nous avons aid\u00e9 des clients* - par exemple en contact avec <strong>Supports de co\u00fbts<\/strong> et <strong>Services<\/strong> - et de la politique.<\/p><p>Aujourd'hui, le centre de consultation est <strong>point de contact fixe<\/strong>:<br \/>pour les personnes handicap\u00e9es, leurs proches, les organismes payeurs, les prestataires de services et autres services de conseil.<\/p>\t\t\t\t\t\t\t\t<\/div>\n\t\t\t\t<div class=\"elementor-element elementor-element-d030fbd elementor-align-center elementor-widget elementor-widget-button\" data-id=\"d030fbd\" data-element_type=\"widget\" data-widget_type=\"button.default\">\n\t\t\t\t\t\t\t\t\t\t<a class=\"elementor-button elementor-button-link elementor-size-sm\" href=\"https:\/\/zsl.webwolfdesign.eu\/fr\/persoenliches-budget-leichte-sprache\/\" target=\"_blank\">\n\t\t\t\t\t\t<span class=\"elementor-button-content-wrapper\">\n\t\t\t\t\t\t\t\t\t<span class=\"elementor-button-text\">sur le projet<\/span>\n\t\t\t\t\t<\/span>\n\t\t\t\t\t<\/a>\n\t\t\t\t\t\t\t\t<\/div>\n\t\t\t\t<\/div>\n\t\t\t\t<\/div>\n\t\t<div class=\"elementor-element elementor-element-5c701d1 e-con-full e-flex e-con e-child\" data-id=\"5c701d1\" data-element_type=\"container\">\n\t\t<div class=\"elementor-element elementor-element-cad58b8 e-con-full e-flex e-con e-child\" data-id=\"cad58b8\" data-element_type=\"container\">\n\t\t\t\t<div class=\"elementor-element elementor-element-0b5d623 elementor-widget elementor-widget-image\" data-id=\"0b5d623\" data-element_type=\"widget\" data-widget_type=\"image.default\">\n\t\t\t\t\t\t\t\t\t\t\t\t\t\t\t<img decoding=\"async\" width=\"800\" height=\"336\" src=\"https:\/\/zsl.webwolfdesign.eu\/wp-content\/uploads\/2026\/01\/froschatmung_2-1024x430.jpg\" class=\"attachment-large size-large wp-image-2792\" alt=\"\" srcset=\"https:\/\/zsl.webwolfdesign.eu\/wp-content\/uploads\/2026\/01\/froschatmung_2-1024x430.jpg 1024w, https:\/\/zsl.webwolfdesign.eu\/wp-content\/uploads\/2026\/01\/froschatmung_2-300x126.jpg 300w, https:\/\/zsl.webwolfdesign.eu\/wp-content\/uploads\/2026\/01\/froschatmung_2-768x323.jpg 768w, https:\/\/zsl.webwolfdesign.eu\/wp-content\/uploads\/2026\/01\/froschatmung_2.jpg 1500w\" sizes=\"(max-width: 800px) 100vw, 800px\" \/>\t\t\t\t\t\t\t\t\t\t\t\t\t\t\t<\/div>\n\t\t\t\t<div class=\"elementor-element elementor-element-358d6a0 elementor-widget elementor-widget-heading\" data-id=\"358d6a0\" data-element_type=\"widget\" data-widget_type=\"heading.default\">\n\t\t\t\t\t<h2 class=\"elementor-heading-title elementor-size-default\">Projet de 2011-2013<\/h2>\t\t\t\t<\/div>\n\t\t\t\t<div class=\"elementor-element elementor-element-92d18c4 elementor-widget elementor-widget-heading\" data-id=\"92d18c4\" data-element_type=\"widget\" data-widget_type=\"heading.default\">\n\t\t\t\t\t<h2 class=\"elementor-heading-title elementor-size-default\">Respiration de la grenouille - <br>\nFormation et conseil<\/h2>\t\t\t\t<\/div>\n\t\t\t\t<div class=\"elementor-element elementor-element-7992a6c elementor-widget elementor-widget-text-editor\" data-id=\"7992a6c\" data-element_type=\"widget\" data-widget_type=\"text-editor.default\">\n\t\t\t\t\t\t\t\t\t<p>Le site <strong>Respiration de la grenouille<\/strong> (respiration glossopharyng\u00e9e) est une technique qui s'apprend. Elle consiste \u00e0 \u201eavaler\u201c de l'air dans les poumons avec la bouche et la gorge. Elle est devenue plus connue en Allemagne gr\u00e2ce \u00e0 des formations.<\/p><p>Elle est destin\u00e9e aux personnes sous respiration artificielle et aux professionnels. La respiration de grenouille peut aider \u00e0 surmonter des p\u00e9riodes courtes ou longues sans respirateur. Nous continuons \u00e0 proposer des ateliers.<\/p>\t\t\t\t\t\t\t\t<\/div>\n\t\t\t\t<div class=\"elementor-element elementor-element-6e457cf elementor-align-center elementor-widget elementor-widget-button\" data-id=\"6e457cf\" data-element_type=\"widget\" data-widget_type=\"button.default\">\n\t\t\t\t\t\t\t\t\t\t<a class=\"elementor-button elementor-button-link elementor-size-sm\" href=\"https:\/\/zsl.webwolfdesign.eu\/fr\/froschatmung-leichte-sprache\/\" target=\"_blank\">\n\t\t\t\t\t\t<span class=\"elementor-button-content-wrapper\">\n\t\t\t\t\t\t\t\t\t<span class=\"elementor-button-text\">sur le projet<\/span>\n\t\t\t\t\t<\/span>\n\t\t\t\t\t<\/a>\n\t\t\t\t\t\t\t\t<\/div>\n\t\t\t\t<\/div>\n\t\t<div class=\"elementor-element elementor-element-f86511f e-con-full e-flex e-con e-child\" data-id=\"f86511f\" data-element_type=\"container\">\n\t\t\t\t<div class=\"elementor-element elementor-element-6c864bd elementor-widget elementor-widget-image\" data-id=\"6c864bd\" data-element_type=\"widget\" data-widget_type=\"image.default\">\n\t\t\t\t\t\t\t\t\t\t\t\t\t\t\t<img loading=\"lazy\" decoding=\"async\" width=\"800\" height=\"336\" src=\"https:\/\/zsl.webwolfdesign.eu\/wp-content\/uploads\/2026\/01\/selebe2-1024x430.jpg\" class=\"attachment-large size-large wp-image-2770\" alt=\"\" srcset=\"https:\/\/zsl.webwolfdesign.eu\/wp-content\/uploads\/2026\/01\/selebe2-1024x430.jpg 1024w, https:\/\/zsl.webwolfdesign.eu\/wp-content\/uploads\/2026\/01\/selebe2-300x126.jpg 300w, https:\/\/zsl.webwolfdesign.eu\/wp-content\/uploads\/2026\/01\/selebe2-768x323.jpg 768w, https:\/\/zsl.webwolfdesign.eu\/wp-content\/uploads\/2026\/01\/selebe2.jpg 1500w\" sizes=\"(max-width: 800px) 100vw, 800px\" \/>\t\t\t\t\t\t\t\t\t\t\t\t\t\t\t<\/div>\n\t\t\t\t<div class=\"elementor-element elementor-element-cb92cf8 elementor-widget elementor-widget-heading\" data-id=\"cb92cf8\" data-element_type=\"widget\" data-widget_type=\"heading.default\">\n\t\t\t\t\t<h2 class=\"elementor-heading-title elementor-size-default\">Projet de 2001-2005<\/h2>\t\t\t\t<\/div>\n\t\t\t\t<div class=\"elementor-element elementor-element-b368848 elementor-widget elementor-widget-heading\" data-id=\"b368848\" data-element_type=\"widget\" data-widget_type=\"heading.default\">\n\t\t\t\t\t<h2 class=\"elementor-heading-title elementor-size-default\">SeLeBe - Vivre de mani\u00e8re autonome sous respiration artificielle<\/h2>\t\t\t\t<\/div>\n\t\t\t\t<div class=\"elementor-element elementor-element-0027773 elementor-widget elementor-widget-text-editor\" data-id=\"0027773\" data-element_type=\"widget\" data-widget_type=\"text-editor.default\">\n\t\t\t\t\t\t\t\t\t<p>Nocturne <strong>Respiration artificielle<\/strong> est inhabituelle au d\u00e9but. Mais elle peut am\u00e9liorer consid\u00e9rablement la qualit\u00e9 de vie - \u201epas une fin, mais un nouveau d\u00e9part\u201c.<\/p><p>Au ZSL e.V., des personnes handicap\u00e9es conseillent d'autres personnes handicap\u00e9es (peer counselling). Les proches et les services peuvent \u00e9galement s'adresser \u00e0 nous. Nous travaillons en \u00e9troite collaboration avec des m\u00e9decins et des organisations sp\u00e9cialis\u00e9es.<\/p>\t\t\t\t\t\t\t\t<\/div>\n\t\t\t\t<div class=\"elementor-element elementor-element-5d325dd elementor-align-center elementor-widget elementor-widget-button\" data-id=\"5d325dd\" data-element_type=\"widget\" data-widget_type=\"button.default\">\n\t\t\t\t\t\t\t\t\t\t<a class=\"elementor-button elementor-button-link elementor-size-sm\" href=\"https:\/\/zsl.webwolfdesign.eu\/fr\/selebe-leichte-sprache\/\" target=\"_blank\">\n\t\t\t\t\t\t<span class=\"elementor-button-content-wrapper\">\n\t\t\t\t\t\t\t\t\t<span class=\"elementor-button-text\">sur le projet<\/span>\n\t\t\t\t\t<\/span>\n\t\t\t\t\t<\/a>\n\t\t\t\t\t\t\t\t<\/div>\n\t\t\t\t<\/div>\n\t\t\t\t<\/div>\n\t\t\t\t\t<\/div>\n\t\t\t\t<\/div>\n\t\t\t\t<\/div>\n\t\t\t\t<\/div>","protected":false},"excerpt":{"rendered":"<p>Seite in einfacher Sprache Abgeschlossene Projekte Projekt von 2018-2023 Kommune Inklusiv Erlangen Kommune Inklusiv hatte zum Ziel:Erlangen soll ein Ort sein, an dem alle Menschen gut und respektvoll zusammenleben.Ohne Ausgrenzung und ohne Barrieren. In Erlangen soll es normal sein, dass Menschen verschieden sind.Menschen sollen Kontakte finden, Freundschaften aufbauen, sich entwickelnund sich nach ihren M\u00f6glichkeiten f\u00fcr [&hellip;]<\/p>","protected":false},"author":1,"featured_media":0,"parent":0,"menu_order":0,"comment_status":"closed","ping_status":"closed","template":"","meta":{"footnotes":""},"class_list":["post-2406","page","type-page","status-publish","hentry"],"_hostinger_reach_plugin_has_subscription_block":false,"_hostinger_reach_plugin_is_elementor":false,"_links":{"self":[{"href":"https:\/\/zsl.webwolfdesign.eu\/fr\/wp-json\/wp\/v2\/pages\/2406","targetHints":{"allow":["GET"]}}],"collection":[{"href":"https:\/\/zsl.webwolfdesign.eu\/fr\/wp-json\/wp\/v2\/pages"}],"about":[{"href":"https:\/\/zsl.webwolfdesign.eu\/fr\/wp-json\/wp\/v2\/types\/page"}],"author":[{"embeddable":true,"href":"https:\/\/zsl.webwolfdesign.eu\/fr\/wp-json\/wp\/v2\/users\/1"}],"replies":[{"embeddable":true,"href":"https:\/\/zsl.webwolfdesign.eu\/fr\/wp-json\/wp\/v2\/comments?post=2406"}],"version-history":[{"count":22,"href":"https:\/\/zsl.webwolfdesign.eu\/fr\/wp-json\/wp\/v2\/pages\/2406\/revisions"}],"predecessor-version":[{"id":4165,"href":"https:\/\/zsl.webwolfdesign.eu\/fr\/wp-json\/wp\/v2\/pages\/2406\/revisions\/4165"}],"wp:attachment":[{"href":"https:\/\/zsl.webwolfdesign.eu\/fr\/wp-json\/wp\/v2\/media?parent=2406"}],"curies":[{"name":"wp","href":"https:\/\/api.w.org\/{rel}","templated":true}]}}