{"id":2694,"date":"2026-01-25T09:53:31","date_gmt":"2026-01-25T09:53:31","guid":{"rendered":"https:\/\/zsl.webwolfdesign.eu\/?page_id=2694"},"modified":"2026-03-16T10:25:10","modified_gmt":"2026-03-16T10:25:10","slug":"herzensmensch-leichte-sprache","status":"publish","type":"page","link":"https:\/\/zsl.webwolfdesign.eu\/fr\/herzensmensch-leichte-sprache\/","title":{"rendered":"Herzensmensch-leichte-sprache"},"content":{"rendered":"<div data-elementor-type=\"wp-page\" data-elementor-id=\"2694\" class=\"elementor elementor-2694\" data-elementor-post-type=\"page\">\n\t\t\t\t<main class=\"elementor-element elementor-element-62401e5 e-con-full e-flex e-con e-parent\" data-id=\"62401e5\" data-element_type=\"container\">\n\t\t<div class=\"elementor-element elementor-element-527db2c e-con-full e-flex e-con e-child\" data-id=\"527db2c\" data-element_type=\"container\" data-settings=\"{&quot;background_background&quot;:&quot;classic&quot;}\">\n\t\t\t\t<div class=\"elementor-element elementor-element-5c93a0a elementor-widget elementor-widget-heading\" data-id=\"5c93a0a\" data-element_type=\"widget\" data-widget_type=\"heading.default\">\n\t\t\t\t\t<h2 class=\"elementor-heading-title elementor-size-default\">Seite in einfacher Sprache<\/h2>\t\t\t\t<\/div>\n\t\t<div class=\"elementor-element elementor-element-0596141 e-con-full e-flex e-con e-child\" data-id=\"0596141\" data-element_type=\"container\">\n\t\t<div class=\"elementor-element elementor-element-efe96b7 e-con-full e-flex e-con e-child\" data-id=\"efe96b7\" data-element_type=\"container\" data-settings=\"{&quot;background_background&quot;:&quot;gradient&quot;}\">\n\t\t\t\t<div class=\"elementor-element elementor-element-0599ec4 elementor-widget elementor-widget-heading\" data-id=\"0599ec4\" data-element_type=\"widget\" data-widget_type=\"heading.default\">\n\t\t\t\t\t<h2 class=\"elementor-heading-title elementor-size-default\">Herzensmensch - personne de c\u0153ur<\/h2>\t\t\t\t<\/div>\n\t\t\t\t<div class=\"elementor-element elementor-element-e99dd09 elementor-widget elementor-widget-text-editor\" data-id=\"e99dd09\" data-element_type=\"widget\" data-widget_type=\"text-editor.default\">\n\t\t\t\t\t\t\t\t\t<p><strong>Rencontre - Conseil - M\u00e9diation<\/strong><\/p>\t\t\t\t\t\t\t\t<\/div>\n\t\t\t\t<div class=\"elementor-element elementor-element-ab5e223 elementor-widget elementor-widget-text-editor\" data-id=\"ab5e223\" data-element_type=\"widget\" data-widget_type=\"text-editor.default\">\n\t\t\t\t\t\t\t\t\t<p>L'amour et l'amiti\u00e9 ne connaissent pas de barri\u00e8res\u00a0<\/p>\t\t\t\t\t\t\t\t<\/div>\n\t\t\t\t<\/div>\n\t\t<div class=\"elementor-element elementor-element-c9da59b e-con-full e-flex e-con e-child\" data-id=\"c9da59b\" data-element_type=\"container\">\n\t\t\t\t<div class=\"elementor-element elementor-element-1ac2d80 elementor-widget elementor-widget-image\" data-id=\"1ac2d80\" data-element_type=\"widget\" data-widget_type=\"image.default\">\n\t\t\t\t\t\t\t\t\t\t\t\t\t\t\t<img fetchpriority=\"high\" decoding=\"async\" width=\"1500\" height=\"630\" src=\"https:\/\/zsl.webwolfdesign.eu\/wp-content\/uploads\/2026\/01\/Herzmensch2.jpg\" class=\"attachment-full size-full wp-image-2587\" alt=\"\" srcset=\"https:\/\/zsl.webwolfdesign.eu\/wp-content\/uploads\/2026\/01\/Herzmensch2.jpg 1500w, https:\/\/zsl.webwolfdesign.eu\/wp-content\/uploads\/2026\/01\/Herzmensch2-300x126.jpg 300w, https:\/\/zsl.webwolfdesign.eu\/wp-content\/uploads\/2026\/01\/Herzmensch2-1024x430.jpg 1024w, https:\/\/zsl.webwolfdesign.eu\/wp-content\/uploads\/2026\/01\/Herzmensch2-768x323.jpg 768w\" sizes=\"(max-width: 1500px) 100vw, 1500px\" \/>\t\t\t\t\t\t\t\t\t\t\t\t\t\t\t<\/div>\n\t\t\t\t<\/div>\n\t\t\t\t<\/div>\n\t\t<div class=\"elementor-element elementor-element-8dd5638 e-flex e-con-boxed e-con e-child\" data-id=\"8dd5638\" data-element_type=\"container\">\n\t\t\t\t\t<div class=\"e-con-inner\">\n\t\t<div class=\"elementor-element elementor-element-e5fb02e e-con-full e-flex e-con e-child\" data-id=\"e5fb02e\" data-element_type=\"container\" data-settings=\"{&quot;background_background&quot;:&quot;classic&quot;}\">\n\t\t<div class=\"elementor-element elementor-element-cc1f98e e-con-full e-flex e-con e-child\" data-id=\"cc1f98e\" data-element_type=\"container\" data-settings=\"{&quot;background_background&quot;:&quot;classic&quot;}\">\n\t\t<div class=\"elementor-element elementor-element-a7a1207 e-con-full e-flex e-con e-child\" data-id=\"a7a1207\" data-element_type=\"container\" data-settings=\"{&quot;background_background&quot;:&quot;classic&quot;}\">\n\t\t<div class=\"elementor-element elementor-element-220f249 e-con-full e-flex e-con e-child\" data-id=\"220f249\" data-element_type=\"container\" data-settings=\"{&quot;background_background&quot;:&quot;classic&quot;}\">\n\t\t\t\t<div class=\"elementor-element elementor-element-b736057 elementor-widget elementor-widget-heading\" data-id=\"b736057\" data-element_type=\"widget\" data-widget_type=\"heading.default\">\n\t\t\t\t\t<h2 class=\"elementor-heading-title elementor-size-default\">Qu'est-ce que l'homme de c\u0153ur ?<\/h2>\t\t\t\t<\/div>\n\t\t\t\t<div class=\"elementor-element elementor-element-f25bdba elementor-widget elementor-widget-text-editor\" data-id=\"f25bdba\" data-element_type=\"widget\" data-widget_type=\"text-editor.default\">\n\t\t\t\t\t\t\t\t\t<p data-start=\"0\" data-end=\"43\">Herzlich willkommen bei <strong data-start=\"24\" data-end=\"42\">Herzens-Mensch<\/strong>.<\/p><p data-start=\"45\" data-end=\"161\">Wir sind eine <strong data-start=\"59\" data-end=\"78\">Service de consultation<\/strong> f\u00fcr Menschen mit Beeintr\u00e4chtigung.<br data-start=\"113\" data-end=\"116\" \/>Wir beraten und informieren zu diesen Themen:<\/p><ul data-start=\"163\" data-end=\"281\"><li data-start=\"163\" data-end=\"172\"><p data-start=\"165\" data-end=\"172\">Liebe<\/p><\/li><li data-start=\"173\" data-end=\"186\"><p data-start=\"175\" data-end=\"186\">Beziehung<\/p><\/li><li data-start=\"187\" data-end=\"203\"><p data-start=\"189\" data-end=\"203\">Freundschaft<\/p><\/li><li data-start=\"204\" data-end=\"218\"><p data-start=\"206\" data-end=\"218\">Sexualit\u00e4t<\/p><\/li><li data-start=\"219\" data-end=\"249\"><p data-start=\"221\" data-end=\"249\">selbstbestimmte Sexualit\u00e4t<\/p><\/li><li data-start=\"250\" data-end=\"281\"><p data-start=\"252\" data-end=\"281\">Selbst-St\u00e4rkung (Empowerment)<\/p><\/li><\/ul><p data-start=\"283\" data-end=\"391\">Zu uns k\u00f6nnen kommen:<br data-start=\"304\" data-end=\"307\" \/>Menschen mit Beeintr\u00e4chtigung, Paare mit Beeintr\u00e4chtigung, Angeh\u00f6rige und Fachleute.<\/p><p data-start=\"393\" data-end=\"491\">Bei uns sind alle Menschen <strong data-start=\"420\" data-end=\"436\">ab 18 Jahren<\/strong> willkommen.<br data-start=\"448\" data-end=\"451\" \/>Egal, wen Sie lieben oder wie Sie leben.<\/p><p data-start=\"493\" data-end=\"524\">La consultation est <strong data-start=\"510\" data-end=\"523\">gratuit<\/strong>.<\/p>\t\t\t\t\t\t\t\t<\/div>\n\t\t\t\t<\/div>\n\t\t\t\t<\/div>\n\t\t<div class=\"elementor-element elementor-element-08b7739 e-con-full e-flex e-con e-child\" data-id=\"08b7739\" data-element_type=\"container\" data-settings=\"{&quot;background_background&quot;:&quot;classic&quot;}\">\n\t\t<div class=\"elementor-element elementor-element-2b94be2 e-con-full e-flex e-con e-child\" data-id=\"2b94be2\" data-element_type=\"container\" data-settings=\"{&quot;background_background&quot;:&quot;classic&quot;}\">\n\t\t\t\t<div class=\"elementor-element elementor-element-ade64f3 elementor-widget elementor-widget-heading\" data-id=\"ade64f3\" data-element_type=\"widget\" data-widget_type=\"heading.default\">\n\t\t\t\t\t<h2 class=\"elementor-heading-title elementor-size-default\">Qu'offrons-nous ?<\/h2>\t\t\t\t<\/div>\n\t\t\t\t<div class=\"elementor-element elementor-element-f8cd8b1 elementor-widget elementor-widget-text-editor\" data-id=\"f8cd8b1\" data-element_type=\"widget\" data-widget_type=\"text-editor.default\">\n\t\t\t\t\t\t\t\t\t<p data-start=\"259\" data-end=\"437\"><strong data-start=\"259\" data-end=\"276\">Herzens-Sache<\/strong> ist eine <strong data-start=\"286\" data-end=\"324\">gesch\u00fctzte Online-Dating-Plattform<\/strong><br data-start=\"324\" data-end=\"327\" \/>f\u00fcr Menschen mit Beeintr\u00e4chtigung.<br data-start=\"361\" data-end=\"364\" \/>Es gibt Standorte in <strong data-start=\"385\" data-end=\"400\">Deutschland<\/strong>, <strong data-start=\"402\" data-end=\"416\">\u00d6sterreich<\/strong> und der <strong data-start=\"425\" data-end=\"436\">Schweiz<\/strong>.<\/p><p data-start=\"439\" data-end=\"505\">Wir bieten nicht nur Partner*innen-Vermittlung.<br data-start=\"486\" data-end=\"489\" \/>Wir bieten auch:<\/p><ul data-start=\"507\" data-end=\"591\"><li data-start=\"507\" data-end=\"526\"><p data-start=\"509\" data-end=\"526\">Consultation individuelle<\/p><\/li><li data-start=\"527\" data-end=\"544\"><p data-start=\"529\" data-end=\"544\">Conseil de couple<\/p><\/li><li data-start=\"545\" data-end=\"558\"><p data-start=\"547\" data-end=\"558\">Ateliers<\/p><\/li><li data-start=\"559\" data-end=\"578\"><p data-start=\"561\" data-end=\"578\">\u00c9v\u00e9nements<\/p><\/li><li data-start=\"579\" data-end=\"591\"><p data-start=\"581\" data-end=\"591\">Conf\u00e9rences<\/p><\/li><\/ul><p data-start=\"593\" data-end=\"719\">Unsere Gespr\u00e4che sind <strong data-start=\"615\" data-end=\"625\">anonym<\/strong>.<br data-start=\"626\" data-end=\"629\" \/>Wir begegnen Ihnen <strong data-start=\"648\" data-end=\"665\">\u00e0 hauteur des yeux<\/strong>.<br data-start=\"666\" data-end=\"669\" \/>Ihre W\u00fcnsche und Bed\u00fcrfnisse sind uns <strong data-start=\"707\" data-end=\"718\">wichtig<\/strong>.<\/p><p data-start=\"721\" data-end=\"841\">Wir m\u00f6chten:<br data-start=\"733\" data-end=\"736\" \/>Menschen mit Beeintr\u00e4chtigung sollen <strong data-start=\"773\" data-end=\"797\">die gleichen Chancen<\/strong> haben<br data-start=\"803\" data-end=\"806\" \/>wie Menschen ohne Beeintr\u00e4chtigung.<\/p>\t\t\t\t\t\t\t\t<\/div>\n\t\t\t\t<\/div>\n\t\t<div class=\"elementor-element elementor-element-a834473 e-con-full e-flex e-con e-child\" data-id=\"a834473\" data-element_type=\"container\" data-settings=\"{&quot;background_background&quot;:&quot;classic&quot;}\">\n\t\t\t\t<div class=\"elementor-element elementor-element-2d6452f elementor-widget elementor-widget-heading\" data-id=\"2d6452f\" data-element_type=\"widget\" data-widget_type=\"heading.default\">\n\t\t\t\t\t<h2 class=\"elementor-heading-title elementor-size-default\">Comment est n\u00e9 l'Homme de c\u0153ur ?<\/h2>\t\t\t\t<\/div>\n\t\t\t\t<div class=\"elementor-element elementor-element-85c8e6a elementor-widget elementor-widget-text-editor\" data-id=\"85c8e6a\" data-element_type=\"widget\" data-widget_type=\"text-editor.default\">\n\t\t\t\t\t\t\t\t\t<p data-start=\"0\" data-end=\"68\">Die Beratungs-Stelle <strong data-start=\"21\" data-end=\"39\">Herzens-Mensch<\/strong> gibt es seit <strong data-start=\"53\" data-end=\"67\">April 2024<\/strong>.<\/p><p data-start=\"70\" data-end=\"237\">Herzens-Mensch geh\u00f6rt zum <strong data-start=\"96\" data-end=\"122\">Netzwerk Partnerschaft<\/strong>.<br data-start=\"123\" data-end=\"126\" \/>Das Netzwerk Partnerschaft ist eine Gruppe von vielen Organisationen.<br data-start=\"195\" data-end=\"198\" \/>Diese Organisationen arbeiten zusammen:<\/p><ul data-start=\"239\" data-end=\"660\"><li data-start=\"239\" data-end=\"268\"><p data-start=\"241\" data-end=\"268\">Lebenshilfe N\u00fcrnberg e.V.<\/p><\/li><li data-start=\"269\" data-end=\"295\"><p data-start=\"271\" data-end=\"295\">Lebenshilfe F\u00fcrth e.V.<\/p><\/li><li data-start=\"296\" data-end=\"322\"><p data-start=\"298\" data-end=\"322\">Rummelsberger Diakonie<\/p><\/li><li data-start=\"323\" data-end=\"395\"><p data-start=\"325\" data-end=\"395\">Zentrum f\u00fcr Selbstbestimmtes Leben Behinderter e.V. (ZSL) \u2013 Erlangen<\/p><\/li><li data-start=\"396\" data-end=\"431\"><p data-start=\"398\" data-end=\"431\">Evangelisches Stadtteilhaus Leo<\/p><\/li><li data-start=\"432\" data-end=\"448\"><p data-start=\"434\" data-end=\"448\">Br\u00fcckenbauer<\/p><\/li><li data-start=\"449\" data-end=\"485\"><p data-start=\"451\" data-end=\"485\">BUNI (Kultur- und Freizeittreff)<\/p><\/li><li data-start=\"486\" data-end=\"541\"><p data-start=\"488\" data-end=\"541\">Stadtmission N\u00fcrnberg \u2013 AIDS-Beratung Mittelfranken<\/p><\/li><li data-start=\"542\" data-end=\"592\"><p data-start=\"544\" data-end=\"592\">Gemeinn\u00fctzige Gesellschaft f\u00fcr soziale Dienste<\/p><\/li><li data-start=\"593\" data-end=\"622\"><p data-start=\"595\" data-end=\"622\">Lebenshilfe Erlangen e.V.<\/p><\/li><li data-start=\"623\" data-end=\"660\"><p data-start=\"625\" data-end=\"660\">Lebenshilfe Erlangen-H\u00f6chstadt e.V.<\/p><\/li><\/ul><p data-start=\"662\" data-end=\"817\">Herzens-Mensch bekommt Geld f\u00fcr die Arbeit durch <strong data-start=\"711\" data-end=\"746\">F\u00f6rder-Mittel von Aktion Mensch<\/strong>.<br data-start=\"747\" data-end=\"750\" \/>Au\u00dferdem unterst\u00fctzen diese Organisationen Herzens-Mensch mit Geld:<\/p><ul data-start=\"819\" data-end=\"973\"><li data-start=\"819\" data-end=\"848\"><p data-start=\"821\" data-end=\"848\">Lebenshilfe N\u00fcrnberg e.V.<\/p><\/li><li data-start=\"849\" data-end=\"875\"><p data-start=\"851\" data-end=\"875\">Lebenshilfe F\u00fcrth e.V.<\/p><\/li><li data-start=\"876\" data-end=\"902\"><p data-start=\"878\" data-end=\"902\">Rummelsberger Diakonie<\/p><\/li><li data-start=\"903\" data-end=\"973\"><p data-start=\"905\" data-end=\"973\">Zentrum f\u00fcr Selbstbestimmtes Leben Behinderter e.V. (ZSL) \u2013 Erlangen<\/p><\/li><\/ul><p data-start=\"975\" data-end=\"1123\"><strong data-start=\"975\" data-end=\"1007\">Das Ziel von Herzens-Mensch:<\/strong><br data-start=\"1007\" data-end=\"1010\" \/>Nous voulons <strong data-start=\"1021\" data-end=\"1034\">Inclusion<\/strong> st\u00e4rken.<br data-start=\"1043\" data-end=\"1046\" \/>Das bedeutet: Alle Menschen sollen mitmachen k\u00f6nnen \u2013 auch bei diesen Themen:<\/p><ul data-start=\"1125\" data-end=\"1180\"><li data-start=\"1125\" data-end=\"1134\"><p data-start=\"1127\" data-end=\"1134\">Liebe<\/p><\/li><li data-start=\"1135\" data-end=\"1150\"><p data-start=\"1137\" data-end=\"1150\">Beziehungen<\/p><\/li><li data-start=\"1151\" data-end=\"1167\"><p data-start=\"1153\" data-end=\"1167\">Freundschaft<\/p><\/li><li data-start=\"1168\" data-end=\"1180\"><p data-start=\"1170\" data-end=\"1180\">Sexualit\u00e4t<\/p><\/li><\/ul>\t\t\t\t\t\t\t\t<\/div>\n\t\t\t\t<div class=\"elementor-element elementor-element-22cbeaf elementor-widget elementor-widget-button\" data-id=\"22cbeaf\" data-element_type=\"widget\" data-widget_type=\"button.default\">\n\t\t\t\t\t\t\t\t\t\t<a class=\"elementor-button elementor-button-link elementor-size-sm\" href=\"https:\/\/www.herzens-mensch.info\/\" target=\"_blank\">\n\t\t\t\t\t\t<span class=\"elementor-button-content-wrapper\">\n\t\t\t\t\t\t\t\t\t<span class=\"elementor-button-text\">vers le site web L'homme de c\u0153ur<\/span>\n\t\t\t\t\t<\/span>\n\t\t\t\t\t<\/a>\n\t\t\t\t\t\t\t\t<\/div>\n\t\t\t\t<\/div>\n\t\t<div class=\"elementor-element elementor-element-109b88a e-con-full e-flex e-con e-child\" data-id=\"109b88a\" data-element_type=\"container\" data-settings=\"{&quot;background_background&quot;:&quot;classic&quot;}\">\n\t\t\t\t<div class=\"elementor-element elementor-element-830e5c9 elementor-widget elementor-widget-heading\" data-id=\"830e5c9\" data-element_type=\"widget\" data-widget_type=\"heading.default\">\n\t\t\t\t\t<h2 class=\"elementor-heading-title elementor-size-default\">Contact<\/h2>\t\t\t\t<\/div>\n\t\t\t\t<div class=\"elementor-element elementor-element-11c3c2c elementor-widget elementor-widget-text-editor\" data-id=\"11c3c2c\" data-element_type=\"widget\" data-widget_type=\"text-editor.default\">\n\t\t\t\t\t\t\t\t\t<p><strong>Contactez-nous !<\/strong><br \/>Nous sommes \u00e0 votre disposition !<\/p><p><strong>Consultation t\u00e9l\u00e9phonique :<\/strong>\u00a0Vous pouvez nous joindre par t\u00e9l\u00e9phone.<br \/><strong>Entretiens personnels :<\/strong>\u00a0Prenez rendez-vous pour un entretien personnel<br \/><strong>Consultation en ligne :<\/strong>\u00a0Vous pouvez \u00e9galement nous joindre par e-mail.<\/p>\t\t\t\t\t\t\t\t<\/div>\n\t\t<div class=\"elementor-element elementor-element-4637869 e-con-full e-flex e-con e-child\" data-id=\"4637869\" data-element_type=\"container\">\n\t\t<div class=\"elementor-element elementor-element-1b2a5dc e-con-full e-flex e-con e-child\" data-id=\"1b2a5dc\" data-element_type=\"container\" data-settings=\"{&quot;background_background&quot;:&quot;classic&quot;}\">\n\t\t\t\t<div class=\"elementor-element elementor-element-ca3cd9f elementor-view-default elementor-widget elementor-widget-icon\" data-id=\"ca3cd9f\" data-element_type=\"widget\" data-widget_type=\"icon.default\">\n\t\t\t\t\t\t\t<div class=\"elementor-icon-wrapper\">\n\t\t\t<div class=\"elementor-icon\">\n\t\t\t<svg aria-hidden=\"true\" class=\"e-font-icon-svg e-fas-home\" viewbox=\"0 0 576 512\" xmlns=\"http:\/\/www.w3.org\/2000\/svg\"><path d=\"M280.37 148.26L96 300.11V464a16 16 0 0 0 16 16l112.06-.29a16 16 0 0 0 15.92-16V368a16 16 0 0 1 16-16h64a16 16 0 0 1 16 16v95.64a16 16 0 0 0 16 16.05L464 480a16 16 0 0 0 16-16V300L295.67 148.26a12.19 12.19 0 0 0-15.3 0zM571.6 251.47L488 182.56V44.05a12 12 0 0 0-12-12h-56a12 12 0 0 0-12 12v72.61L318.47 43a48 48 0 0 0-61 0L4.34 251.47a12 12 0 0 0-1.6 16.9l25.5 31A12 12 0 0 0 45.15 301l235.22-193.74a12.19 12.19 0 0 1 15.3 0L530.9 301a12 12 0 0 0 16.9-1.6l25.5-31a12 12 0 0 0-1.7-16.93z\"><\/path><\/svg>\t\t\t<\/div>\n\t\t<\/div>\n\t\t\t\t\t\t<\/div>\n\t\t\t\t<div class=\"elementor-element elementor-element-65bbf17 elementor-widget elementor-widget-text-editor\" data-id=\"65bbf17\" data-element_type=\"widget\" data-widget_type=\"text-editor.default\">\n\t\t\t\t\t\t\t\t\t<p><strong>Adresse :<\/strong><\/p><p>Centre de conseil \"L'homme de c\u0153ur<br \/>10, rue Georgstra\u00dfe<br \/>90439 Nuremberg<\/p>\t\t\t\t\t\t\t\t<\/div>\n\t\t\t\t<\/div>\n\t\t<div class=\"elementor-element elementor-element-b496e43 e-con-full e-flex e-con e-child\" data-id=\"b496e43\" data-element_type=\"container\" data-settings=\"{&quot;background_background&quot;:&quot;classic&quot;}\">\n\t\t\t\t<div class=\"elementor-element elementor-element-8df3768 elementor-widget elementor-widget-image\" data-id=\"8df3768\" data-element_type=\"widget\" data-widget_type=\"image.default\">\n\t\t\t\t\t\t\t\t\t\t\t\t\t\t\t<img decoding=\"async\" width=\"70\" height=\"70\" src=\"https:\/\/zsl.webwolfdesign.eu\/wp-content\/uploads\/2026\/01\/Hanna.png\" class=\"attachment-large size-large wp-image-2615\" alt=\"\" \/>\t\t\t\t\t\t\t\t\t\t\t\t\t\t\t<\/div>\n\t\t\t\t<div class=\"elementor-element elementor-element-7c0b604 elementor-widget elementor-widget-text-editor\" data-id=\"7c0b604\" data-element_type=\"widget\" data-widget_type=\"text-editor.default\">\n\t\t\t\t\t\t\t\t\t<p><strong>Hanna Jaeger<\/strong><br \/>Conseil <br \/><br \/><span style=\"font-family: -apple-system, BlinkMacSystemFont, 'Segoe UI', Roboto, 'Helvetica Neue', Arial, 'Noto Sans', sans-serif, 'Apple Color Emoji', 'Segoe UI Emoji', 'Segoe UI Symbol', 'Noto Color Emoji';\">T\u00e9l. : 0911 587 937 85<br \/><\/span>Mobile : 015904451398<\/p><p><a title=\"Ecrire un e-mail\" href=\"mailto:JaegerH@lhnbg.de\">Ecrire un e-mail<\/a><\/p>\t\t\t\t\t\t\t\t<\/div>\n\t\t\t\t<\/div>\n\t\t<div class=\"elementor-element elementor-element-8211eaa e-con-full e-flex e-con e-child\" data-id=\"8211eaa\" data-element_type=\"container\" data-settings=\"{&quot;background_background&quot;:&quot;classic&quot;}\">\n\t\t\t\t<div class=\"elementor-element elementor-element-03d27df elementor-widget elementor-widget-image\" data-id=\"03d27df\" data-element_type=\"widget\" data-widget_type=\"image.default\">\n\t\t\t\t\t\t\t\t\t\t\t\t\t\t\t<img decoding=\"async\" width=\"70\" height=\"70\" src=\"https:\/\/zsl.webwolfdesign.eu\/wp-content\/uploads\/2026\/01\/Kai.png\" class=\"attachment-large size-large wp-image-2614\" alt=\"\" \/>\t\t\t\t\t\t\t\t\t\t\t\t\t\t\t<\/div>\n\t\t\t\t<div class=\"elementor-element elementor-element-b23f0d5 elementor-widget elementor-widget-text-editor\" data-id=\"b23f0d5\" data-element_type=\"widget\" data-widget_type=\"text-editor.default\">\n\t\t\t\t\t\t\t\t\t<p><strong>Kai Ehrmann<\/strong><br \/>Conseil\u00a0<br \/><br \/>T\u00e9l. : 0911 587 937 86<br \/>Mobile : 015904909363<\/p><p><a title=\"Ecrire un e-mail\" href=\"mailto:EhrmannK@lhnbg.de\">Ecrire un email<\/a><\/p>\t\t\t\t\t\t\t\t<\/div>\n\t\t\t\t<\/div>\n\t\t<div class=\"elementor-element elementor-element-34d312d e-con-full e-flex e-con e-child\" data-id=\"34d312d\" data-element_type=\"container\" data-settings=\"{&quot;background_background&quot;:&quot;classic&quot;}\">\n\t\t\t\t<div class=\"elementor-element elementor-element-435c198 elementor-widget elementor-widget-image\" data-id=\"435c198\" data-element_type=\"widget\" data-widget_type=\"image.default\">\n\t\t\t\t\t\t\t\t\t\t\t\t\t\t\t<img loading=\"lazy\" decoding=\"async\" width=\"70\" height=\"70\" src=\"https:\/\/zsl.webwolfdesign.eu\/wp-content\/uploads\/2026\/01\/Anna.png\" class=\"attachment-large size-large wp-image-2616\" alt=\"\" \/>\t\t\t\t\t\t\t\t\t\t\t\t\t\t\t<\/div>\n\t\t\t\t<div class=\"elementor-element elementor-element-812f190 elementor-widget elementor-widget-text-editor\" data-id=\"812f190\" data-element_type=\"widget\" data-widget_type=\"text-editor.default\">\n\t\t\t\t\t\t\t\t\t<p><strong>Anna Zahner :<\/strong><br>Administration et relations publiques&nbsp;<br><span style=\"font-family: -apple-system, BlinkMacSystemFont, &quot;Segoe UI&quot;, Roboto, &quot;Helvetica Neue&quot;, Arial, &quot;Noto Sans&quot;, sans-serif, &quot;Apple Color Emoji&quot;, &quot;Segoe UI Emoji&quot;, &quot;Segoe UI Symbol&quot;, &quot;Noto Color Emoji&quot;; font-size: 1rem;\">T\u00e9l. : 0911 5 87 93767<br><\/span><span style=\"font-family: -apple-system, BlinkMacSystemFont, &quot;Segoe UI&quot;, Roboto, &quot;Helvetica Neue&quot;, Arial, &quot;Noto Sans&quot;, sans-serif, &quot;Apple Color Emoji&quot;, &quot;Segoe UI Emoji&quot;, &quot;Segoe UI Symbol&quot;, &quot;Noto Color Emoji&quot;; font-size: 1rem;\">Portable : 01590\/4909344<\/span><\/p>\n<p><a title=\"Ecrire un e-mail\" href=\"mailto:ZahnerA@lhnbg.de\">Ecrire un email<\/a><\/p>\t\t\t\t\t\t\t\t<\/div>\n\t\t\t\t<\/div>\n\t\t\t\t<\/div>\n\t\t\t\t<\/div>\n\t\t\t\t<\/div>\n\t\t\t\t<\/div>\n\t\t\t\t<\/div>\n\t\t\t\t\t<\/div>\n\t\t\t\t<\/div>\n\t\t\t\t<\/div>\n\t\t\t\t<\/main>\n\t\t\t\t<\/div>","protected":false},"excerpt":{"rendered":"<p>Seite in einfacher Sprache Herzensmensch Begegnung &#8211; Beratung &#8211; Vermittlung Liebe und Freundschaft kennt keine Barrieren\u00a0 Was ist Herzens-Mensch? Herzlich willkommen bei Herzens-Mensch. Wir sind eine Beratungsstelle f\u00fcr Menschen mit Beeintr\u00e4chtigung.Wir beraten und informieren zu diesen Themen: Liebe Beziehung Freundschaft Sexualit\u00e4t selbstbestimmte Sexualit\u00e4t Selbst-St\u00e4rkung (Empowerment) Zu uns k\u00f6nnen kommen:Menschen mit Beeintr\u00e4chtigung, Paare mit Beeintr\u00e4chtigung, Angeh\u00f6rige [&hellip;]<\/p>","protected":false},"author":1,"featured_media":0,"parent":0,"menu_order":0,"comment_status":"closed","ping_status":"closed","template":"","meta":{"footnotes":""},"class_list":["post-2694","page","type-page","status-publish","hentry"],"_hostinger_reach_plugin_has_subscription_block":false,"_hostinger_reach_plugin_is_elementor":false,"_links":{"self":[{"href":"https:\/\/zsl.webwolfdesign.eu\/fr\/wp-json\/wp\/v2\/pages\/2694","targetHints":{"allow":["GET"]}}],"collection":[{"href":"https:\/\/zsl.webwolfdesign.eu\/fr\/wp-json\/wp\/v2\/pages"}],"about":[{"href":"https:\/\/zsl.webwolfdesign.eu\/fr\/wp-json\/wp\/v2\/types\/page"}],"author":[{"embeddable":true,"href":"https:\/\/zsl.webwolfdesign.eu\/fr\/wp-json\/wp\/v2\/users\/1"}],"replies":[{"embeddable":true,"href":"https:\/\/zsl.webwolfdesign.eu\/fr\/wp-json\/wp\/v2\/comments?post=2694"}],"version-history":[{"count":13,"href":"https:\/\/zsl.webwolfdesign.eu\/fr\/wp-json\/wp\/v2\/pages\/2694\/revisions"}],"predecessor-version":[{"id":3602,"href":"https:\/\/zsl.webwolfdesign.eu\/fr\/wp-json\/wp\/v2\/pages\/2694\/revisions\/3602"}],"wp:attachment":[{"href":"https:\/\/zsl.webwolfdesign.eu\/fr\/wp-json\/wp\/v2\/media?parent=2694"}],"curies":[{"name":"wp","href":"https:\/\/api.w.org\/{rel}","templated":true}]}}