{"id":2715,"date":"2026-01-25T10:12:07","date_gmt":"2026-01-25T10:12:07","guid":{"rendered":"https:\/\/zsl.webwolfdesign.eu\/?page_id=2715"},"modified":"2026-01-25T20:33:30","modified_gmt":"2026-01-25T20:33:30","slug":"froschatmung","status":"publish","type":"page","link":"https:\/\/zsl.webwolfdesign.eu\/fr\/froschatmung\/","title":{"rendered":"Respiration de la grenouille"},"content":{"rendered":"<div data-elementor-type=\"wp-page\" data-elementor-id=\"2715\" class=\"elementor elementor-2715\" data-elementor-post-type=\"page\">\n\t\t\t\t<main class=\"elementor-element elementor-element-4b1e20d e-con-full e-flex e-con e-parent\" data-id=\"4b1e20d\" data-element_type=\"container\">\n\t\t<main class=\"elementor-element elementor-element-972cc32 e-con-full e-flex e-con e-child\" data-id=\"972cc32\" data-element_type=\"container\" data-settings=\"{&quot;background_background&quot;:&quot;classic&quot;}\">\n\t\t<div class=\"elementor-element elementor-element-fa27d62 e-con-full e-flex e-con e-child\" data-id=\"fa27d62\" data-element_type=\"container\">\n\t\t<div class=\"elementor-element elementor-element-b088417 e-con-full e-flex e-con e-child\" data-id=\"b088417\" data-element_type=\"container\" data-settings=\"{&quot;background_background&quot;:&quot;gradient&quot;}\">\n\t\t\t\t<div class=\"elementor-element elementor-element-613c536 elementor-widget elementor-widget-text-editor\" data-id=\"613c536\" data-element_type=\"widget\" data-widget_type=\"text-editor.default\">\n\t\t\t\t\t\t\t\t\t<p>Projekt 2011 &#8211; 2013<\/p>\t\t\t\t\t\t\t\t<\/div>\n\t\t\t\t<div class=\"elementor-element elementor-element-fefd9f5 elementor-widget elementor-widget-heading\" data-id=\"fefd9f5\" data-element_type=\"widget\" data-widget_type=\"heading.default\">\n\t\t\t\t\t<h2 class=\"elementor-heading-title elementor-size-default\">Respiration de la grenouille<\/h2>\t\t\t\t<\/div>\n\t\t\t\t<div class=\"elementor-element elementor-element-8b224a2 elementor-widget elementor-widget-text-editor\" data-id=\"8b224a2\" data-element_type=\"widget\" data-widget_type=\"text-editor.default\">\n\t\t\t\t\t\t\t\t\t<p>Formation et conseil<\/p>\t\t\t\t\t\t\t\t<\/div>\n\t\t\t\t<\/div>\n\t\t<div class=\"elementor-element elementor-element-5eb4ea2 e-con-full e-flex e-con e-child\" data-id=\"5eb4ea2\" data-element_type=\"container\">\n\t\t\t\t<div class=\"elementor-element elementor-element-999af67 elementor-widget elementor-widget-image\" data-id=\"999af67\" data-element_type=\"widget\" data-widget_type=\"image.default\">\n\t\t\t\t\t\t\t\t\t\t\t\t\t\t\t<img decoding=\"async\" src=\"https:\/\/zsl.webwolfdesign.eu\/wp-content\/uploads\/2026\/01\/news_froschatmung_2.jpg\" title=\"\" alt=\"\" loading=\"lazy\" \/>\t\t\t\t\t\t\t\t\t\t\t\t\t\t\t<\/div>\n\t\t\t\t<\/div>\n\t\t\t\t<\/div>\n\t\t<div class=\"elementor-element elementor-element-7081f62 e-flex e-con-boxed e-con e-child\" data-id=\"7081f62\" data-element_type=\"container\">\n\t\t\t\t\t<div class=\"e-con-inner\">\n\t\t<div class=\"elementor-element elementor-element-2bf6269 e-con-full e-flex e-con e-child\" data-id=\"2bf6269\" data-element_type=\"container\" data-settings=\"{&quot;background_background&quot;:&quot;classic&quot;}\">\n\t\t<div class=\"elementor-element elementor-element-111738b e-con-full e-flex e-con e-child\" data-id=\"111738b\" data-element_type=\"container\" data-settings=\"{&quot;background_background&quot;:&quot;classic&quot;}\">\n\t\t<div class=\"elementor-element elementor-element-4bdf94c e-con-full e-flex e-con e-child\" data-id=\"4bdf94c\" data-element_type=\"container\" data-settings=\"{&quot;background_background&quot;:&quot;classic&quot;}\">\n\t\t<div class=\"elementor-element elementor-element-5c87614 e-con-full e-flex e-con e-child\" data-id=\"5c87614\" data-element_type=\"container\" data-settings=\"{&quot;background_background&quot;:&quot;classic&quot;}\">\n\t\t\t\t<div class=\"elementor-element elementor-element-046f3a2 elementor-widget elementor-widget-heading\" data-id=\"046f3a2\" data-element_type=\"widget\" data-widget_type=\"heading.default\">\n\t\t\t\t\t<h2 class=\"elementor-heading-title elementor-size-default\">Das Projekt \"Froschatmung - Schulungen und Beratung\"<\/h2>\t\t\t\t<\/div>\n\t\t\t\t<div class=\"elementor-element elementor-element-da48079 elementor-widget elementor-widget-text-editor\" data-id=\"da48079\" data-element_type=\"widget\" data-widget_type=\"text-editor.default\">\n\t\t\t\t\t\t\t\t\t<p>Die Froschatmung ist eine Technik, mit der man mit Hilfe der Mund-Rachen-Muskulatur Luft in die Lunge schlucken kann. Damit man die Technik gut anwenden kann, muss sie gelehrt und ge\u00fcbt werden. Im Projekt wurden bundesweit Schulungen angeboten, dadurch konnte die Froschatmung in Deutschland breitfl\u00e4chig bekannt gemacht werden.<\/p><p>Zielgruppen waren und sind k\u00f6rperbehinderte Menschen, die von maschineller Beatmung abh\u00e4ngig sind aber auch PhysiotherapeutInnen, AtemtherapeutInnen, Logop\u00e4dInnen und Angeh\u00f6rige anderer medizinischer Berufe sollten angesprochen werden.<\/p><p>Durch die Froschatmung k\u00f6nnnen beatmete Menschen erfahren, dass ihr Leben unter Umst\u00e4nden nicht v\u00f6llig von Beatmungsmaschinen abh\u00e4ngig ist, sondern dass durch die Froschatmung kurze oder auch l\u00e4ngere Zeitr\u00e4ume \u00fcberbr\u00fcckt werden k\u00f6nnen.<\/p><p>Wir bieten auch weiterhin Workshops und Schulungen zum Thema Glossopharyngeale (Frosch-) Atmung an.<\/p><p>Artikel in Gepflegt Durchatmen, Oktober 2019 von Marcel Renz:\u00a0<br \/><a title=\"Froschatmung und Freitauchen\" href=\"https:\/\/www.zsl-erlangen.de\/fileadmin\/admin\/Redaktion\/OBA\/PDF\/Froschatmung_und_Freitauchen.pdf\" target=\"_blank\" rel=\"noopener\">Froschatmung und Freitauchen &#8211; ein kongeniales Duo\u00a0<i class=\"fa fa-forward\"><\/i><\/a><\/p>\t\t\t\t\t\t\t\t<\/div>\n\t\t\t\t<div class=\"elementor-element elementor-element-875ab55 elementor-widget elementor-widget-video\" data-id=\"875ab55\" data-element_type=\"widget\" data-settings=\"{&quot;youtube_url&quot;:&quot;https:\\\/\\\/youtu.be\\\/WIaR4p2NPkE?si=-ns0C7mEmBdUKGjM&quot;,&quot;video_type&quot;:&quot;youtube&quot;,&quot;controls&quot;:&quot;yes&quot;}\" data-widget_type=\"video.default\">\n\t\t\t\t\t\t\t<div class=\"elementor-wrapper elementor-open-inline\">\n\t\t\t<div class=\"elementor-video\"><\/div>\t\t<\/div>\n\t\t\t\t\t\t<\/div>\n\t\t\t\t<\/div>\n\t\t\t\t<\/div>\n\t\t\t\t<\/div>\n\t\t\t\t<\/div>\n\t\t\t\t\t<\/div>\n\t\t\t\t<\/div>\n\t\t\t\t<\/main>\n\t\t\t\t<\/main>\n\t\t\t\t<\/div>","protected":false},"excerpt":{"rendered":"<p>Projekt 2011 &#8211; 2013 Froschatmung Schulungen und Beratung Das Projekt &#8222;Froschatmung &#8211; Schulungen und Beratung&#8220; Die Froschatmung ist eine Technik, mit der man mit Hilfe der Mund-Rachen-Muskulatur Luft in die Lunge schlucken kann. Damit man die Technik gut anwenden kann, muss sie gelehrt und ge\u00fcbt werden. Im Projekt wurden bundesweit Schulungen angeboten, dadurch konnte die [&hellip;]<\/p>","protected":false},"author":1,"featured_media":0,"parent":0,"menu_order":0,"comment_status":"closed","ping_status":"closed","template":"","meta":{"footnotes":""},"class_list":["post-2715","page","type-page","status-publish","hentry"],"_hostinger_reach_plugin_has_subscription_block":false,"_hostinger_reach_plugin_is_elementor":false,"_links":{"self":[{"href":"https:\/\/zsl.webwolfdesign.eu\/fr\/wp-json\/wp\/v2\/pages\/2715","targetHints":{"allow":["GET"]}}],"collection":[{"href":"https:\/\/zsl.webwolfdesign.eu\/fr\/wp-json\/wp\/v2\/pages"}],"about":[{"href":"https:\/\/zsl.webwolfdesign.eu\/fr\/wp-json\/wp\/v2\/types\/page"}],"author":[{"embeddable":true,"href":"https:\/\/zsl.webwolfdesign.eu\/fr\/wp-json\/wp\/v2\/users\/1"}],"replies":[{"embeddable":true,"href":"https:\/\/zsl.webwolfdesign.eu\/fr\/wp-json\/wp\/v2\/comments?post=2715"}],"version-history":[{"count":13,"href":"https:\/\/zsl.webwolfdesign.eu\/fr\/wp-json\/wp\/v2\/pages\/2715\/revisions"}],"predecessor-version":[{"id":2967,"href":"https:\/\/zsl.webwolfdesign.eu\/fr\/wp-json\/wp\/v2\/pages\/2715\/revisions\/2967"}],"wp:attachment":[{"href":"https:\/\/zsl.webwolfdesign.eu\/fr\/wp-json\/wp\/v2\/media?parent=2715"}],"curies":[{"name":"wp","href":"https:\/\/api.w.org\/{rel}","templated":true}]}}