{"id":2743,"date":"2026-01-25T10:57:59","date_gmt":"2026-01-25T10:57:59","guid":{"rendered":"https:\/\/zsl.webwolfdesign.eu\/?page_id=2743"},"modified":"2026-04-16T12:24:11","modified_gmt":"2026-04-16T12:24:11","slug":"persoenliches-budget","status":"publish","type":"page","link":"https:\/\/zsl.webwolfdesign.eu\/fr\/persoenliches-budget\/","title":{"rendered":"Budget personnel"},"content":{"rendered":"<div data-elementor-type=\"wp-page\" data-elementor-id=\"2743\" class=\"elementor elementor-2743\" data-elementor-post-type=\"page\">\n\t\t\t\t<main class=\"elementor-element elementor-element-b4af965 e-con-full e-flex e-con e-parent\" data-id=\"b4af965\" data-element_type=\"container\">\n\t\t<main class=\"elementor-element elementor-element-4336cf9 e-con-full e-flex e-con e-child\" data-id=\"4336cf9\" data-element_type=\"container\" data-settings=\"{&quot;background_background&quot;:&quot;classic&quot;}\">\n\t\t<div class=\"elementor-element elementor-element-d135b47 e-con-full e-flex e-con e-child\" data-id=\"d135b47\" data-element_type=\"container\">\n\t\t<div class=\"elementor-element elementor-element-57d33c2 e-con-full e-flex e-con e-child\" data-id=\"57d33c2\" data-element_type=\"container\" data-settings=\"{&quot;background_background&quot;:&quot;gradient&quot;}\">\n\t\t\t\t<div class=\"elementor-element elementor-element-f35b21a elementor-widget elementor-widget-text-editor\" data-id=\"f35b21a\" data-element_type=\"widget\" data-widget_type=\"text-editor.default\">\n\t\t\t\t\t\t\t\t\t<p>Projekt 2006 &#8211; 2010<\/p>\t\t\t\t\t\t\t\t<\/div>\n\t\t\t\t<div class=\"elementor-element elementor-element-98270ff elementor-widget elementor-widget-heading\" data-id=\"98270ff\" data-element_type=\"widget\" data-widget_type=\"heading.default\">\n\t\t\t\t\t<h2 class=\"elementor-heading-title elementor-size-default\">Budget personnel<\/h2>\t\t\t\t<\/div>\n\t\t\t\t<div class=\"elementor-element elementor-element-bbf5a33 elementor-widget elementor-widget-text-editor\" data-id=\"bbf5a33\" data-element_type=\"widget\" data-widget_type=\"text-editor.default\">\n\t\t\t\t\t\t\t\t\t<p>Leistungen flexibel einkaufen<\/p>\t\t\t\t\t\t\t\t<\/div>\n\t\t\t\t<\/div>\n\t\t<div class=\"elementor-element elementor-element-107b111 e-con-full e-flex e-con e-child\" data-id=\"107b111\" data-element_type=\"container\">\n\t\t\t\t<div class=\"elementor-element elementor-element-cd8fc51 elementor-widget elementor-widget-image\" data-id=\"cd8fc51\" data-element_type=\"widget\" data-widget_type=\"image.default\">\n\t\t\t\t\t\t\t\t\t\t\t\t\t\t\t<img fetchpriority=\"high\" decoding=\"async\" width=\"1500\" height=\"630\" src=\"https:\/\/zsl.webwolfdesign.eu\/wp-content\/uploads\/2026\/01\/Pers.-Budget.jpg\" class=\"attachment-full size-full wp-image-2746\" alt=\"\" srcset=\"https:\/\/zsl.webwolfdesign.eu\/wp-content\/uploads\/2026\/01\/Pers.-Budget.jpg 1500w, https:\/\/zsl.webwolfdesign.eu\/wp-content\/uploads\/2026\/01\/Pers.-Budget-300x126.jpg 300w, https:\/\/zsl.webwolfdesign.eu\/wp-content\/uploads\/2026\/01\/Pers.-Budget-1024x430.jpg 1024w, https:\/\/zsl.webwolfdesign.eu\/wp-content\/uploads\/2026\/01\/Pers.-Budget-768x323.jpg 768w\" sizes=\"(max-width: 1500px) 100vw, 1500px\" \/>\t\t\t\t\t\t\t\t\t\t\t\t\t\t\t<\/div>\n\t\t\t\t<\/div>\n\t\t\t\t<\/div>\n\t\t<div class=\"elementor-element elementor-element-8cd503a e-flex e-con-boxed e-con e-child\" data-id=\"8cd503a\" data-element_type=\"container\">\n\t\t\t\t\t<div class=\"e-con-inner\">\n\t\t<div class=\"elementor-element elementor-element-8c31269 e-con-full e-flex e-con e-child\" data-id=\"8c31269\" data-element_type=\"container\" data-settings=\"{&quot;background_background&quot;:&quot;classic&quot;}\">\n\t\t<div class=\"elementor-element elementor-element-5e6e393 e-con-full e-flex e-con e-child\" data-id=\"5e6e393\" data-element_type=\"container\" data-settings=\"{&quot;background_background&quot;:&quot;classic&quot;}\">\n\t\t<div class=\"elementor-element elementor-element-c800f68 e-con-full e-flex e-con e-child\" data-id=\"c800f68\" data-element_type=\"container\" data-settings=\"{&quot;background_background&quot;:&quot;classic&quot;}\">\n\t\t<div class=\"elementor-element elementor-element-6615f80 e-con-full e-flex e-con e-child\" data-id=\"6615f80\" data-element_type=\"container\" data-settings=\"{&quot;background_background&quot;:&quot;classic&quot;}\">\n\t\t\t\t<div class=\"elementor-element elementor-element-c594625 elementor-widget elementor-widget-heading\" data-id=\"c594625\" data-element_type=\"widget\" data-widget_type=\"heading.default\">\n\t\t\t\t\t<h2 class=\"elementor-heading-title elementor-size-default\">Das Projekt \"Integration jetzt! Selbstbestimmt leben mit Pers\u00f6nlichen Budget\"<\/h2>\t\t\t\t<\/div>\n\t\t\t\t<div class=\"elementor-element elementor-element-9c15a88 elementor-widget elementor-widget-text-editor\" data-id=\"9c15a88\" data-element_type=\"widget\" data-widget_type=\"text-editor.default\">\n\t\t\t\t\t\t\t\t\t<p>Ziel des Projekt war der Aufbau eines regionalen, unabh\u00e4ngigen Beratungsangebotes zum Pers\u00f6nlichen Budget f\u00fcr BudgetnehmerInnen und BudgetinteressentInnen. KlientInnen wurden bei der Durchsetzung ihrer Belange bei Kostentr\u00e4gern und Diensten unterst\u00fctzt. Ein weiterer Schwerpunkt des Projekts war die Bewusstseinsbildung bei politischen Entscheidungstr\u00e4gern.<\/p><p>Die Beratungsstelle konnte sich erfolgreich als Anlaufstelle f\u00fcr Menschen mit Behinderung, deren Angeh\u00f6rige, Kostentr\u00e4ger und Leistungserbringer sowie f\u00fcr andere Beratungsstellen etablieren.<\/p>\t\t\t\t\t\t\t\t<\/div>\n\t\t\t\t<div class=\"elementor-element elementor-element-e1c4dbf elementor-widget elementor-widget-heading\" data-id=\"e1c4dbf\" data-element_type=\"widget\" data-widget_type=\"heading.default\">\n\t\t\t\t\t<h2 class=\"elementor-heading-title elementor-size-default\">Pers\u00f6nliches Budget \u2013 kurz erkl\u00e4rt<\/h2>\t\t\t\t<\/div>\n\t\t\t\t<div class=\"elementor-element elementor-element-813fb7b elementor-widget elementor-widget-text-editor\" data-id=\"813fb7b\" data-element_type=\"widget\" data-widget_type=\"text-editor.default\">\n\t\t\t\t\t\t\t\t\t<p data-start=\"40\" data-end=\"707\"><strong data-start=\"40\" data-end=\"98\">Was ist das Pers\u00f6nliche Budget und wer kann es nutzen?<\/strong><br data-start=\"98\" data-end=\"101\" \/>Das pers\u00f6nliche Budget kann in Form einer <strong>Geldleistung<\/strong> (im Arbeitgebermodell) oder in Form einer <strong>Sachleistung<\/strong> (\u00fcber einen Assistenz-\/Pflegedienst) bezogen werden. Es unterst\u00fctzt behinderte und von Behinderung bedrohte Menschen, die im Alltag, Beruf oder in der Freizeit <strong data-start=\"250\" data-end=\"276\">Unterst\u00fctzung brauchen<\/strong> und diese sonst nicht bezahlen k\u00f6nnten. Es gilt auch f\u00fcr <strong data-start=\"334\" data-end=\"355\">behinderte Kinder<\/strong> und f\u00fcr Menschen, die das Budget <strong data-start=\"389\" data-end=\"415\">nicht selbst verwalten<\/strong> k\u00f6nnen. Mit dem Budget k\u00f6nnen Sie <strong data-start=\"450\" data-end=\"499\" data-is-only-node=\"\">Reha- und Teilhabeleistungen selbst einkaufen<\/strong> (Geld statt Sach- oder Dienstleistungen). Es gibt einen <strong data-start=\"556\" data-end=\"574\">Rechtsanspruch<\/strong>, aber Sie m\u00fcssen es <strong data-start=\"595\" data-end=\"609\">demander<\/strong>. Wenn mehrere Kostentr\u00e4ger beteiligt sind, hei\u00dft es <strong data-start=\"662\" data-end=\"706\">tr\u00e4ger\u00fcbergreifendes Pers\u00f6nliches Budget<\/strong>.<\/p><p data-start=\"709\" data-end=\"744\"><strong data-start=\"709\" data-end=\"742\">Wof\u00fcr kann man es beantragen?<\/strong><\/p><ul data-start=\"745\" data-end=\"1042\"><li data-start=\"745\" data-end=\"815\"><p data-start=\"747\" data-end=\"815\"><strong data-start=\"747\" data-end=\"767\">Soziale Teilhabe<\/strong> (z. B. Mobilit\u00e4ts- oder Kommunikationshilfen)<\/p><\/li><li data-start=\"816\" data-end=\"887\"><p data-start=\"818\" data-end=\"887\"><strong data-start=\"818\" data-end=\"846\">Teilhabe am Arbeitsleben<\/strong> (z. B. Arbeits- oder Studienassistenz)<\/p><\/li><li data-start=\"888\" data-end=\"1042\"><p data-start=\"890\" data-end=\"1042\"><strong data-start=\"890\" data-end=\"921\">Medizinische Rehabilitation<\/strong> (z. B. Hilfen zur Pflege)<br data-start=\"947\" data-end=\"950\" \/>Nicht bezahlt werden Kosten des normalen Lebens wie <strong data-start=\"1002\" data-end=\"1041\">Miete, Heizung, Strom, Lebensmittel<\/strong>.<\/p><\/li><\/ul><p data-start=\"1044\" data-end=\"1097\"><strong data-start=\"1044\" data-end=\"1095\">Wie kommt man zum Pers\u00f6nlichen Budget (Ablauf)?<\/strong><\/p><ol data-start=\"1098\" data-end=\"2100\"><li data-start=\"1098\" data-end=\"1134\"><p data-start=\"1101\" data-end=\"1134\"><strong data-start=\"1101\" data-end=\"1120\">Beratungstermin<\/strong> vereinbaren<\/p><\/li><li data-start=\"1135\" data-end=\"1194\"><p data-start=\"1138\" data-end=\"1194\"><strong data-start=\"1138\" data-end=\"1162\">Unterst\u00fctzungsbedarf<\/strong> ermitteln (t\u00e4glich\/monatlich)<\/p><\/li><li data-start=\"1195\" data-end=\"1626\"><p data-start=\"1198\" data-end=\"1271\"><strong data-start=\"1198\" data-end=\"1219\">Kostenvoranschlag<\/strong> erstellen (mit Beratung und ggf. Lohnbuchhaltung)<\/p><ul data-start=\"1275\" data-end=\"1626\"><li data-start=\"1275\" data-end=\"1626\"><p data-start=\"1277\" data-end=\"1626\">Organisation w\u00e4hlen:<br data-start=\"1297\" data-end=\"1300\" \/><strong data-start=\"1305\" data-end=\"1333\">a) Dienstleister-Modell:<\/strong> Vertrag mit ambulantem Dienst; Dienst stellt Personal, erbringt Leistungen (bis 24h m\u00f6glich) und rechnet ab.<br data-start=\"1442\" data-end=\"1445\" \/><strong data-start=\"1450\" data-end=\"1475\">b) Arbeitgebermodell:<\/strong> Sie stellen Assistenzkr\u00e4fte selbst ein; Lohnabrechnung kann ein Lohnb\u00fcro \u00fcbernehmen\u00a0<\/p><\/li><\/ul><\/li><li data-start=\"1627\" data-end=\"1859\"><p data-start=\"1630\" data-end=\"1859\"><strong data-start=\"1630\" data-end=\"1640\">Demande<\/strong> beim zust\u00e4ndigen <strong data-start=\"1658\" data-end=\"1690\">Leistungstr\u00e4ger\/Kostentr\u00e4ger<\/strong> stellen (je nach Bedarf), z. B.: Kranken-\/Pflegekasse, Renten-\/Unfallversicherung, Jugend-\/Sozialhilfe, Eingliederungshilfe, Integrationsamt, Agentur f\u00fcr Arbeit u. a.<\/p><\/li><li data-start=\"1860\" data-end=\"2023\"><p data-start=\"1863\" data-end=\"2023\"><strong data-start=\"1863\" data-end=\"1882\">Budgetkonferenz<\/strong> (bei mehreren Kostentr\u00e4gern): ein Ansprechpartner wird festgelegt; Bedarf, H\u00f6he und Dauer werden verhandelt; danach ggf. sp\u00e4ter Anpassung.<\/p><\/li><li data-start=\"2024\" data-end=\"2100\"><p data-start=\"2027\" data-end=\"2100\"><strong data-start=\"2027\" data-end=\"2047\">Zielvereinbarung<\/strong>: schriftlich festhalten (H\u00f6he, Zeitraum, Nachweise).<\/p><\/li><\/ol><p data-start=\"2102\" data-end=\"2403\"><strong data-start=\"2102\" data-end=\"2124\">Vor- und Nachteile<\/strong><br data-start=\"2124\" data-end=\"2127\" \/><strong data-start=\"2127\" data-end=\"2140\">Vorteile:<\/strong> plus <strong data-start=\"2146\" data-end=\"2164\">Unabh\u00e4ngigkeit<\/strong>, nicht an einen Anbieter gebunden, Hilfen <strong data-start=\"2207\" data-end=\"2223\">kombinierbar<\/strong> (z. B. teils Dienst, teils eigene Assistenz).<br data-start=\"2269\" data-end=\"2272\" \/><strong data-start=\"2272\" data-end=\"2286\">Nachteile:<\/strong> plus <strong data-start=\"2292\" data-end=\"2333\">Organisations- und Verwaltungsaufwand<\/strong>, besonders im Arbeitgebermodell (Personalsuche, Planung, Abrechnung).<\/p>\t\t\t\t\t\t\t\t<\/div>\n\t\t\t\t<\/div>\n\t\t\t\t<\/div>\n\t\t\t\t<\/div>\n\t\t\t\t<\/div>\n\t\t\t\t\t<\/div>\n\t\t\t\t<\/div>\n\t\t\t\t<\/main>\n\t\t\t\t<\/main>\n\t\t\t\t<\/div>","protected":false},"excerpt":{"rendered":"<p>Projekt 2006 &#8211; 2010 Pers\u00f6nliches Budget Leistungen flexibel einkaufen Das Projekt &#8222;Integration jetzt! Selbstbestimmt leben mit Pers\u00f6nlichen Budget&#8220; Ziel des Projekt war der Aufbau eines regionalen, unabh\u00e4ngigen Beratungsangebotes zum Pers\u00f6nlichen Budget f\u00fcr BudgetnehmerInnen und BudgetinteressentInnen. KlientInnen wurden bei der Durchsetzung ihrer Belange bei Kostentr\u00e4gern und Diensten unterst\u00fctzt. Ein weiterer Schwerpunkt des Projekts war die Bewusstseinsbildung [&hellip;]<\/p>","protected":false},"author":1,"featured_media":0,"parent":0,"menu_order":0,"comment_status":"closed","ping_status":"closed","template":"","meta":{"footnotes":""},"class_list":["post-2743","page","type-page","status-publish","hentry"],"_hostinger_reach_plugin_has_subscription_block":false,"_hostinger_reach_plugin_is_elementor":false,"_links":{"self":[{"href":"https:\/\/zsl.webwolfdesign.eu\/fr\/wp-json\/wp\/v2\/pages\/2743","targetHints":{"allow":["GET"]}}],"collection":[{"href":"https:\/\/zsl.webwolfdesign.eu\/fr\/wp-json\/wp\/v2\/pages"}],"about":[{"href":"https:\/\/zsl.webwolfdesign.eu\/fr\/wp-json\/wp\/v2\/types\/page"}],"author":[{"embeddable":true,"href":"https:\/\/zsl.webwolfdesign.eu\/fr\/wp-json\/wp\/v2\/users\/1"}],"replies":[{"embeddable":true,"href":"https:\/\/zsl.webwolfdesign.eu\/fr\/wp-json\/wp\/v2\/comments?post=2743"}],"version-history":[{"count":22,"href":"https:\/\/zsl.webwolfdesign.eu\/fr\/wp-json\/wp\/v2\/pages\/2743\/revisions"}],"predecessor-version":[{"id":4168,"href":"https:\/\/zsl.webwolfdesign.eu\/fr\/wp-json\/wp\/v2\/pages\/2743\/revisions\/4168"}],"wp:attachment":[{"href":"https:\/\/zsl.webwolfdesign.eu\/fr\/wp-json\/wp\/v2\/media?parent=2743"}],"curies":[{"name":"wp","href":"https:\/\/api.w.org\/{rel}","templated":true}]}}