{"id":3182,"date":"2026-01-28T12:13:07","date_gmt":"2026-01-28T12:13:07","guid":{"rendered":"https:\/\/zsl.webwolfdesign.eu\/?page_id=3182"},"modified":"2026-04-16T12:35:47","modified_gmt":"2026-04-16T12:35:47","slug":"stellenangebot-teamleitung","status":"publish","type":"page","link":"https:\/\/zsl.webwolfdesign.eu\/fr\/stellenangebot-teamleitung\/","title":{"rendered":"Stellenangebot-Teamleitung"},"content":{"rendered":"<div data-elementor-type=\"wp-page\" data-elementor-id=\"3182\" class=\"elementor elementor-3182\" data-elementor-post-type=\"page\">\n\t\t\t\t<div class=\"elementor-element elementor-element-5897030 e-con-full e-flex e-con e-parent\" data-id=\"5897030\" data-element_type=\"container\" data-settings=\"{&quot;background_background&quot;:&quot;classic&quot;}\">\n\t\t<div class=\"elementor-element elementor-element-e70512f e-flex e-con-boxed e-con e-child\" data-id=\"e70512f\" data-element_type=\"container\">\n\t\t\t\t\t<div class=\"e-con-inner\">\n\t\t<div class=\"elementor-element elementor-element-588dc43 e-con-full e-flex e-con e-child\" data-id=\"588dc43\" data-element_type=\"container\" data-settings=\"{&quot;background_background&quot;:&quot;classic&quot;}\">\n\t\t\t\t<div class=\"elementor-element elementor-element-677444f elementor-widget elementor-widget-text-editor\" data-id=\"677444f\" data-element_type=\"widget\" data-widget_type=\"text-editor.default\">\n\t\t\t\t\t\t\t\t\t<div class=\"row\"><div class=\"col-12 col-lg-9\"><h2><strong><span style=\"color: #b80e0e;\">Teamleitung (m\/w\/d) in Voll- oder Teilzeit\u00a0<br \/>(mind. 30 Std.\/pro Woche )<\/span><\/strong><\/h2><\/div><\/div><div class=\"row\"><div class=\"col-12 col-lg-9 unterseitenText\"><p><strong>Zu ihren Aufgaben geh\u00f6ren: <\/strong><\/p><ul><li>Begleitung bestehender Kundenteams<\/li><li>Einsatzplanung sowie Vertretungsorganisation bei Dienstausf\u00e4llen<\/li><li>Team- und MA Gespr\u00e4che<\/li><li>Sicherung, \u00dcberwachung und kontinuierliche Verbesserung der kundenbezogenen Pflegequalit\u00e4t, Pflegedokumentation und der Pflegeorganisation<\/li><li>Mitwirkung bei der Planung und Organisation und ggf. Durchf\u00fchrung innerbetrieblicher Schulungs- und Fortbildungsma\u00dfnahmen<\/li><li>Korrespondenz und Antragstellung mit den jeweiligen Kostentr\u00e4gern<\/li><li>Gew\u00e4hrleistung einer ganzheitlichen Pflege sowie Begleitung der Kund*innen im Sinne einer ganzheitlichen Hilfestellung unter Ber\u00fccksichtigung der Selbstbestimmung unserer Kund*innen<\/li><\/ul><p><strong>Das bringen sie mit:<\/strong><\/p><ul><li>Abgeschlossene Ausbildung zur Pflegefachkraft<\/li><li>Lust auf eine Teamleitungst\u00e4tigkeit<\/li><li>Empathie, Organisationsst\u00e4rke, klare Kommunikation und ein Herz f\u00fcr Pflegequalit\u00e4t, fachliche und soziale Kompetenz sowie ausgepr\u00e4gte Orientierung an Kund*innen<\/li><li>Eigenverantwortliche und gewissenhafte Arbeitsweise, strukturiertes Denken und Handeln<\/li><li>Gute EDV-Anwenderkenntnisse<\/li><\/ul><p><strong>Das macht ihren Arbeitsplatz bei uns besonders lebenswert:<\/strong><\/p><ul><li>Einen sinnhaften Job, der k\u00f6rperbehinderten Menschen eine Chance auf ein selbstbestimmtes Leben in Ihrer eigenen Wohnung erm\u00f6glicht<\/li><li>Eine wertsch\u00e4tzende Firmenkultur und ein kollegiales Betriebsklima<\/li><li>Familienfreundliche Arbeitszeiten<\/li><li>Unbefristete Festanstellung<\/li><li>Verg\u00fctung in Anlehnung AVR Diakonie Bayern<\/li><li>30 Tage Urlaub in einer 5 Tage Woche<\/li><li>Jahressonderzahlung in H\u00f6he von 85% einer Monatsverg\u00fctung<\/li><li>Betriebliche Altersvorsorge<br \/><br \/><\/li><\/ul><p><strong>Interesse geweckt?<\/strong><br \/>Wir freuen uns auf Ihre Bewerbung. Bitte senden Sie Ihre Bewerbungsunterlagen per Online-Bewerbeformular oder per E-Mail an: <strong><a href=\"mailto:bewerbung@zsl-erlangen.de\" target=\"_blank\" rel=\"noopener\">bewerbung@zsl-erlangen.de<\/a><\/strong><\/p><p><strong>Bei Fragen k\u00f6nnen Sie sich auch an unsere Pflegedienstleitung Jutta Becker unter 09131\/98783-20 wenden.<\/strong><\/p><\/div><\/div>\t\t\t\t\t\t\t\t<\/div>\n\t\t\t\t<div class=\"elementor-element elementor-element-2b03a43 elementor-align-left elementor-widget elementor-widget-button\" data-id=\"2b03a43\" data-element_type=\"widget\" data-widget_type=\"button.default\">\n\t\t\t\t\t\t\t\t\t\t<a class=\"elementor-button elementor-button-link elementor-size-sm\" href=\"https:\/\/zsl.webwolfdesign.eu\/fr\/bewerbungsformular\/\">\n\t\t\t\t\t\t<span class=\"elementor-button-content-wrapper\">\n\t\t\t\t\t\t\t\t\t<span class=\"elementor-button-text\">vers le formulaire de candidature en ligne<\/span>\n\t\t\t\t\t<\/span>\n\t\t\t\t\t<\/a>\n\t\t\t\t\t\t\t\t<\/div>\n\t\t\t\t<\/div>\n\t\t\t\t\t<\/div>\n\t\t\t\t<\/div>\n\t\t\t\t<\/div>\n\t\t\t\t<\/div>","protected":false},"excerpt":{"rendered":"<p>Teamleitung (m\/w\/d) in Voll- oder Teilzeit\u00a0(mind. 30 Std.\/pro Woche ) Zu ihren Aufgaben geh\u00f6ren: Begleitung bestehender Kundenteams Einsatzplanung sowie Vertretungsorganisation bei Dienstausf\u00e4llen Team- und MA Gespr\u00e4che Sicherung, \u00dcberwachung und kontinuierliche Verbesserung der kundenbezogenen Pflegequalit\u00e4t, Pflegedokumentation und der Pflegeorganisation Mitwirkung bei der Planung und Organisation und ggf. Durchf\u00fchrung innerbetrieblicher Schulungs- und Fortbildungsma\u00dfnahmen Korrespondenz und Antragstellung mit [&hellip;]<\/p>","protected":false},"author":1,"featured_media":0,"parent":0,"menu_order":0,"comment_status":"closed","ping_status":"closed","template":"","meta":{"footnotes":""},"class_list":["post-3182","page","type-page","status-publish","hentry"],"_hostinger_reach_plugin_has_subscription_block":false,"_hostinger_reach_plugin_is_elementor":false,"_links":{"self":[{"href":"https:\/\/zsl.webwolfdesign.eu\/fr\/wp-json\/wp\/v2\/pages\/3182","targetHints":{"allow":["GET"]}}],"collection":[{"href":"https:\/\/zsl.webwolfdesign.eu\/fr\/wp-json\/wp\/v2\/pages"}],"about":[{"href":"https:\/\/zsl.webwolfdesign.eu\/fr\/wp-json\/wp\/v2\/types\/page"}],"author":[{"embeddable":true,"href":"https:\/\/zsl.webwolfdesign.eu\/fr\/wp-json\/wp\/v2\/users\/1"}],"replies":[{"embeddable":true,"href":"https:\/\/zsl.webwolfdesign.eu\/fr\/wp-json\/wp\/v2\/comments?post=3182"}],"version-history":[{"count":22,"href":"https:\/\/zsl.webwolfdesign.eu\/fr\/wp-json\/wp\/v2\/pages\/3182\/revisions"}],"predecessor-version":[{"id":4177,"href":"https:\/\/zsl.webwolfdesign.eu\/fr\/wp-json\/wp\/v2\/pages\/3182\/revisions\/4177"}],"wp:attachment":[{"href":"https:\/\/zsl.webwolfdesign.eu\/fr\/wp-json\/wp\/v2\/media?parent=3182"}],"curies":[{"name":"wp","href":"https:\/\/api.w.org\/{rel}","templated":true}]}}