{"id":3280,"date":"2026-02-03T12:37:10","date_gmt":"2026-02-03T12:37:10","guid":{"rendered":"https:\/\/zsl.webwolfdesign.eu\/?page_id=3280"},"modified":"2026-04-13T17:22:55","modified_gmt":"2026-04-13T17:22:55","slug":"accompagnement-scolaire","status":"publish","type":"page","link":"https:\/\/zsl.webwolfdesign.eu\/fr\/accompagnement-scolaire\/","title":{"rendered":"Accompagnement scolaire"},"content":{"rendered":"<div data-elementor-type=\"wp-page\" data-elementor-id=\"3280\" class=\"elementor elementor-3280\" data-elementor-post-type=\"page\">\n\t\t\t\t<main class=\"elementor-element elementor-element-f8d4448 e-con-full e-flex e-con e-parent\" data-id=\"f8d4448\" data-element_type=\"container\">\n\t\t<main class=\"elementor-element elementor-element-da90f1d e-con-full e-flex e-con e-child\" data-id=\"da90f1d\" data-element_type=\"container\" data-settings=\"{&quot;background_background&quot;:&quot;classic&quot;}\">\n\t\t<div class=\"elementor-element elementor-element-cde4e47 e-con-full e-flex e-con e-child\" data-id=\"cde4e47\" data-element_type=\"container\">\n\t\t<div class=\"elementor-element elementor-element-0ab2143 e-con-full e-flex e-con e-child\" data-id=\"0ab2143\" data-element_type=\"container\" data-settings=\"{&quot;background_background&quot;:&quot;gradient&quot;}\">\n\t\t\t\t<div class=\"elementor-element elementor-element-48f03f1 elementor-widget elementor-widget-heading\" data-id=\"48f03f1\" data-element_type=\"widget\" data-widget_type=\"heading.default\">\n\t\t\t\t\t<h2 class=\"elementor-heading-title elementor-size-default\">Accompagnement de l'\u00e9cole et de l'inclusion <\/h2>\t\t\t\t<\/div>\n\t\t\t\t<div class=\"elementor-element elementor-element-31f2aee elementor-widget elementor-widget-text-editor\" data-id=\"31f2aee\" data-element_type=\"widget\" data-widget_type=\"text-editor.default\">\n\t\t\t\t\t\t\t\t\t<p>Teilhabe erm\u00f6glichen, Selbstbestimmung f\u00f6rdern &#8211; von Beginn an.<\/p>\t\t\t\t\t\t\t\t<\/div>\n\t\t\t\t<\/div>\n\t\t<div class=\"elementor-element elementor-element-8e2bede e-con-full e-flex e-con e-child\" data-id=\"8e2bede\" data-element_type=\"container\">\n\t\t\t\t<div class=\"elementor-element elementor-element-f12b749 e-transform elementor-widget elementor-widget-image\" data-id=\"f12b749\" data-element_type=\"widget\" data-settings=\"{&quot;_transform_flipX_effect&quot;:&quot;transform&quot;}\" data-widget_type=\"image.default\">\n\t\t\t\t\t\t\t\t\t\t\t\t\t\t\t<img fetchpriority=\"high\" decoding=\"async\" width=\"1500\" height=\"630\" src=\"https:\/\/zsl.webwolfdesign.eu\/wp-content\/uploads\/2026\/04\/Schulbegleiter-hilft-Schueler-im-Rollstuhl-2.jpg\" class=\"attachment-full size-full wp-image-3954\" alt=\"\" srcset=\"https:\/\/zsl.webwolfdesign.eu\/wp-content\/uploads\/2026\/04\/Schulbegleiter-hilft-Schueler-im-Rollstuhl-2.jpg 1500w, https:\/\/zsl.webwolfdesign.eu\/wp-content\/uploads\/2026\/04\/Schulbegleiter-hilft-Schueler-im-Rollstuhl-2-300x126.jpg 300w, https:\/\/zsl.webwolfdesign.eu\/wp-content\/uploads\/2026\/04\/Schulbegleiter-hilft-Schueler-im-Rollstuhl-2-1024x430.jpg 1024w, https:\/\/zsl.webwolfdesign.eu\/wp-content\/uploads\/2026\/04\/Schulbegleiter-hilft-Schueler-im-Rollstuhl-2-768x323.jpg 768w, https:\/\/zsl.webwolfdesign.eu\/wp-content\/uploads\/2026\/04\/Schulbegleiter-hilft-Schueler-im-Rollstuhl-2-18x8.jpg 18w\" sizes=\"(max-width: 1500px) 100vw, 1500px\" \/>\t\t\t\t\t\t\t\t\t\t\t\t\t\t\t<\/div>\n\t\t\t\t<\/div>\n\t\t\t\t<\/div>\n\t\t<div class=\"elementor-element elementor-element-5ec1885 e-flex e-con-boxed e-con e-child\" data-id=\"5ec1885\" data-element_type=\"container\">\n\t\t\t\t\t<div class=\"e-con-inner\">\n\t\t<div class=\"elementor-element elementor-element-beff7de e-con-full e-flex e-con e-child\" data-id=\"beff7de\" data-element_type=\"container\" data-settings=\"{&quot;background_background&quot;:&quot;classic&quot;}\">\n\t\t<div class=\"elementor-element elementor-element-a517245 e-con-full e-flex e-con e-child\" data-id=\"a517245\" data-element_type=\"container\" data-settings=\"{&quot;background_background&quot;:&quot;classic&quot;}\">\n\t\t<div class=\"elementor-element elementor-element-c0d93fb e-con-full e-flex e-con e-child\" data-id=\"c0d93fb\" data-element_type=\"container\">\n\t\t\t\t<div class=\"elementor-element elementor-element-5f475c7 elementor-widget elementor-widget-heading\" data-id=\"5f475c7\" data-element_type=\"widget\" data-widget_type=\"heading.default\">\n\t\t\t\t\t<h2 class=\"elementor-heading-title elementor-size-default\">\u00c0 propos de nous<\/h2>\t\t\t\t<\/div>\n\t\t\t\t<div class=\"elementor-element elementor-element-6aa35fe elementor-widget elementor-widget-text-editor\" data-id=\"6aa35fe\" data-element_type=\"widget\" data-widget_type=\"text-editor.default\">\n\t\t\t\t\t\t\t\t\t<p>Die Schul- und Inklusionsbegleitung dient der Unterst\u00fctzung von Kindern und Sch\u00fcler*innen mit besonderen Bed\u00fcrfnissen, um eine m\u00f6glichst selbstst\u00e4ndige und erfolgreiche Teilnahme am Unterricht zu erm\u00f6glichen und die soziale Inklusion zu f\u00f6rdern. Sie ist eine\u00a0<strong>soutien socio-juridique<\/strong>\u00a0dans le cadre de l'aide \u00e0 la r\u00e9adaptation.<\/p>\t\t\t\t\t\t\t\t<\/div>\n\t\t\t\t<\/div>\n\t\t\t\t<\/div>\n\t\t<div class=\"elementor-element elementor-element-d3e329c e-con-full e-flex e-con e-child\" data-id=\"d3e329c\" data-element_type=\"container\" data-settings=\"{&quot;background_background&quot;:&quot;classic&quot;}\">\n\t\t<div class=\"elementor-element elementor-element-8ae9606 e-con-full e-flex e-con e-child\" data-id=\"8ae9606\" data-element_type=\"container\">\n\t\t\t\t<div class=\"elementor-element elementor-element-7494f05 elementor-widget elementor-widget-heading\" data-id=\"7494f05\" data-element_type=\"widget\" data-widget_type=\"heading.default\">\n\t\t\t\t\t<h2 class=\"elementor-heading-title elementor-size-default\">Unsere Zielgruppe<\/h2>\t\t\t\t<\/div>\n\t\t\t\t<div class=\"elementor-element elementor-element-42a0697 elementor-widget elementor-widget-text-editor\" data-id=\"42a0697\" data-element_type=\"widget\" data-widget_type=\"text-editor.default\">\n\t\t\t\t\t\t\t\t\t<p>\u00a0Kinder und Jugendliche,<\/p><ul><li><p>die eine (drohende) k\u00f6rperliche oder geistige Behinderung haben oder eine Mehrfachbehinderung (nach \u00a7 99 SGB IX), oder<\/p><\/li><li><p>die eine (drohende) seelische Behinderung haben bzw. bei denen eine seelische Behinderung droht (nach \u00a7 35a SGB VIII).<\/p><\/li><\/ul><p>Sie erhalten eine individuelle Begleitung \u2013 im Kindergarten wie auch in der Schule \u2013, wenn sie vor\u00fcbergehend oder dauerhaft Unterst\u00fctzung ben\u00f6tigen, um am Alltag teilzuhaben und ihre Bildungs- bzw. Schulpflicht erf\u00fcllen zu k\u00f6nnen. Voraussetzung ist, dass diese Hilfe nicht bereits durch die Einrichtung selbst oder den jeweiligen Tr\u00e4ger abgedeckt wird. Ziel der Begleitung ist es, die Teilhabe sowie die gr\u00f6\u00dftm\u00f6gliche Selbstst\u00e4ndigkeit der Kinder und Jugendlichen zu f\u00f6rdern.<\/p>\t\t\t\t\t\t\t\t<\/div>\n\t\t\t\t<\/div>\n\t\t\t\t<\/div>\n\t\t<div class=\"elementor-element elementor-element-208a162 e-con-full e-flex e-con e-child\" data-id=\"208a162\" data-element_type=\"container\" data-settings=\"{&quot;background_background&quot;:&quot;classic&quot;}\">\n\t\t<div class=\"elementor-element elementor-element-2de6cc9 e-con-full e-flex e-con e-child\" data-id=\"2de6cc9\" data-element_type=\"container\">\n\t\t\t\t<div class=\"elementor-element elementor-element-54bbd0b elementor-widget elementor-widget-heading\" data-id=\"54bbd0b\" data-element_type=\"widget\" data-widget_type=\"heading.default\">\n\t\t\t\t\t<h2 class=\"elementor-heading-title elementor-size-default\">Unsere Aufgaben und Ziele<\/h2>\t\t\t\t<\/div>\n\t\t\t\t<div class=\"elementor-element elementor-element-fd94f10 elementor-widget elementor-widget-text-editor\" data-id=\"fd94f10\" data-element_type=\"widget\" data-widget_type=\"text-editor.default\">\n\t\t\t\t\t\t\t\t\t<ul><li>Individuelle F\u00f6rderung der Kinder und Jugendlichen gem\u00e4\u00df ihren Bed\u00fcrfnissen.<br \/><br \/><\/li><li>Die Unterst\u00fctzung im Kindergarten und Schulalltag, z. B. bei der Organisation von Aufgaben und beim \u00dcberwinden von Barrieren (z. B. bei motorischen oder sprachlichen Herausforderungen).<br \/><br \/><\/li><li>Die Sicherstellung einer gleichwertigen Teilhabe am Unterricht und am sozialen Leben<br \/><br \/><\/li><li>Die F\u00f6rderung der sozialen Integration und der Selbstst\u00e4ndigkeit<br \/><br \/><\/li><\/ul><p>Gute Schul- und Inklusionsbegleitung funktioniert nur im Team &#8211; mit Kinder und Jugendlichen, Eltern, Kinderg\u00e4rten und Schulen und ggf. Therapeut*innen.<\/p>\t\t\t\t\t\t\t\t<\/div>\n\t\t\t\t<\/div>\n\t\t\t\t<\/div>\n\t\t<div class=\"elementor-element elementor-element-425137c e-con-full e-flex e-con e-child\" data-id=\"425137c\" data-element_type=\"container\" data-settings=\"{&quot;background_background&quot;:&quot;classic&quot;}\">\n\t\t<div class=\"elementor-element elementor-element-4a98a41 e-con-full e-flex e-con e-child\" data-id=\"4a98a41\" data-element_type=\"container\">\n\t\t\t\t<div class=\"elementor-element elementor-element-f69afb6 elementor-widget elementor-widget-heading\" data-id=\"f69afb6\" data-element_type=\"widget\" data-widget_type=\"heading.default\">\n\t\t\t\t\t<h2 class=\"elementor-heading-title elementor-size-default\">Beantragung und Kosten\u00fcbernahme<\/h2>\t\t\t\t<\/div>\n\t\t\t\t<div class=\"elementor-element elementor-element-76068da elementor-widget elementor-widget-text-editor\" data-id=\"76068da\" data-element_type=\"widget\" data-widget_type=\"text-editor.default\">\n\t\t\t\t\t\t\t\t\t<p>Schul- und Inklusionsbegleitung wird in der Regel beantragt und \u00fcber zust\u00e4ndige Tr\u00e4ger finanziert \u2013 je nach Art der Behinderung z. B. \u00fcber Eingliederungshilfe oder (bei seelischer Behinderung) \u00fcber das Jugendamt.<\/p><p>Nous nous ferons un plaisir de vous aider \u00e0 clarifier les prochaines \u00e9tapes et les personnes \u00e0 contacter.<\/p>\t\t\t\t\t\t\t\t<\/div>\n\t\t\t\t<\/div>\n\t\t\t\t<\/div>\n\t\t\t\t<\/div>\n\t\t<div class=\"elementor-element elementor-element-b2eaf23 e-con-full e-flex e-con e-child\" data-id=\"b2eaf23\" data-element_type=\"container\" data-settings=\"{&quot;background_background&quot;:&quot;classic&quot;}\">\n\t\t<div class=\"elementor-element elementor-element-0310e8b e-con-full e-flex e-con e-child\" data-id=\"0310e8b\" data-element_type=\"container\" data-settings=\"{&quot;background_background&quot;:&quot;classic&quot;}\">\n\t\t<div class=\"elementor-element elementor-element-8e14e78 e-con-full e-flex e-con e-child\" data-id=\"8e14e78\" data-element_type=\"container\">\n\t\t\t\t<div class=\"elementor-element elementor-element-0629f90 elementor-widget elementor-widget-heading\" data-id=\"0629f90\" data-element_type=\"widget\" data-widget_type=\"heading.default\">\n\t\t\t\t\t<h2 class=\"elementor-heading-title elementor-size-default\">Travailler en tant qu'accompagnateur scolaire et d'inclusion<\/h2>\t\t\t\t<\/div>\n\t\t\t\t<div class=\"elementor-element elementor-element-f032bcf elementor-widget elementor-widget-text-editor\" data-id=\"f032bcf\" data-element_type=\"widget\" data-widget_type=\"text-editor.default\">\n\t\t\t\t\t\t\t\t\t<p>Werden Sie Schul- und Inklusionsbegleitung und machen Sie Inklusion im Alltag m\u00f6glich. Sie unterst\u00fctzen Kinder und Jugendliche dabei, selbstst\u00e4ndiger zu werden, am Unterricht teilzunehmen und in der Gemeinschaft dazuzugeh\u00f6ren. Eine sinnstiftende Aufgabe mit viel N\u00e4he, Verantwortung und echten Erfolgsmomenten \u2013 jeden Tag.<\/p>\t\t\t\t\t\t\t\t<\/div>\n\t\t\t\t<div class=\"elementor-element elementor-element-c2664c8 elementor-widget elementor-widget-button\" data-id=\"c2664c8\" data-element_type=\"widget\" data-widget_type=\"button.default\">\n\t\t\t\t\t\t\t\t\t\t<a class=\"elementor-button elementor-button-link elementor-size-sm\" href=\"https:\/\/zsl.webwolfdesign.eu\/fr\/jobs\/\">\n\t\t\t\t\t\t<span class=\"elementor-button-content-wrapper\">\n\t\t\t\t\t\t\t\t\t<span class=\"elementor-button-text\">en savoir plus et postuler maintenant<\/span>\n\t\t\t\t\t<\/span>\n\t\t\t\t\t<\/a>\n\t\t\t\t\t\t\t\t<\/div>\n\t\t\t\t<\/div>\n\t\t<div class=\"elementor-element elementor-element-ae146e4 e-con-full e-flex e-con e-child\" data-id=\"ae146e4\" data-element_type=\"container\">\n\t\t\t\t<div class=\"elementor-element elementor-element-6491410 elementor-widget elementor-widget-image\" data-id=\"6491410\" data-element_type=\"widget\" data-widget_type=\"image.default\">\n\t\t\t\t\t\t\t\t\t\t\t\t\t\t\t<img decoding=\"async\" width=\"800\" height=\"534\" src=\"https:\/\/zsl.webwolfdesign.eu\/wp-content\/uploads\/2026\/02\/schulb-5-scaled-e1773654495940-1024x683.png\" class=\"attachment-large size-large wp-image-3298\" alt=\"\" srcset=\"https:\/\/zsl.webwolfdesign.eu\/wp-content\/uploads\/2026\/02\/schulb-5-scaled-e1773654495940-1024x683.png 1024w, https:\/\/zsl.webwolfdesign.eu\/wp-content\/uploads\/2026\/02\/schulb-5-scaled-e1773654495940-300x200.png 300w, https:\/\/zsl.webwolfdesign.eu\/wp-content\/uploads\/2026\/02\/schulb-5-scaled-e1773654495940-768x512.png 768w, https:\/\/zsl.webwolfdesign.eu\/wp-content\/uploads\/2026\/02\/schulb-5-scaled-e1773654495940-1536x1025.png 1536w, https:\/\/zsl.webwolfdesign.eu\/wp-content\/uploads\/2026\/02\/schulb-5-scaled-e1773654495940-2048x1366.png 2048w, https:\/\/zsl.webwolfdesign.eu\/wp-content\/uploads\/2026\/02\/schulb-5-scaled-e1773654495940-18x12.png 18w\" sizes=\"(max-width: 800px) 100vw, 800px\" \/>\t\t\t\t\t\t\t\t\t\t\t\t\t\t\t<\/div>\n\t\t\t\t<\/div>\n\t\t\t\t<\/div>\n\t\t\t\t<\/div>\n\t\t\t\t\t<\/div>\n\t\t\t\t<\/div>\n\t\t\t\t<\/main>\n\t\t\t\t<\/main>\n\t\t\t\t<\/div>","protected":false},"excerpt":{"rendered":"<p>Schul- und Inklusionsbegleitung Teilhabe erm\u00f6glichen, Selbstbestimmung f\u00f6rdern &#8211; von Beginn an. \u00dcber uns Die Schul- und Inklusionsbegleitung dient der Unterst\u00fctzung von Kindern und Sch\u00fcler*innen mit besonderen Bed\u00fcrfnissen, um eine m\u00f6glichst selbstst\u00e4ndige und erfolgreiche Teilnahme am Unterricht zu erm\u00f6glichen und die soziale Inklusion zu f\u00f6rdern. Sie ist eine\u00a0sozialrechtliche Unterst\u00fctzung\u00a0im Rahmen der Eingliederungshilfe. Unsere Zielgruppe \u00a0Kinder und [&hellip;]<\/p>","protected":false},"author":1,"featured_media":0,"parent":0,"menu_order":0,"comment_status":"closed","ping_status":"closed","template":"","meta":{"footnotes":""},"class_list":["post-3280","page","type-page","status-publish","hentry"],"_hostinger_reach_plugin_has_subscription_block":false,"_hostinger_reach_plugin_is_elementor":false,"_links":{"self":[{"href":"https:\/\/zsl.webwolfdesign.eu\/fr\/wp-json\/wp\/v2\/pages\/3280","targetHints":{"allow":["GET"]}}],"collection":[{"href":"https:\/\/zsl.webwolfdesign.eu\/fr\/wp-json\/wp\/v2\/pages"}],"about":[{"href":"https:\/\/zsl.webwolfdesign.eu\/fr\/wp-json\/wp\/v2\/types\/page"}],"author":[{"embeddable":true,"href":"https:\/\/zsl.webwolfdesign.eu\/fr\/wp-json\/wp\/v2\/users\/1"}],"replies":[{"embeddable":true,"href":"https:\/\/zsl.webwolfdesign.eu\/fr\/wp-json\/wp\/v2\/comments?post=3280"}],"version-history":[{"count":25,"href":"https:\/\/zsl.webwolfdesign.eu\/fr\/wp-json\/wp\/v2\/pages\/3280\/revisions"}],"predecessor-version":[{"id":3967,"href":"https:\/\/zsl.webwolfdesign.eu\/fr\/wp-json\/wp\/v2\/pages\/3280\/revisions\/3967"}],"wp:attachment":[{"href":"https:\/\/zsl.webwolfdesign.eu\/fr\/wp-json\/wp\/v2\/media?parent=3280"}],"curies":[{"name":"wp","href":"https:\/\/api.w.org\/{rel}","templated":true}]}}