{"id":3412,"date":"2026-02-04T11:52:48","date_gmt":"2026-02-04T11:52:48","guid":{"rendered":"https:\/\/zsl.webwolfdesign.eu\/?page_id=3412"},"modified":"2026-03-16T10:49:25","modified_gmt":"2026-03-16T10:49:25","slug":"defense-des-interets","status":"publish","type":"page","link":"https:\/\/zsl.webwolfdesign.eu\/fr\/defense-des-interets\/","title":{"rendered":"D\u00e9fense des int\u00e9r\u00eats"},"content":{"rendered":"<div data-elementor-type=\"wp-page\" data-elementor-id=\"3412\" class=\"elementor elementor-3412\" data-elementor-post-type=\"page\">\n\t\t\t\t<div class=\"elementor-element elementor-element-216dea1 e-flex e-con-boxed e-con e-child\" data-id=\"216dea1\" data-element_type=\"container\">\n\t\t\t\t\t<div class=\"e-con-inner\">\n\t\t<div class=\"elementor-element elementor-element-32ee8c4 e-con-full e-flex e-con e-child\" data-id=\"32ee8c4\" data-element_type=\"container\" data-settings=\"{&quot;background_background&quot;:&quot;classic&quot;}\">\n\t\t<div class=\"elementor-element elementor-element-e18b874 e-con-full e-flex e-con e-child\" data-id=\"e18b874\" data-element_type=\"container\" data-settings=\"{&quot;background_background&quot;:&quot;classic&quot;}\">\n\t\t\t\t<div class=\"elementor-element elementor-element-b480f69 elementor-widget__width-initial elementor-widget elementor-widget-heading\" data-id=\"b480f69\" data-element_type=\"widget\" data-widget_type=\"heading.default\">\n\t\t\t\t\t<h2 class=\"elementor-heading-title elementor-size-default\">D\u00e9fense des int\u00e9r\u00eats<\/h2>\t\t\t\t<\/div>\n\t\t\t\t<\/div>\n\t\t<div class=\"elementor-element elementor-element-5555e48 e-con-full e-flex e-con e-child\" data-id=\"5555e48\" data-element_type=\"container\" data-settings=\"{&quot;background_background&quot;:&quot;classic&quot;}\">\n\t\t<div class=\"elementor-element elementor-element-742bf82 e-con-full e-flex e-con e-child\" data-id=\"742bf82\" data-element_type=\"container\">\n\t\t\t\t<div class=\"elementor-element elementor-element-ac67591 elementor-widget elementor-widget-heading\" data-id=\"ac67591\" data-element_type=\"widget\" data-widget_type=\"heading.default\">\n\t\t\t\t\t<h2 class=\"elementor-heading-title elementor-size-default\">Objectif du travail politique et des comit\u00e9s\n<\/h2>\t\t\t\t<\/div>\n\t\t\t\t<div class=\"elementor-element elementor-element-c487dc3 elementor-widget elementor-widget-text-editor\" data-id=\"c487dc3\" data-element_type=\"widget\" data-widget_type=\"text-editor.default\">\n\t\t\t\t\t\t\t\t\t<div class=\"row\"><div class=\"col-12 col-lg-9\"><p>Notre travail politique et notre travail au sein de comit\u00e9s visent \u00e0 d\u00e9fendre les int\u00e9r\u00eats des personnes handicap\u00e9es. <strong>\u00c9galit\u00e9, autod\u00e9termination et pleine participation \u00e0 la soci\u00e9t\u00e9<\/strong> des personnes handicap\u00e9es et atteintes de maladies chroniques et d\u00e9fend les droits des personnes handicap\u00e9es. <strong>contre toute forme de discrimination<\/strong> un.<\/p><p>Les cibles sont l\u00e0 :<\/p><ul><li><strong>Garantir et d\u00e9velopper les droits :<\/strong> Influencer les conditions g\u00e9n\u00e9rales de mani\u00e8re \u00e0 ce qu'une vie autod\u00e9termin\u00e9e dans la communaut\u00e9 soit r\u00e9ellement possible - en particulier l\u00e0 o\u00f9 les \u00e9volutions sociales mettent en danger la participation et le droit \u00e0 la vie.<\/li><\/ul><p>\u00a0<\/p><ul><li><strong>S'adresser efficacement aux politiques et au public :<\/strong> faire valoir les pr\u00e9occupations issues de la consultation et de la pratique dans les commissions, les groupes de travail et aupr\u00e8s des d\u00e9cideurs afin d'initier des am\u00e9liorations concr\u00e8tes.<\/li><\/ul><p>\u00a0<\/p><ul><li><strong>Renforcer l'autorepr\u00e9sentation :<\/strong> La direction, la repr\u00e9sentation ext\u00e9rieure et la comp\u00e9tence d\u00e9cisionnelle sont principalement assur\u00e9es par les personnes handicap\u00e9es ; le conseil par les pairs reste le fondement professionnel.<\/li><\/ul><p>\u00a0<\/p><ul><li><strong>Agir de mani\u00e8re ind\u00e9pendante et non partisane :<\/strong> non affili\u00e9e \u00e0 un parti politique ou \u00e0 une confession, professionnellement fond\u00e9e et orient\u00e9e vers l'int\u00e9r\u00eat g\u00e9n\u00e9ral.<\/li><\/ul><p>\u00a0<\/p><p>En ce qui concerne le contenu, le travail des comit\u00e9s se concentre sur des th\u00e8mes qui permettent directement l'autod\u00e9termination : <strong>assistance personnelle<\/strong>, <strong>structures accessibles<\/strong>, <strong>Participation \u00e0 l'\u00e9ducation et au travail<\/strong> ainsi que l'am\u00e9lioration durable des conditions de soutien et de soins.<\/p><\/div><\/div>\t\t\t\t\t\t\t\t<\/div>\n\t\t\t\t<\/div>\n\t\t\t\t<\/div>\n\t\t<div class=\"elementor-element elementor-element-4c0a964 e-con-full e-flex e-con e-child\" data-id=\"4c0a964\" data-element_type=\"container\" data-settings=\"{&quot;background_background&quot;:&quot;classic&quot;}\">\n\t\t<div class=\"elementor-element elementor-element-577163b e-con-full e-flex e-con e-child\" data-id=\"577163b\" data-element_type=\"container\">\n\t\t\t\t<div class=\"elementor-element elementor-element-9685091 elementor-widget elementor-widget-heading\" data-id=\"9685091\" data-element_type=\"widget\" data-widget_type=\"heading.default\">\n\t\t\t\t\t<h2 class=\"elementor-heading-title elementor-size-default\">Extrait des comit\u00e9s et communaut\u00e9s de travail auxquels participe le ZSL Erlangen.<\/h2>\t\t\t\t<\/div>\n\t\t\t\t<div class=\"elementor-element elementor-element-7654a96 elementor-widget elementor-widget-text-editor\" data-id=\"7654a96\" data-element_type=\"widget\" data-widget_type=\"text-editor.default\">\n\t\t\t\t\t\t\t\t\t<h4><span style=\"color: #8b0e0e;\"><strong>1) Conseil de durabilit\u00e9 (ville d'Erlangen)<img fetchpriority=\"high\" decoding=\"async\" class=\"alignright wp-image-3417 size-full\" src=\"https:\/\/zsl.webwolfdesign.eu\/wp-content\/uploads\/2026\/02\/Nachhaltigkeitsbeirat.jpg\" alt=\"\" width=\"600\" height=\"404\" srcset=\"https:\/\/zsl.webwolfdesign.eu\/wp-content\/uploads\/2026\/02\/Nachhaltigkeitsbeirat.jpg 600w, https:\/\/zsl.webwolfdesign.eu\/wp-content\/uploads\/2026\/02\/Nachhaltigkeitsbeirat-300x202.jpg 300w, https:\/\/zsl.webwolfdesign.eu\/wp-content\/uploads\/2026\/02\/Nachhaltigkeitsbeirat-18x12.jpg 18w\" sizes=\"(max-width: 600px) 100vw, 600px\" \/><\/strong><\/span><\/h4><p>Le comit\u00e9 consultatif sur la durabilit\u00e9 conseille l'administration municipale et le conseil municipal sur les th\u00e8mes de la durabilit\u00e9, formule des recommandations et soutient la communication de la durabilit\u00e9 dans la soci\u00e9t\u00e9 urbaine. Le ZSL y apporte la perspective des personnes handicap\u00e9es et met l'accent sur <strong>y compris la durabilit\u00e9<\/strong>: mobilit\u00e9 sans barri\u00e8re, formats de participation accessibles, r\u00e9flexion inclusive sur la crise et la canicule, et accessibilit\u00e9 comme crit\u00e8re de qualit\u00e9 des mesures de durabilit\u00e9 communales.<br \/><span style=\"text-decoration: underline; color: #ff0000;\">(<a style=\"color: #ff0000;\" href=\"https:\/\/erlangen.de\/themenseite\/mitgestalten\/politik-mitgestalten\/nachhaltigkeitsbeirat\" target=\"_blank\" rel=\"noopener\">https:\/\/erlangen.de\/themenseite\/mitgestalten\/politik-mitgestalten\/nachhaltigkeitsbeirat<\/a>)<\/span><\/p>\t\t\t\t\t\t\t\t<\/div>\n\t\t\t\t<div class=\"elementor-element elementor-element-688a8fd elementor-widget elementor-widget-text-editor\" data-id=\"688a8fd\" data-element_type=\"widget\" data-widget_type=\"text-editor.default\">\n\t\t\t\t\t\t\t\t\t<h4><span style=\"color: #8b0e0e;\"><strong>2) Conseil pour la justice sociale (Erlangen)<img decoding=\"async\" class=\"wp-image-3418 size-full alignright\" src=\"https:\/\/zsl.webwolfdesign.eu\/wp-content\/uploads\/2026\/02\/Ratschlag.jpg\" alt=\"\" width=\"600\" height=\"404\" srcset=\"https:\/\/zsl.webwolfdesign.eu\/wp-content\/uploads\/2026\/02\/Ratschlag.jpg 600w, https:\/\/zsl.webwolfdesign.eu\/wp-content\/uploads\/2026\/02\/Ratschlag-300x202.jpg 300w, https:\/\/zsl.webwolfdesign.eu\/wp-content\/uploads\/2026\/02\/Ratschlag-18x12.jpg 18w\" sizes=\"(max-width: 600px) 100vw, 600px\" \/><\/strong><\/span><\/h4><p>Le Conseil se d\u00e9finit comme un cercle de consultation et de coordination d'organisations actives dans le domaine de la politique sociale, dont l'objectif est d'am\u00e9liorer la justice sociale au niveau local ; les domaines th\u00e9matiques centraux sont entre autres. <strong>Travail<\/strong> et <strong>Habiter<\/strong>. Le ZSL s'y engage pour <strong>participation socialement \u00e9quitable<\/strong> Les personnes handicap\u00e9es sont les premi\u00e8res victimes de la pauvret\u00e9 et de l'exclusion sociale dans le monde.<br \/><span style=\"text-decoration: underline; color: #ff0000;\">(<a style=\"color: #ff0000;\" href=\"https:\/\/ratschlag-erlangen.de\/\" target=\"_blank\" rel=\"noopener\">ratschlag-erlangen.de<\/a>)<\/span><\/p>\t\t\t\t\t\t\t\t<\/div>\n\t\t\t\t<div class=\"elementor-element elementor-element-d0407b8 elementor-widget elementor-widget-text-editor\" data-id=\"d0407b8\" data-element_type=\"widget\" data-widget_type=\"text-editor.default\">\n\t\t\t\t\t\t\t\t\t<h4><span style=\"color: #8b0e0e;\"><strong>3) Conseil des seniors (ville d'Erlangen)<img decoding=\"async\" class=\"alignright wp-image-3419 size-full\" src=\"https:\/\/zsl.webwolfdesign.eu\/wp-content\/uploads\/2026\/02\/seniorenbeirat.jpg\" alt=\"\" width=\"600\" height=\"404\" srcset=\"https:\/\/zsl.webwolfdesign.eu\/wp-content\/uploads\/2026\/02\/seniorenbeirat.jpg 600w, https:\/\/zsl.webwolfdesign.eu\/wp-content\/uploads\/2026\/02\/seniorenbeirat-300x202.jpg 300w, https:\/\/zsl.webwolfdesign.eu\/wp-content\/uploads\/2026\/02\/seniorenbeirat-18x12.jpg 18w\" sizes=\"(max-width: 600px) 100vw, 600px\" \/><\/strong><\/span><\/h4><p>Le conseil des seniors conseille le conseil municipal et l'administration dans tout le domaine des seniors et peut faire ses propres propositions, suggestions et prises de position. Le ZSL y met l'accent sur les intersections de <strong>Vieillesse, handicap et soins<\/strong>: un habitat sans barri\u00e8re dans le quartier, des structures de sant\u00e9 et de soutien accessibles, la mobilit\u00e9 ainsi que des concepts de participation et de protection qui atteignent \u00e9galement les personnes handicap\u00e9es d'un \u00e2ge avanc\u00e9. <span style=\"text-decoration: underline; color: #ff0000;\">(<a style=\"color: #ff0000;\" href=\"https:\/\/erlangen.de\/themenseite\/mitgestalten\/politik-mitgestalten\/seniorenbeirat\" target=\"_blank\" rel=\"noopener\">https:\/\/erlangen.de\/themenseite\/mitgestalten\/politik-mitgestalten\/seniorenbeirat<\/a>)<\/span><\/p>\t\t\t\t\t\t\t\t<\/div>\n\t\t\t\t<div class=\"elementor-element elementor-element-df4ea5b elementor-widget elementor-widget-text-editor\" data-id=\"df4ea5b\" data-element_type=\"widget\" data-widget_type=\"text-editor.default\">\n\t\t\t\t\t\t\t\t\t<h4><span style=\"color: #8b0e0e;\"><strong>4) Comit\u00e9 social et de sant\u00e9 \/ Comit\u00e9 d'entreprise EJC (ville d'Erlangen)<\/strong><\/span><\/h4><p>Le comit\u00e9 traite des th\u00e8mes de la politique sociale et de sant\u00e9 (y compris le comit\u00e9 de travail EJC). Le ZSL participe sans droit de vote et apporte des positions par le biais du conseil social et du conseil EJC dans un positionnement commun de la soci\u00e9t\u00e9 civile, qui est ensuite refl\u00e9t\u00e9 dans le travail du comit\u00e9. Sur le plan du contenu, le ZSL s'engage en faveur d'une participation effective, de l'accessibilit\u00e9 et de l'\u00e9galit\u00e9 des chances. <strong>des solutions pratiques dans les structures sociales et sanitaires <\/strong>un. <br \/><span style=\"text-decoration: underline; color: #ff0000;\">(<a style=\"color: #ff0000;\" href=\"https:\/\/ratsinfo.erlangen.de\/si0046.asp?__canz=12&amp;__cjahr=2025&amp;__cmonat=1&amp;__cselect=65536&amp;__kgsgrnr=21&amp;__osidat=a&amp;smccont=85\" target=\"_blank\" rel=\"noopener\">Ratsinfo Erlangen)<\/a><\/span><\/p>\t\t\t\t\t\t\t\t<\/div>\n\t\t\t\t<div class=\"elementor-element elementor-element-b7c0121 elementor-widget elementor-widget-text-editor\" data-id=\"b7c0121\" data-element_type=\"widget\" data-widget_type=\"text-editor.default\">\n\t\t\t\t\t\t\t\t\t<h4><span style=\"color: #8b0e0e;\"><strong>5) Communaut\u00e9 de travail \u201eBarrierefreies Miteinander\u201c (district d'Erlangen-H\u00f6chstadt)<\/strong><\/span><\/h4><h4><span style=\"color: #8b0e0e;\"><strong><img loading=\"lazy\" decoding=\"async\" class=\"alignright wp-image-3416 size-full\" src=\"https:\/\/zsl.webwolfdesign.eu\/wp-content\/uploads\/2026\/02\/Barrierefrei.jpg\" alt=\"\" width=\"600\" height=\"404\" srcset=\"https:\/\/zsl.webwolfdesign.eu\/wp-content\/uploads\/2026\/02\/Barrierefrei.jpg 600w, https:\/\/zsl.webwolfdesign.eu\/wp-content\/uploads\/2026\/02\/Barrierefrei-300x202.jpg 300w, https:\/\/zsl.webwolfdesign.eu\/wp-content\/uploads\/2026\/02\/Barrierefrei-18x12.jpg 18w\" sizes=\"(max-width: 600px) 100vw, 600px\" \/><\/strong><\/span><\/h4><p>L'ArGe d\u00e9fend les int\u00e9r\u00eats des personnes handicap\u00e9es dans le district, vise \u00e0 am\u00e9liorer la participation et \u00e0 supprimer les barri\u00e8res ; y participent entre autres des d\u00e9l\u00e9gu\u00e9s communaux aux personnes handicap\u00e9es, des personnes avec et sans handicap, l'entraide ainsi que des associations sociales. Le ZSL y apporte son expertise en mati\u00e8re d'autorepr\u00e9sentation et de conseil, soutient les <strong>D\u00e9veloppement des normes communales d'accessibilit\u00e9<\/strong> et contribue \u00e0 la suppression des barri\u00e8res d'acc\u00e8s concr\u00e8tes dans la vie quotidienne, l'administration et l'espace public.<br \/><a href=\"https:\/\/www.herzogenaurach.de\/fileadmin\/user_upload\/Content\/Barrierefreiheit\/Flyer_ag_barrierefrei_180912.pdf\" target=\"_blank\" rel=\"noopener\"><span style=\"text-decoration: underline;\"><span style=\"color: #ff0000; text-decoration: underline;\">(Communaut\u00e9 de travail \u201eVivre ensemble sans entrave\u201c)<\/span><\/span><\/a><\/p>\t\t\t\t\t\t\t\t<\/div>\n\t\t\t\t<div class=\"elementor-element elementor-element-e194bf3 elementor-widget elementor-widget-text-editor\" data-id=\"e194bf3\" data-element_type=\"widget\" data-widget_type=\"text-editor.default\">\n\t\t\t\t\t\t\t\t\t<h4><span style=\"color: #8b0e0e;\">6) Bamberger Arbeitsgemeinschaft chronisch kranker und behinderter Menschen e. V. (ARGE Bamberg) (Groupe de travail de Bamberg pour les malades chroniques et les handicap\u00e9s)<img loading=\"lazy\" decoding=\"async\" class=\"alignright wp-image-3415 size-full\" src=\"https:\/\/zsl.webwolfdesign.eu\/wp-content\/uploads\/2026\/02\/Arge.jpg\" alt=\"\" width=\"600\" height=\"404\" srcset=\"https:\/\/zsl.webwolfdesign.eu\/wp-content\/uploads\/2026\/02\/Arge.jpg 600w, https:\/\/zsl.webwolfdesign.eu\/wp-content\/uploads\/2026\/02\/Arge-300x202.jpg 300w, https:\/\/zsl.webwolfdesign.eu\/wp-content\/uploads\/2026\/02\/Arge-18x12.jpg 18w\" sizes=\"(max-width: 600px) 100vw, 600px\" \/><\/span><\/h4><p>L'ARGE repr\u00e9sente les int\u00e9r\u00eats des malades chroniques et des personnes handicap\u00e9es dans la ville et le district de Bamberg, regroupe surtout l'entraide et les associations et est l'interlocuteur des politiques et des autorit\u00e9s. Le ZSL s'y implique dans le <strong>\u00e9changes r\u00e9gionaux<\/strong> Les membres de l'association s'impliquent dans les d\u00e9bats, coordonnent leurs positions sur les th\u00e8mes de la participation et de l'accessibilit\u00e9 et renforcent la repr\u00e9sentation commune des int\u00e9r\u00eats au-del\u00e0 des fronti\u00e8res communales.<br \/><span style=\"text-decoration: underline; color: #ff0000;\">(<a style=\"color: #ff0000;\" href=\"https:\/\/www.arge-bamberg.de\/\" target=\"_blank\" rel=\"noopener\">arge-bamberg.de<\/a>)<\/span><\/p>\t\t\t\t\t\t\t\t<\/div>\n\t\t\t\t<\/div>\n\t\t\t\t<\/div>\n\t\t\t\t<\/div>\n\t\t\t\t\t<\/div>\n\t\t\t\t<\/div>\n\t\t\t\t<\/div>","protected":false},"excerpt":{"rendered":"<p>Interessenvertretung Zielsetzung der politischen- &amp; Gremien-Arbeit Unsere politische- und Gremienarbeit setzt die Interessenvertretung f\u00fcr Gleichstellung, Selbstbestimmung und volle gesellschaftliche Teilhabe von Menschen mit Behinderung und chronischer Erkrankung konsequent um und tritt gegen jede Form von Diskriminierung ein. Ziele sind dabei: Rechte sichern und ausbauen: Rahmenbedingungen so beeinflussen, dass selbstbestimmtes Leben in der Gemeinschaft real m\u00f6glich [&hellip;]<\/p>","protected":false},"author":1,"featured_media":0,"parent":0,"menu_order":0,"comment_status":"closed","ping_status":"closed","template":"","meta":{"footnotes":""},"class_list":["post-3412","page","type-page","status-publish","hentry"],"_hostinger_reach_plugin_has_subscription_block":false,"_hostinger_reach_plugin_is_elementor":false,"_links":{"self":[{"href":"https:\/\/zsl.webwolfdesign.eu\/fr\/wp-json\/wp\/v2\/pages\/3412","targetHints":{"allow":["GET"]}}],"collection":[{"href":"https:\/\/zsl.webwolfdesign.eu\/fr\/wp-json\/wp\/v2\/pages"}],"about":[{"href":"https:\/\/zsl.webwolfdesign.eu\/fr\/wp-json\/wp\/v2\/types\/page"}],"author":[{"embeddable":true,"href":"https:\/\/zsl.webwolfdesign.eu\/fr\/wp-json\/wp\/v2\/users\/1"}],"replies":[{"embeddable":true,"href":"https:\/\/zsl.webwolfdesign.eu\/fr\/wp-json\/wp\/v2\/comments?post=3412"}],"version-history":[{"count":16,"href":"https:\/\/zsl.webwolfdesign.eu\/fr\/wp-json\/wp\/v2\/pages\/3412\/revisions"}],"predecessor-version":[{"id":3613,"href":"https:\/\/zsl.webwolfdesign.eu\/fr\/wp-json\/wp\/v2\/pages\/3412\/revisions\/3613"}],"wp:attachment":[{"href":"https:\/\/zsl.webwolfdesign.eu\/fr\/wp-json\/wp\/v2\/media?parent=3412"}],"curies":[{"name":"wp","href":"https:\/\/api.w.org\/{rel}","templated":true}]}}