{"id":916,"date":"2025-11-19T16:58:00","date_gmt":"2025-11-19T16:58:00","guid":{"rendered":"https:\/\/zsl.webwolfdesign.eu\/?page_id=916"},"modified":"2026-03-26T18:02:45","modified_gmt":"2026-03-26T18:02:45","slug":"tout-ce-qui-est-juste","status":"publish","type":"page","link":"https:\/\/zsl.webwolfdesign.eu\/fr\/tout-ce-qui-est-juste\/","title":{"rendered":"Alles was Recht ist - Tout ce qui est droit"},"content":{"rendered":"<div data-elementor-type=\"wp-page\" data-elementor-id=\"916\" class=\"elementor elementor-916\" data-elementor-post-type=\"page\">\n\t\t\t\t<main class=\"elementor-element elementor-element-f043c69 e-con-full e-flex e-con e-parent\" data-id=\"f043c69\" data-element_type=\"container\">\n\t\t<main class=\"elementor-element elementor-element-b74fa32 e-con-full e-flex e-con e-child\" data-id=\"b74fa32\" data-element_type=\"container\" data-settings=\"{&quot;background_background&quot;:&quot;classic&quot;}\">\n\t\t<div class=\"elementor-element elementor-element-856ba49 e-con-full e-flex e-con e-child\" data-id=\"856ba49\" data-element_type=\"container\">\n\t\t<div class=\"elementor-element elementor-element-72509d1 e-con-full e-flex e-con e-child\" data-id=\"72509d1\" data-element_type=\"container\" data-settings=\"{&quot;background_background&quot;:&quot;gradient&quot;}\">\n\t\t\t\t<div class=\"elementor-element elementor-element-ce1c747 elementor-widget elementor-widget-image\" data-id=\"ce1c747\" data-element_type=\"widget\" data-widget_type=\"image.default\">\n\t\t\t\t\t\t\t\t\t\t\t\t\t\t\t<img fetchpriority=\"high\" decoding=\"async\" width=\"800\" height=\"382\" src=\"https:\/\/zsl.webwolfdesign.eu\/wp-content\/uploads\/2025\/11\/Logo.jpg\" class=\"attachment-large size-large wp-image-905\" alt=\"\" srcset=\"https:\/\/zsl.webwolfdesign.eu\/wp-content\/uploads\/2025\/11\/Logo.jpg 1000w, https:\/\/zsl.webwolfdesign.eu\/wp-content\/uploads\/2025\/11\/Logo-300x143.jpg 300w, https:\/\/zsl.webwolfdesign.eu\/wp-content\/uploads\/2025\/11\/Logo-768x366.jpg 768w\" sizes=\"(max-width: 800px) 100vw, 800px\" \/>\t\t\t\t\t\t\t\t\t\t\t\t\t\t\t<\/div>\n\t\t\t\t<\/div>\n\t\t<div class=\"elementor-element elementor-element-d5122bd e-con-full e-flex e-con e-child\" data-id=\"d5122bd\" data-element_type=\"container\">\n\t\t\t\t<div class=\"elementor-element elementor-element-4be2ced elementor-widget elementor-widget-image\" data-id=\"4be2ced\" data-element_type=\"widget\" data-widget_type=\"image.default\">\n\t\t\t\t\t\t\t\t\t\t\t\t\t\t\t<img decoding=\"async\" width=\"1500\" height=\"630\" src=\"https:\/\/zsl.webwolfdesign.eu\/wp-content\/uploads\/2025\/11\/alles-was-recht-ist.jpg\" class=\"attachment-full size-full wp-image-907\" alt=\"\" srcset=\"https:\/\/zsl.webwolfdesign.eu\/wp-content\/uploads\/2025\/11\/alles-was-recht-ist.jpg 1500w, https:\/\/zsl.webwolfdesign.eu\/wp-content\/uploads\/2025\/11\/alles-was-recht-ist-300x126.jpg 300w, https:\/\/zsl.webwolfdesign.eu\/wp-content\/uploads\/2025\/11\/alles-was-recht-ist-1024x430.jpg 1024w, https:\/\/zsl.webwolfdesign.eu\/wp-content\/uploads\/2025\/11\/alles-was-recht-ist-768x323.jpg 768w\" sizes=\"(max-width: 1500px) 100vw, 1500px\" \/>\t\t\t\t\t\t\t\t\t\t\t\t\t\t\t<\/div>\n\t\t\t\t<\/div>\n\t\t\t\t<\/div>\n\t\t<div class=\"elementor-element elementor-element-fe821cc e-flex e-con-boxed e-con e-child\" data-id=\"fe821cc\" data-element_type=\"container\">\n\t\t\t\t\t<div class=\"e-con-inner\">\n\t\t<div class=\"elementor-element elementor-element-ab53683 e-con-full e-flex e-con e-child\" data-id=\"ab53683\" data-element_type=\"container\" data-settings=\"{&quot;background_background&quot;:&quot;classic&quot;}\">\n\t\t<div class=\"elementor-element elementor-element-1627ea8 e-con-full e-flex e-con e-child\" data-id=\"1627ea8\" data-element_type=\"container\" data-settings=\"{&quot;background_background&quot;:&quot;classic&quot;}\">\n\t\t<div class=\"elementor-element elementor-element-96a7345 e-con-full e-flex e-con e-child\" data-id=\"96a7345\" data-element_type=\"container\">\n\t\t\t\t<div class=\"elementor-element elementor-element-5fc649b elementor-widget elementor-widget-heading\" data-id=\"5fc649b\" data-element_type=\"widget\" data-widget_type=\"heading.default\">\n\t\t\t\t\t<h2 class=\"elementor-heading-title elementor-size-default\">Nous nous pr\u00e9sentons !<\/h2>\t\t\t\t<\/div>\n\t\t\t\t<div class=\"elementor-element elementor-element-933ebcb elementor-widget elementor-widget-text-editor\" data-id=\"933ebcb\" data-element_type=\"widget\" data-widget_type=\"text-editor.default\">\n\t\t\t\t\t\t\t\t\t<p class=\"p1\">Le projet <b>renforce<\/b> personnes handicap\u00e9es, <b>leurs droits <\/b><b>\u00e0 r\u00e9clamer<\/b>.Le droit social a connu de nombreux changements, notamment avec l'introduction de la loi f\u00e9d\u00e9rale sur le handicap. De nombreuses personnes concern\u00e9es et leurs proches n'en sont pas ou pas suffisamment conscients.<\/p><p class=\"p1\">Nous souhaitons combler ce manque de connaissances. Nous informons les gens sur leurs <b>nouveau <\/b><b>Droits<\/b>, Nous les encourageons \u00e0 <b>Besoins <\/b>de communiquer et d'utiliser le cadre juridique pour leur participation.<\/p><p class=\"p1\">Des actions de sensibilisation permettent aux d\u00e9cideurs de <b>Supports de co\u00fbts<\/b> la r\u00e9alit\u00e9 de la vie des personnes handicap\u00e9es.<\/p><p class=\"p1\">M\u00eame pour <b>Juristes<\/b> nous souhaitons susciter davantage d'int\u00e9r\u00eat pour les probl\u00e8mes rencontr\u00e9s par les personnes handicap\u00e9es dans le cadre de leur travail. <b>Syst\u00e8me juridique<\/b> r\u00e9veiller.<\/p>\t\t\t\t\t\t\t\t<\/div>\n\t\t\t\t<\/div>\n\t\t\t\t<\/div>\n\t\t<div class=\"elementor-element elementor-element-1960f85 e-con-full e-flex e-con e-child\" data-id=\"1960f85\" data-element_type=\"container\" data-settings=\"{&quot;background_background&quot;:&quot;classic&quot;}\">\n\t\t\t\t<div class=\"elementor-element elementor-element-0966b54 elementor-widget elementor-widget-heading\" data-id=\"0966b54\" data-element_type=\"widget\" data-widget_type=\"heading.default\">\n\t\t\t\t\t<h2 class=\"elementor-heading-title elementor-size-default\">Nous avons des droits !<\/h2>\t\t\t\t<\/div>\n\t\t<div class=\"elementor-element elementor-element-1d290c1 e-con-full e-flex e-con e-child\" data-id=\"1d290c1\" data-element_type=\"container\" data-settings=\"{&quot;background_background&quot;:&quot;classic&quot;}\">\n\t\t<div class=\"elementor-element elementor-element-c59b1da e-con-full e-flex e-con e-child\" data-id=\"c59b1da\" data-element_type=\"container\">\n\t\t\t\t<div class=\"elementor-element elementor-element-30a30dd elementor-widget elementor-widget-text-editor\" data-id=\"30a30dd\" data-element_type=\"widget\" data-widget_type=\"text-editor.default\">\n\t\t\t\t\t\t\t\t\t<p class=\"p1\"><b>Inclusion <\/b>signifie la participation. Une partie du projet informe les personnes handicap\u00e9es et leurs proches sur leurs droits actuels. Gr\u00e2ce \u00e0 l'\u00e9ducation et<\/p><p class=\"p1\"><b>Empowerment<\/b> il renforce les personnes dans leur capacit\u00e9 \u00e0 communiquer leurs besoins et \u00e0 exploiter le cadre juridique pour leur participation.<\/p><p class=\"p1\">Pour ce faire, le projet propose <b>Formations<\/b>, <b>Ateliers de groupe<\/b> et <b>R\u00e9unions d'information <\/b>dans les locaux du ZSL et aupr\u00e8s des personnes handicap\u00e9es sur place.<\/p><p class=\"p1\">En cas de besoin, une orientation vers des consultations individuelles est possible, par exemple vers le centre d'accueil existant. <b>Offre de conseil du ZSL<\/b>, possible.<\/p>\t\t\t\t\t\t\t\t<\/div>\n\t\t\t\t<\/div>\n\t\t\t\t<\/div>\n\t\t\t\t<\/div>\n\t\t<div class=\"elementor-element elementor-element-89387b2 e-con-full e-flex e-con e-child\" data-id=\"89387b2\" data-element_type=\"container\" data-settings=\"{&quot;background_background&quot;:&quot;classic&quot;}\">\n\t\t\t\t<div class=\"elementor-element elementor-element-169c598 elementor-widget elementor-widget-heading\" data-id=\"169c598\" data-element_type=\"widget\" data-widget_type=\"heading.default\">\n\t\t\t\t\t<h2 class=\"elementor-heading-title elementor-size-default\">Nous sommes \u201eau courant\u201c !<\/h2>\t\t\t\t<\/div>\n\t\t<div class=\"elementor-element elementor-element-c99428a e-con-full e-flex e-con e-child\" data-id=\"c99428a\" data-element_type=\"container\" data-settings=\"{&quot;background_background&quot;:&quot;classic&quot;}\">\n\t\t<div class=\"elementor-element elementor-element-5f54f22 e-con-full e-flex e-con e-child\" data-id=\"5f54f22\" data-element_type=\"container\">\n\t\t\t\t<div class=\"elementor-element elementor-element-d6ef224 elementor-widget elementor-widget-text-editor\" data-id=\"d6ef224\" data-element_type=\"widget\" data-widget_type=\"text-editor.default\">\n\t\t\t\t\t\t\t\t\t<p class=\"p1\">Gr\u00e2ce \u00e0 diff\u00e9rentes offres <b>sensibilise <\/b>le projet sensibilise les d\u00e9cideurs des organismes payeurs aux int\u00e9r\u00eats des demandeurs*.<\/p><p class=\"p1\">Il montre ce que leurs d\u00e9cisions impliquent pour le <b>Vie quotidienne<\/b> de l'individu peuvent signifier. Le monde dans lequel vivent les demandeurs est pr\u00e9sent\u00e9 aux d\u00e9cideurs*, qui ont ainsi une id\u00e9e vivante des cons\u00e9quences que leur d\u00e9cision peut avoir pour les personnes handicap\u00e9es.<\/p>\t\t\t\t\t\t\t\t<\/div>\n\t\t\t\t<\/div>\n\t\t\t\t<\/div>\n\t\t\t\t<\/div>\n\t\t<div class=\"elementor-element elementor-element-d5bb6c7 e-con-full e-flex e-con e-child\" data-id=\"d5bb6c7\" data-element_type=\"container\" data-settings=\"{&quot;background_background&quot;:&quot;classic&quot;}\">\n\t\t\t\t<div class=\"elementor-element elementor-element-df9c842 elementor-widget elementor-widget-heading\" data-id=\"df9c842\" data-element_type=\"widget\" data-widget_type=\"heading.default\">\n\t\t\t\t\t<h2 class=\"elementor-heading-title elementor-size-default\">Nous faisons respecter le droit !<\/h2>\t\t\t\t<\/div>\n\t\t<div class=\"elementor-element elementor-element-ee647fc e-con-full e-flex e-con e-child\" data-id=\"ee647fc\" data-element_type=\"container\" data-settings=\"{&quot;background_background&quot;:&quot;classic&quot;}\">\n\t\t<div class=\"elementor-element elementor-element-cae109f e-con-full e-flex e-con e-child\" data-id=\"cae109f\" data-element_type=\"container\">\n\t\t\t\t<div class=\"elementor-element elementor-element-7a482eb elementor-widget elementor-widget-text-editor\" data-id=\"7a482eb\" data-element_type=\"widget\" data-widget_type=\"text-editor.default\">\n\t\t\t\t\t\t\t\t\t<p class=\"p1\">Notre objectif \u00e0 long terme est de cr\u00e9er un <b>R\u00e9seau <\/b>de juristes comp\u00e9tents qui s'engagent pour les personnes handicap\u00e9es dans les proc\u00e9dures, par exemple les proc\u00e9dures de recours contre les organismes payeurs.<\/p><p class=\"p1\">Des conseils gratuits, tels que le conseil ind\u00e9pendant en mati\u00e8re de participation, existent d\u00e9j\u00e0 dans une certaine mesure. Mais ils ne peuvent conseiller que dans les premi\u00e8res \u00e9tapes de la demande. Au plus tard lorsque les personnes handicap\u00e9es souhaitent faire appel d'une d\u00e9cision, il n'y a souvent pas de conseil. <b>\u00e0 moindre co\u00fbt<\/b> et <b>assistance accessible<\/b>. Cela doit changer.<\/p><p class=\"p1\">Nous nous sommes fix\u00e9s pour objectif de sensibiliser davantage les experts en droit aux besoins des personnes handicap\u00e9es. Le domaine d'expertise du <b>Droit social<\/b> prend de plus en plus d'importance. Nous souhaitons contribuer aux <b>\u00c9tudiants<\/b> Susciter l'int\u00e9r\u00eat pour cela.<\/p><p class=\"p1\">D\u00e8s que le r\u00e9seau sera \u00e9tabli, il aidera les juristes engag\u00e9s dans leur travail par des \u00e9changes entre coll\u00e8gues. <b>soutiennent<\/b>.<\/p>\t\t\t\t\t\t\t\t<\/div>\n\t\t\t\t<\/div>\n\t\t\t\t<\/div>\n\t\t\t\t<\/div>\n\t\t\t\t<\/div>\n\t\t<div class=\"elementor-element elementor-element-2e600f9 e-con-full e-flex e-con e-child\" data-id=\"2e600f9\" data-element_type=\"container\">\n\t\t<div class=\"elementor-element elementor-element-d6b0f3b e-con-full e-flex e-con e-child\" data-id=\"d6b0f3b\" data-element_type=\"container\" data-settings=\"{&quot;background_background&quot;:&quot;classic&quot;}\">\n\t\t\t\t<div class=\"elementor-element elementor-element-e3216e3 elementor-widget__width-initial elementor-widget elementor-widget-heading\" data-id=\"e3216e3\" data-element_type=\"widget\" data-widget_type=\"heading.default\">\n\t\t\t\t\t<h2 class=\"elementor-heading-title elementor-size-default\">Notre \u00e9quipe<\/h2>\t\t\t\t<\/div>\n\t\t<div class=\"elementor-element elementor-element-3a70ca1 e-con-full e-flex e-con e-child\" data-id=\"3a70ca1\" data-element_type=\"container\">\n\t\t<div class=\"elementor-element elementor-element-62c4517 e-con-full e-flex e-con e-child\" data-id=\"62c4517\" data-element_type=\"container\">\n\t\t\t\t<div class=\"elementor-element elementor-element-d36ba31 elementor-widget elementor-widget-image\" data-id=\"d36ba31\" data-element_type=\"widget\" data-widget_type=\"image.default\">\n\t\t\t\t\t\t\t\t\t\t\t\t\t\t\t<img decoding=\"async\" width=\"800\" height=\"701\" src=\"https:\/\/zsl.webwolfdesign.eu\/wp-content\/uploads\/2025\/11\/Team.jpg\" class=\"attachment-large size-large wp-image-909\" alt=\"\" srcset=\"https:\/\/zsl.webwolfdesign.eu\/wp-content\/uploads\/2025\/11\/Team.jpg 1000w, https:\/\/zsl.webwolfdesign.eu\/wp-content\/uploads\/2025\/11\/Team-300x263.jpg 300w, https:\/\/zsl.webwolfdesign.eu\/wp-content\/uploads\/2025\/11\/Team-768x673.jpg 768w\" sizes=\"(max-width: 800px) 100vw, 800px\" \/>\t\t\t\t\t\t\t\t\t\t\t\t\t\t\t<\/div>\n\t\t\t\t<div class=\"elementor-element elementor-element-5028f3c elementor-hidden-mobile elementor-widget elementor-widget-image\" data-id=\"5028f3c\" data-element_type=\"widget\" data-widget_type=\"image.default\">\n\t\t\t\t\t\t\t\t\t\t\t\t\t\t\t<img loading=\"lazy\" decoding=\"async\" width=\"385\" height=\"226\" src=\"https:\/\/zsl.webwolfdesign.eu\/wp-content\/uploads\/2025\/11\/Logo_AM_klein.png\" class=\"attachment-full size-full wp-image-904\" alt=\"\" srcset=\"https:\/\/zsl.webwolfdesign.eu\/wp-content\/uploads\/2025\/11\/Logo_AM_klein.png 385w, https:\/\/zsl.webwolfdesign.eu\/wp-content\/uploads\/2025\/11\/Logo_AM_klein-300x176.png 300w\" sizes=\"(max-width: 385px) 100vw, 385px\" \/>\t\t\t\t\t\t\t\t\t\t\t\t\t\t\t<\/div>\n\t\t\t\t<\/div>\n\t\t<div class=\"elementor-element elementor-element-973c9a2 e-con-full e-flex e-con e-child\" data-id=\"973c9a2\" data-element_type=\"container\">\n\t\t\t\t<div class=\"elementor-element elementor-element-c45e9a0 elementor-widget elementor-widget-text-editor\" data-id=\"c45e9a0\" data-element_type=\"widget\" data-widget_type=\"text-editor.default\">\n\t\t\t\t\t\t\t\t\t<p><img loading=\"lazy\" decoding=\"async\" class=\"wp-image-911 alignleft\" src=\"https:\/\/zsl.webwolfdesign.eu\/wp-content\/uploads\/2025\/11\/Ina-Fischer.png\" alt=\"\" width=\"91\" height=\"91\" \/><span style=\"color: #b80e0e;\"><strong>Ina Fischer<\/strong> <\/span>(<em>Chef de projet<\/em>) est employ\u00e9e de commerce qualifi\u00e9e en bureautique et conseill\u00e8re par les pairs de l'association Interessenvertretung Selbstbestimmt Leben e.V. (ISL). Elle dispose d'une exp\u00e9rience vari\u00e9e dans le domaine de l'inclusion, notamment gr\u00e2ce \u00e0 sa c\u00e9cit\u00e9 en tant qu'experte en la mati\u00e8re. Jusqu'en 2017 inclus, elle faisait partie de l'\u00e9quipe de projet \u201eInklusion Erlangen - in Stadt und Land\u201c chez Access GmbH. Par la suite, le projet \u201eKommune Inklusiv\u201c a \u00e9t\u00e9 son centre de travail. Depuis mai 2024, elle est responsable de \u201eAlles was Recht ist\u201c au ZSL en tant que chef de projet.<\/p><p><a href=\"mailto:ina.fischer@zsl-erlangen.de\">ina.fischer@zsl-erlangen.de<\/a><br \/>T\u00e9l. : 09131 - 98783 50<\/p>\t\t\t\t\t\t\t\t<\/div>\n\t\t\t\t<div class=\"elementor-element elementor-element-6ca6ca7 elementor-widget elementor-widget-text-editor\" data-id=\"6ca6ca7\" data-element_type=\"widget\" data-widget_type=\"text-editor.default\">\n\t\t\t\t\t\t\t\t\t<p><img loading=\"lazy\" decoding=\"async\" class=\"wp-image-910 alignleft\" src=\"https:\/\/zsl.webwolfdesign.eu\/wp-content\/uploads\/2025\/11\/Heike-Herzog.png\" alt=\"\" width=\"92\" height=\"92\" \/><\/p><p><span style=\"color: #b80e0e;\"><strong>Heike Herzog <\/strong><\/span><em>(coordination de projet)<\/em> est sociologue et vient du domaine de la coordination de projets. Elle a travaill\u00e9 pendant 12 ans comme coordinatrice de projet dans la maison interg\u00e9n\u00e9rationnelle de F\u00fcrth. Avant cela, elle a accompagn\u00e9 pendant de longues ann\u00e9es, en tant qu'ind\u00e9pendante, des projets avec des jeunes sur les th\u00e8mes de l'exclusion, du racisme et de la promotion de la d\u00e9mocratie. Elle est li\u00e9e au ZSL depuis de nombreuses ann\u00e9es par des contacts personnels. Elle collabore au projet \u201eAlles was Recht ist\u201c depuis juin 2024.<\/p><p>Actuellement, elle essaie d'apprendre la langue des signes allemande.<\/p><p><a href=\"mailto:heike.herzog@zsl-erlangen.de\">heike.herzog@zsl-erlangen.de<\/a><br \/>T\u00e9l. : 09131 - 98783 51<\/p>\t\t\t\t\t\t\t\t<\/div>\n\t\t\t\t<div class=\"elementor-element elementor-element-0f57694 elementor-widget elementor-widget-text-editor\" data-id=\"0f57694\" data-element_type=\"widget\" data-widget_type=\"text-editor.default\">\n\t\t\t\t\t\t\t\t\t<p><img loading=\"lazy\" decoding=\"async\" class=\"wp-image-912 alignleft\" src=\"https:\/\/zsl.webwolfdesign.eu\/wp-content\/uploads\/2025\/11\/Jing-Schreiber.png\" alt=\"\" width=\"92\" height=\"92\" \/><span style=\"color: #b80e0e;\"><strong>Jing Schreiber<\/strong><\/span> (<em>Administration<\/em>) est dipl\u00f4m\u00e9e en gestion et responsable de la gestion financi\u00e8re des projets. Depuis juillet 2021, elle travaille au contr\u00f4le des projets. Elle collabore au projet \u201eAlles, was Recht ist\u201c depuis mai 2024.<\/p>\t\t\t\t\t\t\t\t<\/div>\n\t\t\t\t<div class=\"elementor-element elementor-element-54b9d32 elementor-hidden-desktop elementor-hidden-tablet elementor-widget elementor-widget-image\" data-id=\"54b9d32\" data-element_type=\"widget\" data-widget_type=\"image.default\">\n\t\t\t\t\t\t\t\t\t\t\t\t\t\t\t<img loading=\"lazy\" decoding=\"async\" width=\"385\" height=\"226\" src=\"https:\/\/zsl.webwolfdesign.eu\/wp-content\/uploads\/2025\/11\/Logo_AM_klein.png\" class=\"attachment-full size-full wp-image-904\" alt=\"\" srcset=\"https:\/\/zsl.webwolfdesign.eu\/wp-content\/uploads\/2025\/11\/Logo_AM_klein.png 385w, https:\/\/zsl.webwolfdesign.eu\/wp-content\/uploads\/2025\/11\/Logo_AM_klein-300x176.png 300w\" sizes=\"(max-width: 385px) 100vw, 385px\" \/>\t\t\t\t\t\t\t\t\t\t\t\t\t\t\t<\/div>\n\t\t\t\t<\/div>\n\t\t\t\t<\/div>\n\t\t\t\t<\/div>\n\t\t<div class=\"elementor-element elementor-element-ece7d40 e-con-full e-flex e-con e-child\" data-id=\"ece7d40\" data-element_type=\"container\">\n\t\t<div class=\"elementor-element elementor-element-a05987c e-con-full e-flex e-con e-child\" data-id=\"a05987c\" data-element_type=\"container\" data-settings=\"{&quot;background_background&quot;:&quot;classic&quot;}\">\n\t\t<div class=\"elementor-element elementor-element-5158814 e-con-full e-flex e-con e-child\" data-id=\"5158814\" data-element_type=\"container\">\n\t\t<div class=\"elementor-element elementor-element-ecfb168 e-con-full e-flex e-con e-child\" data-id=\"ecfb168\" data-element_type=\"container\" data-settings=\"{&quot;background_background&quot;:&quot;classic&quot;}\">\n\t\t<div class=\"elementor-element elementor-element-373d20d e-con-full e-flex e-con e-child\" data-id=\"373d20d\" data-element_type=\"container\">\n\t\t\t\t<div class=\"elementor-element elementor-element-eee08ad elementor-widget__width-initial elementor-widget elementor-widget-heading\" data-id=\"eee08ad\" data-element_type=\"widget\" data-widget_type=\"heading.default\">\n\t\t\t\t\t<h2 class=\"elementor-heading-title elementor-size-default\">Unser Flyer<\/h2>\t\t\t\t<\/div>\n\t\t\t\t<div class=\"elementor-element elementor-element-2c3a4d1 elementor-widget elementor-widget-text-editor\" data-id=\"2c3a4d1\" data-element_type=\"widget\" data-widget_type=\"text-editor.default\">\n\t\t\t\t\t\t\t\t\t<p>Unsere Projektvorstellung als Flyer finden Sie <strong><span style=\"text-decoration: underline; color: #6e0000;\"><a style=\"color: #6e0000; text-decoration: underline;\" href=\"https:\/\/zsl.webwolfdesign.eu\/wp-content\/uploads\/2026\/03\/Alles-was-Recht-ist-_schwere_Sprache_-barrierefrei.pdf\">hier<\/a><\/span><\/strong><\/p>\t\t\t\t\t\t\t\t<\/div>\n\t\t\t\t<\/div>\n\t\t<div class=\"elementor-element elementor-element-cb06472 e-con-full e-flex e-con e-child\" data-id=\"cb06472\" data-element_type=\"container\">\n\t\t\t\t<div class=\"elementor-element elementor-element-346aff0 elementor-widget elementor-widget-image\" data-id=\"346aff0\" data-element_type=\"widget\" data-widget_type=\"image.default\">\n\t\t\t\t\t\t\t\t\t\t\t\t\t\t\t\t<a href=\"https:\/\/zsl.webwolfdesign.eu\/wp-content\/uploads\/2026\/03\/Alles-was-Recht-ist-_schwere_Sprache_-barrierefrei.pdf\" target=\"_blank\">\n\t\t\t\t\t\t\t<img loading=\"lazy\" decoding=\"async\" width=\"374\" height=\"792\" src=\"https:\/\/zsl.webwolfdesign.eu\/wp-content\/uploads\/2026\/03\/Flyer-Alles-was-Recht-ist.jpg\" class=\"attachment-medium_large size-medium_large wp-image-3677\" alt=\"\" srcset=\"https:\/\/zsl.webwolfdesign.eu\/wp-content\/uploads\/2026\/03\/Flyer-Alles-was-Recht-ist.jpg 374w, https:\/\/zsl.webwolfdesign.eu\/wp-content\/uploads\/2026\/03\/Flyer-Alles-was-Recht-ist-142x300.jpg 142w, https:\/\/zsl.webwolfdesign.eu\/wp-content\/uploads\/2026\/03\/Flyer-Alles-was-Recht-ist-6x12.jpg 6w\" sizes=\"(max-width: 374px) 100vw, 374px\" \/>\t\t\t\t\t\t\t\t<\/a>\n\t\t\t\t\t\t\t\t\t\t\t\t\t\t\t<\/div>\n\t\t\t\t<\/div>\n\t\t\t\t<\/div>\n\t\t\t\t<\/div>\n\t\t\t\t<\/div>\n\t\t\t\t<\/div>\n\t\t\t\t<\/div>\n\t\t\t\t\t<\/div>\n\t\t\t\t<\/div>\n\t\t\t\t<\/main>\n\t\t\t\t<\/main>\n\t\t\t\t<\/div>","protected":false},"excerpt":{"rendered":"<p>Wir stellen uns vor! Das Projekt st\u00e4rkt Menschen mit Behinderungen darin, ihre Rechte einzufordern.Im Sozialrecht hat sich einiges ge\u00e4ndert \u2013 u.a. durch die Einf\u00fchrung des Bundesteilhabegesetzes. Vielen Betroffenen und ihren Angeh\u00f6rigen ist dies nicht oder nur unzureichend bekannt. Diese Wissensl\u00fccke m\u00f6chten wir f\u00fcllen. Wir informieren Menschen \u00fcber ihre neuen Rechte, wir ermutigen sie, ihre Bedarfe [&hellip;]<\/p>","protected":false},"author":1,"featured_media":0,"parent":0,"menu_order":0,"comment_status":"closed","ping_status":"closed","template":"","meta":{"footnotes":""},"class_list":["post-916","page","type-page","status-publish","hentry"],"_hostinger_reach_plugin_has_subscription_block":false,"_hostinger_reach_plugin_is_elementor":false,"_links":{"self":[{"href":"https:\/\/zsl.webwolfdesign.eu\/fr\/wp-json\/wp\/v2\/pages\/916","targetHints":{"allow":["GET"]}}],"collection":[{"href":"https:\/\/zsl.webwolfdesign.eu\/fr\/wp-json\/wp\/v2\/pages"}],"about":[{"href":"https:\/\/zsl.webwolfdesign.eu\/fr\/wp-json\/wp\/v2\/types\/page"}],"author":[{"embeddable":true,"href":"https:\/\/zsl.webwolfdesign.eu\/fr\/wp-json\/wp\/v2\/users\/1"}],"replies":[{"embeddable":true,"href":"https:\/\/zsl.webwolfdesign.eu\/fr\/wp-json\/wp\/v2\/comments?post=916"}],"version-history":[{"count":53,"href":"https:\/\/zsl.webwolfdesign.eu\/fr\/wp-json\/wp\/v2\/pages\/916\/revisions"}],"predecessor-version":[{"id":3713,"href":"https:\/\/zsl.webwolfdesign.eu\/fr\/wp-json\/wp\/v2\/pages\/916\/revisions\/3713"}],"wp:attachment":[{"href":"https:\/\/zsl.webwolfdesign.eu\/fr\/wp-json\/wp\/v2\/media?parent=916"}],"curies":[{"name":"wp","href":"https:\/\/api.w.org\/{rel}","templated":true}]}}